{"id":8650,"date":"2025-03-29T18:38:04","date_gmt":"2025-03-29T10:38:04","guid":{"rendered":"https:\/\/zojopackaging.com\/?post_type=product&#038;p=8650"},"modified":"2025-03-29T18:51:30","modified_gmt":"2025-03-29T10:51:30","slug":"custom-hard-packing-wax-figure-statue-ceramic-packaging-box","status":"publish","type":"product","link":"https:\/\/zojopackaging.com\/pt\/product\/custom-hard-packing-wax-figure-statue-ceramic-packaging-box\/","title":{"rendered":"Caixa de embalagem de cer\u00e2mica para figuras de cera de embalagem r\u00edgida personalizada"},"content":{"rendered":"<h3 id=\"customized-hard-packaging-wax-statue-ceramic-packaging-box-product-description\">Caixa de embalagem de cer\u00e2mica com est\u00e1tua de cera para embalagem r\u00edgida personalizada<\/h3>\n<h4 id=\"1-environmentally-friendly-and-sustainable-materials-a-balance-between-nature-and-technology-\">1.\u00a0<strong>Materiais sustent\u00e1veis e amigos do ambiente: um equil\u00edbrio entre a natureza e a tecnologia<\/strong><\/h4>\n<p>Este produto utiliza\u00a0<strong>157 g de papel de arte revestido C2S (papel revestido) e 1200 g de cart\u00e3o r\u00edgido (cart\u00e3o)<\/strong>\u00a0materiais combinados, que s\u00e3o simultaneamente est\u00e9ticos e funcionais.<\/p>\n<ul>\n<li><strong>Vantagens ambientais<\/strong>: Todas as mat\u00e9rias-primas s\u00e3o certificadas pelo FSC e apoiam a reciclagem. O cart\u00e3o interior adopta um processo de colagem sem cola para reduzir a polui\u00e7\u00e3o qu\u00edmica; o papel revestido exterior \u00e9 coberto com um revestimento mate para evitar a polui\u00e7\u00e3o reflectora e melhorar o toque delicado.<\/li>\n<li><strong>Conce\u00e7\u00e3o sustent\u00e1vel<\/strong>: Ao otimizar a estrutura para reduzir os res\u00edduos de material, a caixa de embalagem pode ser totalmente reciclada ou degradada, em conformidade com as normas de prote\u00e7\u00e3o ambiental REACH da UE.<\/li>\n<\/ul>\n<h4 id=\"2-head-and-earth-cover-box-type-dual-upgrade-of-ritual-sense-and-protection-\">2. Tampa e base<strong>\u00a0tipo de caixa: atualiza\u00e7\u00e3o dupla de sentido ritual e prote\u00e7\u00e3o<\/strong><\/h4>\n<p>Adoptando o cl\u00e1ssico\u00a0<strong>estrutura da tampa superior e inferior<\/strong>A tecnologia de impress\u00e3o de cera, combinada com as propriedades requintadas das est\u00e1tuas de cera, para criar uma experi\u00eancia imersiva de unboxing.<\/p>\n<ul>\n<li><strong>Vantagens estruturais<\/strong>: O tipo de caixa com tampa superior e inferior tem um amplo espa\u00e7o interno e pode acomodar est\u00e1tuas de cer\u00e2mica at\u00e9 50 cm de altura. A conce\u00e7\u00e3o da ranhura de revestimento calculada com precis\u00e3o garante uma desloca\u00e7\u00e3o zero durante o transporte.<\/li>\n<li><strong>Valor est\u00e9tico<\/strong>: Quando a tampa \u00e9 aberta, apresenta um efeito visual de \"palco\", como se uma obra de arte fosse revelada. O LOGOTIPO da marca ou o totem personalizado \u00e9 gravado a quente na superf\u00edcie, e a cor principal azul mate cria uma atmosfera de cura.<\/li>\n<\/ul>\n<h4 id=\"3-unlimited-customization-comprehensive-adaptation-from-function-to-art-\">3.\u00a0<strong>Personaliza\u00e7\u00e3o ilimitada: Adapta\u00e7\u00e3o completa da fun\u00e7\u00e3o \u00e0 arte<\/strong><\/h4>\n<ol>\n<li><strong>Tipo e tamanho da caixa<\/strong>: Suporta cortes com formas especiais (como arco, janela de perspetiva oca), estrutura de gaveta em camadas e \u00e9 adequado para figuras de cera e esculturas de cer\u00e2mica de diferentes tamanhos.<\/li>\n<li><strong>Cor e artesanato<\/strong>:<\/li>\n<li><strong>Cor principal<\/strong>: Adotar\u00a0<strong>Morandi azul<\/strong>Ajustar com precis\u00e3o a cor atrav\u00e9s do cart\u00e3o de cor Pantone, reduzir a fadiga visual e corresponder ao temperamento do artesanato topo de gama.<\/li>\n<li><strong>Tecnologia de impress\u00e3o<\/strong>: Impress\u00e3o offset de alta defini\u00e7\u00e3o + tecnologia UV local, para n\u00e3o haver diferen\u00e7a de cor no padr\u00e3o, nitidez de texto de 300 dpi e apresentar perfeitamente os detalhes pintados \u00e0 m\u00e3o e os log\u00f3tipos da marca.<\/li>\n<li><strong>Prote\u00e7\u00e3o do forro interior<\/strong>:<\/li>\n<li><strong>Tabuleiro interior personalizado<\/strong>: \u00c9 utilizada uma esponja EVA ou papel alveolar degrad\u00e1vel, cortado de acordo com o contorno do produto, e o desempenho do amortecimento atinge a norma ASTM D4169, que \u00e9 \u00e0 prova de choque e resistente \u00e0 press\u00e3o.<\/li>\n<li><strong>Design em camadas<\/strong>: Podem ser acrescentadas barreiras independentes para proteger os acess\u00f3rios (como certificados, ferramentas de manuten\u00e7\u00e3o).<\/li>\n<\/ol>\n<h4 id=\"4-direct-connection-to-the-source-factory-double-guarantee-of-efficiency-and-quality-\">4.\u00a0<strong>Liga\u00e7\u00e3o direta \u00e0 f\u00e1brica de origem: dupla garantia de efic\u00e1cia e qualidade<\/strong><\/h4>\n<ul>\n<li><strong>Cadeia de produ\u00e7\u00e3o<\/strong>: Diretamente ligado ao\u00a0<strong>f\u00e1brica profissional de caixas de embalagem de produtos artesanais<\/strong>\u00a0na regi\u00e3o do Delta do Rio das P\u00e9rolas, na China, utilizando uma m\u00e1quina de embalagem de tampa superior e inferior totalmente autom\u00e1tica, com uma capacidade de produ\u00e7\u00e3o di\u00e1ria m\u00e9dia de 5000+ e uma taxa de erro de &lt;0,1 mm.<\/li>\n<li><strong>Vantagens do servi\u00e7o<\/strong>:<\/li>\n<li>Os ficheiros de prova 3D s\u00e3o fornecidos no prazo de 48 horas e a entrega da caixa de amostras f\u00edsicas \u00e9 conclu\u00edda no prazo de 72 horas;<\/li>\n<li>Suporta a personaliza\u00e7\u00e3o de pequenos lotes (encomenda m\u00ednima de 50 pe\u00e7as), sem taxas de vers\u00e3o adicionais.<\/li>\n<\/ul>\n<h4 id=\"5-application-scenarios-and-brand-empowerment-\">5.\u00a0<strong>Cen\u00e1rios de aplica\u00e7\u00e3o e capacita\u00e7\u00e3o da marca<\/strong><\/h4>\n<ul>\n<li><strong>Adapta\u00e7\u00e3o do cen\u00e1rio<\/strong>: Aplic\u00e1vel ao transporte de figuras de cera a n\u00edvel de museu, cole\u00e7\u00e3o de arte em cer\u00e2mica de alta qualidade, caixas de presente de edi\u00e7\u00e3o limitada feitas \u00e0 m\u00e3o, etc.<\/li>\n<li><strong>Valor da marca<\/strong>: Atrav\u00e9s do\u00a0<strong>\"fun\u00e7\u00e3o \"ecr\u00e3 secund\u00e1rio<\/strong>\u00a0da caixa de embalagem (como o corpo da caixa pendur\u00e1vel, design de exposi\u00e7\u00e3o combinado), prolongam o ciclo de exposi\u00e7\u00e3o da marca e aumentam a vontade dos utilizadores de partilhar nas redes sociais.<\/li>\n<\/ul>\n<h4 id=\"6-technical-parameters-and-after-sales-commitment-\">6.\u00a0<strong>Par\u00e2metros t\u00e9cnicos e compromisso p\u00f3s-venda<\/strong><\/h4>\n<table>\n<thead>\n<tr>\n<th>Projeto<\/th>\n<th>Par\u00e2metros\/compromissos<\/th>\n<\/tr>\n<\/thead>\n<tbody>\n<tr>\n<td>Capacidade de carga<\/td>\n<td>Capacidade de carga est\u00e1tica \u226520kg, altura anti-queda din\u00e2mica 1,2m<\/td>\n<\/tr>\n<tr>\n<td>Certifica\u00e7\u00e3o ambiental<\/td>\n<td>FSC, SGS, RoHS<\/td>\n<\/tr>\n<tr>\n<td>Diferen\u00e7a de cor padr\u00e3o<\/td>\n<td>\u0394E\u22641,5 (ISO 12647-2)<\/td>\n<\/tr>\n<tr>\n<td>Garantia p\u00f3s-venda<\/td>\n<td>Compensa\u00e7\u00e3o total por danos de transporte, armazenamento gratuito de ficheiros de desenho para toda a vida<\/td>\n<\/tr>\n<\/tbody>\n<\/table>\n<p><strong>Escolher-nos n\u00e3o \u00e9 apenas escolher uma embalagem, mas tamb\u00e9m dar ao seu trabalho art\u00edstico uma vitalidade sustent\u00e1vel.<\/strong><\/p>","protected":false},"excerpt":{"rendered":"<p>1. 157 g de papel de arte revestido C2S + 1200 g de cart\u00e3o r\u00edgido, materiais sustent\u00e1veis e amigos do ambiente<br \/>\n2. Tipo de caixa com tampa superior e inferior, com estrutura de tampa superior e inferior para melhorar a experi\u00eancia de desembalagem do cliente<br \/>\n3. Personaliza\u00e7\u00e3o ilimitada do tipo de caixa, material, cor, tamanho para se adequar \u00e0 sua embalagem de cer\u00e2mica de est\u00e1tua de cera<\/p>","protected":false},"featured_media":8651,"template":"","meta":[],"product_brand":[],"product_cat":[30,423,425,31],"product_tag":[931,929,930],"class_list":{"0":"post-8650","1":"product","2":"type-product","3":"status-publish","4":"has-post-thumbnail","6":"product_cat-by-industry","7":"product_cat-custom-presentation-boxes-by-industry","8":"product_cat-lid-and-base-gift-box","9":"product_cat-paper-box-style","10":"product_tag-ceramic-packaging-box","11":"product_tag-hard-packing-wax-figure","12":"product_tag-statue-packaging","14":"first","15":"instock","16":"shipping-taxable","17":"product-type-simple"},"_links":{"self":[{"href":"https:\/\/zojopackaging.com\/pt\/wp-json\/wp\/v2\/product\/8650","targetHints":{"allow":["GET"]}}],"collection":[{"href":"https:\/\/zojopackaging.com\/pt\/wp-json\/wp\/v2\/product"}],"about":[{"href":"https:\/\/zojopackaging.com\/pt\/wp-json\/wp\/v2\/types\/product"}],"version-history":[{"count":1,"href":"https:\/\/zojopackaging.com\/pt\/wp-json\/wp\/v2\/product\/8650\/revisions"}],"predecessor-version":[{"id":8660,"href":"https:\/\/zojopackaging.com\/pt\/wp-json\/wp\/v2\/product\/8650\/revisions\/8660"}],"wp:featuredmedia":[{"embeddable":true,"href":"https:\/\/zojopackaging.com\/pt\/wp-json\/wp\/v2\/media\/8651"}],"wp:attachment":[{"href":"https:\/\/zojopackaging.com\/pt\/wp-json\/wp\/v2\/media?parent=8650"}],"wp:term":[{"taxonomy":"product_brand","embeddable":true,"href":"https:\/\/zojopackaging.com\/pt\/wp-json\/wp\/v2\/product_brand?post=8650"},{"taxonomy":"product_cat","embeddable":true,"href":"https:\/\/zojopackaging.com\/pt\/wp-json\/wp\/v2\/product_cat?post=8650"},{"taxonomy":"product_tag","embeddable":true,"href":"https:\/\/zojopackaging.com\/pt\/wp-json\/wp\/v2\/product_tag?post=8650"}],"curies":[{"name":"wp","href":"https:\/\/api.w.org\/{rel}","templated":true}]}}