{"id":8662,"date":"2025-03-29T18:52:17","date_gmt":"2025-03-29T10:52:17","guid":{"rendered":"https:\/\/zojopackaging.com\/?post_type=product&#038;p=8662"},"modified":"2025-03-29T19:08:58","modified_gmt":"2025-03-29T11:08:58","slug":"black-small-cardboard-100ml-perfume-spray-packaging-boxes","status":"publish","type":"product","link":"https:\/\/zojopackaging.com\/pt\/product\/black-small-cardboard-100ml-perfume-spray-packaging-boxes\/","title":{"rendered":"Caixas de cart\u00e3o pequenas pretas de 100 ml para embalagem de spray de perfume"},"content":{"rendered":"<h3 id=\"black-small-cardboard-100ml-perfume-spray-packaging-box-product\">Caixa de cart\u00e3o preta pequena para embalagem de spray de perfume de 100 ml produto<\/h3>\n<h4 id=\"1-environmentally-friendly-materials-and-sustainable-design-\">1.\u00a0<strong>Materiais amigos do ambiente e conce\u00e7\u00e3o sustent\u00e1vel<\/strong><\/h4>\n<p>Este produto utiliza\u00a0<strong>Papel couch\u00e9 de 120 g (papel t\u00e1til couch\u00e9) e cart\u00e3o r\u00edgido de 1200 g (cart\u00e3o)<\/strong>\u00a0materiais combinados, tendo em conta a textura de alta qualidade e os conceitos de prote\u00e7\u00e3o ambiental.<\/p>\n<ul>\n<li><strong>Substrato verde<\/strong>: O papel Leatherette \u00e9 baseado num substrato de papel recicl\u00e1vel e biodegrad\u00e1vel, com um revestimento de toque mate na superf\u00edcie, combinando a delicada textura de couro com as carater\u00edsticas de prote\u00e7\u00e3o ambiental do papel. A camada interior de cart\u00e3o de 1200 g \u00e9 feita de tecnologia de colagem sem cola, em conformidade com as normas REACH da UE, e apoia a reciclagem.<\/li>\n<li><strong>Certifica\u00e7\u00e3o sustent\u00e1vel<\/strong>: O material passou a certifica\u00e7\u00e3o florestal FSC e os testes ambientais SGS, com um ciclo de degrada\u00e7\u00e3o de \u2264180 dias, o que est\u00e1 em linha com a tend\u00eancia global de consumo verde.<\/li>\n<\/ul>\n<h4 id=\"2-magnetic-box-type-precise-alignment-and-efficient-opening-and-closing-\">2.\u00a0<strong>Caixa de fecho magn\u00e9tico: alinhamento preciso e abertura e fecho eficazes<\/strong><\/h4>\n<p>Inovador\u00a0<strong>caixa com fecho magn\u00e9tico<\/strong>A tampa da caixa \u00e9 automaticamente alinhada e firmemente absorvida atrav\u00e9s de \u00edmanes incorporados, e a efici\u00eancia de abertura e fecho \u00e9 aumentada em 50%.<\/p>\n<ul>\n<li><strong>Vantagens funcionais<\/strong>:<\/li>\n<li>Erro de espa\u00e7amento do \u00edm\u00e3 \u22640,1 mm, for\u00e7a de adsor\u00e7\u00e3o \u22651,2 N, garantindo zero afrouxamento durante o transporte;<\/li>\n<li>A tampa foi concebida para n\u00e3o ter costuras quando fechada, isolando eficazmente o oxig\u00e9nio e a humidade e prolongando o prazo de validade do perfume.<\/li>\n<li><strong>Experi\u00eancia do utilizador<\/strong>: A opera\u00e7\u00e3o de abertura e fecho pode ser efectuada com uma s\u00f3 m\u00e3o e o som magn\u00e9tico \u00e9 n\u00edtido e agrad\u00e1vel, dando uma sensa\u00e7\u00e3o de ritual ao desembalar.<\/li>\n<\/ul>\n<h4 id=\"3-hot-stamping-process-dual-empowerment-of-vision-and-value-\">3. Folha de prata para estampagem a quente <strong>processo: dupla habilita\u00e7\u00e3o da vis\u00e3o e do valor<\/strong><\/h4>\n<p>Adotar\u00a0<strong>tecnologia de folha de prata para estampagem a quente de n\u00edvel nano<\/strong>A folha de metal \u00e9 fixada com precis\u00e3o \u00e0 superf\u00edcie da caixa atrav\u00e9s de um processo de grava\u00e7\u00e3o a alta temperatura.<\/p>\n<ul>\n<li><strong>Destaques tecnol\u00f3gicos<\/strong>:<\/li>\n<li>Suporta relevo tridimensional, espelho laser e outros efeitos, a resist\u00eancia \u00e0 fric\u00e7\u00e3o da \u00e1rea de estampagem a quente atinge a dureza 3H e a clareza do padr\u00e3o atinge 300 dpi;<\/li>\n<li>LOGOTIPO personaliz\u00e1vel da marca, totem ou texto art\u00edstico, diferen\u00e7a de cor padr\u00e3o \u0394E\u22641,5 (ISO 12647-2), para aumentar o espa\u00e7o premium do produto.<\/li>\n<li><strong>Caso de aplica\u00e7\u00e3o<\/strong>: Recorrer ao design de embalagens de luxo, como o processo de estampagem a quente da caixa do perfume Dita von Teese Signature, para transformar o log\u00f3tipo da marca num s\u00edmbolo visual colecion\u00e1vel.<\/li>\n<\/ul>\n<h4 id=\"4-unlimited-customization-comprehensive-adaptation-from-function-to-aesthetics-\">4.\u00a0<strong>Personaliza\u00e7\u00e3o ilimitada: adapta\u00e7\u00e3o completa da fun\u00e7\u00e3o \u00e0 est\u00e9tica<\/strong><\/h4>\n<ol>\n<li><strong>Tipo e tamanho da caixa<\/strong>: Suporta tampa flip magn\u00e9tica, tampa superior e inferior, tipo gaveta e outros tipos de caixa, adequada para frascos de perfume de 30ml a 200ml, com uma taxa de erro de \u22640,1mm.<\/li>\n<li><strong>Cor e material<\/strong>:<\/li>\n<li><strong>Cor principal<\/strong>: Fornece 12 cart\u00f5es de cores Pantone, tais como preto cl\u00e1ssico, azul Morandi, ouro champanhe, etc., e os efeitos mate\/brilhante podem ser alternados;<\/li>\n<li><strong>Material atualizado<\/strong>: Papel de flocagem opcional, papel composto de folha met\u00e1lica, etc., para satisfazer as necessidades de embalagens de luxo.<\/li>\n<li><strong>Otimiza\u00e7\u00e3o do revestimento interior<\/strong>:<\/li>\n<li><strong>Tabuleiro interior em EVA cortado<\/strong>: Cortado com precis\u00e3o de acordo com o contorno do frasco de perfume, o desempenho de amortecimento atinge a norma ASTM D4169 e o r\u00e1cio de vazios \u00e9 \u22645%;<\/li>\n<li><strong>Design em camadas<\/strong>: Podem ser adicionados blocos independentes para armazenar instru\u00e7\u00f5es e acess\u00f3rios de bocal, e a taxa de utiliza\u00e7\u00e3o do espa\u00e7o \u00e9 aumentada em 30%.<\/li>\n<\/ol>\n<h4 id=\"5-production-strength-and-delivery-guarantee-\">5.\u00a0<strong>For\u00e7a de produ\u00e7\u00e3o e garantia de entrega<\/strong><\/h4>\n<ul>\n<li><strong>Capacidade da f\u00e1brica<\/strong>: Diretamente ligado ao\u00a0<strong>f\u00e1brica profissional de embalagens de cart\u00e3o para perfumes<\/strong>\u00a0na regi\u00e3o do Delta do Rio das P\u00e9rolas, equipada com mais de 20 linhas de produ\u00e7\u00e3o totalmente autom\u00e1ticas, abrangendo estampagem a quente, corte e vinco, colagem de caixas e outros processos, com uma capacidade de produ\u00e7\u00e3o di\u00e1ria m\u00e9dia de mais de 100 000 unidades.<\/li>\n<li><strong>Vantagens do servi\u00e7o<\/strong>:<\/li>\n<li>Os ficheiros de prova 3D s\u00e3o fornecidos no prazo de 48 horas e as caixas de amostras f\u00edsicas s\u00e3o entregues no prazo de 72 horas;<\/li>\n<li>Suporta 50 unidades de encomenda m\u00ednima, sem taxa de vers\u00e3o adicional, e o pre\u00e7o unit\u00e1rio de grandes encomendas pode ser t\u00e3o baixo quanto 3 yuan\/caixa.<\/li>\n<li><strong>Normas de controlo de qualidade<\/strong>: Certifica\u00e7\u00e3o do sistema de qualidade ISO 9001 aprovada, suporte de carga \u226515kg e altura anti-queda de 1,5m.<\/li>\n<\/ul>\n<h4 id=\"vi-technical-parameters-and-scene-adaptation-\">6. <strong>Par\u00e2metros t\u00e9cnicos e adapta\u00e7\u00e3o de cenas<\/strong><\/h4>\n<table>\n<thead>\n<tr>\n<th>Projeto<\/th>\n<th>Par\u00e2metros\/compromissos<\/th>\n<\/tr>\n<\/thead>\n<tbody>\n<tr>\n<td>Certifica\u00e7\u00e3o ambiental<\/td>\n<td>FSC, SGS, RoHS, REACH<\/td>\n<\/tr>\n<tr>\n<td>Vida magn\u00e9tica<\/td>\n<td>\u2265100.000 aberturas e encerramentos<\/td>\n<\/tr>\n<tr>\n<td style=\"text-align: center;\">Ader\u00eancia de estampagem a quente<\/td>\n<td>Nota 4B no teste Baige<\/td>\n<\/tr>\n<tr>\n<td>Quantidade m\u00ednima de encomenda<\/td>\n<td>500 pe\u00e7as<\/td>\n<\/tr>\n<tr>\n<td>Ciclo de entrega<\/td>\n<td>7-10 dias (menos de 10.000 pe\u00e7as)<\/td>\n<\/tr>\n<\/tbody>\n<\/table>\n<p><strong>Escolher-nos n\u00e3o \u00e9 apenas escolher uma embalagem, mas tamb\u00e9m dar ao seu perfume uma experi\u00eancia de luxo sustent\u00e1vel.<\/strong><\/p>","protected":false},"excerpt":{"rendered":"<p>1. Papel couch\u00e9 de 120g, cart\u00e3o de papel r\u00edgido de 1200g 100% material amigo do ambiente<br \/>\n2. A caixa de fecho magn\u00e9tico pode realizar o alinhamento autom\u00e1tico e a adsor\u00e7\u00e3o firme de \u00edmanes, melhorando consideravelmente a efici\u00eancia da utiliza\u00e7\u00e3o<br \/>\n3. O papel couch\u00e9 \u00e9 fabricado com substrato de papel recicl\u00e1vel e biodegrad\u00e1vel, o que est\u00e1 em conformidade com a tend\u00eancia do consumo ecol\u00f3gico<\/p>","protected":false},"featured_media":8665,"template":"","meta":[],"product_brand":[],"product_cat":[30,417,424,31],"product_tag":[943,945,944],"class_list":{"0":"post-8662","1":"product","2":"type-product","3":"status-publish","4":"has-post-thumbnail","6":"product_cat-by-industry","7":"product_cat-custom-perfume-boxes-by-industry","8":"product_cat-magnetic-closure-boxes","9":"product_cat-paper-box-style","10":"product_tag-100ml-perfume-packaging","11":"product_tag-black-perfume-boxes","12":"product_tag-perfume-spray-packaging","14":"first","15":"instock","16":"shipping-taxable","17":"product-type-simple"},"_links":{"self":[{"href":"https:\/\/zojopackaging.com\/pt\/wp-json\/wp\/v2\/product\/8662","targetHints":{"allow":["GET"]}}],"collection":[{"href":"https:\/\/zojopackaging.com\/pt\/wp-json\/wp\/v2\/product"}],"about":[{"href":"https:\/\/zojopackaging.com\/pt\/wp-json\/wp\/v2\/types\/product"}],"version-history":[{"count":1,"href":"https:\/\/zojopackaging.com\/pt\/wp-json\/wp\/v2\/product\/8662\/revisions"}],"predecessor-version":[{"id":8675,"href":"https:\/\/zojopackaging.com\/pt\/wp-json\/wp\/v2\/product\/8662\/revisions\/8675"}],"wp:featuredmedia":[{"embeddable":true,"href":"https:\/\/zojopackaging.com\/pt\/wp-json\/wp\/v2\/media\/8665"}],"wp:attachment":[{"href":"https:\/\/zojopackaging.com\/pt\/wp-json\/wp\/v2\/media?parent=8662"}],"wp:term":[{"taxonomy":"product_brand","embeddable":true,"href":"https:\/\/zojopackaging.com\/pt\/wp-json\/wp\/v2\/product_brand?post=8662"},{"taxonomy":"product_cat","embeddable":true,"href":"https:\/\/zojopackaging.com\/pt\/wp-json\/wp\/v2\/product_cat?post=8662"},{"taxonomy":"product_tag","embeddable":true,"href":"https:\/\/zojopackaging.com\/pt\/wp-json\/wp\/v2\/product_tag?post=8662"}],"curies":[{"name":"wp","href":"https:\/\/api.w.org\/{rel}","templated":true}]}}