{"id":8676,"date":"2025-03-29T19:09:27","date_gmt":"2025-03-29T11:09:27","guid":{"rendered":"https:\/\/zojopackaging.com\/?post_type=product&#038;p=8676"},"modified":"2025-03-29T19:35:04","modified_gmt":"2025-03-29T11:35:04","slug":"custom-personalized-rings-necklaces-gift-box-wholesale","status":"publish","type":"product","link":"https:\/\/zojopackaging.com\/pt\/product\/custom-personalized-rings-necklaces-gift-box-wholesale\/","title":{"rendered":"An\u00e9is personalizados Colares Caixa de oferta por atacado"},"content":{"rendered":"<h3 id=\"customized-personalized-ring-and-necklace-gift-box-wholesale-product-description\">Caixa de presente personalizada para an\u00e9is e colares por atacado<\/h3>\n<h4 id=\"1-head-and-bottom-lid-box-type-the-perfect-balance-of-ritual-and-convenience-\">1.\u00a0<strong>Tipo de caixa com tampa e base: o equil\u00edbrio perfeito entre ritual e comodidade<\/strong><\/h4>\n<p>Este produto adopta\u00a0<strong>tipo de caixa tampa e base<\/strong>A tampa superior e a caixa inferior permitem a abertura e o fecho com uma s\u00f3 m\u00e3o atrav\u00e9s de uma estrutura de encaixe precisa, que melhora a experi\u00eancia de desembalagem ao mesmo tempo que protege.<\/p>\n<ul>\n<li><strong>Vantagens funcionais<\/strong>: O espa\u00e7o interno do corpo da caixa \u00e9 adaptado ao tamanho dos an\u00e9is, colares e outros acess\u00f3rios, o \u00e2ngulo de abertura da tampa superior \u00e9 \u226560\u00b0, e a abertura e o fecho podem ser completados com um \u00fanico empurr\u00e3o manual, evitando danos na embalagem causados por uma opera\u00e7\u00e3o inc\u00f3moda.<\/li>\n<li><strong>Conce\u00e7\u00e3o est\u00e9tica<\/strong>: A tampa da caixa encaixa perfeitamente quando fechada e a superf\u00edcie pode ser personalizada com texturas em relevo ou totens da marca, com uma cor principal azul macaron mate para criar uma atmosfera de cura.<\/li>\n<\/ul>\n<h4 id=\"2-special-paper-material-a-double-breakthrough-in-environmental-protection-and-high-end-\">2.\u00a0<strong>Material de papel especial: um duplo avan\u00e7o na prote\u00e7\u00e3o ambiental e na gama alta<\/strong><\/h4>\n<p>Selecionar\u00a0<strong>Papel especial certificado pelo FSC<\/strong>A nossa empresa, a empresa de papel, ultrapassa as limita\u00e7\u00f5es do papel tradicional e combina a tecnologia de prote\u00e7\u00e3o ambiental para obter solu\u00e7\u00f5es de embalagem sustent\u00e1veis.<\/p>\n<ul>\n<li><strong>Propriedades dos materiais<\/strong>:<\/li>\n<li>A camada superficial \u00e9 constitu\u00edda por\u00a0<strong>papel t\u00e1til semelhante ao couro<\/strong>\u00a0ou\u00a0<strong>papel especial com textura pinhole<\/strong>com uma espessura de 0,12 mm, rigidez de acordo com a norma ASTM D774 e resist\u00eancia ao rebentamento \u226580 kPa;<\/li>\n<li>A camada interior \u00e9 combinada com\u00a0<strong>1200g de cart\u00e3o reciclado<\/strong>e o processo de colagem sem cola reduz a polui\u00e7\u00e3o qu\u00edmica e o ciclo de degrada\u00e7\u00e3o \u00e9 \u2264180 dias.<\/li>\n<li><strong>Cen\u00e1rios de aplica\u00e7\u00e3o<\/strong>: Adequado para exposi\u00e7\u00e3o de joalharia, transporte de com\u00e9rcio eletr\u00f3nico, personaliza\u00e7\u00e3o de presentes de alta qualidade e outros cen\u00e1rios, apoiando a reciclagem.<\/li>\n<\/ul>\n<h4 id=\"3-hot-stamping-process-details-empower-brand-value-\">3. Fita h<strong>processo de estampagem em folha: os pormenores refor\u00e7am o valor da marca<\/strong><\/h4>\n<p>Atrav\u00e9s de\u00a0<strong>tecnologia de estampagem a quente de n\u00edvel nano<\/strong>A tecnologia de estampagem a quente permite obter linhas e log\u00f3tipos t\u00e3o finos como 0,1 mm para aumentar o valor acrescentado do produto.<\/p>\n<ul>\n<li><strong>Destaques tecnol\u00f3gicos<\/strong>:<\/li>\n<li>Apoio\u00a0<strong>estampagem a quente em relevo tridimensional<\/strong>,\u00a0<strong>efeito laser espelho<\/strong>, norma de diferen\u00e7a de cor \u0394E\u22641,5 (ISO 12647-2), a ader\u00eancia atinge o n\u00edvel 4B do teste Baige;<\/li>\n<li>Personaliz\u00e1vel com o LOGOTIPO da marca, texto art\u00edstico ou totem cultural, os casos de refer\u00eancia incluem a caixa para an\u00e9is com estampagem a quente da s\u00e9rie Chow Tai Fook ING e o design da caixa para presentes Tiffany Blue Book.<\/li>\n<\/ul>\n<h4 id=\"4-unlimited-customization-comprehensive-adaptation-from-function-to-aesthetics-\">4.\u00a0<strong>Personaliza\u00e7\u00e3o ilimitada: adapta\u00e7\u00e3o completa da fun\u00e7\u00e3o \u00e0 est\u00e9tica<\/strong><\/h4>\n<ol>\n<li><strong>Tipo e tamanho da caixa<\/strong>: Suporta tipos de caixas como tampa superior e inferior, tipo gaveta, tampa flip magn\u00e9tica, etc., adaptadas a an\u00e9is (5\u00d75cm a 9\u00d79cm), colares (caixa longa de 22\u00d75cm) e outros tamanhos, com uma taxa de erro de \u22640,1mm.<\/li>\n<li><strong>Cor e material<\/strong>:<\/li>\n<li><strong>Cor principal<\/strong>: 12 cartas de cores Pantone incluindo\u00a0<strong>Morandi azul<\/strong>\u00a0e ouro champanhe, e os efeitos mate\/brilhante podem ser alternados;<\/li>\n<li><strong>Op\u00e7\u00f5es de atualiza\u00e7\u00e3o<\/strong>: Papel de flocagem opcional, papel composto de folha met\u00e1lica ou superf\u00edcie t\u00e1til em relevo personalizada.<\/li>\n<li><strong>Otimiza\u00e7\u00e3o do revestimento interior<\/strong>:<\/li>\n<li><strong>Tabuleiro interior em EVA cortado<\/strong>: Cortado com precis\u00e3o de acordo com o contorno do produto, r\u00e1cio de vazios \u22645%, o desempenho de amortecimento cumpre a norma ASTM D4169;<\/li>\n<li><strong>Design em camadas<\/strong>: Podem ser acrescentados blocos independentes para guardar certificados e ferramentas de manuten\u00e7\u00e3o. Os estojos de refer\u00eancia incluem o forro em veludo de algod\u00e3o p\u00e9rola da s\u00e9rie Little Prince.<\/li>\n<\/ol>\n<h4 id=\"5-production-strength-and-delivery-guarantee-\">5.\u00a0<strong>For\u00e7a de produ\u00e7\u00e3o e garantia de entrega<\/strong><\/h4>\n<ul>\n<li><strong>Produ\u00e7\u00e3o totalmente autom\u00e1tica<\/strong>: Diretamente ligado ao\u00a0<strong>f\u00e1brica profissional de caixas de embalagem<\/strong>\u00a0na regi\u00e3o do Delta do Rio das P\u00e9rolas, equipada com mais de 20 linhas de produ\u00e7\u00e3o totalmente autom\u00e1ticas, abrangendo estampagem a quente, corte e vinco, colagem de caixas e outros processos, com uma capacidade de produ\u00e7\u00e3o di\u00e1ria m\u00e9dia de 100.000+, e a entrega \u00e9 conclu\u00edda em 7-14 dias.<\/li>\n<li><strong>Vantagens do servi\u00e7o<\/strong>:<\/li>\n<li><strong>Amostras e desenhos gratuitos<\/strong>: Os ficheiros de prova 3D s\u00e3o fornecidos no prazo de 48 horas, as caixas de amostras f\u00edsicas s\u00e3o entregues no prazo de 72 horas e uma encomenda m\u00ednima de 50 pe\u00e7as \u00e9 suportada sem taxas de vers\u00e3o;<\/li>\n<li><strong>Vantagens de pre\u00e7o<\/strong>: O modelo de venda direta da f\u00e1brica reduz a diferen\u00e7a de pre\u00e7os entre intermedi\u00e1rios e o pre\u00e7o unit\u00e1rio \u00e9 t\u00e3o baixo quanto 1,6 yuan\/caixa (negoci\u00e1vel para grandes quantidades).<\/li>\n<li><strong>Normas de controlo de qualidade<\/strong>: Passou a certifica\u00e7\u00e3o do sistema de qualidade ISO 9001, suporte de carga \u226515kg, altura anti-queda 1,5m e compensa\u00e7\u00e3o total por danos de transporte.<\/li>\n<\/ul>\n<h4 id=\"vi-technical-parameters-and-brand-empowerment-\">6. <strong>Par\u00e2metros t\u00e9cnicos e capacita\u00e7\u00e3o da marca<\/strong><\/h4>\n<table>\n<thead>\n<tr>\n<th>Projeto<\/th>\n<th>Par\u00e2metros\/compromissos<\/th>\n<\/tr>\n<\/thead>\n<tbody>\n<tr>\n<td>Certifica\u00e7\u00e3o ambiental<\/td>\n<td>FSC, SGS, RoHS, REACH<\/td>\n<\/tr>\n<tr>\n<td>Precis\u00e3o de estampagem a quente<\/td>\n<td>Precis\u00e3o da linha 0,1 mm, resolu\u00e7\u00e3o do padr\u00e3o 300 dpi<\/td>\n<\/tr>\n<tr>\n<td>Quantidade m\u00ednima de encomenda<\/td>\n<td>500 pe\u00e7as<\/td>\n<\/tr>\n<tr>\n<td>Ciclo de entrega<\/td>\n<td>7-14 dias (menos de 10.000 pe\u00e7as)<\/td>\n<\/tr>\n<\/tbody>\n<\/table>\n<p><strong>Escolher-nos n\u00e3o \u00e9 apenas escolher uma embalagem, mas tamb\u00e9m dar \u00e0 sua marca um gene de luxo sustent\u00e1vel.<\/strong><\/p>","protected":false},"excerpt":{"rendered":"<p>1. A tampa e a caixa de base est\u00e3o bem encaixadas e podem ser abertas com uma m\u00e3o para facilitar a opera\u00e7\u00e3o<br \/>\n2. O material de papel especial rompe com a utiliza\u00e7\u00e3o do papel tradicional e est\u00e1 em conformidade com a tend\u00eancia de desenvolvimento sustent\u00e1vel<br \/>\n3. A folha de prata para estampagem a quente aumenta o valor acrescentado do produto e o pequeno efeito de estampagem a quente tamb\u00e9m pode ser claramente apresentado<\/p>","protected":false},"featured_media":8678,"template":"","meta":[],"product_brand":[],"product_cat":[30,415,425,31],"product_tag":[948,947,946],"class_list":{"0":"post-8676","1":"product","2":"type-product","3":"status-publish","4":"has-post-thumbnail","6":"product_cat-by-industry","7":"product_cat-custom-jewelry-boxes-by-industry","8":"product_cat-lid-and-base-gift-box","9":"product_cat-paper-box-style","10":"product_tag-custom-box-wholesale","11":"product_tag-necklaces-gift-box","12":"product_tag-rings-gift-box","14":"first","15":"instock","16":"shipping-taxable","17":"product-type-simple"},"_links":{"self":[{"href":"https:\/\/zojopackaging.com\/pt\/wp-json\/wp\/v2\/product\/8676","targetHints":{"allow":["GET"]}}],"collection":[{"href":"https:\/\/zojopackaging.com\/pt\/wp-json\/wp\/v2\/product"}],"about":[{"href":"https:\/\/zojopackaging.com\/pt\/wp-json\/wp\/v2\/types\/product"}],"version-history":[{"count":2,"href":"https:\/\/zojopackaging.com\/pt\/wp-json\/wp\/v2\/product\/8676\/revisions"}],"predecessor-version":[{"id":8683,"href":"https:\/\/zojopackaging.com\/pt\/wp-json\/wp\/v2\/product\/8676\/revisions\/8683"}],"wp:featuredmedia":[{"embeddable":true,"href":"https:\/\/zojopackaging.com\/pt\/wp-json\/wp\/v2\/media\/8678"}],"wp:attachment":[{"href":"https:\/\/zojopackaging.com\/pt\/wp-json\/wp\/v2\/media?parent=8676"}],"wp:term":[{"taxonomy":"product_brand","embeddable":true,"href":"https:\/\/zojopackaging.com\/pt\/wp-json\/wp\/v2\/product_brand?post=8676"},{"taxonomy":"product_cat","embeddable":true,"href":"https:\/\/zojopackaging.com\/pt\/wp-json\/wp\/v2\/product_cat?post=8676"},{"taxonomy":"product_tag","embeddable":true,"href":"https:\/\/zojopackaging.com\/pt\/wp-json\/wp\/v2\/product_tag?post=8676"}],"curies":[{"name":"wp","href":"https:\/\/api.w.org\/{rel}","templated":true}]}}