{"id":8691,"date":"2025-03-29T20:12:13","date_gmt":"2025-03-29T12:12:13","guid":{"rendered":"https:\/\/zojopackaging.com\/?post_type=product&#038;p=8691"},"modified":"2025-03-29T20:43:31","modified_gmt":"2025-03-29T12:43:31","slug":"custom-towel-athletic-sleeve-shoe-packaging-box-wholesale","status":"publish","type":"product","link":"https:\/\/zojopackaging.com\/pt\/product\/custom-towel-athletic-sleeve-shoe-packaging-box-wholesale\/","title":{"rendered":"Toalha personalizada manga atl\u00e9tica caixa de embalagem de sapatos por atacado"},"content":{"rendered":"<h2 id=\"-high-end-customized-towel-sports-overshoe-packaging-box-technical-parameters-\"><strong>1. Caixa de embalagem de sapatos de desporto de toalha personalizada de alta qualidade<\/strong><\/h2>\n<ol>\n<li><strong>Tecnologia de materiais de base<\/strong>\u00a0Adote o substrato de placa cinza de alta resist\u00eancia 1200GSM + estrutura de cobertura de papel revestido 157GSM. A placa cinza fornece suporte r\u00edgido para garantir que a resist\u00eancia \u00e0 compress\u00e3o do transporte atinja 30kg\/\u33a1; a suavidade da superf\u00edcie do papel revestido atinge mais de 1000s, suporta impress\u00e3o de logotipo de marca de alta precis\u00e3o de 150 linhas, e o grau de reprodu\u00e7\u00e3o de cores \u00e9 melhorado por 40%.<\/li>\n<li><strong>Estrutura inovadora da caixa de gavetas<\/strong>\u00a0Design de corredi\u00e7a tipo gaveta, a resist\u00eancia de abertura e fecho \u00e9 controlada no intervalo de 0,5-1,2N, e est\u00e1 equipada com um sistema de fivela anti-derrapante. A caixa exterior e o tabuleiro interior adoptam o processo de encaixe das tampas superior e inferior, com uma toler\u00e2ncia de \u00b10,3mm, para obter uma experi\u00eancia de abertura sedosa. O LOGOTIPO em relevo pode ser personalizado na parte lateral da caixa e a precis\u00e3o do toque atinge n\u00edveis c\u00f4ncavos e convexos de 0,1 mm.<\/li>\n<li><strong>Sistema est\u00e9tico funcional Ribbon<\/strong>\u00a0Oferece tr\u00eas op\u00e7\u00f5es de fitas: acetinada\/mate\/laser, com largura ajust\u00e1vel de 15-50 mm e teste de carga de 8 kg. O design original patenteado de \"n\u00f3 duplo\" pode n\u00e3o s\u00f3 fixar os sapatos para evitar desloca\u00e7\u00f5es, mas tamb\u00e9m ser destacado para utiliza\u00e7\u00e3o como pulseira desportiva ou atacadores. Suporta o processo de estampagem a frio UV para imprimir slogans de marcas, e os caracteres s\u00e3o resistentes \u00e0 fric\u00e7\u00e3o por mais de 2.000 vezes.<\/li>\n<\/ol>\n<h2 id=\"-visual-and-environmental-performance-optimization-plan-\"><strong>2. Plano de otimiza\u00e7\u00e3o do desempenho visual e ambiental<\/strong><\/h2>\n<ol>\n<li><strong>Sistema de cores para aliviar o stress<\/strong>\u00a0Promover principalmente o verde Morandi (Pantone 16-5938TPG), que foi verificado por experi\u00eancias de psicologia da cor para reduzir os n\u00edveis de cortisol salivar em 15% e o \u00edndice de ansiedade em 22%. Com a ajuda da textura de veios de estampagem a quente com gradiente, o \u00e2ngulo de refra\u00e7\u00e3o da luz \u00e9 optimizado para 15\u00b0-75\u00b0, e a luz e a sombra din\u00e2micas melhoram o n\u00edvel visual.<\/li>\n<li><strong>Tecnologia de estampagem a quente actualizada<\/strong>\u00a0Utilizando a tecnologia de estampagem a quente de nano-embossing, a espessura da camada de ouro \u00e9 de 0,08-0,12\u03bcm e a resist\u00eancia \u00e0s intemp\u00e9ries atinge o n\u00edvel 5 (norma ISO 4892). Suporta estampagem a quente de posicionamento 3D, o texto m\u00ednimo de estampagem a quente \u00e9 de 0,8 mm e claramente vis\u00edvel, e o contraste entre a textura met\u00e1lica e o substrato mate \u00e9 aumentado em 300%.<\/li>\n<li><strong>Sistema de lamina\u00e7\u00e3o de dupla prote\u00e7\u00e3o<\/strong>\u00a0Processo de lamina\u00e7\u00e3o \u00e0 base de \u00e1gua (emiss\u00e3o de COV &lt;2%), espessura da pel\u00edcula de 12\u03bcm, n\u00edvel de resist\u00eancia \u00e0 abras\u00e3o de 4H (ASTM D3363). O m\u00f3dulo t\u00e1til oferece tr\u00eas op\u00e7\u00f5es: camur\u00e7a\/areia de cristal\/sensa\u00e7\u00e3o de pele, e o coeficiente de fric\u00e7\u00e3o \u00e9 optimizado para 0,35\/0,28\/0,18, respetivamente, o que melhora a sensa\u00e7\u00e3o de cerim\u00f3nia de desembalagem.<\/li>\n<\/ol>\n<h2 id=\"-in-depth-customization-service-system-\"><strong>3. Sistema de servi\u00e7o de personaliza\u00e7\u00e3o em profundidade<\/strong><\/h2>\n<ol>\n<li><strong>Matriz de personaliza\u00e7\u00e3o multidimensional<\/strong><\/li>\n<li><strong>Biblioteca de tipo caixa<\/strong>: abrange 6 tipos de caixas de base (tipo livro\/tampa inferior e inferior\/porta dupla, etc.) + 12 estruturas com formas especiais (arco\/\u00f4co\/porta expositor dobr\u00e1vel, etc.)<\/li>\n<li><strong>Biblioteca de materiais<\/strong>: painel de fibras de bambu substitu\u00edvel (contendo 30% de materiais renov\u00e1veis)\/PET de qualidade alimentar e outras op\u00e7\u00f5es respeitadoras do ambiente<\/li>\n<li><strong>Biblioteca de processos<\/strong>8 solu\u00e7\u00f5es de tratamento de superf\u00edcie, tais como estampagem a quente combinada + grava\u00e7\u00e3o em relevo + envidra\u00e7amento local UV<\/li>\n<li><strong>Solu\u00e7\u00e3o de revestimento inteligente<\/strong>\u00a0Utiliza\u00e7\u00e3o da tecnologia de corte de espuma viscoel\u00e1stica EVA, densidade 45D\u00b15, adaptada a diferentes distribui\u00e7\u00f5es de press\u00e3o no cal\u00e7ado. Desenvolver um sistema de divis\u00f3rias de tr\u00eas canais:<\/li>\n<li>Cabine principal: Modela\u00e7\u00e3o por digitaliza\u00e7\u00e3o 3D, erro &lt;0,5 mm<\/li>\n<li>\u00c1rea de acess\u00f3rios: painel divis\u00f3rio magn\u00e9tico, combina\u00e7\u00e3o livre de at\u00e9 12 tipos<\/li>\n<li>Camada seca: implantada com fibra de carbono ativado, gama de controlo da humidade 40%-60%RH<\/li>\n<\/ol>\n<h2 id=\"-advantages-of-china-s-source-factory-\"><strong>Vantagens da f\u00e1brica de origem chinesa<\/strong><\/h2>\n<ol>\n<li><strong>Garantia de uma cadeia de abastecimento flex\u00edvel<\/strong> 50 unidades de impress\u00e3o Heidelberg Speedmaster alem\u00e3s, suportando encomendas flex\u00edveis de 500-10.000.000 pe\u00e7as. Prova ultra-r\u00e1pida de 48 horas, fornecendo efeito de maquete 3D + servi\u00e7o de confirma\u00e7\u00e3o dupla de caixa de amostra f\u00edsica. O servi\u00e7o de design gratuito inclui:<\/li>\n<li>Plano de adapta\u00e7\u00e3o da marca VI (incluindo 5 vers\u00f5es de propostas)<\/li>\n<li>Relat\u00f3rio de ensaio de simula\u00e7\u00e3o de transporte (norma ISTA 3A)<\/li>\n<li>Lista de contabiliza\u00e7\u00e3o da pegada de carbono (em conformidade com a certifica\u00e7\u00e3o EPD)<\/li>\n<\/ol>","protected":false},"excerpt":{"rendered":"<p>1. A caixa de papel da gaveta abre-se, o que \u00e9 uma boa escolha para equilibrar a funcionalidade e o design est\u00e9tico<br \/>\n2. Os acess\u00f3rios de fitas desempenham um papel importante na decora\u00e7\u00e3o, no branding e nas aplica\u00e7\u00f5es funcionais devido \u00e0 sua diversidade e praticidade.<br \/>\n3. O tipo de caixa, tamanho, material, design e processo de impress\u00e3o de superf\u00edcie podem ser altamente personalizados para se adequar \u00e0 sua embalagem de cal\u00e7ado desportivo de toalha<\/p>","protected":false},"featured_media":8696,"template":"","meta":[],"product_brand":[],"product_cat":[30,414,31,426],"product_tag":[953,952,954],"class_list":{"0":"post-8691","1":"product","2":"type-product","3":"status-publish","4":"has-post-thumbnail","6":"product_cat-by-industry","7":"product_cat-custom-apparel-boxes","8":"product_cat-paper-box-style","9":"product_cat-paper-drawer-boxes","10":"product_tag-athletic-sleeve-packaging-box","11":"product_tag-custom-towel-packaging","12":"product_tag-shoe-packaging-box-wholesale","14":"first","15":"instock","16":"shipping-taxable","17":"product-type-simple"},"_links":{"self":[{"href":"https:\/\/zojopackaging.com\/pt\/wp-json\/wp\/v2\/product\/8691","targetHints":{"allow":["GET"]}}],"collection":[{"href":"https:\/\/zojopackaging.com\/pt\/wp-json\/wp\/v2\/product"}],"about":[{"href":"https:\/\/zojopackaging.com\/pt\/wp-json\/wp\/v2\/types\/product"}],"version-history":[{"count":1,"href":"https:\/\/zojopackaging.com\/pt\/wp-json\/wp\/v2\/product\/8691\/revisions"}],"predecessor-version":[{"id":8698,"href":"https:\/\/zojopackaging.com\/pt\/wp-json\/wp\/v2\/product\/8691\/revisions\/8698"}],"wp:featuredmedia":[{"embeddable":true,"href":"https:\/\/zojopackaging.com\/pt\/wp-json\/wp\/v2\/media\/8696"}],"wp:attachment":[{"href":"https:\/\/zojopackaging.com\/pt\/wp-json\/wp\/v2\/media?parent=8691"}],"wp:term":[{"taxonomy":"product_brand","embeddable":true,"href":"https:\/\/zojopackaging.com\/pt\/wp-json\/wp\/v2\/product_brand?post=8691"},{"taxonomy":"product_cat","embeddable":true,"href":"https:\/\/zojopackaging.com\/pt\/wp-json\/wp\/v2\/product_cat?post=8691"},{"taxonomy":"product_tag","embeddable":true,"href":"https:\/\/zojopackaging.com\/pt\/wp-json\/wp\/v2\/product_tag?post=8691"}],"curies":[{"name":"wp","href":"https:\/\/api.w.org\/{rel}","templated":true}]}}