{"id":8699,"date":"2025-03-29T20:43:56","date_gmt":"2025-03-29T12:43:56","guid":{"rendered":"https:\/\/zojopackaging.com\/?post_type=product&#038;p=8699"},"modified":"2025-03-29T21:48:00","modified_gmt":"2025-03-29T13:48:00","slug":"premium-gourmet-assorted-chocolates-truffles-candy-gift-box","status":"publish","type":"product","link":"https:\/\/zojopackaging.com\/pt\/product\/premium-gourmet-assorted-chocolates-truffles-candy-gift-box\/","title":{"rendered":"Caixa de oferta de chocolates variados Premium Gourmet Trufas Doces"},"content":{"rendered":"<h2 id=\"-product-description-of-premium-gourmet-assorted-chocolate-truffle-candy-gift-box-\"><strong>Descri\u00e7\u00e3o do produto Caixa de oferta de trufas de chocolate sortidas Premium Gourmet<\/strong><\/h2>\n<h3 id=\"2-special-paper-material-and-surface-technology-luxurious-tactile-and-visual-experience\">1. Material de papel especial e tecnologia de superf\u00edcie: experi\u00eancia t\u00e1til e visual de luxo<\/h3>\n<p>A caixa de oferta utiliza\u00a0<strong>substrato de papel especial importado<\/strong>A embalagem \u00e9 feita de papel de couro de lichia, papel de p\u00e9rola ou papel de fibra tecida, com uma textura de couro natural ou de metal mate na superf\u00edcie. Atrav\u00e9s de estampagem em relevo, estampagem a quente, UV parcial e outros processos, \u00e9 criado um efeito de relevo tridimensional, como a textura de caligrafia ou linhas douradas, dando \u00e0 embalagem conota\u00e7\u00e3o cultural e valor art\u00edstico. Os materiais de papel s\u00e3o todos certificados pelo FSC, amigos do ambiente e recicl\u00e1veis, tendo em conta o sentido de luxo e o conceito de desenvolvimento sustent\u00e1vel.<\/p>\n<h3 id=\"3-highly-customized-service-all-round-adaptation-from-box-type-to-lining\">2. Servi\u00e7o altamente personalizado: adapta\u00e7\u00e3o completa do tipo de caixa ao revestimento<\/h3>\n<ol>\n<li><strong>Personaliza\u00e7\u00e3o flex\u00edvel do tipo e tamanho da caixa<\/strong>: suporta uma variedade de estruturas, tais como tampa superior e inferior, tipo gaveta, corte de forma especial, etc., para se adaptar aos requisitos de disposi\u00e7\u00e3o das trufas de chocolate de diferentes especifica\u00e7\u00f5es (tais como o di\u00e2metro 15-30mm).<\/li>\n<li><strong>Processo de impress\u00e3o de superf\u00edcie<\/strong>: revestimento opcional de poliuretano \u00e0 base de \u00e1gua (\u00e0 prova d'\u00e1gua e \u00e0 prova de \u00f3leo), grava\u00e7\u00e3o a laser, impress\u00e3o de grade 3D, etc., por exemplo, a espessura do revestimento atinge 8g \/ \u33a1 e a resist\u00eancia a arranh\u00f5es \u00e9 melhorada em 200%.<\/li>\n<li><strong>Solu\u00e7\u00e3o de revestimento personalizada<\/strong>: utilizando EVA de qualidade alimentar ou algod\u00e3o perolado EPE, abertura precisa do molde atrav\u00e9s da tecnologia de digitaliza\u00e7\u00e3o 3D, para conseguir um posicionamento e fixa\u00e7\u00e3o independentes dos rebu\u00e7ados de trufas, excelente desempenho de amortecimento e coeficiente s\u00edsmico de 320kPa.<\/li>\n<\/ol>\n<h3 id=\"4-folding-structure-and-logistics-optimization-efficient-warehousing-and-low-cost-transportation\">3. Estrutura de dobragem e otimiza\u00e7\u00e3o log\u00edstica: armazenamento eficiente e transporte de baixo custo<\/h3>\n<p>A caixa de oferta adopta\u00a0<strong>design dobr\u00e1vel e achat\u00e1vel<\/strong>o que reduz o volume da caixa vazia em 70% e aumenta a taxa de utiliza\u00e7\u00e3o do espa\u00e7o de armazenamento em 50%. Ao empilhar, o design da nervura de refor\u00e7o inferior pode suportar uma carga de 15 kg, o que \u00e9 adequado para o processo de embalagem automatizado da linha de produ\u00e7\u00e3o. \u00c9 compat\u00edvel com as dimens\u00f5es normais das paletes durante o transporte, reduzindo os custos log\u00edsticos em 20%-30%.<\/p>\n<h3 id=\"5-triple-protection-process-all-round-guarantee-of-product-quality\">4. Processo de tripla prote\u00e7\u00e3o: garantia total da qualidade do produto<\/h3>\n<ol>\n<li><strong>Tecnologia de revestimento de superf\u00edcies<\/strong>O revestimento de poliuretano \u00e0 base de \u00e1gua \u00e9 utilizado para formar uma barreira \u00e0 prova de \u00e1gua de n\u00edvel nano. O desempenho \u00e0 prova de humidade passa o teste de humidade de 48 horas 90% e bloqueia eficazmente a penetra\u00e7\u00e3o de vapor de \u00e1gua.<\/li>\n<\/ol>\n<h3 id=\"vi-advantages-of-china-s-source-factory-one-stop-service-and-cost-advantage\">5. Vantagens da f\u00e1brica de origem chinesa: servi\u00e7o de balc\u00e3o \u00fanico e vantagem em termos de custos<\/h3>\n<p>Como o\u00a0<strong>F\u00e1brica de embalagens de origem chinesa<\/strong>, n\u00f3s fornecemos:<\/p>\n<ul>\n<li><strong>Amostras e desenhos gratuitos<\/strong>: A prototipagem \u00e9 conclu\u00edda no prazo de 3 dias \u00fateis e a gera\u00e7\u00e3o de design inteligente de IA \u00e9 suportada.<\/li>\n<li><strong>Produ\u00e7\u00e3o flex\u00edvel<\/strong>: Suporta uma encomenda m\u00ednima de 100 caixas e o pre\u00e7o \u00e9 30%-40% inferior ao de produtos similares no mercado.<\/li>\n<li><strong>Inspe\u00e7\u00e3o completa da qualidade do processo<\/strong>: A certifica\u00e7\u00e3o de seguran\u00e7a alimentar ISO 22000 foi aprovada e o material de revestimento cumpre as normas da FDA.<\/li>\n<\/ul>\n<p><strong>Personalize j\u00e1 a sua caixa de oferta exclusiva<\/strong>\u00a0Contacte-nos para obter amostras gratuitas e solu\u00e7\u00f5es de design, refor\u00e7ar o valor da marca com embalagens extremas e fazer de cada trufa de chocolate uma obra de arte que transmite o seu cora\u00e7\u00e3o.<\/p>","protected":false},"excerpt":{"rendered":"<p>1. A caixa de embalagem de porta dupla tem uma configura\u00e7\u00e3o de abertura sim\u00e9trica \u00fanica, o que cria uma vantagem diferenciada em termos de funcionalidade e apresenta\u00e7\u00e3o visual<br \/>\n2. O material de papel especial com linhas de textura especiais, tem um aspeto luxuoso e de alta qualidade, e aumenta o efeito da marca<br \/>\n3. O tipo de caixa, o tamanho, o material, o design e o processo de impress\u00e3o da superf\u00edcie podem ser altamente personalizados para se adequarem \u00e0 sua embalagem de bombons de trufas de chocolate gourmet variadas<\/p>","protected":false},"featured_media":8700,"template":"","meta":[],"product_brand":[],"product_cat":[30,422,428,31],"product_tag":[956,955,957],"class_list":{"0":"post-8699","1":"product","2":"type-product","3":"status-publish","4":"has-post-thumbnail","6":"product_cat-by-industry","7":"product_cat-custom-gourmet-boxes-by-industry","8":"product_cat-irregular-shaped-gift-boxes","9":"product_cat-paper-box-style","10":"product_tag-chocolates-candy-gift-box","11":"product_tag-premium-chocolates-gift-box","12":"product_tag-truffles-candy-gift-box","14":"first","15":"instock","16":"shipping-taxable","17":"product-type-simple"},"_links":{"self":[{"href":"https:\/\/zojopackaging.com\/pt\/wp-json\/wp\/v2\/product\/8699","targetHints":{"allow":["GET"]}}],"collection":[{"href":"https:\/\/zojopackaging.com\/pt\/wp-json\/wp\/v2\/product"}],"about":[{"href":"https:\/\/zojopackaging.com\/pt\/wp-json\/wp\/v2\/types\/product"}],"version-history":[{"count":1,"href":"https:\/\/zojopackaging.com\/pt\/wp-json\/wp\/v2\/product\/8699\/revisions"}],"predecessor-version":[{"id":8707,"href":"https:\/\/zojopackaging.com\/pt\/wp-json\/wp\/v2\/product\/8699\/revisions\/8707"}],"wp:featuredmedia":[{"embeddable":true,"href":"https:\/\/zojopackaging.com\/pt\/wp-json\/wp\/v2\/media\/8700"}],"wp:attachment":[{"href":"https:\/\/zojopackaging.com\/pt\/wp-json\/wp\/v2\/media?parent=8699"}],"wp:term":[{"taxonomy":"product_brand","embeddable":true,"href":"https:\/\/zojopackaging.com\/pt\/wp-json\/wp\/v2\/product_brand?post=8699"},{"taxonomy":"product_cat","embeddable":true,"href":"https:\/\/zojopackaging.com\/pt\/wp-json\/wp\/v2\/product_cat?post=8699"},{"taxonomy":"product_tag","embeddable":true,"href":"https:\/\/zojopackaging.com\/pt\/wp-json\/wp\/v2\/product_tag?post=8699"}],"curies":[{"name":"wp","href":"https:\/\/api.w.org\/{rel}","templated":true}]}}