{"id":8708,"date":"2025-03-29T21:48:29","date_gmt":"2025-03-29T13:48:29","guid":{"rendered":"https:\/\/zojopackaging.com\/?post_type=product&#038;p=8708"},"modified":"2025-03-31T10:38:49","modified_gmt":"2025-03-31T02:38:49","slug":"premium-custom-coffee-magnetic-closure-gift-boxes","status":"publish","type":"product","link":"https:\/\/zojopackaging.com\/pt\/product\/premium-custom-coffee-magnetic-closure-gift-boxes\/","title":{"rendered":"Caixas de oferta com fecho magn\u00e9tico para caf\u00e9 personalizadas de qualidade superior"},"content":{"rendered":"<h2 id=\"-product-description-of-advanced-customized-coffee-magnetic-gift-box-\">Caixas de oferta com fecho magn\u00e9tico para caf\u00e9 personalizadas de qualidade superior<\/h2>\n<h3 id=\"-1-innovative-magnetic-embedded-design-\"><strong>1. Design inovador das caixas com fecho magn\u00e9tico<\/strong><\/h3>\n<p>Este produto adopta um design de caixas com fecho magn\u00e9tico, e a estrutura magn\u00e9tica est\u00e1 escondida no interior do corpo da caixa, evitando os defeitos dos \u00edmanes tradicionais expostos que s\u00e3o f\u00e1ceis de desgastar e afectam o aspeto. A experi\u00eancia de abertura e fecho magn\u00e9tico \u00e9 suave e est\u00e1vel, o que melhora a conveni\u00eancia de opera\u00e7\u00e3o do utilizador e prolonga a vida \u00fatil da embalagem. \u00c9 adequada para cenas de abertura e fecho de presentes de alta frequ\u00eancia.<\/p>\n<h3 id=\"-2-strong-and-environmentally-friendly-material-\"><strong>2. Material resistente e amigo do ambiente<\/strong><\/h3>\n<p>O corpo da caixa adopta papel de cart\u00e3o cinzento de alta gramagem de 1200 GSM e tecnologia composta de papel revestido de 157 GSM, que tem resist\u00eancia \u00e0 press\u00e3o e durabilidade, excelente capacidade de carga e pode suportar a press\u00e3o do transporte a longa dist\u00e2ncia. O material cumpre as normas de prote\u00e7\u00e3o ambiental, o papel de cart\u00e3o cinzento \u00e9 recicl\u00e1vel e degrad\u00e1vel e a impress\u00e3o em papel revestido \u00e9 expressiva, tendo em conta a sustentabilidade e a textura de alta qualidade.<\/p>\n<h3 id=\"-3-double-sided-high-definition-printing-technology-\"><strong>3. Tecnologia de impress\u00e3o de alta defini\u00e7\u00e3o de dupla face<\/strong><\/h3>\n<p>Atrav\u00e9s do processo de impress\u00e3o frente e verso, o log\u00f3tipo da marca, as informa\u00e7\u00f5es sobre o produto e os padr\u00f5es art\u00edsticos s\u00e3o apresentados com precis\u00e3o na superf\u00edcie do corpo da caixa, apoiando as cores diretas Pantone, o verniz local UV e outros processos para aumentar o impacto visual e o reconhecimento da marca. Por exemplo, a tampa da caixa pode ser impressa com a hist\u00f3ria da origem do caf\u00e9, e a parte inferior da caixa pode apresentar o guia de prepara\u00e7\u00e3o para transmitir o valor da marca em todas as direc\u00e7\u00f5es.<\/p>\n<h3 id=\"-4-highly-flexible-customization-scheme-\"><strong>4. Esquema de personaliza\u00e7\u00e3o altamente flex\u00edvel<\/strong><\/h3>\n<ul>\n<li><strong>Tipo e tamanho da caixa<\/strong>: Suporta v\u00e1rias estruturas, como tampas superiores e inferiores, caixas em forma de livro, caixas de gavetas (como caixas de tipo tubo e de tipo disco), adequadas para diferentes formas de produtos, como c\u00e1psulas de caf\u00e9, sacos de orelhas suspensas, gr\u00e3os de caf\u00e9, etc.<\/li>\n<li><strong>Cor e material<\/strong>: Fornecer efeitos de superf\u00edcie mate, brilhante, estampagem a quente\/prata, relevo e outros, e o material pode ser selecionado entre papel revestido, papel art\u00edstico, etc., para satisfazer as necessidades de presentes comerciais ou temas de f\u00e9rias.<\/li>\n<li><strong>Efeito de impress\u00e3o<\/strong>: Combina a impress\u00e3o digital e a tecnologia de serigrafia para obter padr\u00f5es complexos, como gradientes e estereosc\u00f3picos 3D, adequados para o tom da marca.<\/li>\n<\/ul>\n<h3 id=\"-5-precisely-fit-eva-shockproof-lining-\"><strong>5. Forro em EVA \u00e0 prova de choque com ajuste exato<\/strong><\/h3>\n<p>Revestimento de espuma EVA personalizado de acordo com o tamanho do produto, com densidade opcional de 25\u00b0-50\u00b0, atrav\u00e9s de corte CNC para garantir uma adapta\u00e7\u00e3o perfeita aos produtos de caf\u00e9, reduzir a vibra\u00e7\u00e3o do transporte e o desperd\u00edcio de espa\u00e7o. O revestimento suporta tratamento anti-est\u00e1tico, que \u00e9 adequado para as necessidades de prote\u00e7\u00e3o dos acess\u00f3rios electr\u00f3nicos para caf\u00e9 (tais como acess\u00f3rios para cafeteiras manuais).<\/p>\n<h3 id=\"-6-triple-protection-lamination-process-\"><strong>6. Processo de lamina\u00e7\u00e3o de tripla prote\u00e7\u00e3o<\/strong><\/h3>\n<p>A superf\u00edcie adopta a tecnologia de lamina\u00e7\u00e3o de n\u00edvel nano, que tem fun\u00e7\u00f5es \u00e0 prova de \u00e1gua, de \u00f3leo e de humidade, resiste eficazmente a salpicos de l\u00edquidos e a ambientes h\u00famidos e protege a impress\u00e3o do corpo da caixa contra o desvanecimento e a deforma\u00e7\u00e3o. Este processo pode tamb\u00e9m melhorar a resist\u00eancia ao desgaste da superf\u00edcie e prolongar o per\u00edodo de armazenamento das caixas de oferta em armaz\u00e9ns e log\u00edstica.<\/p>\n<h3 id=\"-7-fully-automated-and-efficient-production-\"><strong>7. Produ\u00e7\u00e3o totalmente automatizada e eficiente<\/strong><\/h3>\n<p>Com base numa linha de produ\u00e7\u00e3o totalmente autom\u00e1tica, atinge uma capacidade de produ\u00e7\u00e3o di\u00e1ria de 10 milh\u00f5es de pe\u00e7as (10.000.000 pcs), abrangendo corte e vinco, lamina\u00e7\u00e3o, montagem magn\u00e9tica, lamina\u00e7\u00e3o de revestimento e outros processos. Atrav\u00e9s do sistema de controlo inteligente PLC e do equipamento de inspe\u00e7\u00e3o visual, garantimos que a precis\u00e3o da produ\u00e7\u00e3o e a taxa de rendimento atingem 99,5%, satisfazendo as necessidades de encomendas urgentes e entregas em grande escala.<\/p>\n<h3 id=\"-8-advantageous-service-of-the-source-factory-\"><strong>8. Servi\u00e7o vantajoso da f\u00e1brica de origem<\/strong><\/h3>\n<p>Como a f\u00e1brica de origem de embalagens de caf\u00e9 na China, n\u00f3s fornecemos:<\/p>\n<ul>\n<li><strong>Amostras e desenhos gratuitos<\/strong>: A equipa profissional fornece esbo\u00e7os de design 3D no prazo de 1 dia, as amostras f\u00edsicas s\u00e3o enviadas no prazo de 2 dias e os ajustes personalizados s\u00e3o suportados.<\/li>\n<li><strong>Otimiza\u00e7\u00e3o de custos<\/strong>: O aprovisionamento em grande escala e a produ\u00e7\u00e3o automatizada reduzem os custos, e o pre\u00e7o da mesma qualidade \u00e9 30% inferior ao do mercado.<\/li>\n<li><strong>Solu\u00e7\u00e3o \u00fanica<\/strong>: Desde a conce\u00e7\u00e3o da embalagem, passando pela sele\u00e7\u00e3o dos materiais, at\u00e9 \u00e0 log\u00edstica e \u00e0 distribui\u00e7\u00e3o, todo o servi\u00e7o do processo garante a realiza\u00e7\u00e3o do projeto em tempo \u00fatil.<\/li>\n<\/ul>\n<p><strong>Cen\u00e1rio de aplica\u00e7\u00e3o<\/strong><\/p>\n<ul>\n<li><strong>Oferta comercial<\/strong>: A abertura e o fecho magn\u00e9ticos real\u00e7am a sensa\u00e7\u00e3o de cerim\u00f3nia, e a combina\u00e7\u00e3o do sistema de cores VI da empresa refor\u00e7a a imagem da marca.<\/li>\n<li><strong>Caixa de oferta de f\u00e9rias<\/strong>: Padr\u00e3o tem\u00e1tico de f\u00e9rias personalizado, o forro \u00e9 adequado para uma combina\u00e7\u00e3o de produtos de caf\u00e9 de v\u00e1rias especifica\u00e7\u00f5es.<\/li>\n<li><strong>Com\u00e9rcio eletr\u00f3nico a retalho<\/strong>: O revestimento \u00e0 prova de \u00e1gua e o revestimento antiss\u00edsmico garantem a seguran\u00e7a do transporte e reduzem a taxa de perdas p\u00f3s-venda.<\/li>\n<\/ul>\n<p><strong>Atuar agora<\/strong>\u00a0Contacte a f\u00e1brica de origem na China, obtenha amostras gr\u00e1tis e solu\u00e7\u00f5es de design e comece a sua jornada de personaliza\u00e7\u00e3o de embalagens de caf\u00e9 topo de gama!<\/p>","protected":false},"excerpt":{"rendered":"<p>1. Caixa de embalagem magn\u00e9tica, design com \u00edman incorporado para evitar o desgaste externo<br \/>\n2. Fabricado em cart\u00e3o cinzento de 1200 GSM e papel de arte revestido de 157 GSM, dur\u00e1vel, amigo do ambiente e sustent\u00e1vel<br \/>\n3. Impress\u00e3o frente e verso, pode imprimir a informa\u00e7\u00e3o do seu produto e o log\u00f3tipo da sua marca na superf\u00edcie da caixa para melhorar o efeito da marca<\/p>","protected":false},"featured_media":8713,"template":"","meta":[],"product_brand":[],"product_cat":[30,422,424,31],"product_tag":[959,958,960],"class_list":{"0":"post-8708","1":"product","2":"type-product","3":"status-publish","4":"has-post-thumbnail","6":"product_cat-by-industry","7":"product_cat-custom-gourmet-boxes-by-industry","8":"product_cat-magnetic-closure-boxes","9":"product_cat-paper-box-style","10":"product_tag-coffee-magnetic-closure-boxes","11":"product_tag-custom-coffee-boxes","12":"product_tag-premium-coffee-gift-boxes","14":"first","15":"instock","16":"shipping-taxable","17":"product-type-simple"},"_links":{"self":[{"href":"https:\/\/zojopackaging.com\/pt\/wp-json\/wp\/v2\/product\/8708","targetHints":{"allow":["GET"]}}],"collection":[{"href":"https:\/\/zojopackaging.com\/pt\/wp-json\/wp\/v2\/product"}],"about":[{"href":"https:\/\/zojopackaging.com\/pt\/wp-json\/wp\/v2\/types\/product"}],"version-history":[{"count":3,"href":"https:\/\/zojopackaging.com\/pt\/wp-json\/wp\/v2\/product\/8708\/revisions"}],"predecessor-version":[{"id":8728,"href":"https:\/\/zojopackaging.com\/pt\/wp-json\/wp\/v2\/product\/8708\/revisions\/8728"}],"wp:featuredmedia":[{"embeddable":true,"href":"https:\/\/zojopackaging.com\/pt\/wp-json\/wp\/v2\/media\/8713"}],"wp:attachment":[{"href":"https:\/\/zojopackaging.com\/pt\/wp-json\/wp\/v2\/media?parent=8708"}],"wp:term":[{"taxonomy":"product_brand","embeddable":true,"href":"https:\/\/zojopackaging.com\/pt\/wp-json\/wp\/v2\/product_brand?post=8708"},{"taxonomy":"product_cat","embeddable":true,"href":"https:\/\/zojopackaging.com\/pt\/wp-json\/wp\/v2\/product_cat?post=8708"},{"taxonomy":"product_tag","embeddable":true,"href":"https:\/\/zojopackaging.com\/pt\/wp-json\/wp\/v2\/product_tag?post=8708"}],"curies":[{"name":"wp","href":"https:\/\/api.w.org\/{rel}","templated":true}]}}