{"id":8729,"date":"2025-03-31T10:39:02","date_gmt":"2025-03-31T02:39:02","guid":{"rendered":"https:\/\/zojopackaging.com\/?post_type=product&#038;p=8729"},"modified":"2025-03-31T10:56:55","modified_gmt":"2025-03-31T02:56:55","slug":"china-high-quality-irregular-shape-custom-perfume-gift-box","status":"publish","type":"product","link":"https:\/\/zojopackaging.com\/pt\/product\/china-high-quality-irregular-shape-custom-perfume-gift-box\/","title":{"rendered":"China Caixa para oferta de perfume personalizada de forma irregular de alta qualidade"},"content":{"rendered":"<h3 id=\"product-description-of-china-s-high-quality-irregular-shape-custom-perfume-gift-box\">Descri\u00e7\u00e3o do produto da caixa de presente personalizada para perfume de forma irregular de alta qualidade da China<\/h3>\n<h4 id=\"-1-multi-dimensional-innovative-design-integration-of-environmental-protection-concept-brand-narrative-and-user-experience-\"><strong>1. Design inovador multidimensional: integra\u00e7\u00e3o do conceito de prote\u00e7\u00e3o ambiental, narrativa da marca e experi\u00eancia do utilizador<\/strong><\/h4>\n<p>Esta caixa de presente para perfumes tem como n\u00facleo o design de prote\u00e7\u00e3o ambiental, utiliza materiais recicl\u00e1veis e renov\u00e1veis e cart\u00e3o cinzento certificado pelo FSC, combina tecnologia de rastreio da pegada de carbono e pratica o conceito de produ\u00e7\u00e3o ecol\u00f3gica. O design da embalagem integra a narrativa cultural da marca e conta hist\u00f3rias da marca, como a inspira\u00e7\u00e3o natural, a est\u00e9tica oriental ou a tecnologia de fabrico de perfumes topo de gama, atrav\u00e9s da tecnologia de grava\u00e7\u00e3o em relevo, estampagem a quente do LOGO e texto oculto. Em termos de experi\u00eancia do utilizador, a inovadora estrutura de abertura obl\u00edqua \u00e9 combinada com o design de abertura e fecho magn\u00e9tico, que d\u00e1 a sensa\u00e7\u00e3o de cerim\u00f3nia de desembalagem, etiqueta interactiva AR incorporada, c\u00f3digo de digitaliza\u00e7\u00e3o pode desbloquear a interpreta\u00e7\u00e3o da fragr\u00e2ncia e a experi\u00eancia imersiva da fragr\u00e2ncia.<\/p>\n<h4 id=\"-2-double-sided-color-printing-and-macaron-color-system-balance-of-visual-aesthetics-and-function-\"><strong>2. Impress\u00e3o a cores de dupla face e sistema de cores macaron: equil\u00edbrio entre est\u00e9tica visual e fun\u00e7\u00e3o<\/strong><\/h4>\n<p>A caixa de presente adopta tecnologia de impress\u00e3o offset de alta precis\u00e3o de dupla face, combinada com o sistema de cores macaron de baixa satura\u00e7\u00e3o (como verde menta, rosa claro, roxo claro), atrav\u00e9s de gradiente suave e design de cores de contraste geom\u00e9trico, reduz a fadiga visual e cria uma sensa\u00e7\u00e3o sonhadora e de alta qualidade. O processo de impress\u00e3o suporta a calibra\u00e7\u00e3o de cores diretas Pantone, com uma diferen\u00e7a de cor de \u22645%, garantindo uma apresenta\u00e7\u00e3o precisa dos log\u00f3tipos da marca e dos detalhes do padr\u00e3o. O design do forro incorpora uma textura mate da mesma cor, formando um eco visual com a caixa exterior, refor\u00e7ando a unidade est\u00e9tica geral.<\/p>\n<h4 id=\"-3-high-weight-material-and-structural-strength-1200gsm-gray-board-157gsm-coated-paper-\"><strong>3. Material de elevada gramagem e resist\u00eancia estrutural: cart\u00e3o cinzento 1200GSM + papel revestido 157GSM<\/strong><\/h4>\n<p>O corpo principal da caixa de presente \u00e9 feito de placa cinza de alta resist\u00eancia 1200GSM como o esqueleto, com uma resist\u00eancia \u00e0 compress\u00e3o de 50kg\/m\u00b2, garantindo nenhuma deforma\u00e7\u00e3o durante o transporte; a camada externa \u00e9 coberta com papel revestido 157GSM, com uma suavidade superficial de \u2265800s, suportando impress\u00e3o de sobreposi\u00e7\u00e3o de quatro cores e tecnologia de estampagem quente de n\u00edvel micron, apresentando perfeitamente o LOGOTIPO da marca e padr\u00f5es complexos. O material passou a certifica\u00e7\u00e3o SGS, n\u00e3o cont\u00e9m metais pesados e subst\u00e2ncias perigosas vol\u00e1teis e est\u00e1 em conformidade com as normas REACH da UE.<\/p>\n<h4 id=\"-4-functional-surface-treatment-three-proof-coating-technology-\"><strong>4. Tratamento de superf\u00edcie funcional: tecnologia de revestimento de tr\u00eas provas<\/strong><\/h4>\n<p>A superf\u00edcie da caixa de presente adota tecnologia de revestimento de n\u00edvel nano, que tem fun\u00e7\u00f5es \u00e0 prova d'\u00e1gua (n\u00edvel IPX4), \u00e0 prova de \u00f3leo (\u00e2ngulo de contato \u2265 110\u00b0), \u00e0 prova de umidade (sem deforma\u00e7\u00e3o sob umidade 90%), resistindo efetivamente \u00e0 penetra\u00e7\u00e3o l\u00edquida e \u00e0 eros\u00e3o da umidade no ambiente de transporte. O revestimento tamb\u00e9m mant\u00e9m o toque natural do papel, e os efeitos mate\/brilhante s\u00e3o opcionais, tendo em conta a prote\u00e7\u00e3o e a textura de alta qualidade.<\/p>\n<h4 id=\"-5-source-factory-advantages-free-samples-design-services-high-cost-performance-\"><strong>5. Vantagens da f\u00e1brica de origem: amostras gr\u00e1tis + servi\u00e7os de design + desempenho de alto custo<\/strong><\/h4>\n<p>Enquanto f\u00e1brica de origem de embalagens de perfumes locais na China, fornecemos servi\u00e7os de prova gratuitos (entrega no prazo de 3-5 dias \u00fateis), apoiamos o design exclusivo 1-to-1 e a solu\u00e7\u00e3o abrange a modela\u00e7\u00e3o 3D, a sele\u00e7\u00e3o de materiais e a recomenda\u00e7\u00e3o de combina\u00e7\u00e3o de processos. Com base na produ\u00e7\u00e3o em grande escala e nas capacidades de integra\u00e7\u00e3o da cadeia de fornecimento, o pre\u00e7o \u00e9 30%-50% inferior ao das f\u00e1bricas OEM tradicionais, com uma encomenda m\u00ednima de 1.000 pe\u00e7as e sem taxa de molde.<\/p>\n<h4 id=\"-6-intelligent-production-fully-automatic-line-mes-transparent-management-\"><strong>6. Produ\u00e7\u00e3o inteligente: linha totalmente autom\u00e1tica + gest\u00e3o transparente MES<\/strong><\/h4>\n<p>A f\u00e1brica est\u00e1 equipada com m\u00e1quinas de corte e vinco totalmente autom\u00e1ticas, linhas de impress\u00e3o UV e sistemas de paletiza\u00e7\u00e3o robotizados, com uma capacidade de produ\u00e7\u00e3o di\u00e1ria de 10 milh\u00f5es de pe\u00e7as, suportando uma entrega ultra-r\u00e1pida de 72 horas. Atrav\u00e9s do sistema MES para monitorizar o progresso da produ\u00e7\u00e3o em tempo real, os clientes podem visualizar o estado das ordens de trabalho, os relat\u00f3rios de inspe\u00e7\u00e3o de qualidade e o acompanhamento log\u00edstico online, com uma precis\u00e3o de entrega de \u226599%, eliminando a opera\u00e7\u00e3o de \"caixa negra\" das f\u00e1bricas tradicionais.<\/p>\n<h4 id=\"-7-customized-eva-lining-precision-adaptation-and-shock-absorption-protection-\"><strong>7. Forro em EVA personalizado: adapta\u00e7\u00e3o de precis\u00e3o e prote\u00e7\u00e3o contra choques<\/strong><\/h4>\n<p>Com base nos dados de digitaliza\u00e7\u00e3o 3D dos produtos do cliente, forro de EVA de alta densidade personalizado (densidade 45\u00b15kg\/m\u00b3), precis\u00e3o de ranhura \u00b10,2mm, adequado para frascos de perfume de formato especial, acess\u00f3rios de bocal, etc. O revestimento adopta uma estrutura dividida, a taxa de utiliza\u00e7\u00e3o do espa\u00e7o \u00e9 aumentada em 40%, e com tratamento anti-est\u00e1tico, a resist\u00eancia ao impacto do transporte atinge a norma ISTA 3A.<\/p>\n<h4 id=\"-8-all-round-customization-options-breaking-the-boundaries-of-design-\"><strong>8. Op\u00e7\u00f5es de personaliza\u00e7\u00e3o a toda a prova: Ultrapassar os limites do design<\/strong><\/h4>\n<p>Suporta as seguintes dimens\u00f5es de personaliza\u00e7\u00e3o:<\/p>\n<ul>\n<li><strong>Tipo de caixa<\/strong>23 estruturas irregulares, como a caixa de suspens\u00e3o hexagonal, a caixa magn\u00e9tica em forma de livro, a caixa de degraus em pir\u00e2mide, etc;<\/li>\n<li><strong>Material<\/strong>: Mais de 50 pap\u00e9is especiais, tais como papel de veludo t\u00e1til, papel em forma de estrela, cart\u00e3o composto escovado com metal, etc;<\/li>\n<li><strong>Artesanato<\/strong>Impress\u00e3o com tinta perfumada: UV local, estampagem a frio, esvaziamento a laser, impress\u00e3o com tinta perfumada;<\/li>\n<li><strong>Fun\u00e7\u00e3o<\/strong>: chip NFC integrado, tinta que muda de cor sens\u00edvel \u00e0 temperatura e outros m\u00f3dulos interactivos inteligentes.<\/li>\n<\/ul>\n<h3 id=\"-cooperation-value-and-commitment-\"><strong>Valor e empenhamento da coopera\u00e7\u00e3o<\/strong><\/h3>\n<p>Com o conceito central de \"prote\u00e7\u00e3o ambiental \u00d7 intelig\u00eancia \u00d7 arte\", fornecemos solu\u00e7\u00f5es de embalagem completas, desde a conce\u00e7\u00e3o at\u00e9 \u00e0 entrega, para marcas de perfumes topo de gama a n\u00edvel mundial. Atrav\u00e9s do fornecimento direto da fonte, da produ\u00e7\u00e3o flex\u00edvel e da gest\u00e3o transparente, ajudamos as marcas a reduzir 30% do custo global, melhorando simultaneamente a experi\u00eancia do utilizador final e a competitividade do mercado.\u00a0<strong>Pe\u00e7a j\u00e1 uma amostra gr\u00e1tis e comece a sua viagem est\u00e9tica de fragr\u00e2ncias exclusivas.<\/strong><\/p>","protected":false},"excerpt":{"rendered":"<p>1. A caixa de embalagem de perfume de forma irregular \u00e9 inovadora em v\u00e1rias dimens\u00f5es, incluindo o design ambiental, a narrativa da marca e a otimiza\u00e7\u00e3o da experi\u00eancia do utilizador.<br \/>\n2. Impress\u00e3o a cores de dupla face, com cores de macaron para reduzir a fadiga visual, satisfaz a fantasia das embalagens de perfume topo de gama.<br \/>\n3. Fabricado em cart\u00e3o cinzento de 1200 GSM e papel de arte revestido de 157 GSM, adequado para a impress\u00e3o do log\u00f3tipo da marca<\/p>","protected":false},"featured_media":8730,"template":"","meta":[],"product_brand":[],"product_cat":[30,417,428,31],"product_tag":[961,245,962],"class_list":{"0":"post-8729","1":"product","2":"type-product","3":"status-publish","4":"has-post-thumbnail","6":"product_cat-by-industry","7":"product_cat-custom-perfume-boxes-by-industry","8":"product_cat-irregular-shaped-gift-boxes","9":"product_cat-paper-box-style","10":"product_tag-china-perfume-box","11":"product_tag-custom-perfume-gift-box","12":"product_tag-irregular-shape-perfume-box","14":"first","15":"instock","16":"shipping-taxable","17":"product-type-simple"},"_links":{"self":[{"href":"https:\/\/zojopackaging.com\/pt\/wp-json\/wp\/v2\/product\/8729","targetHints":{"allow":["GET"]}}],"collection":[{"href":"https:\/\/zojopackaging.com\/pt\/wp-json\/wp\/v2\/product"}],"about":[{"href":"https:\/\/zojopackaging.com\/pt\/wp-json\/wp\/v2\/types\/product"}],"version-history":[{"count":1,"href":"https:\/\/zojopackaging.com\/pt\/wp-json\/wp\/v2\/product\/8729\/revisions"}],"predecessor-version":[{"id":8736,"href":"https:\/\/zojopackaging.com\/pt\/wp-json\/wp\/v2\/product\/8729\/revisions\/8736"}],"wp:featuredmedia":[{"embeddable":true,"href":"https:\/\/zojopackaging.com\/pt\/wp-json\/wp\/v2\/media\/8730"}],"wp:attachment":[{"href":"https:\/\/zojopackaging.com\/pt\/wp-json\/wp\/v2\/media?parent=8729"}],"wp:term":[{"taxonomy":"product_brand","embeddable":true,"href":"https:\/\/zojopackaging.com\/pt\/wp-json\/wp\/v2\/product_brand?post=8729"},{"taxonomy":"product_cat","embeddable":true,"href":"https:\/\/zojopackaging.com\/pt\/wp-json\/wp\/v2\/product_cat?post=8729"},{"taxonomy":"product_tag","embeddable":true,"href":"https:\/\/zojopackaging.com\/pt\/wp-json\/wp\/v2\/product_tag?post=8729"}],"curies":[{"name":"wp","href":"https:\/\/api.w.org\/{rel}","templated":true}]}}