{"id":8737,"date":"2025-03-31T10:57:16","date_gmt":"2025-03-31T02:57:16","guid":{"rendered":"https:\/\/zojopackaging.com\/?post_type=product&#038;p=8737"},"modified":"2025-03-31T11:23:20","modified_gmt":"2025-03-31T03:23:20","slug":"custom-apparel-clothes-dress-collapsible-gift-box-wholesale","status":"publish","type":"product","link":"https:\/\/zojopackaging.com\/pt\/product\/custom-apparel-clothes-dress-collapsible-gift-box-wholesale\/","title":{"rendered":"Caixa de oferta dobr\u00e1vel para vestu\u00e1rio personalizado por atacado"},"content":{"rendered":"<h2 id=\"custom-clothing-dress-foldable-magnetic-gift-box-wholesale-product-description\">Caixa de oferta dobr\u00e1vel para vestu\u00e1rio personalizado por atacado<\/h2>\n<h3 id=\"-product-core-highlights-\"><strong>Destaques do n\u00facleo do produto<\/strong><\/h3>\n<ol>\n<li><strong>Fecho magn\u00e9tico e dobr\u00e1vel Design<\/strong> Adoptando uma estrutura incorporada de \u00edmanes ocultos, a abertura e o fecho magn\u00e9ticos s\u00e3o suaves e evitam o problema de desgaste causado pelo \u00edman exposto. Depois de dobr\u00e1vel, o volume pode ser comprimido at\u00e9 1\/3 do estado desdobrado, reduzindo significativamente os custos de transporte e armazenamento. Com a tecnologia de otimiza\u00e7\u00e3o do circuito magn\u00e9tico de precis\u00e3o, a for\u00e7a de adsor\u00e7\u00e3o \u00e9 est\u00e1vel (3-5N), assegurando a estabilidade do fecho, a opera\u00e7\u00e3o conveniente com uma m\u00e3o e dando uma sensa\u00e7\u00e3o de cerim\u00f3nia de desembalagem.<\/li>\n<li><strong>Impress\u00e3o a cores frente e verso com tema cor-de-rosa<\/strong>\u00a0Utilizando papel revestido C2S de 157 g como suporte, tecnologia de impress\u00e3o a cores de alta precis\u00e3o de dupla face, a cor principal \u00e9 o rosa suave (personaliza\u00e7\u00e3o do cart\u00e3o de cor Pantone), combinada com princ\u00edpios psicol\u00f3gicos para estimular associa\u00e7\u00f5es emocionais rom\u00e2nticas e doces. A camada interior foi concebida com padr\u00f5es femininos, como flores e rendas, para aumentar a fantasia dos consumidores e o desejo de comprar produtos de vestu\u00e1rio.<\/li>\n<li><strong>Acess\u00f3rios para fitas e identifica\u00e7\u00e3o da marca<\/strong>\u00a0As fitas personalizadas (materiais opcionais de cetim\/chiffon) s\u00e3o de s\u00e9rie, com la\u00e7os contrastantes ou tecnologia de estampagem a quente do LOGO para melhorar a beleza e o n\u00edvel visual da desembalagem. Apoiar a personaliza\u00e7\u00e3o de fitas com o log\u00f3tipo da marca e refor\u00e7ar os pontos de mem\u00f3ria da marca atrav\u00e9s da diferencia\u00e7\u00e3o de cores e artesanato.<\/li>\n<li><strong>Tecnologia de estampagem a quente em folha de ouro de luxo leve<\/strong> A tecnologia de estampagem a quente parcial a ouro \u00e9 utilizada para apresentar efeitos de contraste mate e brilhante em pormenores como a superf\u00edcie da caixa, o log\u00f3tipo e a moldura, e \u00e9 impressa com tintas ecol\u00f3gicas, tendo em conta a textura luxuosa e os conceitos sustent\u00e1veis.<\/li>\n<\/ol>\n<h4 id=\"-environmentally-friendly-materials-and-structural-innovation-\"><strong>Materiais amigos do ambiente e inova\u00e7\u00e3o estrutural<\/strong><\/h4>\n<ul>\n<li><strong>Combina\u00e7\u00e3o de materiais<\/strong>: 157g de papel revestido branco C2S de alta qualidade (certificado FSC) na camada exterior + 1200g de cart\u00e3o cinzento duro na camada interior, com uma resist\u00eancia \u00e0 compress\u00e3o de 200kg\/\u33a1 e uma taxa de reciclagem superior a 90%.<\/li>\n<li><strong>Estrutura dobr\u00e1vel<\/strong>: Estrutura tridimensional de imita\u00e7\u00e3o de favo de mel + design de \u00e2ngulo de posicionamento c\u00f3nico de 60\u00b0, alcan\u00e7ando uma precis\u00e3o de posicionamento repetido de n\u00edvel 0,1 mm, adequado para necessidades de embalagens de vestu\u00e1rio com formas especiais.<\/li>\n<\/ul>\n<h4 id=\"-highly-customized-service-\"><strong>Servi\u00e7o altamente personalizado<\/strong><\/h4>\n<ol>\n<li><strong>Tipo e tamanho da caixa<\/strong>: Fornecer mais de 10 tipos de caixas, como tampa superior e inferior, tipo de gaveta, tipo de livro flip, etc., com uma gama de tamanhos de 50\u00d730\u00d75cm a 80\u00d750\u00d715cm, suportar personaliza\u00e7\u00e3o de tamanho n\u00e3o padr\u00e3o, e o erro \u00e9 controlado dentro de \u00b10,5mm.<\/li>\n<li><strong>Adapta\u00e7\u00e3o do revestimento interior<\/strong>: O revestimento de EVA\/esponja \u00e9 personalizado de acordo com o contorno do produto, com uma densidade de 30-80 kg\/m\u00b3, amortecimento preciso e \u00e0 prova de choque, e a utiliza\u00e7\u00e3o do espa\u00e7o \u00e9 aumentada em 40%.<\/li>\n<li><strong>Tecnologia de superf\u00edcie<\/strong>: Mais de 20 efeitos, como verniz local UV, grava\u00e7\u00e3o em relevo, laser, etc., s\u00e3o opcionais, suportando o n\u00famero de cor Pantone de cor especial, impress\u00e3o de gradiente e tecnologia de grava\u00e7\u00e3o em relevo 3D.<\/li>\n<\/ol>\n<h4 id=\"-application-scenarios-and-benefits-\"><strong>Cen\u00e1rios de aplica\u00e7\u00e3o e benef\u00edcios<\/strong><\/h4>\n<ul>\n<li><strong>Pr\u00e9mio de marca<\/strong>: Melhorar o valor acrescentado do produto atrav\u00e9s de uma embalagem de alta qualidade. Os inqu\u00e9ritos aos clientes mostram que a embalagem em caixa de oferta pode aumentar o pre\u00e7o dos vestidos em 15%-20%.<\/li>\n<li><strong>Otimiza\u00e7\u00e3o log\u00edstica<\/strong>: Ap\u00f3s a dobragem, os custos de transporte s\u00e3o reduzidos pelo 30%, que \u00e9 adequado para as necessidades de contentoriza\u00e7\u00e3o de pequenas pe\u00e7as do com\u00e9rcio eletr\u00f3nico transfronteiri\u00e7o.<\/li>\n<li><strong>Certifica\u00e7\u00e3o ambiental<\/strong>: Cumprir as normas REACH da UE e FDA dos EUA e obter a certifica\u00e7\u00e3o de biodegradabilidade SGS.<\/li>\n<\/ul>\n<h4 id=\"-ordering-process-\"><strong>Processo de encomenda<\/strong><\/h4>\n<ol>\n<li>Fornecer requisitos de tamanho\/design do vestu\u00e1rio \u2192 2. Modela\u00e7\u00e3o 3D para confirmar a estrutura da caixa \u2192 3. Cota\u00e7\u00e3o de solu\u00e7\u00e3o de material \/ processo \u2192 4. Fabrico de amostras (5-7 dias \u00fateis) \u2192 5. Produ\u00e7\u00e3o em massa (MOQ 500 pe\u00e7as, prazo de entrega 10-15 dias).<\/li>\n<\/ol>\n<p><strong>Caso de coopera\u00e7\u00e3o<\/strong>: Tem servido marcas como a SHEIN e a UR, com uma capacidade de produ\u00e7\u00e3o m\u00e9dia mensal de 300.000 pe\u00e7as e uma taxa de personaliza\u00e7\u00e3o de 85%.<\/p>\n<p><strong>Personalizar agora<\/strong>: Proporcionar o calor da marca atrav\u00e9s de embalagens exclusivas, tornando cada vestido um presente de sonho para as raparigas.<\/p>","protected":false},"excerpt":{"rendered":"<p>1. Caixa com fecho magn\u00e9tico, design com \u00edman incorporado para evitar o desgaste externo, design dobr\u00e1vel para reduzir a utiliza\u00e7\u00e3o do espa\u00e7o durante o transporte<br \/>\n2. A impress\u00e3o cor-de-rosa pode inspirar associa\u00e7\u00f5es emocionais rom\u00e2nticas e doces, real\u00e7ar a fantasia das raparigas em rela\u00e7\u00e3o ao vestu\u00e1rio, roupas e vestidos<br \/>\n3. Impress\u00e3o a cores de dupla face para melhorar o efeito de correspond\u00eancia de cores e satisfazer as necessidades das raparigas<\/p>","protected":false},"featured_media":8738,"template":"","meta":[],"product_brand":[],"product_cat":[30,427,414,31],"product_tag":[964,963,965],"class_list":{"0":"post-8737","1":"product","2":"type-product","3":"status-publish","4":"has-post-thumbnail","6":"product_cat-by-industry","7":"product_cat-collapsible-gift-boxes","8":"product_cat-custom-apparel-boxes","9":"product_cat-paper-box-style","10":"product_tag-clothes-box-wholesale","11":"product_tag-custom-apparel-gift-box","12":"product_tag-dress-collapsible-gift-box","14":"first","15":"instock","16":"shipping-taxable","17":"product-type-simple"},"_links":{"self":[{"href":"https:\/\/zojopackaging.com\/pt\/wp-json\/wp\/v2\/product\/8737","targetHints":{"allow":["GET"]}}],"collection":[{"href":"https:\/\/zojopackaging.com\/pt\/wp-json\/wp\/v2\/product"}],"about":[{"href":"https:\/\/zojopackaging.com\/pt\/wp-json\/wp\/v2\/types\/product"}],"version-history":[{"count":1,"href":"https:\/\/zojopackaging.com\/pt\/wp-json\/wp\/v2\/product\/8737\/revisions"}],"predecessor-version":[{"id":8743,"href":"https:\/\/zojopackaging.com\/pt\/wp-json\/wp\/v2\/product\/8737\/revisions\/8743"}],"wp:featuredmedia":[{"embeddable":true,"href":"https:\/\/zojopackaging.com\/pt\/wp-json\/wp\/v2\/media\/8738"}],"wp:attachment":[{"href":"https:\/\/zojopackaging.com\/pt\/wp-json\/wp\/v2\/media?parent=8737"}],"wp:term":[{"taxonomy":"product_brand","embeddable":true,"href":"https:\/\/zojopackaging.com\/pt\/wp-json\/wp\/v2\/product_brand?post=8737"},{"taxonomy":"product_cat","embeddable":true,"href":"https:\/\/zojopackaging.com\/pt\/wp-json\/wp\/v2\/product_cat?post=8737"},{"taxonomy":"product_tag","embeddable":true,"href":"https:\/\/zojopackaging.com\/pt\/wp-json\/wp\/v2\/product_tag?post=8737"}],"curies":[{"name":"wp","href":"https:\/\/api.w.org\/{rel}","templated":true}]}}