{"id":8744,"date":"2025-03-31T11:23:34","date_gmt":"2025-03-31T03:23:34","guid":{"rendered":"https:\/\/zojopackaging.com\/?post_type=product&#038;p=8744"},"modified":"2025-03-31T11:35:36","modified_gmt":"2025-03-31T03:35:36","slug":"high-quality-smart-mobile-phone-packaging-boxes-wholesale","status":"publish","type":"product","link":"https:\/\/zojopackaging.com\/pt\/product\/high-quality-smart-mobile-phone-packaging-boxes-wholesale\/","title":{"rendered":"Caixas de embalagem de alta qualidade para telem\u00f3veis inteligentes por atacado"},"content":{"rendered":"<h2 id=\"high-quality-smartphone-packaging-box-wholesale-product-description\">Caixas de embalagem de alta qualidade para telem\u00f3veis inteligentes por atacado<\/h2>\n<h3 id=\"1-top-and-bottom-cover-box-design-both-safety-and-brand-display-\">1.\u00a0<strong>Design de caixa com tampa superior e inferior, para seguran\u00e7a e exposi\u00e7\u00e3o da marca<\/strong><\/h3>\n<p>Adoptando uma estrutura integrada de tampas superior e inferior, o fecho sem costuras \u00e9 conseguido atrav\u00e9s da tecnologia de abertura de moldes de precis\u00e3o, evitando eficazmente danos nos artigos causados por extrus\u00e3o e colis\u00e3o durante o transporte. A superf\u00edcie da caixa pode ser impressa com o log\u00f3tipo da marca em alta defini\u00e7\u00e3o, informa\u00e7\u00f5es sobre o produto ou tecnologia de estampagem a quente a laser, com um efeito de relevo tridimensional, que aumenta significativamente o reconhecimento da marca e a textura de alta qualidade, atraindo a aten\u00e7\u00e3o do consumidor.<\/p>\n<h3 id=\"2-environmentally-friendly-and-sustainable-materials-taking-into-account-strength-and-environmental-responsibility-\">2.\u00a0<strong>Materiais sustent\u00e1veis e amigos do ambiente, tendo em conta a resist\u00eancia e a responsabilidade ambiental<\/strong><\/h3>\n<p>O material do n\u00facleo \u00e9\u00a0<strong>Papel revestido C2S de 157 g + cart\u00e3o duro de 1200 g<\/strong>. O papel revestido exterior proporciona uma base de impress\u00e3o delicada e o cart\u00e3o duro interior tem uma resist\u00eancia \u00e0 compress\u00e3o superior a 3 vezes a norma da ind\u00fastria. Passou a certifica\u00e7\u00e3o florestal FSC e os testes ambientais da UE (RoHS), e \u00e9 100% recicl\u00e1vel e degrad\u00e1vel. A superf\u00edcie \u00e9 coberta com um revestimento mate\/brilhante ecol\u00f3gico \u00e0 base de \u00e1gua para evitar a polui\u00e7\u00e3o da tinta tradicional, o que est\u00e1 em conformidade com a tend\u00eancia global das embalagens ecol\u00f3gicas.<\/p>\n<h3 id=\"3-highly-customized-service-all-round-adaptation-needs-\">3.\u00a0<strong>Servi\u00e7o altamente personalizado, necessidades de adapta\u00e7\u00e3o a todos os n\u00edveis<\/strong><\/h3>\n<ul>\n<li><strong>Tipo de caixa flex\u00edvel<\/strong>Caixa de cart\u00e3o: suporta mais de 20 tipos de caixas, tais como tampa superior e inferior, tipo gaveta, caixa em forma de livro, etc., compat\u00edvel com estruturas dobr\u00e1veis de formato especial (tais como vitrina, tampa magn\u00e9tica);<\/li>\n<li><strong>Tamanho exato<\/strong>: abrange toda a gama de tamanhos de telem\u00f3veis de 4,7 polegadas a 7,2 polegadas, com um controlo de toler\u00e2ncia de \u00b10,5 mm;<\/li>\n<li><strong>Processos diversos<\/strong>: estampagem a quente\/prata opcional, verniz local UV, grava\u00e7\u00e3o em relevo, laser e outros tratamentos de superf\u00edcie, suporte para impress\u00e3o a cores especiais Pantone, diferen\u00e7a de cor \u0394E\u22641,5;<\/li>\n<li><strong>Atualiza\u00e7\u00e3o do material<\/strong>O papel\u00e3o de polpa de cana-de-a\u00e7\u00facar e os materiais comp\u00f3sitos de fibra de bambu podem ser substitu\u00eddos por materiais especiais amigos do ambiente.<\/li>\n<\/ul>\n<h3 id=\"4-intelligent-lining-system-precise-product-protection-\">4.\u00a0<strong>Sistema de revestimento inteligente, prote\u00e7\u00e3o precisa do produto<\/strong><\/h3>\n<p>Adotar esponja EVA ou revestimento moldado em polpa alveolar, personalizar a posi\u00e7\u00e3o do compartimento de acordo com o tamanho tridimensional do telem\u00f3vel (comprimento \u00d7 largura \u00d7 espessura), realizar\u00a0<strong>fixa\u00e7\u00e3o de fenda zero<\/strong>e o desempenho antiss\u00edsmico \u00e9 certificado pela ISTA 3A. Suporta um design em camadas, compat\u00edvel com o armazenamento integrado de acess\u00f3rios (como carregadores, auriculares) e aumenta a utiliza\u00e7\u00e3o do espa\u00e7o em 40%.<\/p>\n<h3 id=\"5-triple-protective-coating-technology-to-resist-environmental-erosion-\">5.\u00a0<strong>Tecnologia de revestimento de prote\u00e7\u00e3o tripla para resistir \u00e0 eros\u00e3o ambiental<\/strong><\/h3>\n<p>A superf\u00edcie \u00e9 coberta com uma pel\u00edcula \u00e0 prova de \u00e1gua e de \u00f3leo de n\u00edvel nano (revestimento PVDC), atingindo um n\u00edvel de impermeabilidade IPX4, sem deforma\u00e7\u00e3o durante 48 horas num ambiente com 90% de humidade, e a permeabilidade ao \u00f3leo \u00e9 inferior a 0,1%. A camada interior adiciona peneiras moleculares \u00e0 prova de humidade para absorver a humidade na embalagem e garantir a estabilidade dos produtos electr\u00f3nicos em ambientes de temperatura e humidade extremas.<\/p>\n<h3 id=\"6-fully-automatic-intelligent-manufacturing-system-dual-guarantee-of-production-capacity-and-delivery-\">6.\u00a0<strong>Sistema de fabrico inteligente totalmente autom\u00e1tico, dupla garantia de capacidade de produ\u00e7\u00e3o e de entrega<\/strong><\/h3>\n<p>Confiar em\u00a0<strong>36 linhas de montagem totalmente autom\u00e1ticas<\/strong>Com o sistema integrado de inspe\u00e7\u00e3o de qualidade visual AI e sistema de log\u00edstica AGV, a capacidade de produ\u00e7\u00e3o di\u00e1ria excede 10 milh\u00f5es de pe\u00e7as e o ciclo de resposta ao pedido \u00e9 reduzido para 48 horas. Suporta o modo de entrega JIT (Just-in-Time), taxa de erro de pedido de lote &lt;0,3% e obteve a certifica\u00e7\u00e3o do sistema de gest\u00e3o de qualidade ISO 9001.<\/p>\n<h3 id=\"7-source-factory-advantage-zero-cost-empowerment-brand-\">7.\u00a0<strong>Vantagem da f\u00e1brica de origem, marca de capacita\u00e7\u00e3o de custo zero<\/strong><\/h3>\n<p>Como o\u00a0<strong>caixa de embalagem para telem\u00f3vel ODM\/OEM f\u00e1brica de origem<\/strong>\u00a0na principal \u00e1rea de produ\u00e7\u00e3o do Delta do Rio das P\u00e9rolas na China, n\u00f3s fornecemos:<\/p>\n<ul>\n<li><strong>prova gratuita<\/strong>: as amostras f\u00edsicas ser\u00e3o enviadas no prazo de 3 dias \u00fateis;<\/li>\n<li><strong>desenho livre<\/strong>: a equipa profissional fornece 3 conjuntos de solu\u00e7\u00f5es de design (incluindo renderiza\u00e7\u00f5es em 3D);<\/li>\n<li><strong>vantagem de pre\u00e7o<\/strong>A aquisi\u00e7\u00e3o em grande escala reduz os custos em 30%, e o pre\u00e7o de encomenda inicial de 100 000 unidades \u00e9 t\u00e3o baixo quanto 0,48 yuan\/unidade.<\/li>\n<\/ul>\n<h3 id=\"technical-parameters\">Par\u00e2metros t\u00e9cnicos<\/h3>\n<table>\n<thead>\n<tr>\n<th>Projeto<\/th>\n<th>Par\u00e2metro<\/th>\n<th>Norma de certifica\u00e7\u00e3o<\/th>\n<\/tr>\n<\/thead>\n<tbody>\n<tr>\n<td>Resist\u00eancia \u00e0 compress\u00e3o<\/td>\n<td>\u22658000N\/\u33a1<\/td>\n<td>GB\/T 6544-2008<\/td>\n<\/tr>\n<tr>\n<td>Teste de queda<\/td>\n<td>10 vezes a 1,2 m de altura sem danos<\/td>\n<td>ISTA 3A<\/td>\n<\/tr>\n<tr>\n<td>Teor de humidade<\/td>\n<td>\u22649%<\/td>\n<td>ISO 535:2014<\/td>\n<\/tr>\n<tr>\n<td>Ciclo de entrega<\/td>\n<td>5-15 dias (consoante o volume da encomenda)<\/td>\n<td>-<\/td>\n<\/tr>\n<\/tbody>\n<\/table>\n<p>Para mais solu\u00e7\u00f5es personalizadas ou amostras, contacte a nossa equipa de design. Fornecer-lhe-emos uma solu\u00e7\u00e3o de embalagem de liga\u00e7\u00e3o total com um\u00a0<strong>Mecanismo de rea\u00e7\u00e3o 24 horas por dia<\/strong>.<\/p>","protected":false},"excerpt":{"rendered":"<p>1. O tipo de caixa com tampa superior e inferior adopta a estrutura de tampa superior e inferior, que pode efetivamente impedir que os artigos na embalagem sejam danificados, e a marca pode ser claramente marcada para que os consumidores prestem aten\u00e7\u00e3o<br \/>\n2. 157 g de papel de arte revestido C2S + 1200 g de cart\u00e3o r\u00edgido embalagem sustent\u00e1vel e amiga do ambiente<br \/>\n3. O tipo de caixa, tamanho, cor, material e efeito de impress\u00e3o de superf\u00edcie podem ser altamente personalizados para se adequarem \u00e0 embalagem do seu smartphone<\/p>","protected":false},"featured_media":8749,"template":"","meta":[],"product_brand":[],"product_cat":[30,413,425,31],"product_tag":[966,968,967],"class_list":{"0":"post-8744","1":"product","2":"type-product","3":"status-publish","4":"has-post-thumbnail","6":"product_cat-by-industry","7":"product_cat-consumer-electronics-boxes","8":"product_cat-lid-and-base-gift-box","9":"product_cat-paper-box-style","10":"product_tag-high-quality-phone-packaging","11":"product_tag-phone-boxes-wholesale","12":"product_tag-smart-mobile-phone-packaging","14":"first","15":"instock","16":"shipping-taxable","17":"product-type-simple"},"_links":{"self":[{"href":"https:\/\/zojopackaging.com\/pt\/wp-json\/wp\/v2\/product\/8744","targetHints":{"allow":["GET"]}}],"collection":[{"href":"https:\/\/zojopackaging.com\/pt\/wp-json\/wp\/v2\/product"}],"about":[{"href":"https:\/\/zojopackaging.com\/pt\/wp-json\/wp\/v2\/types\/product"}],"version-history":[{"count":1,"href":"https:\/\/zojopackaging.com\/pt\/wp-json\/wp\/v2\/product\/8744\/revisions"}],"predecessor-version":[{"id":8750,"href":"https:\/\/zojopackaging.com\/pt\/wp-json\/wp\/v2\/product\/8744\/revisions\/8750"}],"wp:featuredmedia":[{"embeddable":true,"href":"https:\/\/zojopackaging.com\/pt\/wp-json\/wp\/v2\/media\/8749"}],"wp:attachment":[{"href":"https:\/\/zojopackaging.com\/pt\/wp-json\/wp\/v2\/media?parent=8744"}],"wp:term":[{"taxonomy":"product_brand","embeddable":true,"href":"https:\/\/zojopackaging.com\/pt\/wp-json\/wp\/v2\/product_brand?post=8744"},{"taxonomy":"product_cat","embeddable":true,"href":"https:\/\/zojopackaging.com\/pt\/wp-json\/wp\/v2\/product_cat?post=8744"},{"taxonomy":"product_tag","embeddable":true,"href":"https:\/\/zojopackaging.com\/pt\/wp-json\/wp\/v2\/product_tag?post=8744"}],"curies":[{"name":"wp","href":"https:\/\/api.w.org\/{rel}","templated":true}]}}