{"id":8751,"date":"2025-03-31T11:36:10","date_gmt":"2025-03-31T03:36:10","guid":{"rendered":"https:\/\/zojopackaging.com\/?post_type=product&#038;p=8751"},"modified":"2025-03-31T11:52:11","modified_gmt":"2025-03-31T03:52:11","slug":"custom-dental-teeth-aligner-packaging-rigid-gift-boxes","status":"publish","type":"product","link":"https:\/\/zojopackaging.com\/pt\/product\/custom-dental-teeth-aligner-packaging-rigid-gift-boxes\/","title":{"rendered":"Caixas de oferta r\u00edgidas para embalagem de alinhadores dent\u00e1rios personalizados"},"content":{"rendered":"<h2 id=\"customized-dental-braces-packaging-hard-gift-box-product-description\">Caixas de oferta r\u00edgidas para embalagem de alinhadores dent\u00e1rios personalizados<\/h2>\n<h3 id=\"-1-pull-out-box-design-convenient-opening-and-closing-experience-\"><strong>1. Design de caixa de papel de gaveta, experi\u00eancia de abertura e fecho conveniente<\/strong><\/h3>\n<p>Adotar\u00a0<strong>estrutura de corredi\u00e7a de tipo gaveta sobrepon\u00edvel<\/strong>O corpo da caixa desliza e abre suavemente, e o tempo de opera\u00e7\u00e3o \u00e9 reduzido em mais de 50%. A caixa interior e a caixa exterior est\u00e3o ligadas por uma calha com ranhuras de precis\u00e3o para garantir que o processo de tra\u00e7\u00e3o \u00e9 est\u00e1vel e sem encravamentos, o que \u00e9 adequado para a utiliza\u00e7\u00e3o frequente de aparelhos. Em combina\u00e7\u00e3o com o design ergon\u00f3mico da pega com ranhura semicircular, pode ser facilmente aberta com uma m\u00e3o para melhorar a experi\u00eancia do utilizador.<\/p>\n<h3 id=\"-2-ribbon-accessories-and-brand-aesthetics-integration-\"><strong>2. Acess\u00f3rios para fitas e integra\u00e7\u00e3o est\u00e9tica da marca<\/strong><\/h3>\n<p>A parte superior da caixa de presente \u00e9 combinada com\u00a0<strong>decora\u00e7\u00e3o com fitas personalizadas<\/strong>que pode ser selecionada a partir de materiais com textura acetinada ou em relevo, e suporta o bordado do log\u00f3tipo da marca. A cor da fita corresponde ao processo de estampagem a quente, como o ouro champanhe, o vermelho escuro, etc., para real\u00e7ar as camadas visuais. Combinado com o\u00a0<strong>corpo da caixa totalmente preto<\/strong>A fita torna-se o toque final, refor\u00e7ando o reconhecimento da marca ao mesmo tempo que transmite atributos de oferta de alta qualidade.<\/p>\n<h3 id=\"-3-all-black-box-design-interpreting-modern-luxury-\"><strong>3. Design de caixa totalmente em preto, interpretando o luxo moderno<\/strong><\/h3>\n<p>O corpo da caixa adopta\u00a0<strong>substrato preto puro mate<\/strong>e apresenta uma textura delicada atrav\u00e9s de um processo de revestimento especial para evitar res\u00edduos de impress\u00f5es digitais. A cor preta simboliza profissionalismo e confian\u00e7a, o que \u00e9 altamente consistente com a tonalidade da ind\u00fastria m\u00e9dica dent\u00e1ria. O rebordo da tampa da caixa \u00e9 revestido com uma guarni\u00e7\u00e3o dourada de 3 mm, real\u00e7ando o sentido de tecnologia e a est\u00e9tica moderna de uma forma discreta.<\/p>\n<h3 id=\"-4-hot-stamping-process-enhances-visual-texture-\"><strong>4. O processo de estampagem a quente melhora a textura visual<\/strong><\/h3>\n<p>Utilizar\u00a0<strong>tecnologia de estampagem a quente de alta precis\u00e3o<\/strong>O log\u00f3tipo da marca, o padr\u00e3o geom\u00e9trico dos dentes ou o texto personalizado s\u00e3o apresentados na superf\u00edcie da caixa. Suporta m\u00faltiplos efeitos, como ouro mate, ouro brilhante e folha colorida, com uma precis\u00e3o de linha de 0,1 mm. A camada de estampagem a quente \u00e9 resistente a riscos para garantir que n\u00e3o se desvanece ap\u00f3s uma utiliza\u00e7\u00e3o prolongada, conferindo \u00e0 embalagem um valor de cole\u00e7\u00e3o.<\/p>\n<h3 id=\"-5-environmentally-friendly-materials-and-sustainable-structures-\"><strong>5. Materiais amigos do ambiente e estruturas sustent\u00e1veis<\/strong><\/h3>\n<p>O corpo principal adopta\u00a0<strong>Papel de arte revestido C2S de 157 g + cart\u00e3o duro de 1200 g<\/strong>\u00a0com uma resist\u00eancia \u00e0 compress\u00e3o de mais de 50 kg, que cumpre a certifica\u00e7\u00e3o ambiental FSC. O revestimento utiliza algod\u00e3o EVA degrad\u00e1vel para substituir os enchimentos de pl\u00e1stico tradicionais, e a taxa global de reciclagem de material de embalagem atinge 95%. A estrutura da caixa n\u00e3o tem cola e pode ser desmontada sem polui\u00e7\u00e3o atrav\u00e9s da montagem de encaixe.<\/p>\n<h3 id=\"-6-precise-lining-customization-to-optimize-space-utilization-\"><strong>6. Personaliza\u00e7\u00e3o precisa do revestimento para otimizar a utiliza\u00e7\u00e3o do espa\u00e7o<\/strong><\/h3>\n<p>Fornecer\u00a0<strong>solu\u00e7\u00f5es modulares de revestimento<\/strong>:<\/p>\n<ul>\n<li><strong>Conce\u00e7\u00e3o da grelha<\/strong>: A zona dos instrumentos, a ranhura para o palito de mascar e a camada interm\u00e9dia da folha de instru\u00e7\u00f5es est\u00e3o divididas por divis\u00f3rias m\u00f3veis.<\/li>\n<li><strong>Suporte interior de ajuste 3D<\/strong>: Grava\u00e7\u00e3o a laser de ranhuras de amortecimento de acordo com o tamanho do corretor, com uma toler\u00e2ncia de \u00b10,5 mm.<\/li>\n<li><strong>Camada de fixa\u00e7\u00e3o magn\u00e9tica<\/strong>: \u00cdmanes fortes incorporados fixam a caixa do corretor para evitar a sua desloca\u00e7\u00e3o durante o transporte.<\/li>\n<\/ul>\n<h3 id=\"-7-one-stop-service-advantages-of-chinese-factories-\"><strong>7. Vantagens do servi\u00e7o de balc\u00e3o \u00fanico das f\u00e1bricas chinesas<\/strong><\/h3>\n<ul>\n<li><strong>Amostras gr\u00e1tis<\/strong>: S\u00e3o fornecidas 3 amostras f\u00edsicas (incluindo as vers\u00f5es b\u00e1sicas de estampagem a quente) para teste.<\/li>\n<li><strong>Conce\u00e7\u00e3o a custo zero<\/strong>: A equipa profissional produz 3 conjuntos de planos de design em 72 horas, com suporte de pr\u00e9-visualiza\u00e7\u00f5es de renderiza\u00e7\u00e3o em 3D.<\/li>\n<li><strong>Competitividade dos pre\u00e7os<\/strong>: O pre\u00e7o de encomenda inicial para 1.000.000 pe\u00e7as \u00e9 t\u00e3o baixo quanto\u00a0<strong>0.1$\u00a0<\/strong>incluindo impostos e taxa de moldagem.<\/li>\n<li><strong>Entrega r\u00e1pida<\/strong>7 dias para a prova, 15 dias para a entrega em massa, apoio \u00e0 log\u00edstica global da DDP.<\/li>\n<\/ul>\n<p><strong>Processo de coopera\u00e7\u00e3o<\/strong><\/p>\n<ol>\n<li><strong>Confirma\u00e7\u00e3o do requisito<\/strong>: Indicar o tamanho do corretor e o manual da marca VI.<\/li>\n<li><strong>Proposta de conce\u00e7\u00e3o<\/strong>: Fornecer renderiza\u00e7\u00f5es em 3D e amostras de materiais no prazo de 3 dias \u00fateis.<\/li>\n<li><strong>Produ\u00e7\u00e3o em massa<\/strong>: Desfrute de um desconto de pre\u00e7o 5% para a primeira encomenda.<\/li>\n<\/ol>","protected":false},"excerpt":{"rendered":"<p>1. O design da caixa de papel da gaveta e a abertura deslizante facilitam a abertura e o fecho pelos utilizadores, o que pode reduzir o tempo de opera\u00e7\u00e3o do utilizador<br \/>\n2. Com acess\u00f3rios como fitas, aumenta a beleza e o atrativo visual e refor\u00e7a o reconhecimento da marca<br \/>\n3. O corpo da caixa foi concebido totalmente em preto, o que combina na perfei\u00e7\u00e3o o s\u00edmbolo do luxo e da modernidade<br \/>\n4. A f\u00e1brica de embalagens de aparelhos dent\u00e1rios da China pode fornecer amostras gr\u00e1tis, design gr\u00e1tis e fornecer produtos de alta qualidade ao pre\u00e7o mais baixo<\/p>","protected":false},"featured_media":8753,"template":"","meta":[],"product_brand":[],"product_cat":[30,413,31,426],"product_tag":[969,971,970],"class_list":{"0":"post-8751","1":"product","2":"type-product","3":"status-publish","4":"has-post-thumbnail","6":"product_cat-by-industry","7":"product_cat-consumer-electronics-boxes","8":"product_cat-paper-box-style","9":"product_cat-paper-drawer-boxes","10":"product_tag-custom-dental-aligner-packaging","11":"product_tag-teeth-aligner-gift-boxes","12":"product_tag-teeth-aligner-packaging","14":"first","15":"instock","16":"shipping-taxable","17":"product-type-simple"},"_links":{"self":[{"href":"https:\/\/zojopackaging.com\/pt\/wp-json\/wp\/v2\/product\/8751","targetHints":{"allow":["GET"]}}],"collection":[{"href":"https:\/\/zojopackaging.com\/pt\/wp-json\/wp\/v2\/product"}],"about":[{"href":"https:\/\/zojopackaging.com\/pt\/wp-json\/wp\/v2\/types\/product"}],"version-history":[{"count":2,"href":"https:\/\/zojopackaging.com\/pt\/wp-json\/wp\/v2\/product\/8751\/revisions"}],"predecessor-version":[{"id":8759,"href":"https:\/\/zojopackaging.com\/pt\/wp-json\/wp\/v2\/product\/8751\/revisions\/8759"}],"wp:featuredmedia":[{"embeddable":true,"href":"https:\/\/zojopackaging.com\/pt\/wp-json\/wp\/v2\/media\/8753"}],"wp:attachment":[{"href":"https:\/\/zojopackaging.com\/pt\/wp-json\/wp\/v2\/media?parent=8751"}],"wp:term":[{"taxonomy":"product_brand","embeddable":true,"href":"https:\/\/zojopackaging.com\/pt\/wp-json\/wp\/v2\/product_brand?post=8751"},{"taxonomy":"product_cat","embeddable":true,"href":"https:\/\/zojopackaging.com\/pt\/wp-json\/wp\/v2\/product_cat?post=8751"},{"taxonomy":"product_tag","embeddable":true,"href":"https:\/\/zojopackaging.com\/pt\/wp-json\/wp\/v2\/product_tag?post=8751"}],"curies":[{"name":"wp","href":"https:\/\/api.w.org\/{rel}","templated":true}]}}