{"id":8760,"date":"2025-03-31T11:53:01","date_gmt":"2025-03-31T03:53:01","guid":{"rendered":"https:\/\/zojopackaging.com\/?post_type=product&#038;p=8760"},"modified":"2025-03-31T12:14:34","modified_gmt":"2025-03-31T04:14:34","slug":"custom-collagen-powder-sachet-packaging-boxes-wholesale","status":"publish","type":"product","link":"https:\/\/zojopackaging.com\/pt\/product\/custom-collagen-powder-sachet-packaging-boxes-wholesale\/","title":{"rendered":"Caixas de embalagem de saquetas de p\u00f3 de colag\u00e9nio personalizadas por atacado"},"content":{"rendered":"<h2 id=\"customized-collagen-powder-bag-magnetic-packaging-box-wholesale-product-description\">Caixas de embalagem de saquetas de p\u00f3 de colag\u00e9nio personalizadas por atacado<\/h2>\n<h3 id=\"-1-magnetic-embedded-design-a-combination-of-convenience-and-durability-\"><strong>1. Conce\u00e7\u00e3o magn\u00e9tica incorporada: Uma combina\u00e7\u00e3o de conveni\u00eancia e durabilidade<\/strong><\/h3>\n<p>A tecnologia magn\u00e9tica incorporada \u00e9 utilizada para conseguir o alinhamento autom\u00e1tico e a fun\u00e7\u00e3o de adsor\u00e7\u00e3o quando a caixa de embalagem \u00e9 fechada atrav\u00e9s do \u00edman de alta resist\u00eancia incorporado, sem necessidade de pe\u00e7as met\u00e1licas expostas, evitando o problema do desgaste f\u00e1cil e da oxida\u00e7\u00e3o dos autocolantes magn\u00e9ticos tradicionais. Este design n\u00e3o s\u00f3 melhora a suavidade da experi\u00eancia de abertura e fecho (atra\u00e7\u00e3o magn\u00e9tica est\u00e1vel e uniforme), como tamb\u00e9m prolonga a vida \u00fatil da caixa de embalagem, especialmente adequada para cen\u00e1rios de utiliza\u00e7\u00e3o de elevada frequ\u00eancia (como a utiliza\u00e7\u00e3o di\u00e1ria de produtos de sa\u00fade). Ap\u00f3s o fecho do corpo da caixa, os rebordos s\u00e3o hermeticamente fechados, evitando eficazmente a humidade e o p\u00f3, garantindo a veda\u00e7\u00e3o do produto.<\/p>\n<h3 id=\"-2-double-sided-high-definition-color-printing-visual-communication-of-brand-and-product-characteristics-\"><strong>2. Impress\u00e3o a cores de alta defini\u00e7\u00e3o em dupla face: comunica\u00e7\u00e3o visual das carater\u00edsticas da marca e do produto<\/strong><\/h3>\n<p>A tecnologia de impress\u00e3o a cores de dupla face, o equipamento de rotogravura de 9 cores e a tinta \u00e0 base de \u00e1gua ecol\u00f3gica s\u00e3o utilizados para garantir padr\u00f5es claros e delicados e uma elevada satura\u00e7\u00e3o de cor. A cor principal da caixa de embalagem \u00e9 o laranja vibrante, combinado com o efeito de gradiente e o processo de estampagem a quente da textura met\u00e1lica do LOGOTIPO da marca, para transmitir uma imagem de marca calorosa e inovadora; os principais pontos de venda do p\u00f3 de colag\u00e9nio (tais como \"pequenas mol\u00e9culas s\u00e3o f\u00e1ceis de absorver\" e \"vitamina C adicionada\") podem ser impressos no verso para refor\u00e7ar os pontos de mem\u00f3ria do cliente. Apoio \u00e0 personaliza\u00e7\u00e3o de cores diretas Pantone para satisfazer as necessidades unificadas da marca VI.<\/p>\n<h3 id=\"-3-environmentally-friendly-materials-and-structural-optimization-sustainability-and-practicality-are-equally-important-\"><strong>3. Materiais amigos do ambiente e otimiza\u00e7\u00e3o estrutural: a sustentabilidade e o car\u00e1cter pr\u00e1tico s\u00e3o igualmente importantes<\/strong><\/h3>\n<ul>\n<li><strong>Material<\/strong>: A camada exterior utiliza papel art\u00edstico revestido C2S de 157 g (textura mate, resist\u00eancia aos riscos) e a camada interior utiliza cart\u00e3o duro de 1200 g (capacidade de carga de 5 kg, forte resist\u00eancia \u00e0 press\u00e3o), ambos com certifica\u00e7\u00e3o florestal FSC e recicl\u00e1vel e degrad\u00e1vel 100%.<\/li>\n<li><strong>Desenho do forro interior<\/strong>: Revestimento personalizado em EVA ou cart\u00e3o reciclado, fixar o saco de colag\u00e9nio em p\u00f3 atrav\u00e9s de uma estrutura em favo de mel ou ranhuras dobr\u00e1veis, maximizar a utiliza\u00e7\u00e3o do espa\u00e7o (uma \u00fanica caixa pode acomodar 10-20 sacos) e reduzir as perdas de transporte. A superf\u00edcie do revestimento interior \u00e9 coberta com pel\u00edcula PE de qualidade alimentar, que \u00e9 \u00e0 prova de humidade e anti-incrustante.<\/li>\n<\/ul>\n<h3 id=\"-4-fully-automated-production-efficient-delivery-and-cost-advantages-\"><strong>4. Produ\u00e7\u00e3o totalmente automatizada: entrega eficiente e vantagens em termos de custos<\/strong><\/h3>\n<p>A f\u00e1brica est\u00e1 equipada com linhas de produ\u00e7\u00e3o totalmente autom\u00e1ticas de corte e vinco, montagem magn\u00e9tica e impress\u00e3o UV, com uma capacidade de produ\u00e7\u00e3o di\u00e1ria de 10 milh\u00f5es de pe\u00e7as, suportando a entrega de 100.000 pedidos em 72 horas. A linha de produ\u00e7\u00e3o integra um sistema de inspe\u00e7\u00e3o de qualidade AI para garantir que o erro de tamanho de cada lote de produtos \u00e9 \u22640,5mm, a uniformidade da atra\u00e7\u00e3o magn\u00e9tica cumpre a norma, e a taxa de defeito \u00e9 inferior a 0,1%. A produ\u00e7\u00e3o em larga escala reduz significativamente o pre\u00e7o unit\u00e1rio, e o custo das encomendas a granel (a partir de 100.000 pe\u00e7as) pode ser comprimido para 70% de produtos similares.<\/p>\n<h3 id=\"-5-one-stop-customization-service-seamless-support-from-design-to-samples-\"><strong>5. Servi\u00e7o de personaliza\u00e7\u00e3o \u00fanico: apoio cont\u00ednuo desde a conce\u00e7\u00e3o at\u00e9 \u00e0s amostras<\/strong><\/h3>\n<p>Como uma f\u00e1brica de origem na China, ela fornece:<\/p>\n<ul>\n<li><strong>Prova gratuita<\/strong>: As amostras f\u00edsicas ser\u00e3o enviadas no prazo de 3 dias \u00fateis, apoiando os ajustes na estrutura e no efeito de impress\u00e3o.<\/li>\n<li><strong>Apoio \u00e0 conce\u00e7\u00e3o<\/strong>: As equipas profissionais fornecem representa\u00e7\u00f5es em 3D e solu\u00e7\u00f5es de materiais com base nas necessidades da marca, compat\u00edveis com as especifica\u00e7\u00f5es de embalagem das plataformas de com\u00e9rcio eletr\u00f3nico transfronteiri\u00e7as (como a Amazon e a Shopify).<\/li>\n<li><strong>Fornecimento transfronteiri\u00e7o<\/strong>: Apoia certifica\u00e7\u00f5es internacionais, como a FDA e a REACH, e fornece servi\u00e7os de valor acrescentado, como a rotulagem e a entrega em caixas divididas.<\/li>\n<\/ul>\n<hr \/>\n<h2 id=\"-technical-parameters-\"><strong>Par\u00e2metros t\u00e9cnicos<\/strong><\/h2>\n<table>\n<thead>\n<tr>\n<th>Projeto<\/th>\n<th>Especifica\u00e7\u00f5es<\/th>\n<\/tr>\n<\/thead>\n<tbody>\n<tr>\n<td>Material<\/td>\n<td>157 g de papel de arte C2S + 1200 g de cart\u00e3o<\/td>\n<\/tr>\n<tr>\n<td>Atra\u00e7\u00e3o magn\u00e9tica<\/td>\n<td>\u22653N (medido 10.000 vezes de abertura e fecho sem atenua\u00e7\u00e3o)<\/td>\n<\/tr>\n<tr>\n<td>Processo de impress\u00e3o<\/td>\n<td>Gravura de dupla face + estampagem parcial UV\/quente<\/td>\n<\/tr>\n<tr>\n<td>Quantidade m\u00ednima de encomenda<\/td>\n<td>500 pe\u00e7as<\/td>\n<\/tr>\n<tr>\n<td>Ciclo de entrega<\/td>\n<td>7-15 dias (consoante o volume da encomenda)<\/td>\n<\/tr>\n<\/tbody>\n<\/table>\n<hr \/>\n<p><strong>Vantagens da coopera\u00e7\u00e3o<\/strong><\/p>\n<ul>\n<li><strong>Vantagem de pre\u00e7o<\/strong>: Fornecimento direto da f\u00e1brica, sem diferen\u00e7a de pre\u00e7o de intermedi\u00e1rio.<\/li>\n<li><strong>Certifica\u00e7\u00e3o verde<\/strong>: Cumpre a norma biodegrad\u00e1vel EN13432 da UE, contribuindo para os objectivos ESG da marca.<\/li>\n<li><strong>Personaliza\u00e7\u00e3o flex\u00edvel<\/strong>: suporta v\u00e1rias estruturas, tais como caixas com formas especiais e caixas de gavetas, e \u00e9 adequado para sacos de colag\u00e9nio em p\u00f3 de diferentes especifica\u00e7\u00f5es.<\/li>\n<\/ul>","protected":false},"excerpt":{"rendered":"<p>1. Caixa de fecho magn\u00e9tico, o design incorporado do \u00edman evita a vantagem do desgaste exposto e pode alinhar e absorver automaticamente quando a caixa de embalagem \u00e9 fechada<br \/>\n2. Impress\u00e3o a cores de dupla face, melhora o efeito de correspond\u00eancia de cores. As carater\u00edsticas do seu produto e as vantagens da sua marca podem ser impressas na caixa para melhorar a impress\u00e3o do cliente<br \/>\n3. O laranja \u00e9 uma cor quente, com vitalidade e calor, que pode fazer com que os clientes se sintam revigorados<\/p>","protected":false},"featured_media":8761,"template":"","meta":[],"product_brand":[],"product_cat":[30,422,424,31],"product_tag":[972,974,973],"class_list":{"0":"post-8760","1":"product","2":"type-product","3":"status-publish","4":"has-post-thumbnail","6":"product_cat-by-industry","7":"product_cat-custom-gourmet-boxes-by-industry","8":"product_cat-magnetic-closure-boxes","9":"product_cat-paper-box-style","10":"product_tag-collagen-packaging","11":"product_tag-custom-collagen-boxes-wholesale","12":"product_tag-powder-sachet-packaging","14":"first","15":"instock","16":"shipping-taxable","17":"product-type-simple"},"_links":{"self":[{"href":"https:\/\/zojopackaging.com\/pt\/wp-json\/wp\/v2\/product\/8760","targetHints":{"allow":["GET"]}}],"collection":[{"href":"https:\/\/zojopackaging.com\/pt\/wp-json\/wp\/v2\/product"}],"about":[{"href":"https:\/\/zojopackaging.com\/pt\/wp-json\/wp\/v2\/types\/product"}],"version-history":[{"count":1,"href":"https:\/\/zojopackaging.com\/pt\/wp-json\/wp\/v2\/product\/8760\/revisions"}],"predecessor-version":[{"id":8767,"href":"https:\/\/zojopackaging.com\/pt\/wp-json\/wp\/v2\/product\/8760\/revisions\/8767"}],"wp:featuredmedia":[{"embeddable":true,"href":"https:\/\/zojopackaging.com\/pt\/wp-json\/wp\/v2\/media\/8761"}],"wp:attachment":[{"href":"https:\/\/zojopackaging.com\/pt\/wp-json\/wp\/v2\/media?parent=8760"}],"wp:term":[{"taxonomy":"product_brand","embeddable":true,"href":"https:\/\/zojopackaging.com\/pt\/wp-json\/wp\/v2\/product_brand?post=8760"},{"taxonomy":"product_cat","embeddable":true,"href":"https:\/\/zojopackaging.com\/pt\/wp-json\/wp\/v2\/product_cat?post=8760"},{"taxonomy":"product_tag","embeddable":true,"href":"https:\/\/zojopackaging.com\/pt\/wp-json\/wp\/v2\/product_tag?post=8760"}],"curies":[{"name":"wp","href":"https:\/\/api.w.org\/{rel}","templated":true}]}}