{"id":8776,"date":"2025-03-31T13:30:33","date_gmt":"2025-03-31T05:30:33","guid":{"rendered":"https:\/\/zojopackaging.com\/?post_type=product&#038;p=8776"},"modified":"2025-03-31T13:48:57","modified_gmt":"2025-03-31T05:48:57","slug":"personalize-custom-nail-polish-packaging-boxes-wholesale","status":"publish","type":"product","link":"https:\/\/zojopackaging.com\/pt\/product\/personalize-custom-nail-polish-packaging-boxes-wholesale\/","title":{"rendered":"Caixas de embalagem personalizadas para verniz para unhas por atacado"},"content":{"rendered":"<h2 id=\"-core-design-concept-\"><strong>Conceito de conce\u00e7\u00e3o principal<\/strong><\/h2>\n<p>Esta caixa de papel de gaveta para embalagem de verniz para unhas est\u00e1 centrada em <strong>\"est\u00e9tica minimalista + prote\u00e7\u00e3o funcional\"<\/strong>e foi concebida para sal\u00f5es de manicura de topo de gama, marcas de beleza de luxo e necessidades de personaliza\u00e7\u00e3o. Combinando o conceito de prote\u00e7\u00e3o ambiental e o design de textura mate da s\u00e9rie Brazilian Hidrabene na p\u00e1gina Web, bem como a experi\u00eancia de produ\u00e7\u00e3o modular da f\u00e1brica l\u00edder da p\u00e1gina Web na China, integra profundamente a arte e a praticidade para satisfazer as necessidades duplas da marca para\u00a0<strong>sa\u00edda de imagem topo de gama<\/strong>\u00a0e\u00a0<strong>prote\u00e7\u00e3o do produto<\/strong>.<\/p>\n<h2 id=\"-product-highlights-and-function-analysis-\"><strong>Destaques do produto e an\u00e1lise da fun\u00e7\u00e3o<\/strong><\/h2>\n<h3 id=\"1-luxury-appearance-and-customized-brand-presentation-\">1.\u00a0<strong>Apar\u00eancia de luxo e apresenta\u00e7\u00e3o personalizada da marca<\/strong><\/h3>\n<ul>\n<li><strong>Acabamento mate + processo de impress\u00e3o em folha<\/strong>: Utilizar o\u00a0<strong>material t\u00e1til mate<\/strong>\u00a0mencionada na p\u00e1gina Web, combinada com a tecnologia de impress\u00e3o em folha met\u00e1lica, como a estampagem a quente\/prata quente, para garantir que o log\u00f3tipo da marca \u00e9 claro, sem manchas e diferen\u00e7as de cor, dando \u00e0 embalagem um impacto visual discreto e luxuoso.<\/li>\n<li><strong>Design de abertura e fecho extra\u00edvel<\/strong>: Inspirada na comodidade da caixa de arruma\u00e7\u00e3o port\u00e1til da p\u00e1gina Web, combinada com a estrutura da tampa articulada da caixa em forma de livro da p\u00e1gina Web, refor\u00e7a a sensa\u00e7\u00e3o de cerim\u00f3nia de desempacotamento e \u00e9 adequada para cenas ao n\u00edvel da oferta.<\/li>\n<\/ul>\n<h3 id=\"2-modular-multifunctional-lining-\">2.\u00a0<strong>Forro modular multifuncional<\/strong><\/h3>\n<ul>\n<li><strong>Camada interm\u00e9dia de espuma EVA ajust\u00e1vel<\/strong>: Na p\u00e1gina Web, a f\u00e1brica de caixas de cart\u00e3o Huangshi Huahong, situada no distrito de Baiyun, em Guangzhou, apresenta um design em forma de jogo do galo com 12 grelhas, com espuma EVA amov\u00edvel incorporada (densidade opcional de 0,3-0,5 g\/cm\u00b3), que se adapta de forma flex\u00edvel a 12 frascos de 15 ml de verniz para unhas, bem como a pinc\u00e9is, utens\u00edlios de secagem e outros acess\u00f3rios, para evitar colis\u00f5es durante o transporte.<\/li>\n<li><strong>Espa\u00e7o para personaliza\u00e7\u00e3o da capa interior em branco<\/strong>: Uma \u00e1rea em branco \u00e9 reservada na parte superior, suportando impress\u00e3o UV, grava\u00e7\u00e3o em relevo e outros processos para incorporar o LOGOTIPO da marca ou padr\u00f5es art\u00edsticos para refor\u00e7ar os pontos de mem\u00f3ria da marca.<\/li>\n<\/ul>\n<h3 id=\"3-all-round-customization-service-\">3.\u00a0<strong>Servi\u00e7o de personaliza\u00e7\u00e3o completo<\/strong><\/h3>\n<ul>\n<li><strong>Adapta\u00e7\u00e3o flex\u00edvel do tamanho e do material<\/strong>: Suporta a personaliza\u00e7\u00e3o de caixas padr\u00e3o de 12 garrafas para caixas de presente de grande capacidade, e os materiais podem ser selecionados a partir de cart\u00e3o cinzento ecol\u00f3gico, cart\u00e3o branco, papel especial, e tamb\u00e9m podem ser actualizados para materiais de embalagem de luxo, tais como folheado de couro.<\/li>\n<li><strong>Tecnologia de superf\u00edcie diversificada<\/strong>: Fornecer cola mate, estampagem a quente, grava\u00e7\u00e3o UV e outros efeitos para satisfazer as necessidades diferenciadas de mate, brilhante, texturado, etc.<\/li>\n<\/ul>\n<h3 id=\"4-advantages-of-china-s-source-factory-\">4.\u00a0<strong>Vantagens da f\u00e1brica de origem chinesa<\/strong><\/h3>\n<ul>\n<li><strong>Amostras gr\u00e1tis e apoio \u00e0 conce\u00e7\u00e3o<\/strong>: Apoio \u00e0 revis\u00e3o gratuita e propostas individuais de equipas de design profissionais para garantir uma implementa\u00e7\u00e3o precisa desde os desenhos at\u00e9 aos produtos acabados.<\/li>\n<\/ul>\n<h2 id=\"-applicable-scenarios-and-industry-trends-\"><strong>Cen\u00e1rios aplic\u00e1veis e tend\u00eancias do sector<\/strong><\/h2>\n<ul>\n<li><strong>Sal\u00e3o profissional<\/strong>: A conce\u00e7\u00e3o modular facilita a exposi\u00e7\u00e3o e a arruma\u00e7\u00e3o, bem como o posicionamento de servi\u00e7o topo de gama.<\/li>\n<li><strong>Marcas de luxo<\/strong>: A tecnologia de impress\u00e3o mate + folha de alum\u00ednio enquadra-se na tend\u00eancia de luxo minimalista da p\u00e1gina Web e satisfaz as necessidades de produ\u00e7\u00e3o visual unificada da marca.<\/li>\n<li><strong>Com\u00e9rcio eletr\u00f3nico transfronteiri\u00e7o<\/strong>: Respeita as normas rigorosas da Amazon, do TikTok e de outras plataformas na p\u00e1gina Web no que respeita \u00e0 conce\u00e7\u00e3o da embalagem e \u00e0 seguran\u00e7a do transporte.<\/li>\n<\/ul>\n<h2 id=\"-customization-process-and-service-commitment-\"><strong>Processo de personaliza\u00e7\u00e3o e compromisso de servi\u00e7o<\/strong><\/h2>\n<ol>\n<li><strong>Comunica\u00e7\u00e3o da procura<\/strong>: Fornecer par\u00e2metros como o tamanho, o material e o processo.<\/li>\n<li><strong>Confirma\u00e7\u00e3o da prova 3D<\/strong>: Produ\u00e7\u00e3o completa da amostra no prazo de 7 dias \u00fateis.<\/li>\n<li><strong>Produ\u00e7\u00e3o em massa<\/strong>: Entrega em 7-14 dias, com controlo de qualidade durante todo o processo.<\/li>\n<li><strong>Garantia p\u00f3s-venda<\/strong>: prestar servi\u00e7os como a substitui\u00e7\u00e3o de danos e a indemniza\u00e7\u00e3o diferida<\/li>\n<\/ol>\n<p><strong>Conclus\u00e3o<\/strong>\u00a0Este produto assume o design modular, a textura mate e a personaliza\u00e7\u00e3o profunda como o seu n\u00facleo de competitividade, integrando a est\u00e9tica minimalista da p\u00e1gina web e as vantagens de produ\u00e7\u00e3o eficiente da cadeia de fornecimento da p\u00e1gina web da China, ajudando a marca a estabelecer uma imagem diferenciada no mercado da beleza. Desde amostras at\u00e9 \u00e0 produ\u00e7\u00e3o em massa, prometemos fornecer solu\u00e7\u00f5es de embalagem de luxo a pre\u00e7os de origem.<\/p>","protected":false},"excerpt":{"rendered":"<ul>\n<li><strong>Amigo do ambiente<\/strong>: Os materiais recicl\u00e1veis do 100% est\u00e3o em conformidade com as tend\u00eancias globais de sustentabilidade.<\/li>\n<li><strong>Amplifica\u00e7\u00e3o da marca<\/strong>: Os acabamentos de alta qualidade (estampagem a quente, grava\u00e7\u00e3o em relevo) aumentam o impacto nas prateleiras.<\/li>\n<li><strong>Log\u00edstica pronta<\/strong>: O design de embalagem plana reduz os custos de transporte em 40% em compara\u00e7\u00e3o com as caixas pr\u00e9-montadas.<\/li>\n<li><strong>Adapt\u00e1vel<\/strong>: As inser\u00e7\u00f5es intercambi\u00e1veis suportam kits de unhas, g\u00e9is ou conjuntos de oferta para retalho.<\/li>\n<\/ul>","protected":false},"featured_media":8777,"template":"","meta":[],"product_brand":[],"product_cat":[30,390,31,426],"product_tag":[837,979,978],"class_list":{"0":"post-8776","1":"product","2":"type-product","3":"status-publish","4":"has-post-thumbnail","6":"product_cat-by-industry","7":"product_cat-custom-cosmetics-boxes","8":"product_cat-paper-box-style","9":"product_cat-paper-drawer-boxes","10":"product_tag-custom-nail-polish-packaging","11":"product_tag-nail-polish-boxes-wholesale","12":"product_tag-nail-polish-packaging","14":"first","15":"instock","16":"shipping-taxable","17":"product-type-simple"},"_links":{"self":[{"href":"https:\/\/zojopackaging.com\/pt\/wp-json\/wp\/v2\/product\/8776","targetHints":{"allow":["GET"]}}],"collection":[{"href":"https:\/\/zojopackaging.com\/pt\/wp-json\/wp\/v2\/product"}],"about":[{"href":"https:\/\/zojopackaging.com\/pt\/wp-json\/wp\/v2\/types\/product"}],"version-history":[{"count":1,"href":"https:\/\/zojopackaging.com\/pt\/wp-json\/wp\/v2\/product\/8776\/revisions"}],"predecessor-version":[{"id":8782,"href":"https:\/\/zojopackaging.com\/pt\/wp-json\/wp\/v2\/product\/8776\/revisions\/8782"}],"wp:featuredmedia":[{"embeddable":true,"href":"https:\/\/zojopackaging.com\/pt\/wp-json\/wp\/v2\/media\/8777"}],"wp:attachment":[{"href":"https:\/\/zojopackaging.com\/pt\/wp-json\/wp\/v2\/media?parent=8776"}],"wp:term":[{"taxonomy":"product_brand","embeddable":true,"href":"https:\/\/zojopackaging.com\/pt\/wp-json\/wp\/v2\/product_brand?post=8776"},{"taxonomy":"product_cat","embeddable":true,"href":"https:\/\/zojopackaging.com\/pt\/wp-json\/wp\/v2\/product_cat?post=8776"},{"taxonomy":"product_tag","embeddable":true,"href":"https:\/\/zojopackaging.com\/pt\/wp-json\/wp\/v2\/product_tag?post=8776"}],"curies":[{"name":"wp","href":"https:\/\/api.w.org\/{rel}","templated":true}]}}