{"id":8784,"date":"2025-03-31T13:49:24","date_gmt":"2025-03-31T05:49:24","guid":{"rendered":"https:\/\/zojopackaging.com\/?post_type=product&#038;p=8784"},"modified":"2025-03-31T14:25:06","modified_gmt":"2025-03-31T06:25:06","slug":"custom-printed-coffee-tea-packaging-box-wholesale-supplier","status":"publish","type":"product","link":"https:\/\/zojopackaging.com\/pt\/product\/custom-printed-coffee-tea-packaging-box-wholesale-supplier\/","title":{"rendered":"Caixa de embalagem de ch\u00e1 e caf\u00e9 com impress\u00e3o personalizada Fornecedor grossista"},"content":{"rendered":"<h2 id=\"1-environmentally-friendly-materials-sustainable-concept\">1. Materiais amigos do ambiente, conceito sustent\u00e1vel<\/h2>\n<p>As nossas caixas de embalagem para caf\u00e9 e ch\u00e1 s\u00e3o feitas de\u00a0<strong>materiais recicl\u00e1veis e amigos do ambiente<\/strong>A empresa tem uma vasta gama de produtos, tais como fibra de bambu, polpa de baga\u00e7o, base de papel com elevado teor de fibras, etc., para garantir que os produtos cumprem as normas ambientais internacionais (tais como a certifica\u00e7\u00e3o ISO9001, BRCGS). O material \u00e9 simultaneamente **dur\u00e1vel e leve<\/p>\n<h2 id=\"2-flexible-customization-to-highlight-brand-personality\">2. Personaliza\u00e7\u00e3o flex\u00edvel para real\u00e7ar a personalidade da marca<\/h2>\n<ol>\n<li><strong>Log\u00f3tipo e design art\u00edstico<\/strong>: Permite adicionar log\u00f3tipos de marcas, c\u00f3digos QR, padr\u00f5es sazonais ou elementos culturais e apresentar efeitos visuais de alta precis\u00e3o atrav\u00e9s de impress\u00e3o offset, impress\u00e3o flexogr\u00e1fica e outros processos. Por exemplo, pode referir-se ao design de elementos tradicionais em embalagens de ch\u00e1 que combinam uma est\u00e9tica moderna para aumentar o reconhecimento da marca.<\/li>\n<li><strong>Revestimento e estrutura personalizados<\/strong>: De acordo com o tamanho dos produtos, tais como gr\u00e3os de caf\u00e9, saquetas de ch\u00e1, palitos instant\u00e2neos, etc., conceber revestimentos em camadas tipo gaveta ou ranhuras fixas para reduzir o desperd\u00edcio de espa\u00e7o e otimizar a efici\u00eancia de armazenamento e transporte. Por exemplo, o design magn\u00e9tico de abertura e fecho da caixa de embalagem de ch\u00e1 Pu'er tem em conta tanto a praticidade como o ritual.<\/li>\n<\/ol>\n<h2 id=\"3-multiple-styles-adapted-to-market-positioning\">3. Estilos m\u00faltiplos, adaptados ao posicionamento no mercado<\/h2>\n<p>Fornecer\u00a0<strong>caixa de oferta, caixa de cart\u00e3o, cilindro<\/strong>\u00a0e outros estilos \u00e0 escolha:<\/p>\n<ul>\n<li><strong>Caixa r\u00edgida<\/strong>: adequado para conjuntos de oferta de gama alta, com acess\u00f3rios de metal ou textura de madeira, real\u00e7ando o posicionamento de luxo.<\/li>\n<li><strong>caixa de cart\u00e3o<\/strong>: leve e simples, adequado para cen\u00e1rios di\u00e1rios de retalho, utilizando copos de papel revestidos ecol\u00f3gicos ou sacos de papel anti-abertura, tendo em conta a seguran\u00e7a e a conveni\u00eancia.<\/li>\n<li><strong>Embalagem de tubos de papel<\/strong>: adequado para o armazenamento de ch\u00e1 ou caf\u00e9 em gr\u00e3o a granel, com revestimento PLA degrad\u00e1vel, tanto a n\u00edvel de veda\u00e7\u00e3o como a n\u00edvel est\u00e9tico.<\/li>\n<\/ul>\n<h2 id=\"4-multifunctional-application-scenarios\">4. Cen\u00e1rios de aplica\u00e7\u00e3o multifuncional<\/h2>\n<p>O produto \u00e9 amplamente adaptado a\u00a0<strong>caf\u00e9, ch\u00e1, alimentos saud\u00e1veis e conjuntos de oferta<\/strong>\u00a0e outros dom\u00ednios:<\/p>\n<ul>\n<li>Embalagem de caf\u00e9 em gr\u00e3o: utilizar sacos de papel verticais ou copos PLA transparentes para otimizar as propriedades de barreira e reter o aroma.<\/li>\n<li>Caixa de oferta para saquetas de ch\u00e1: combinada com o forro do compartimento e o design dessecante, prolonga a vida \u00fatil do ch\u00e1.<\/li>\n<li>Bebidas instant\u00e2neas: caixas de papel leves com uma camada interior \u00e0 prova de humidade, adequadas para o transporte de com\u00e9rcio eletr\u00f3nico e exposi\u00e7\u00e3o offline.<\/li>\n<\/ul>\n<h2 id=\"v-efficient-service-and-guarantee\">5. Servi\u00e7o e garantia eficazes<\/h2>\n<ol>\n<li><strong>Quantidade m\u00ednima de encomenda reduzida<\/strong>: quantidade m\u00ednima de encomenda\u00a0<strong>500 pe\u00e7as<\/strong>A nossa empresa tem uma vasta gama de produtos e servi\u00e7os, que suportam encomendas experimentais de pequenos lotes e produ\u00e7\u00e3o em grande escala.<\/li>\n<li><strong>Entrega r\u00e1pida<\/strong>: o ciclo de produ\u00e7\u00e3o demora apenas\u00a0<strong>7-12 dias \u00fateis<\/strong>A empresa possui f\u00e1brica pr\u00f3pria e equipamento de automatiza\u00e7\u00e3o para garantir a entrega atempada.<\/li>\n<li><strong>Servi\u00e7o gratuito de valor acrescentado<\/strong>:<\/li>\n<li>Fornecer\u00a0<strong>amostras gr\u00e1tis<\/strong>\u00a0e a verifica\u00e7\u00e3o do projeto, incluindo o ensaio de materiais e a verifica\u00e7\u00e3o estrutural.<\/li>\n<li>Fornecimento direto da f\u00e1brica de origem na China, sem diferen\u00e7a de pre\u00e7o de intermedi\u00e1rios, garantia\u00a0<strong>desempenho de alto custo<\/strong>.<\/li>\n<\/ol>\n<h2 id=\"reasons-to-choose-us\">Raz\u00f5es para nos escolher<\/h2>\n<ul>\n<li><strong>Vantagens t\u00e9cnicas<\/strong>: Oficina de purifica\u00e7\u00e3o de n\u00edvel 300.000 e equipamento de impress\u00e3o avan\u00e7ado para garantir que os produtos cumprem as normas de seguran\u00e7a de n\u00edvel alimentar.<\/li>\n<li><strong>Experi\u00eancia de caso<\/strong>: Servir clientes nacionais e estrangeiros nas ind\u00fastrias alimentar, qu\u00edmica di\u00e1ria e de brindes<\/li>\n<\/ul>","protected":false},"excerpt":{"rendered":"<p>Marca Eco-Consciente - Os materiais recicl\u00e1veis alinham-se com as tend\u00eancias modernas de sustentabilidade.<br \/>\nPedidos m\u00ednimos baixos - Comece com 500 unidades para testes de mercado, aumente para 50k + \/ m\u00eas.<br \/>\nEngenharia de precis\u00e3o - A toler\u00e2ncia de \u00b10,5 mm garante um enchimento perfeito da m\u00e1quina.<br \/>\nConformidade global - Cumpre as normas de embalagem da UE\/EUA para o com\u00e9rcio eletr\u00f3nico transfronteiri\u00e7o.<br \/>\nServi\u00e7o chave na m\u00e3o - Modelos de design gratuitos + entrega de amostras em 48 horas.<\/p>","protected":false},"featured_media":8787,"template":"","meta":[],"product_brand":[],"product_cat":[30,422,424,31],"product_tag":[980,982,981],"class_list":{"0":"post-8784","1":"product","2":"type-product","3":"status-publish","4":"has-post-thumbnail","6":"product_cat-by-industry","7":"product_cat-custom-gourmet-boxes-by-industry","8":"product_cat-magnetic-closure-boxes","9":"product_cat-paper-box-style","10":"product_tag-custom-coffee-packaging","11":"product_tag-tea-box-wholesale","12":"product_tag-tea-packaging-box","14":"first","15":"instock","16":"shipping-taxable","17":"product-type-simple"},"_links":{"self":[{"href":"https:\/\/zojopackaging.com\/pt\/wp-json\/wp\/v2\/product\/8784","targetHints":{"allow":["GET"]}}],"collection":[{"href":"https:\/\/zojopackaging.com\/pt\/wp-json\/wp\/v2\/product"}],"about":[{"href":"https:\/\/zojopackaging.com\/pt\/wp-json\/wp\/v2\/types\/product"}],"version-history":[{"count":2,"href":"https:\/\/zojopackaging.com\/pt\/wp-json\/wp\/v2\/product\/8784\/revisions"}],"predecessor-version":[{"id":8794,"href":"https:\/\/zojopackaging.com\/pt\/wp-json\/wp\/v2\/product\/8784\/revisions\/8794"}],"wp:featuredmedia":[{"embeddable":true,"href":"https:\/\/zojopackaging.com\/pt\/wp-json\/wp\/v2\/media\/8787"}],"wp:attachment":[{"href":"https:\/\/zojopackaging.com\/pt\/wp-json\/wp\/v2\/media?parent=8784"}],"wp:term":[{"taxonomy":"product_brand","embeddable":true,"href":"https:\/\/zojopackaging.com\/pt\/wp-json\/wp\/v2\/product_brand?post=8784"},{"taxonomy":"product_cat","embeddable":true,"href":"https:\/\/zojopackaging.com\/pt\/wp-json\/wp\/v2\/product_cat?post=8784"},{"taxonomy":"product_tag","embeddable":true,"href":"https:\/\/zojopackaging.com\/pt\/wp-json\/wp\/v2\/product_tag?post=8784"}],"curies":[{"name":"wp","href":"https:\/\/api.w.org\/{rel}","templated":true}]}}