{"id":8786,"date":"2025-03-31T13:50:43","date_gmt":"2025-03-31T05:50:43","guid":{"rendered":"https:\/\/zojopackaging.com\/?post_type=product&#038;p=8786"},"modified":"2025-03-31T16:05:28","modified_gmt":"2025-03-31T08:05:28","slug":"retail-premium-perfume-folding-carton-box-mamufacturer","status":"publish","type":"product","link":"https:\/\/zojopackaging.com\/pt\/product\/retail-premium-perfume-folding-carton-box-mamufacturer\/","title":{"rendered":"Caixa de Cart\u00e3o Dobr\u00e1vel para Perfume Premium Fabricante"},"content":{"rendered":"<div class=\"widget block block-static-block\">\n<div class=\"landing-page-section option-bottom\">\n<div class=\"custom-materials-tabs-content container container-adjustment\">\n<div class=\"custom-materials-tab-content active\">\n<div class=\"widget block block-static-block\">\n<div class=\"options-items\">\n<div class=\"flex-grid-row-option\">\n<div class=\"flex-grid-item-option\">\n<div class=\"material-box\">\n<h2 id=\"-retail-high-quality-perfume-folding-carton-manufacturers-the-perfect-combination-of-high-end-customization-and-environmental-innovation-\"><strong>Fabricantes de caixas dobr\u00e1veis para perfumes de alta qualidade para venda a retalho<\/strong><\/h2>\n<p>No mercado retalhista de perfumes, a embalagem n\u00e3o \u00e9 apenas o \"vestu\u00e1rio exterior\" do produto, mas tamb\u00e9m o principal portador do valor da marca e da experi\u00eancia do utilizador. As caixas de cart\u00e3o dobr\u00e1veis de alta qualidade oferecem \u00e0s marcas de perfumes solu\u00e7\u00f5es est\u00e9ticas e pr\u00e1ticas atrav\u00e9s da sele\u00e7\u00e3o de materiais, da inova\u00e7\u00e3o de processos e do design funcional. A seguir, analisamos os pontos de fabrico de caixas dobr\u00e1veis para perfumes de alta qualidade a partir de m\u00faltiplas dimens\u00f5es:<\/p>\n<h3 id=\"-1-350g-single-powder-card-material-dual-advantages-of-lightweight-and-cost-optimization-\"><strong>1. 350g de material de cart\u00e3o de p\u00f3 \u00fanico: vantagens duplas de leveza e otimiza\u00e7\u00e3o de custos<\/strong><\/h3>\n<p>O cart\u00e3o de p\u00f3 simples (tamb\u00e9m conhecido como papel de cobre simples) tem um peso t\u00edpico de 350g, que \u00e9 simultaneamente flex\u00edvel e r\u00edgido. Pode n\u00e3o s\u00f3 satisfazer os requisitos de suporte da caixa de perfume para a estrutura tridimensional, mas tamb\u00e9m reduzir o volume de transporte e os custos log\u00edsticos atrav\u00e9s do design de dobragem. A sua superf\u00edcie \u00e9 lisa e delicada, proporcionando uma base de alta qualidade para processos como a estampagem a quente e a impress\u00e3o UV, garantindo a reprodu\u00e7\u00e3o de cores e a durabilidade.<\/p>\n<h2 id=\"-2-neutral-design-adapt-to-the-tone-of-multiple-brands-\"><strong>2. Design neutro: adaptar-se ao tom de v\u00e1rias marcas<\/strong><\/h2>\n<p>As caixas de cart\u00e3o para perfumes neutras baseiam-se principalmente em linhas simples e cores puras, e adaptam-se a diferentes estilos de marca atrav\u00e9s de um design estrutural modular (como tampas superiores e inferiores, estilo gaveta). Por exemplo, as marcas de topo de gama podem refor\u00e7ar a sensa\u00e7\u00e3o de luxo atrav\u00e9s da estampagem a quente, enquanto as marcas de nicho podem real\u00e7ar a sua personalidade atrav\u00e9s da impress\u00e3o UV local ou da estampagem em relevo. Alguns fabricantes fornecem servi\u00e7os de design online gratuitos, suportam provas e modifica\u00e7\u00f5es r\u00e1pidas e satisfazem as necessidades de itera\u00e7\u00e3o r\u00e1pida da marca, desde o conceito at\u00e9 ao produto acabado.<\/p>\n<h3 id=\"-3-hot-stamping-process-the-core-touchpoint-to-enhance-brand-premium-\"><strong>3. Processo de estampagem a quente: o principal ponto de contacto para melhorar a qualidade da marca<\/strong><\/h3>\n<p>A tecnologia de estampagem a quente transfere a folha met\u00e1lica atrav\u00e9s de prensagem a quente para formar um padr\u00e3o tridimensional de alto brilho na superf\u00edcie da caixa de papel, que tem um impacto visual e fun\u00e7\u00f5es anti-contrafa\u00e7\u00e3o. Por exemplo, as principais informa\u00e7\u00f5es, como o LOGOTIPO da marca e o nome do produto, podem ser refor\u00e7adas atrav\u00e9s da tecnologia de estampagem a quente, melhorando simultaneamente a textura do produto. Estudos demonstraram que a taxa de pr\u00e9mio dos produtos de perfumaria com embalagens de estampagem a quente pode atingir 20%-30%.<\/p>\n<h3 id=\"-4-fsc-certification-a-global-passport-for-sustainable-packaging-\"><strong>4. Certifica\u00e7\u00e3o FSC: um passaporte global para embalagens sustent\u00e1veis<\/strong><\/h3>\n<p>A prote\u00e7\u00e3o ambiental tornou-se uma tend\u00eancia importante na ind\u00fastria dos perfumes. As embalagens de cart\u00e3o com certifica\u00e7\u00e3o FSC s\u00e3o feitas de pasta de madeira proveniente de florestas geridas de forma sustent\u00e1vel e todo o processo, desde a recolha da mat\u00e9ria-prima at\u00e9 \u00e0 produ\u00e7\u00e3o, cumpre as normas ambientais internacionais. Por exemplo, alguns fabricantes utilizam papel de polpa de bambu ou papel reciclado para substituir a polpa de madeira virgem, a fim de reduzir ainda mais a pegada de carbono e cumprir os requisitos regulamentares, como o REACH da UE e o CA Prop 65 dos EUA.<\/p>\n<p><strong>5. Tecnologia de pel\u00edcula t\u00e1til: atualiza\u00e7\u00e3o sensorial para uma experi\u00eancia de topo de gama<\/strong>O processo de pel\u00edcula t\u00e1til forma uma camur\u00e7a delicada na superf\u00edcie da caixa, que \u00e9 t\u00e3o suave como o veludo e tem propriedades anti-impress\u00e3o digital e anti-riscos. Este processo \u00e9 utilizado sobretudo em caixas de perfumes de luxo, como Dior, Chanel e outras marcas, para refor\u00e7ar o tom da marca atrav\u00e9s do toque. Algumas pel\u00edculas t\u00e1cteis tamb\u00e9m suportam impress\u00e3o UV, conseguindo uma dupla atualiza\u00e7\u00e3o de padr\u00e3o e textura.<\/p>\n<h3 id=\"-6-built-in-paper-tray-the-last-line-of-defense-for-transportation-safety-\"><strong>6. Tabuleiro de papel incorporado: a \u00faltima linha de defesa para a seguran\u00e7a do transporte<\/strong><\/h3>\n<p>A natureza fr\u00e1gil dos frascos de perfume exige um forte desempenho de amortecimento para a embalagem. O tabuleiro de papel incorporado \u00e9 feito de materiais amigos do ambiente, como a polpa de cana-de-a\u00e7\u00facar ou a polpa de bambu, e adapta-se a diferentes formas de frascos atrav\u00e9s de uma abertura precisa do molde, que n\u00e3o s\u00f3 fixa o corpo do frasco como tamb\u00e9m evita a extrus\u00e3o e a deforma\u00e7\u00e3o. O design integrado do tabuleiro de papel e da caixa de papel tamb\u00e9m pode simplificar o processo de embalagem e melhorar a efici\u00eancia da embalagem.<\/p>\n<\/div>\n<\/div>\n<\/div>\n<\/div>\n<\/div>\n<\/div>\n<\/div>\n<\/div>\n<\/div>\n<div class=\"widget block block-static-block\">\n<div class=\"landing-page-section option-bottom\">\n<div class=\"custom-materials-tabs-content container container-adjustment\">\n<div class=\"custom-materials-tab-content active\">\n<div class=\"widget block block-static-block\">\n<p><!---end of option item--><\/p>\n<\/div>\n<\/div>\n<\/div>\n<\/div>\n<\/div>","protected":false},"excerpt":{"rendered":"<p>Os fabricantes de caixas de papel dobr\u00e1vel de perfume de alta qualidade fornecem \u00e0s marcas uma solu\u00e7\u00e3o \u00fanica, desde o design at\u00e9 a entrega, por meio de inova\u00e7\u00e3o de materiais, atualiza\u00e7\u00f5es de processos e certifica\u00e7\u00e3o ambiental. No futuro, com a populariza\u00e7\u00e3o das ferramentas de design de IA (como a plataforma X-FUN), a efici\u00eancia da produ\u00e7\u00e3o personalizada ser\u00e1 ainda melhorada, e a integra\u00e7\u00e3o de materiais sustent\u00e1veis e estruturas inteligentes continuar\u00e1 a promover o desenvolvimento da ind\u00fastria de embalagens de perfumes em dire\u00e7\u00e3o a dire\u00e7\u00f5es verdes e inteligentes.<\/p>","protected":false},"featured_media":8802,"template":"","meta":[],"product_brand":[],"product_cat":[30,417,430,31],"product_tag":[994,992,993],"class_list":{"0":"post-8786","1":"product","2":"type-product","3":"status-publish","4":"has-post-thumbnail","6":"product_cat-by-industry","7":"product_cat-custom-perfume-boxes-by-industry","8":"product_cat-folding-cartons","9":"product_cat-paper-box-style","10":"product_tag-perfume-box-mamufacturer","11":"product_tag-perfume-folding-carton-box","12":"product_tag-retail-premium-box","14":"first","15":"instock","16":"shipping-taxable","17":"product-type-grouped"},"_links":{"self":[{"href":"https:\/\/zojopackaging.com\/pt\/wp-json\/wp\/v2\/product\/8786","targetHints":{"allow":["GET"]}}],"collection":[{"href":"https:\/\/zojopackaging.com\/pt\/wp-json\/wp\/v2\/product"}],"about":[{"href":"https:\/\/zojopackaging.com\/pt\/wp-json\/wp\/v2\/types\/product"}],"version-history":[{"count":5,"href":"https:\/\/zojopackaging.com\/pt\/wp-json\/wp\/v2\/product\/8786\/revisions"}],"predecessor-version":[{"id":8840,"href":"https:\/\/zojopackaging.com\/pt\/wp-json\/wp\/v2\/product\/8786\/revisions\/8840"}],"wp:featuredmedia":[{"embeddable":true,"href":"https:\/\/zojopackaging.com\/pt\/wp-json\/wp\/v2\/media\/8802"}],"wp:attachment":[{"href":"https:\/\/zojopackaging.com\/pt\/wp-json\/wp\/v2\/media?parent=8786"}],"wp:term":[{"taxonomy":"product_brand","embeddable":true,"href":"https:\/\/zojopackaging.com\/pt\/wp-json\/wp\/v2\/product_brand?post=8786"},{"taxonomy":"product_cat","embeddable":true,"href":"https:\/\/zojopackaging.com\/pt\/wp-json\/wp\/v2\/product_cat?post=8786"},{"taxonomy":"product_tag","embeddable":true,"href":"https:\/\/zojopackaging.com\/pt\/wp-json\/wp\/v2\/product_tag?post=8786"}],"curies":[{"name":"wp","href":"https:\/\/api.w.org\/{rel}","templated":true}]}}