{"id":8795,"date":"2025-03-31T14:26:32","date_gmt":"2025-03-31T06:26:32","guid":{"rendered":"https:\/\/zojopackaging.com\/?post_type=product&#038;p=8795"},"modified":"2025-03-31T14:52:33","modified_gmt":"2025-03-31T06:52:33","slug":"luxury-fork-knife-cutlery-spoon-tableware-set-packaging-box","status":"publish","type":"product","link":"https:\/\/zojopackaging.com\/pt\/product\/luxury-fork-knife-cutlery-spoon-tableware-set-packaging-box\/","title":{"rendered":"Conjunto de talheres de luxo com garfo, faca, colher e talheres de mesa Caixa de embalagem"},"content":{"rendered":"<h2 id=\"-product-overview-\"><strong>Vis\u00e3o geral do produto<\/strong><\/h2>\n<p>Esta caixa de embalagem de um conjunto de talheres de luxo com garfo, faca, talheres e colher foi concebida para utens\u00edlios de mesa de alta qualidade, combinando est\u00e9tica e praticidade. Utiliza materiais amigos do ambiente e um trabalho artesanal requintado. \u00c9 adequada para casamentos, hot\u00e9is, retalho de alta gama e outros cen\u00e1rios, e melhora a imagem da marca e a experi\u00eancia do utilizador com excelente qualidade.<\/p>\n<h2 id=\"-core-selling-points-\"><strong>Principais pontos de venda<\/strong><\/h2>\n<ol>\n<li><strong>Design de luxo e prote\u00e7\u00e3o de seguran\u00e7a<\/strong><\/li>\n<li><strong>Forro de veludo + compartimento de seguran\u00e7a<\/strong>: O forro da caixa de presente preta \u00e9 feito de material de veludo macio, que \u00e9 delicado e \u00e0 prova de riscos; o design personalizado do compartimento de parti\u00e7\u00e3o garante que os talheres, garfo, colher e utens\u00edlios de mesa s\u00e3o colocados firmemente para evitar colis\u00f5es durante o transporte ou armazenamento.<\/li>\n<li><strong>Estrutura empilh\u00e1vel<\/strong>: O design modular permite um empilhamento eficiente, poupa espa\u00e7o de armazenamento e transporte, reduz os custos log\u00edsticos e mant\u00e9m a estabilidade da estrutura da caixa de embalagem.<\/li>\n<li><strong>Prote\u00e7\u00e3o ambiental e durabilidade<\/strong><\/li>\n<li><strong>Material recicl\u00e1vel<\/strong>: O corpo principal \u00e9 feito de madeira reciclada amiga do ambiente, 100% recicl\u00e1vel, e cumpre as normas ambientais internacionais.<\/li>\n<li><strong>Duradouro<\/strong>: A superf\u00edcie \u00e9 coberta com um revestimento mate resistente ao desgaste, que \u00e9 resistente \u00e0 press\u00e3o e \u00e0 humidade, reutiliz\u00e1vel e mant\u00e9m o aspeto limpo durante muito tempo.<\/li>\n<li><strong>Artesanato e garantia de qualidade<\/strong><\/li>\n<li><strong>Artesanato requintado<\/strong>: Os bordos da caixa de embalagem s\u00e3o lisos e sem rebarbas, as costuras s\u00e3o precisas e a abertura e o fecho s\u00e3o suaves.<\/li>\n<li><strong>Adaptabilidade dos utens\u00edlios de mesa<\/strong>: Suporta tamanhos personalizados, combina na perfei\u00e7\u00e3o com conjuntos de facas, garfos e colheres em a\u00e7o inoxid\u00e1vel (como conjuntos de 24 pe\u00e7as, conjuntos de 36 pe\u00e7as) e adapta-se a diferentes necessidades de combina\u00e7\u00e3o de utens\u00edlios de mesa.<\/li>\n<li><strong>Cen\u00e1rios de aplica\u00e7\u00e3o multifuncionais<\/strong><\/li>\n<li><strong>Neg\u00f3cios e celebra\u00e7\u00f5es<\/strong>: Adequado para lembran\u00e7as de casamento, banquetes de hotel, brindes promocionais da marca e outros cen\u00e1rios para melhorar o n\u00edvel de actividades; suporta grava\u00e7\u00e3o a laser do LOGO ou tecnologia de estampagem a quente para melhorar o reconhecimento da marca.<\/li>\n<li><strong>Retalho topo de gama<\/strong>: Pode ser utilizada como embalagem de exposi\u00e7\u00e3o para loi\u00e7a de luxo para atrair a aten\u00e7\u00e3o dos consumidores e aumentar o valor acrescentado do produto.<\/li>\n<li><strong>Entrega eficiente e apoio ao servi\u00e7o<\/strong><\/li>\n<li><strong>Ciclo de produ\u00e7\u00e3o<\/strong>: A quantidade m\u00ednima de encomenda \u00e9 de 500 pe\u00e7as, e a produ\u00e7\u00e3o \u00e9 conclu\u00edda no prazo de 7-12 dias \u00fateis para garantir a entrega atempada.<\/li>\n<li><strong>Servi\u00e7o personalizado<\/strong>: A f\u00e1brica de origem na China fornece amostras gr\u00e1tis, consulta de design e ajuste de material (como polimento de espelho de roda de pano, personaliza\u00e7\u00e3o de textura de caixa de madeira) para atender a diversas necessidades.<\/li>\n<\/ol>\n<h2 id=\"-technical-parameters-\"><strong>Par\u00e2metros t\u00e9cnicos<\/strong><\/h2>\n<table>\n<thead>\n<tr>\n<th>Projeto<\/th>\n<th>Especifica\u00e7\u00f5es<\/th>\n<\/tr>\n<\/thead>\n<tbody>\n<tr>\n<td>Revestimento<\/td>\n<td>Veludo preto + camada interm\u00e9dia de EVA<\/td>\n<\/tr>\n<tr>\n<td>Tamanho<\/td>\n<td>Personaliz\u00e1vel (padr\u00e3o de refer\u00eancia: 25cm\u00d718cm\u00d76cm)<\/td>\n<\/tr>\n<tr>\n<td>Suporte de carga<\/td>\n<td>\u22645kg<\/td>\n<\/tr>\n<tr>\n<td>Certifica\u00e7\u00e3o ambiental<\/td>\n<td>Certifica\u00e7\u00e3o FSC, norma ROHS<\/td>\n<\/tr>\n<\/tbody>\n<\/table>\n<h2 id=\"-cooperation-advantages-\"><strong>Vantagens da coopera\u00e7\u00e3o<\/strong><\/h2>\n<ul>\n<li><strong>Vantagem de pre\u00e7o<\/strong>: Baseando-se nos recursos do cluster de fabrico da China, fornecendo solu\u00e7\u00f5es rent\u00e1veis, o pre\u00e7o unit\u00e1rio \u00e9 30%-50% inferior ao de produtos semelhantes na Europa e nos Estados Unidos.<\/li>\n<li><strong>Servi\u00e7o de balc\u00e3o \u00fanico<\/strong>: Acompanhamento desde a conce\u00e7\u00e3o, prova at\u00e9 \u00e0 produ\u00e7\u00e3o em massa, apoio \u00e0 log\u00edstica transfronteiri\u00e7a e servi\u00e7os de expedi\u00e7\u00e3o.<\/li>\n<\/ul>\n<p><strong>Consulte j\u00e1 as amostras gratuitas e comece a sua viagem de personaliza\u00e7\u00e3o de embalagens de loi\u00e7a de mesa topo de gama!<\/strong><\/p>","protected":false},"excerpt":{"rendered":"<p>Marca Eco-Consciente - Os materiais recicl\u00e1veis alinham-se com as tend\u00eancias modernas de sustentabilidade.<br \/>\nPedidos m\u00ednimos baixos - Comece com 500 unidades para testes de mercado, aumente para 50k + \/ m\u00eas.<br \/>\nEngenharia de precis\u00e3o - A toler\u00e2ncia de \u00b10,5 mm garante um enchimento perfeito da m\u00e1quina.<br \/>\nConformidade global - Cumpre as normas de embalagem da UE\/EUA para o com\u00e9rcio eletr\u00f3nico transfronteiri\u00e7o.<br \/>\nServi\u00e7o chave na m\u00e3o - Modelos de design gratuitos + entrega de amostras em 48 horas.<\/p>","protected":false},"featured_media":8801,"template":"","meta":[],"product_brand":[],"product_cat":[30,413,428,31],"product_tag":[984,983,985],"class_list":{"0":"post-8795","1":"product","2":"type-product","3":"status-publish","4":"has-post-thumbnail","6":"product_cat-by-industry","7":"product_cat-consumer-electronics-boxes","8":"product_cat-irregular-shaped-gift-boxes","9":"product_cat-paper-box-style","10":"product_tag-cutlery-spoon-packaging","11":"product_tag-fork-knife-packaging-box","12":"product_tag-tableware-set-packaging-box","14":"first","15":"instock","16":"shipping-taxable","17":"product-type-simple"},"_links":{"self":[{"href":"https:\/\/zojopackaging.com\/pt\/wp-json\/wp\/v2\/product\/8795","targetHints":{"allow":["GET"]}}],"collection":[{"href":"https:\/\/zojopackaging.com\/pt\/wp-json\/wp\/v2\/product"}],"about":[{"href":"https:\/\/zojopackaging.com\/pt\/wp-json\/wp\/v2\/types\/product"}],"version-history":[{"count":3,"href":"https:\/\/zojopackaging.com\/pt\/wp-json\/wp\/v2\/product\/8795\/revisions"}],"predecessor-version":[{"id":8811,"href":"https:\/\/zojopackaging.com\/pt\/wp-json\/wp\/v2\/product\/8795\/revisions\/8811"}],"wp:featuredmedia":[{"embeddable":true,"href":"https:\/\/zojopackaging.com\/pt\/wp-json\/wp\/v2\/media\/8801"}],"wp:attachment":[{"href":"https:\/\/zojopackaging.com\/pt\/wp-json\/wp\/v2\/media?parent=8795"}],"wp:term":[{"taxonomy":"product_brand","embeddable":true,"href":"https:\/\/zojopackaging.com\/pt\/wp-json\/wp\/v2\/product_brand?post=8795"},{"taxonomy":"product_cat","embeddable":true,"href":"https:\/\/zojopackaging.com\/pt\/wp-json\/wp\/v2\/product_cat?post=8795"},{"taxonomy":"product_tag","embeddable":true,"href":"https:\/\/zojopackaging.com\/pt\/wp-json\/wp\/v2\/product_tag?post=8795"}],"curies":[{"name":"wp","href":"https:\/\/api.w.org\/{rel}","templated":true}]}}