{"id":8812,"date":"2025-03-31T14:53:11","date_gmt":"2025-03-31T06:53:11","guid":{"rendered":"https:\/\/zojopackaging.com\/?post_type=product&#038;p=8812"},"modified":"2025-03-31T15:17:40","modified_gmt":"2025-03-31T07:17:40","slug":"luxury-perfume-oil-packaging-gift-box-wholesale-with-insert","status":"publish","type":"product","link":"https:\/\/zojopackaging.com\/pt\/product\/luxury-perfume-oil-packaging-gift-box-wholesale-with-insert\/","title":{"rendered":"Caixa de presente para embalagem de \u00f3leo de perfume de luxo por atacado com inser\u00e7\u00e3o"},"content":{"rendered":"<h2 id=\"-core-product-highlights-\"><strong>Destaques dos principais produtos<\/strong><\/h2>\n<ol>\n<li><strong>Duplo luxo da vis\u00e3o e do tato<\/strong><\/li>\n<li><strong>Correspond\u00eancia de cores e padr\u00e3o<\/strong>: As cores principais s\u00e3o o azul safira profundo e o vermelho borgonha quente, formando um contraste cl\u00e1ssico, transmitindo uma linguagem visual discreta e luxuosa; a superf\u00edcie da caixa \u00e9 incrustada com um padr\u00e3o de trevo de quatro folhas banhado a ouro, simbolizando a sorte e a eternidade, e o sentido tridimensional \u00e9 refor\u00e7ado atrav\u00e9s da tecnologia UV local para criar uma identidade visual diferenciada da marca.<\/li>\n<li><strong>Tratamento de superf\u00edcie<\/strong>: A tecnologia de lamina\u00e7\u00e3o t\u00e1til mate anti-riscos evita res\u00edduos de impress\u00f5es digitais, conferindo ao corpo da caixa uma delicada textura mate, ao mesmo tempo que melhora a resist\u00eancia ao desgaste para garantir um aspeto perfeito durante o transporte e a apresenta\u00e7\u00e3o.<\/li>\n<li><strong>Sele\u00e7\u00e3o de materiais que privilegia tanto a prote\u00e7\u00e3o ambiental como a qualidade<\/strong><\/li>\n<li><strong>Cart\u00e3o certificado FSC<\/strong>: O corpo principal \u00e9 feito de cart\u00e3o cinzento com 1,5 mm de espessura, certificado pelo FSC, com cobertura dupla de cobre de 157 g, que possui propriedades de resist\u00eancia \u00e0 press\u00e3o e de prote\u00e7\u00e3o ambiental e cumpre as normas internacionais de aquisi\u00e7\u00e3o sustent\u00e1vel.<\/li>\n<li><strong>Forro personalizado<\/strong>: Est\u00e3o dispon\u00edveis caixas de blister em EVA ou embalagens de veludo PU, que podem ser adaptadas com precis\u00e3o ao frasco de \u00f3leo de perfume de 5ml-30ml. O forro pode ser personalizado com cores espec\u00edficas da marca (como ouro champanhe e vermelho vinho) para aumentar a sensa\u00e7\u00e3o de cerim\u00f3nia ao abrir a caixa.<\/li>\n<li><strong>Design funcional inteligente<\/strong><\/li>\n<li><strong>Sistema de veda\u00e7\u00e3o magn\u00e9tica<\/strong>: Fechos magn\u00e9ticos invis\u00edveis incorporados para abrir e fechar com uma s\u00f3 m\u00e3o. Quando fechada, encaixa-se firmemente para evitar o risco de desgaste da estrutura tradicional do tipo lingueta, o que \u00e9 adequado para cenas frequentes de presentes.<\/li>\n<li><strong>Painel personalizado da marca<\/strong>: A tampa interior reserva um painel em relevo em branco, que suporta impress\u00e3o a laser, logotipo de estampagem a quente ou c\u00f3digo QR (resolu\u00e7\u00e3o \u2265300dpi), atendendo \u00e0s diversas necessidades de exibi\u00e7\u00e3o da hist\u00f3ria da marca, implanta\u00e7\u00e3o de link de atividade promocional, etc.<\/li>\n<\/ol>\n<h3 id=\"-technical-parameters-and-customized-services-\"><strong>Par\u00e2metros t\u00e9cnicos e servi\u00e7os personalizados<\/strong><\/h3>\n<table>\n<thead>\n<tr>\n<th>Projeto<\/th>\n<th>Especifica\u00e7\u00f5es<\/th>\n<\/tr>\n<\/thead>\n<tbody>\n<tr>\n<td><strong>Tamanho b\u00e1sico<\/strong><\/td>\n<td>Tamanho padr\u00e3o 15\u00d76\u00d73cm (di\u00e2metro interno), suporte a personaliza\u00e7\u00e3o de tamanho n\u00e3o padr\u00e3o, erro \u22641mm<\/td>\n<\/tr>\n<tr>\n<td><strong>Quantidade m\u00ednima de encomenda<\/strong><\/td>\n<td>As encomendas em massa come\u00e7am a partir de 1.000 pe\u00e7as, suportam a produ\u00e7\u00e3o de cores e vers\u00f5es mistas<\/td>\n<\/tr>\n<tr>\n<td><strong>Op\u00e7\u00f5es de processo<\/strong><\/td>\n<td>Estampagem a quente\/prata, grava\u00e7\u00e3o em relevo, pel\u00edcula brilhante local UV, serigrafia (correspond\u00eancia do n\u00famero de cor Pantone)<\/td>\n<\/tr>\n<tr>\n<td><strong>Ciclo de produ\u00e7\u00e3o<\/strong><\/td>\n<td>5 dias para a prova, 15-18 dias para a produ\u00e7\u00e3o em s\u00e9rie (apoio ao servi\u00e7o expedito)<\/td>\n<\/tr>\n<tr>\n<td><strong>Servi\u00e7os de apoio<\/strong><\/td>\n<td>Esbo\u00e7o de design 3D gratuito, prova f\u00edsica e otimiza\u00e7\u00e3o da solu\u00e7\u00e3o log\u00edstica, apoio \u00e0 exporta\u00e7\u00e3o transfronteiri\u00e7a de embalagens dedicadas<\/td>\n<\/tr>\n<\/tbody>\n<\/table>\n<h2 id=\"-advantages-of-made-in-china-\"><strong>Vantagens do Made in China<\/strong><\/h2>\n<ul>\n<li><strong>Fornecimento direto da f\u00e1brica de origem<\/strong>: Mais de 16 anos de experi\u00eancia na ind\u00fastria, sistema de qualidade ISO e certifica\u00e7\u00e3o SEDEX, para garantir um controlo de qualidade de n\u00edvel internacional.<\/li>\n<li><strong>Vantagem em termos de custos<\/strong>: A produ\u00e7\u00e3o em grande escala reduz o pre\u00e7o unit\u00e1rio (encomendas a granel a partir de \u00a50,50\/unidade), a cota\u00e7\u00e3o de transporte isento de impostos \u00e9 opcional e \u00e9 necess\u00e1rio um dep\u00f3sito de 30% para iniciar a encomenda.<\/li>\n<li><strong>Servi\u00e7os de valor acrescentado<\/strong>: Conce\u00e7\u00e3o gratuita da adapta\u00e7\u00e3o da marca VI, consultoria de solu\u00e7\u00f5es de embalagem sustent\u00e1veis e auditoria de conformidade global (como as normas REACH da UE).<\/li>\n<\/ul>\n<p><strong>Cen\u00e1rios de aplica\u00e7\u00e3o<\/strong>: caixas de presente de anivers\u00e1rio de marcas de perfumes de alta gama, conjuntos de luxo transfronteiri\u00e7os, presentes personalizados para membros VIP, embalagens de promo\u00e7\u00e3o de f\u00e9rias de com\u00e9rcio eletr\u00f3nico (como a edi\u00e7\u00e3o limitada de Natal).<\/p>","protected":false},"excerpt":{"rendered":"<p>Destacar a marca: O padr\u00e3o dourado do trevo de quatro folhas e o design de duas cores melhoram a experi\u00eancia de unboxing.<br \/>\nEco-Premium: Os materiais reciclados duradouros alinham-se com os objectivos de sustentabilidade sem comprometer o luxo.<br \/>\nEfici\u00eancia a granel: A rapidez de resposta, os pre\u00e7os competitivos e os pain\u00e9is com log\u00f3tipo pronto simplificam as encomendas por grosso.<br \/>\nPreparado para o mercado global: Compacto, leve e testado para envio internacional econ\u00f3mico.<\/p>","protected":false},"featured_media":8813,"template":"","meta":[],"product_brand":[],"product_cat":[30,415,428,31],"product_tag":[986,988,987],"class_list":{"0":"post-8812","1":"product","2":"type-product","3":"status-publish","4":"has-post-thumbnail","6":"product_cat-by-industry","7":"product_cat-custom-jewelry-boxes-by-industry","8":"product_cat-irregular-shaped-gift-boxes","9":"product_cat-paper-box-style","10":"product_tag-luxury-perfume-oil-packaging","11":"product_tag-perfume-oil-box-wholesale","12":"product_tag-perfume-oil-packaging","14":"first","15":"instock","16":"shipping-taxable","17":"product-type-simple"},"_links":{"self":[{"href":"https:\/\/zojopackaging.com\/pt\/wp-json\/wp\/v2\/product\/8812","targetHints":{"allow":["GET"]}}],"collection":[{"href":"https:\/\/zojopackaging.com\/pt\/wp-json\/wp\/v2\/product"}],"about":[{"href":"https:\/\/zojopackaging.com\/pt\/wp-json\/wp\/v2\/types\/product"}],"version-history":[{"count":1,"href":"https:\/\/zojopackaging.com\/pt\/wp-json\/wp\/v2\/product\/8812\/revisions"}],"predecessor-version":[{"id":8819,"href":"https:\/\/zojopackaging.com\/pt\/wp-json\/wp\/v2\/product\/8812\/revisions\/8819"}],"wp:featuredmedia":[{"embeddable":true,"href":"https:\/\/zojopackaging.com\/pt\/wp-json\/wp\/v2\/media\/8813"}],"wp:attachment":[{"href":"https:\/\/zojopackaging.com\/pt\/wp-json\/wp\/v2\/media?parent=8812"}],"wp:term":[{"taxonomy":"product_brand","embeddable":true,"href":"https:\/\/zojopackaging.com\/pt\/wp-json\/wp\/v2\/product_brand?post=8812"},{"taxonomy":"product_cat","embeddable":true,"href":"https:\/\/zojopackaging.com\/pt\/wp-json\/wp\/v2\/product_cat?post=8812"},{"taxonomy":"product_tag","embeddable":true,"href":"https:\/\/zojopackaging.com\/pt\/wp-json\/wp\/v2\/product_tag?post=8812"}],"curies":[{"name":"wp","href":"https:\/\/api.w.org\/{rel}","templated":true}]}}