{"id":8820,"date":"2025-03-31T15:17:51","date_gmt":"2025-03-31T07:17:51","guid":{"rendered":"https:\/\/zojopackaging.com\/?post_type=product&#038;p=8820"},"modified":"2025-03-31T15:42:24","modified_gmt":"2025-03-31T07:42:24","slug":"custom-classic-wine-packaging-box-wholesale-with-ribbon","status":"publish","type":"product","link":"https:\/\/zojopackaging.com\/pt\/product\/custom-classic-wine-packaging-box-wholesale-with-ribbon\/","title":{"rendered":"Caixa de embalagem de vinho cl\u00e1ssica personalizada por atacado com fita"},"content":{"rendered":"<h2 id=\"-1-magnetic-embedded-lid-design-combining-aesthetics-and-durability-\"><strong>1. Design de tampa magn\u00e9tica embutida, combinando est\u00e9tica e durabilidade<\/strong><\/h2>\n<ul>\n<li><strong>Tecnologia inovadora de \u00edmanes incorporados<\/strong>: Adoptando uma estrutura magn\u00e9tica oculta, o \u00edman \u00e9 incorporado no corpo da caixa atrav\u00e9s de um molde de precis\u00e3o para evitar o problema das tradicionais fivelas magn\u00e9ticas expostas que se desgastam e riscam facilmente. Quando a tampa \u00e9 fechada, a for\u00e7a magn\u00e9tica \u00e9 absorvida uniformemente e a experi\u00eancia de abertura e fecho \u00e9 suave e elegante, garantindo um desempenho est\u00e1vel ap\u00f3s uma utiliza\u00e7\u00e3o repetida.<\/li>\n<li><strong>Atualiza\u00e7\u00e3o da prote\u00e7\u00e3o<\/strong>: O ponto magn\u00e9tico est\u00e1 nivelado com a superf\u00edcie do corpo da caixa e o design n\u00e3o saliente reduz o risco de colis\u00e3o durante o transporte, o que \u00e9 adequado para o transporte mar\u00edtimo de longa dist\u00e2ncia e cen\u00e1rios de utiliza\u00e7\u00e3o de alta frequ\u00eancia.<\/li>\n<\/ul>\n<h2 id=\"-2-customized-ribbon-accessories-to-enhance-the-visual-impact-of-the-brand-\"><strong>2. Acess\u00f3rios de fitas personalizados para aumentar o impacto visual da marca<\/strong><\/h2>\n<ul>\n<li><strong>Sele\u00e7\u00e3o de materiais de alta qualidade<\/strong>: Seda, cetim, veludo e outros materiais de fitas est\u00e3o dispon\u00edveis, e as cores cl\u00e1ssicas vermelho vinho, ouro champanhe, verde escuro e outras cores s\u00e3o opcionais, formando um forte contraste visual com o corpo da caixa preta, real\u00e7ando a textura luxuosa.<\/li>\n<li><strong>Personaliza\u00e7\u00e3o do log\u00f3tipo da marca<\/strong>: Suporte para estampagem a quente do LOGOTIPO da marca, texto em relevo ou bordado na superf\u00edcie da fita, o que pode melhorar a sensa\u00e7\u00e3o de cerim\u00f3nia de desempacotamento do presente e aumentar o reconhecimento da marca<\/li>\n<\/ul>\n<h2 id=\"-3-foldable-flat-structure-reducing-logistics-costs-by-50-\"><strong>3. Estrutura plana e dobr\u00e1vel, reduzindo os custos log\u00edsticos em 50%<\/strong><\/h2>\n<ul>\n<li><strong>Design patenteado e dobr\u00e1vel<\/strong>: O corpo da caixa adopta a tecnologia de linha de dobragem pr\u00e9-prensada e a caixa vazia pode ser dobrada at\u00e9 1\/5 do volume original, reduzindo consideravelmente o espa\u00e7o de armazenamento e transporte. Quando achatada, reduz significativamente os custos de transporte internacional.<\/li>\n<li><strong>Montagem r\u00e1pida<\/strong>: Depois de a receber, o utilizador s\u00f3 precisa de desdobrar o corpo da caixa e inserir o forro para a formar. N\u00e3o s\u00e3o necess\u00e1rias colas nem ferramentas e a montagem pode ser efectuada em 30 segundos.<\/li>\n<\/ul>\n<h2 id=\"-4-anti-scratch-matte-coating-anti-fingerprint-and-wear-resistant-dual-protection-\"><strong>4. Revestimento mate anti-riscos, prote\u00e7\u00e3o dupla anti-impress\u00e3o digital e resistente ao desgaste<\/strong><\/h2>\n<ul>\n<li><strong>Processo de mate de n\u00edvel nanom\u00e9trico<\/strong>: A superf\u00edcie adopta a tecnologia de revestimento de \u00f3leo mate anti-riscos \u00e0 base de \u00e1gua e \u00e9 formada uma camada protetora densa atrav\u00e9s da cura UV. A dureza Mohs \u00e9 superior a 3H, o que resiste eficazmente aos riscos de transporte e elimina os problemas de res\u00edduos de impress\u00f5es digitais.<\/li>\n<li><strong>Otimiza\u00e7\u00e3o t\u00e1til<\/strong>: A textura mate \u00e9 combinada com o corpo da caixa preta para apresentar uma textura mate discreta e luxuosa, que real\u00e7a a sensa\u00e7\u00e3o de topo de gama do produto.<\/li>\n<\/ul>\n<h2 id=\"-5-customization-of-blank-inner-panels-supporting-multiple-processes-\"><strong>5. Personaliza\u00e7\u00e3o de pain\u00e9is interiores em branco, suportando m\u00faltiplos processos<\/strong><\/h2>\n<ul>\n<li><strong>Grava\u00e7\u00e3o a laser<\/strong>: A m\u00e1quina de marca\u00e7\u00e3o a laser de fibra \u00e9 utilizada para gravar informa\u00e7\u00f5es sobre a marca, b\u00ean\u00e7\u00e3os ou padr\u00f5es na placa de revestimento interior com uma precis\u00e3o de 0,01 mm, o que \u00e9 adequado para uma variedade de materiais de revestimento interior, tais como a\u00e7o inoxid\u00e1vel, madeira e EVA.<\/li>\n<li><strong>Estampagem a quente\/impress\u00e3o de c\u00f3digos QR<\/strong>: Suporta estampagem a quente parcial, grava\u00e7\u00e3o a laser e outros processos, ou imprime diretamente c\u00f3digos QR din\u00e2micos para ligar ao s\u00edtio Web oficial da marca e ao sistema de rastreabilidade para melhorar a experi\u00eancia de intera\u00e7\u00e3o com o cliente.<\/li>\n<\/ul>\n<h2 id=\"-6-all-black-box-body-design-interpreting-the-ultimate-modern-aesthetics-\"><strong>6. Design da carro\u00e7aria da caixa totalmente em preto, interpretando a derradeira est\u00e9tica moderna<\/strong><\/h2>\n<ul>\n<li><strong>Aplica\u00e7\u00e3o da psicologia da cor<\/strong>: O preto profundo simboliza os cl\u00e1ssicos eternos, emparelhado com a textura mate e os detalhes met\u00e1licos magn\u00e9ticos, transmitindo o tom da marca de \"luxo discreto\", adequado para presentes de neg\u00f3cios topo de gama e vinhos de n\u00edvel de cole\u00e7\u00e3o.<\/li>\n<li><strong>Refor\u00e7o estrutural<\/strong>: Adopta uma placa cinzenta de 1200g + material composto de couro PU, com uma capacidade de carga de 10kg, garantindo a seguran\u00e7a do transporte da garrafa de vinho.<\/li>\n<\/ul>\n<h2 id=\"-7-advantages-of-china-s-source-factory-free-design-high-cost-performance-\"><strong>7. Vantagens da f\u00e1brica de origem chinesa: conce\u00e7\u00e3o livre + desempenho a custos elevados<\/strong><\/h2>\n<ul>\n<li><strong>Prova de custo zero<\/strong>: A f\u00e1brica fornece amostras gratuitas (limitadas a 3 tipos b\u00e1sicos de caixas), suporta desenhos personalizados ou desenvolvimento de solu\u00e7\u00f5es individuais por designers exclusivos.<\/li>\n<li><strong>Sistema de cota\u00e7\u00e3o de escada<\/strong>: O pre\u00e7o de encomenda de 500 pe\u00e7as \u00e9 t\u00e3o baixo como \u00a537\/pe\u00e7a, e est\u00e3o dispon\u00edveis descontos exclusivos para encomendas superiores a 5.000 pe\u00e7as, o que \u00e9 60% mais baixo do que produtos semelhantes na Europa e nos Estados Unidos.<\/li>\n<li><strong>Garantia de qualidade<\/strong>: Passou o sistema de gest\u00e3o da qualidade ISO 9001 e a certifica\u00e7\u00e3o SEDEX 4P, fornece uma garantia de 18 meses e apoia a inspe\u00e7\u00e3o por terceiros.<\/li>\n<\/ul>","protected":false},"excerpt":{"rendered":"<ul>\n<li>\ud83c\udfc6\u00a0<strong>Diferencia\u00e7\u00e3o da marca<\/strong>: Os motivos em folha de ouro e a textura mate criam um teatro de unboxing para um posicionamento premium.<\/li>\n<li>\ud83c\udf31\u00a0<strong>Prest\u00edgio sustent\u00e1vel<\/strong>: Os materiais certificados pelo FSC est\u00e3o em sintonia com as tend\u00eancias de luxo eco-conscientes.<\/li>\n<li>\ud83d\udee1\ufe0f\u00a0<strong>Log\u00edstica pronta<\/strong>: 30% mais leve do que as caixas de madeira maci\u00e7a com uma resist\u00eancia superior ao esmagamento.<\/li>\n<li>\ud83d\udcbc\u00a0<strong>Efici\u00eancia das encomendas em massa<\/strong>: A produ\u00e7\u00e3o mista de SKU minimiza os custos de invent\u00e1rio.<\/li>\n<\/ul>","protected":false},"featured_media":8826,"template":"","meta":[],"product_brand":[],"product_cat":[30,427,419,31],"product_tag":[990,989,991],"class_list":{"0":"post-8820","1":"product","2":"type-product","3":"status-publish","4":"has-post-thumbnail","6":"product_cat-by-industry","7":"product_cat-collapsible-gift-boxes","8":"product_cat-custom-wines-spirits-boxes","9":"product_cat-paper-box-style","10":"product_tag-custom-wine-packaging","11":"product_tag-wine-packaging-box","12":"product_tag-wine-packaging-wholesale","14":"first","15":"instock","16":"shipping-taxable","17":"product-type-simple"},"_links":{"self":[{"href":"https:\/\/zojopackaging.com\/pt\/wp-json\/wp\/v2\/product\/8820","targetHints":{"allow":["GET"]}}],"collection":[{"href":"https:\/\/zojopackaging.com\/pt\/wp-json\/wp\/v2\/product"}],"about":[{"href":"https:\/\/zojopackaging.com\/pt\/wp-json\/wp\/v2\/types\/product"}],"version-history":[{"count":2,"href":"https:\/\/zojopackaging.com\/pt\/wp-json\/wp\/v2\/product\/8820\/revisions"}],"predecessor-version":[{"id":8828,"href":"https:\/\/zojopackaging.com\/pt\/wp-json\/wp\/v2\/product\/8820\/revisions\/8828"}],"wp:featuredmedia":[{"embeddable":true,"href":"https:\/\/zojopackaging.com\/pt\/wp-json\/wp\/v2\/media\/8826"}],"wp:attachment":[{"href":"https:\/\/zojopackaging.com\/pt\/wp-json\/wp\/v2\/media?parent=8820"}],"wp:term":[{"taxonomy":"product_brand","embeddable":true,"href":"https:\/\/zojopackaging.com\/pt\/wp-json\/wp\/v2\/product_brand?post=8820"},{"taxonomy":"product_cat","embeddable":true,"href":"https:\/\/zojopackaging.com\/pt\/wp-json\/wp\/v2\/product_cat?post=8820"},{"taxonomy":"product_tag","embeddable":true,"href":"https:\/\/zojopackaging.com\/pt\/wp-json\/wp\/v2\/product_tag?post=8820"}],"curies":[{"name":"wp","href":"https:\/\/api.w.org\/{rel}","templated":true}]}}