{"id":8829,"date":"2025-03-31T15:43:47","date_gmt":"2025-03-31T07:43:47","guid":{"rendered":"https:\/\/zojopackaging.com\/?post_type=product&#038;p=8829"},"modified":"2025-03-31T16:19:50","modified_gmt":"2025-03-31T08:19:50","slug":"custom-printed-men-underwear-packaging-boxes-wholesale","status":"publish","type":"product","link":"https:\/\/zojopackaging.com\/pt\/product\/custom-printed-men-underwear-packaging-boxes-wholesale\/","title":{"rendered":"Caixas de embalagem de roupa interior para homem com impress\u00e3o personalizada por atacado"},"content":{"rendered":"<h2 id=\"-product-overview-\"><strong>Vis\u00e3o geral do produto<\/strong><\/h2>\n<p>Este produto \u00e9 uma caixa de oferta de embalagem ecol\u00f3gica de alta qualidade concebida para marcas de roupa interior para homem. Combina praticidade e fun\u00e7\u00f5es de exposi\u00e7\u00e3o da marca, e \u00e9 adequada para conjuntos de oferta, caixas de oferta de f\u00e9rias ou cen\u00e1rios de retalho di\u00e1rio. Utiliza materiais amigos do ambiente e artesanato fino, suporta servi\u00e7os personalizados de processo completo e satisfaz as necessidades de diferencia\u00e7\u00e3o da marca.<\/p>\n<h3 id=\"-core-selling-points-\"><strong>Principais pontos de venda<\/strong><\/h3>\n<ol>\n<li><strong>Materiais amigos do ambiente e impress\u00e3o de alta qualidade<\/strong><\/li>\n<li><strong>Cart\u00e3o branco espessado de 350 grs.\/cart\u00e3o reciclado<\/strong>O material de embalagem: garante estabilidade de empilhamento e resist\u00eancia \u00e0 press\u00e3o, cumpre as normas ambientais e \u00e9 recicl\u00e1vel e degrad\u00e1vel.<\/li>\n<li><strong>Tecnologia de impress\u00e3o de alta precis\u00e3o<\/strong>: suporta impress\u00e3o a quatro cores, estampagem a quente de cores diretas, lamina\u00e7\u00e3o UV e outros processos, apresenta log\u00f3tipos de marcas, instru\u00e7\u00f5es de cuidados ou c\u00f3digos QR, a reprodu\u00e7\u00e3o de cores atinge \u0394E\u22641,5 e n\u00e3o desvanece ap\u00f3s 30 lavagens.<\/li>\n<li><strong>Op\u00e7\u00f5es de design flex\u00edveis<\/strong><\/li>\n<li><strong>Variante de janela transparente<\/strong>: A parte superior ou lateral da caixa de oferta pode ser personalizada com uma janela de pel\u00edcula PET transparente semicircular\/retangular para apresentar intuitivamente a cor e o estilo do produto (como o modelo do ano do zod\u00edaco vermelho, s\u00e9rie modal ice silk).<\/li>\n<li><strong>Integra\u00e7\u00e3o dos elementos da marca<\/strong>: permite adicionar log\u00f3tipo em relevo, texto em hot stamping, cart\u00f5es com a hist\u00f3ria da marca, etc., para melhorar a sensa\u00e7\u00e3o de qualidade da caixa de oferta.<\/li>\n<li><strong>Estrutura de precis\u00e3o e fun\u00e7\u00f5es pr\u00e1ticas<\/strong><\/li>\n<li><strong>Divis\u00f3ria interna amov\u00edvel<\/strong>: separar 3-5 pe\u00e7as de roupa interior (como cuecas boxer, estilo antibacteriano, estilo desportivo) para evitar a desloca\u00e7\u00e3o durante o transporte e adaptar-se a diferentes combina\u00e7\u00f5es de produtos.<\/li>\n<li><strong>Processo de dobragem sem costuras<\/strong>: corte de precis\u00e3o a laser, sem cola, montagem r\u00e1pida em 10 segundos, cantos arredondados sem rebarbas.<\/li>\n<\/ol>\n<h3 id=\"-customized-service-and-production-advantages-\"><strong>Servi\u00e7o personalizado e vantagens de produ\u00e7\u00e3o<\/strong><\/h3>\n<ol>\n<li><strong>Quantidade m\u00ednima de encomenda e ciclo de entrega<\/strong><\/li>\n<li><strong>Quantidade m\u00ednima de encomenda 500 pe\u00e7as<\/strong>: as encomendas experimentais de pequenos lotes s\u00e3o flex\u00edveis e apoiam os primeiros testes de mercado das marcas.<\/li>\n<li><strong>Desconto por volume<\/strong>: as encomendas superiores a 10 000 pe\u00e7as beneficiam de pre\u00e7os diferenciados (pre\u00e7o unit\u00e1rio t\u00e3o baixo quanto \u00a50,25\/pe\u00e7a) e o ciclo de produ\u00e7\u00e3o \u00e9 reduzido para 7 dias.<\/li>\n<li><strong>Servi\u00e7o gratuito de valor acrescentado<\/strong><\/li>\n<li><strong>Projeto de conce\u00e7\u00e3o 3D e amostra<\/strong>: A f\u00e1brica fornece a modifica\u00e7\u00e3o do ficheiro fonte AI\/CDR e envia amostras f\u00edsicas gratuitamente (1-3 dias \u00fateis).<\/li>\n<li><strong>Solu\u00e7\u00e3o \u00fanica<\/strong>: Abrange todo o processo de conce\u00e7\u00e3o da embalagem, sele\u00e7\u00e3o de materiais e embalagem log\u00edstica (embalagem independente de caixas de cart\u00e3o canelado).<\/li>\n<\/ol>\n<h3 id=\"-application-scenarios-and-case-references-\"><strong>Cen\u00e1rios de aplica\u00e7\u00e3o e refer\u00eancias de casos<\/strong><\/h3>\n<ul>\n<li><strong>Caixa de oferta do festival<\/strong>: Por exemplo, a caixa de oferta vermelha para o Ano do Drag\u00e3o \u00e9 acompanhada por uma janela transparente, com 3 cuecas antibacterianas incorporadas, e vem com pastilhas de aromaterapia de marca.<\/li>\n<\/ul>\n<h3 id=\"-cooperation-process-\"><strong>Processo de coopera\u00e7\u00e3o<\/strong><\/h3>\n<ol>\n<li><strong>Confirma\u00e7\u00e3o do pedido<\/strong>: Fornecer um projeto\/amostra de conce\u00e7\u00e3o, selecionar materiais e processos.<\/li>\n<li><strong>Revis\u00e3o de provas<\/strong>: Produ\u00e7\u00e3o completa da amostra no prazo de 3 dias \u00fateis.<\/li>\n<li><strong>Produ\u00e7\u00e3o em massa<\/strong>: Entrega no prazo de 7-15 dias ap\u00f3s a confirma\u00e7\u00e3o, apoiando a log\u00edstica global (DHL\/FedEx at\u00e9 \u00e0 porta).<\/li>\n<\/ol>\n<hr \/>\n<h3 id=\"-factory-qualification-\"><strong>Qualifica\u00e7\u00e3o de f\u00e1brica<\/strong><\/h3>\n<ul>\n<li><strong>F\u00e1brica de origem na China<\/strong>: Certifica\u00e7\u00e3o ISO 9001, equipada com uma m\u00e1quina de impress\u00e3o offset de oito cores da Heidelberg e equipamento de corte e vinco totalmente autom\u00e1tico, com uma capacidade de produ\u00e7\u00e3o anual de mais de 10 milh\u00f5es de pe\u00e7as.<\/li>\n<li><strong>Desenvolvimento sustent\u00e1vel<\/strong>: Fornecer op\u00e7\u00f5es de impress\u00e3o em papel reciclado e tinta de soja, em conformidade com o posicionamento de prote\u00e7\u00e3o ambiental da marca.<\/li>\n<\/ul>\n<p><strong>Consultar agora<\/strong>: Obtenha or\u00e7amentos exclusivos e solu\u00e7\u00f5es de conce\u00e7\u00e3o, resposta em 24 horas!<\/p>","protected":false},"excerpt":{"rendered":"<p>\u2705\u00a0<strong>Consci\u00eancia ecol\u00f3gica<\/strong>\u00a0- Os materiais recicl\u00e1veis do 100% reduzem o impacto ambiental<br \/>\n\u2705\u00a0<strong>Marca Amplificador<\/strong>\u00a0- A impress\u00e3o de alta defini\u00e7\u00e3o aumenta o valor percepcionado do produto<br \/>\n\u2705\u00a0<strong>Efici\u00eancia de custos<\/strong>\u00a0- Pre\u00e7os a granel a partir de $0.30\/unidade<br \/>\n\u2705\u00a0<strong>Conformidade global<\/strong>\u00a0- Aprovado nos testes de seguran\u00e7a EU REACH e US CPSIA<\/p>","protected":false},"featured_media":8830,"template":"","meta":[],"product_brand":[],"product_cat":[30,414,430,31],"product_tag":[996,995,491],"class_list":{"0":"post-8829","1":"product","2":"type-product","3":"status-publish","4":"has-post-thumbnail","6":"product_cat-by-industry","7":"product_cat-custom-apparel-boxes","8":"product_cat-folding-cartons","9":"product_cat-paper-box-style","10":"product_tag-custom-underwear-packaging-boxes","11":"product_tag-men-underwear-packaging","12":"product_tag-underwear-packaging-wholesale","14":"first","15":"instock","16":"shipping-taxable","17":"product-type-simple"},"_links":{"self":[{"href":"https:\/\/zojopackaging.com\/pt\/wp-json\/wp\/v2\/product\/8829","targetHints":{"allow":["GET"]}}],"collection":[{"href":"https:\/\/zojopackaging.com\/pt\/wp-json\/wp\/v2\/product"}],"about":[{"href":"https:\/\/zojopackaging.com\/pt\/wp-json\/wp\/v2\/types\/product"}],"version-history":[{"count":2,"href":"https:\/\/zojopackaging.com\/pt\/wp-json\/wp\/v2\/product\/8829\/revisions"}],"predecessor-version":[{"id":8849,"href":"https:\/\/zojopackaging.com\/pt\/wp-json\/wp\/v2\/product\/8829\/revisions\/8849"}],"wp:featuredmedia":[{"embeddable":true,"href":"https:\/\/zojopackaging.com\/pt\/wp-json\/wp\/v2\/media\/8830"}],"wp:attachment":[{"href":"https:\/\/zojopackaging.com\/pt\/wp-json\/wp\/v2\/media?parent=8829"}],"wp:term":[{"taxonomy":"product_brand","embeddable":true,"href":"https:\/\/zojopackaging.com\/pt\/wp-json\/wp\/v2\/product_brand?post=8829"},{"taxonomy":"product_cat","embeddable":true,"href":"https:\/\/zojopackaging.com\/pt\/wp-json\/wp\/v2\/product_cat?post=8829"},{"taxonomy":"product_tag","embeddable":true,"href":"https:\/\/zojopackaging.com\/pt\/wp-json\/wp\/v2\/product_tag?post=8829"}],"curies":[{"name":"wp","href":"https:\/\/api.w.org\/{rel}","templated":true}]}}