{"id":8841,"date":"2025-03-31T16:15:36","date_gmt":"2025-03-31T08:15:36","guid":{"rendered":"https:\/\/zojopackaging.com\/?post_type=product&#038;p=8841"},"modified":"2025-03-31T16:45:59","modified_gmt":"2025-03-31T08:45:59","slug":"eco-friendly-custom-logo-printed-parfum-folding-carton-box","status":"publish","type":"product","link":"https:\/\/zojopackaging.com\/pt\/product\/eco-friendly-custom-logo-printed-parfum-folding-carton-box\/","title":{"rendered":"Caixa de cart\u00e3o dobr\u00e1vel para perfume com log\u00f3tipo personalizado e amigo do ambiente"},"content":{"rendered":"<div class=\"widget block block-static-block\">\n<div class=\"landing-page-section option-bottom\">\n<div class=\"custom-materials-tabs-content container container-adjustment\">\n<div class=\"custom-materials-tab-content active\">\n<div class=\"widget block block-static-block\">\n<div class=\"options-items\">\n<div class=\"flex-grid-row-option\">\n<div class=\"flex-grid-item-option\">\n<div class=\"material-box\">\n<p>No mercado de consumo de perfumes, a embalagem n\u00e3o \u00e9 apenas o \"cart\u00e3o de visita externo\" do produto, mas tamb\u00e9m o principal portador dos valores da marca e da experi\u00eancia do utilizador. A embalagem de cart\u00e3o dobr\u00e1vel para perfumes com log\u00f3tipo personalizado e amigo do ambiente oferece \u00e0s marcas solu\u00e7\u00f5es que combinam est\u00e9tica e prote\u00e7\u00e3o ambiental atrav\u00e9s da inova\u00e7\u00e3o de materiais, actualiza\u00e7\u00f5es de processos e design funcional. A seguir, analisamos as suas principais vantagens a partir de m\u00faltiplas dimens\u00f5es:<\/p>\n<h4 id=\"-1-white-card-material-smooth-base-suitable-for-multiple-printing-needs-\"><strong>1. Material do cart\u00e3o branco: base lisa, adequada para v\u00e1rias necessidades de impress\u00e3o<\/strong><\/h4>\n<p>Utilizando cart\u00e3o de p\u00f3 \u00fanico de 350g ou papel de cart\u00e3o branco (como o cart\u00e3o de primeira qualidade Invercote), a superf\u00edcie \u00e9 delicada e lisa, com forte absor\u00e7\u00e3o de tinta, e pode realizar processos complexos como estampagem a quente e impress\u00e3o a quatro cores. A espessura do papel \u00e9 opcional (entre 125 e 350 g), o que n\u00e3o s\u00f3 garante a rigidez e a resist\u00eancia \u00e0 press\u00e3o do corpo da caixa, como tamb\u00e9m reduz o volume de transporte e os custos log\u00edsticos atrav\u00e9s do design de dobragem. Por exemplo, a caixa de vinho Remy Martin XO utiliza cart\u00e3o Invercote G e consegue um efeito de relevo requintado atrav\u00e9s da impress\u00e3o c\u00f4ncava e da tecnologia de estampagem a quente. Esta tecnologia tamb\u00e9m \u00e9 adequada para a apresenta\u00e7\u00e3o da textura delicada das caixas de perfume.<\/p>\n<h4 id=\"-2-feminine-and-elegant-tone-gentle-colors-and-big-brand-texture-\"><strong>2. Tom feminino e elegante: cores suaves e textura de grande marca<\/strong><\/h4>\n<p>O design neutro \u00e9 combinado com as cores Morandi (como o azul neblina e o roxo taro), e a textura met\u00e1lica \u00e9 real\u00e7ada pela tecnologia de estampagem a quente em prata, que contrasta com os tons suaves da impress\u00e3o a quatro cores, criando uma experi\u00eancia visual envolvente de \"fragr\u00e2ncia nebulosa\". Por exemplo, a caixa do perfume Polo Earth da Ralph Lauren utiliza cart\u00e3o certificado pelo FSC e frascos de vidro recicl\u00e1vel para transmitir o conceito de prote\u00e7\u00e3o ambiental atrav\u00e9s de um design simples, enquanto a caixa de cart\u00e3o dobr\u00e1vel do perfume CK EVERYONE consegue um equil\u00edbrio entre a prote\u00e7\u00e3o ambiental e a textura utilizando materiais reciclados 30%.<\/p>\n<h4 id=\"-3-hot-stamping-silver-four-color-printing-upgraded-technology-outstanding-details-\"><strong>3. Estampagem a quente em prata + impress\u00e3o a quatro cores: tecnologia actualizada, detalhes excepcionais<\/strong><\/h4>\n<p>A tecnologia de estampagem a quente em prata transfere a folha met\u00e1lica atrav\u00e9s de prensagem a quente para formar um padr\u00e3o tridimensional de alto brilho na superf\u00edcie da caixa de papel, que tem uma fun\u00e7\u00e3o anti-contrafa\u00e7\u00e3o e luxo; a impress\u00e3o a quatro cores restaura com precis\u00e3o o log\u00f3tipo da marca e os detalhes da ilustra\u00e7\u00e3o, e a transi\u00e7\u00e3o de cores \u00e9 natural e suave. Por exemplo, as caixas de champanhe Cattier utilizam cart\u00e3o Invercote G com um processo de estampagem a quente em relevo para obter uma express\u00e3o visual elegante e moderna. Este processo tamb\u00e9m \u00e9 adequado para a personaliza\u00e7\u00e3o do log\u00f3tipo de caixas de perfume, como a garrafa de alum\u00ednio recicl\u00e1vel e o design de caixa de papel ecol\u00f3gico das recargas Dior Dior.<\/p>\n<h4 id=\"-4-fsc-certification-a-global-passport-for-sustainable-materials-\"><strong>4. Certifica\u00e7\u00e3o FSC: um passaporte global para materiais sustent\u00e1veis<\/strong><\/h4>\n<p>A f\u00e1brica utiliza cart\u00e3o certificado pelo FSC (como o MetsBoard Natural FBB), as mat\u00e9rias-primas prov\u00eam de florestas geridas de forma sustent\u00e1vel e o processo de produ\u00e7\u00e3o cumpre os regulamentos ambientais, como o REACH da UE e o CA Prop 65 dos EUA. Por exemplo, as caixas de papel para perfumes, etiquetas e tampas de madeira da Ralph Lauren s\u00e3o todas certificadas pelo FSC, e a produ\u00e7\u00e3o de cart\u00e3o Invercote Grau 1 ajuda a marca a atingir o seu objetivo de neutralidade de carbono, reduzindo as emiss\u00f5es de carbono e o consumo de \u00e1gua.<\/p>\n<h4 id=\"-5-touch-film-technology-a-sensory-upgrade-for-high-end-experience-\"><strong>5. Tecnologia de pel\u00edcula t\u00e1til: uma atualiza\u00e7\u00e3o sensorial para uma experi\u00eancia de topo de gama<\/strong><\/h4>\n<p>O processo de pel\u00edcula t\u00e1til forma uma camur\u00e7a delicada na superf\u00edcie da caixa de papel, que \u00e9 t\u00e3o suave como o veludo e tem propriedades anti-impress\u00e3o digital e anti-riscos. Este processo \u00e9 maioritariamente utilizado em embalagens de produtos de luxo. Por exemplo, as caixas de champanhe Taittinger utilizam pel\u00edculas de lentes Fresnel para criar uma ilus\u00e3o de bolhas em 3D, enquanto as caixas de perfume utilizam pel\u00edculas t\u00e1cteis para refor\u00e7ar o tom da marca, o que vai ao encontro das necessidades dos utilizadores de topo de gama para uma sensa\u00e7\u00e3o de ritual.<\/p>\n<h4 id=\"-6-customized-paper-tray-structure-the-last-line-of-defense-for-transportation-safety-\"><strong>6. Estrutura personalizada do tabuleiro de papel: a \u00faltima linha de defesa para a seguran\u00e7a do transporte<\/strong><\/h4>\n<p>O tabuleiro de papel incorporado pode ser feito de materiais amigos do ambiente, como a polpa de cana-de-a\u00e7\u00facar e a polpa de bambu. Atrav\u00e9s da abertura precisa do molde, pode adaptar-se a diferentes formas de garrafa (como gargalos finos ou garrafas quadradas), o que pode n\u00e3o s\u00f3 fixar o corpo da garrafa como tamb\u00e9m evitar a deforma\u00e7\u00e3o por extrus\u00e3o. Por exemplo, a caixa de perfume impressa pela Guangzhou Ruideli tem um tabuleiro interior em algod\u00e3o p\u00e9rola e uma estrutura em tecido de seda, enquanto a caixa de vinho Ferrari Maximum garante a seguran\u00e7a do transporte atrav\u00e9s de um cart\u00e3o de alta resist\u00eancia e de um design amortecedor.<\/p>\n<\/div>\n<\/div>\n<\/div>\n<\/div>\n<\/div>\n<\/div>\n<\/div>\n<\/div>\n<\/div>\n<div class=\"widget block block-static-block\">\n<div class=\"landing-page-section option-bottom\">\n<div class=\"custom-materials-tabs-content container container-adjustment\">\n<div class=\"custom-materials-tab-content active\">\n<div class=\"widget block block-static-block\">\n<p><!---end of option item--><\/p>\n<\/div>\n<\/div>\n<\/div>\n<\/div>\n<\/div>","protected":false},"excerpt":{"rendered":"<p>A caixa de papel dobr\u00e1vel de perfume com log\u00f3tipo personalizado e amigo do ambiente integra profundamente o tom da marca, a experi\u00eancia do utilizador e conceitos sustent\u00e1veis atrav\u00e9s de material de cart\u00e3o branco, processo de quatro cores em prata quente, certifica\u00e7\u00e3o FSC e tecnologia de pel\u00edcula t\u00e1til. No futuro, com o desenvolvimento de ferramentas de design de IA e tecnologia de impress\u00e3o digital, a efici\u00eancia da produ\u00e7\u00e3o personalizada ser\u00e1 ainda melhorada, e a inova\u00e7\u00e3o de materiais reciclados e estruturas inteligentes continuar\u00e1 a impulsionar a ind\u00fastria de embalagens de perfumes a evoluir numa dire\u00e7\u00e3o ecol\u00f3gica e de alta qualidade.<\/p>","protected":false},"featured_media":8847,"template":"","meta":[],"product_brand":[],"product_cat":[30,417,430,31],"product_tag":[1000,999,1001],"class_list":{"0":"post-8841","1":"product","2":"type-product","3":"status-publish","4":"has-post-thumbnail","6":"product_cat-by-industry","7":"product_cat-custom-perfume-boxes-by-industry","8":"product_cat-folding-cartons","9":"product_cat-paper-box-style","10":"product_tag-custom-logo-printed-box","11":"product_tag-eco-friendly-box","12":"product_tag-parfum-folding-carton-box","14":"first","15":"instock","16":"shipping-taxable","17":"product-type-grouped"},"_links":{"self":[{"href":"https:\/\/zojopackaging.com\/pt\/wp-json\/wp\/v2\/product\/8841","targetHints":{"allow":["GET"]}}],"collection":[{"href":"https:\/\/zojopackaging.com\/pt\/wp-json\/wp\/v2\/product"}],"about":[{"href":"https:\/\/zojopackaging.com\/pt\/wp-json\/wp\/v2\/types\/product"}],"version-history":[{"count":1,"href":"https:\/\/zojopackaging.com\/pt\/wp-json\/wp\/v2\/product\/8841\/revisions"}],"predecessor-version":[{"id":8866,"href":"https:\/\/zojopackaging.com\/pt\/wp-json\/wp\/v2\/product\/8841\/revisions\/8866"}],"wp:featuredmedia":[{"embeddable":true,"href":"https:\/\/zojopackaging.com\/pt\/wp-json\/wp\/v2\/media\/8847"}],"wp:attachment":[{"href":"https:\/\/zojopackaging.com\/pt\/wp-json\/wp\/v2\/media?parent=8841"}],"wp:term":[{"taxonomy":"product_brand","embeddable":true,"href":"https:\/\/zojopackaging.com\/pt\/wp-json\/wp\/v2\/product_brand?post=8841"},{"taxonomy":"product_cat","embeddable":true,"href":"https:\/\/zojopackaging.com\/pt\/wp-json\/wp\/v2\/product_cat?post=8841"},{"taxonomy":"product_tag","embeddable":true,"href":"https:\/\/zojopackaging.com\/pt\/wp-json\/wp\/v2\/product_tag?post=8841"}],"curies":[{"name":"wp","href":"https:\/\/api.w.org\/{rel}","templated":true}]}}