{"id":8859,"date":"2025-03-31T16:44:45","date_gmt":"2025-03-31T08:44:45","guid":{"rendered":"https:\/\/zojopackaging.com\/?post_type=product&#038;p=8859"},"modified":"2025-03-31T17:12:44","modified_gmt":"2025-03-31T09:12:44","slug":"custom-press-on-nail-packaging-box-wholesale-with-window","status":"publish","type":"product","link":"https:\/\/zojopackaging.com\/pt\/product\/custom-press-on-nail-packaging-box-wholesale-with-window\/","title":{"rendered":"Caixa de embalagem personalizada para pregos por atacado com janela"},"content":{"rendered":"<h3 id=\"-1-transparent-pvc-window-design-intuitive-display-of-products-\"><strong>1. Janela de PVC transparente, visualiza\u00e7\u00e3o intuitiva dos produtos<\/strong><\/h3>\n<p>A janela visual \u00e9 feita de material PVC de alta transmit\u00e2ncia, que pode exibir claramente os estilos internos das unhas (como esculturas tridimensionais, cores gradientes, etc.) sem abrir a caixa, reduzindo a perda de desembalagem quando os consumidores compram. O rebordo da janela \u00e9 cortado com precis\u00e3o por laser e encaixa perfeitamente no corpo da caixa, combinando beleza e veda\u00e7\u00e3o, satisfazendo os requisitos de exposi\u00e7\u00e3o de produtos para unhas de alta qualidade.<\/p>\n<h3 id=\"-2-magnetic-embedded-closure-system-double-protection-\"><strong>2. Sistema de fecho magn\u00e9tico incorporado, dupla prote\u00e7\u00e3o<\/strong><\/h3>\n<p>O corpo da caixa adopta uma estrutura magn\u00e9tica cortada com precis\u00e3o com \u00edmanes de alta resist\u00eancia incorporados (a for\u00e7a magn\u00e9tica pode atingir 0,8-1,2T), permitindo a abertura e o fecho convenientes com \"fecho com um clique\", evitando o problema de desgaste causado pelos \u00edmanes expostos tradicionais. O design da cobertura totalmente embrulhada pode isolar eficazmente o p\u00f3 e a humidade, proteger as pontas das unhas do impacto do transporte ou do ambiente de armazenamento e prolongar a vida \u00fatil do produto.<\/p>\n<h3 id=\"-3-lightweight-structure-and-environmentally-friendly-materials-\"><strong>3. Estrutura leve e materiais amigos do ambiente<\/strong><\/h3>\n<p>O corpo principal adopta\u00a0<strong>157 g de papel de arte revestido C2S + 1200 g de cart\u00e3o r\u00edgido<\/strong>\u00a0O material \u00e9 fabricado a partir de um processo comp\u00f3sito, tendo em conta tanto a resist\u00eancia \u00e0 press\u00e3o como a leveza (o peso de uma \u00fanica caixa pode ser controlado a 15-30g), reduzindo os custos log\u00edsticos. O material tem certifica\u00e7\u00e3o FSC, apoia a reciclagem e a degrada\u00e7\u00e3o, est\u00e1 em conformidade com as normas de prote\u00e7\u00e3o ambiental REACH da UE e ajuda a marca a transmitir o conceito de desenvolvimento sustent\u00e1vel.<\/p>\n<h3 id=\"-4-full-link-customized-service-\"><strong>4. Servi\u00e7o personalizado de liga\u00e7\u00e3o total<\/strong><\/h3>\n<ul>\n<li><strong>Tamanho e tipo de caixa<\/strong>: Suporta a personaliza\u00e7\u00e3o de caixas quadradas, redondas, com formas especiais, etc., adequadas para pregos de diferentes especifica\u00e7\u00f5es (tais como pregos curtos, pregos compridos, conjuntos de pregos, etc.), e a quantidade m\u00ednima de encomenda pode ser de apenas 500 unidades;<\/li>\n<li><strong>Impress\u00e3o e processamento<\/strong>: A superf\u00edcie da caixa pode ser processada por estampagem UV, estampagem a quente\/prata, pel\u00edcula mate\/brilhante, etc., e suporta a impress\u00e3o de dupla face no interior e no exterior, incluindo o LOGOTIPO da marca, o c\u00f3digo QR (liga\u00e7\u00e3o a um tutorial ou p\u00f3s-venda), instru\u00e7\u00f5es de manuten\u00e7\u00e3o em v\u00e1rios idiomas, etc;<\/li>\n<li><strong>Correspond\u00eancia de cores e material<\/strong>: Fornecer op\u00e7\u00f5es de janela em PVC transparente, fosco e colorido, o corpo da caixa pode ser impresso com cores diretas Pantone ou cores gradientes, e o material pode ser atualizado para pl\u00e1sticos de qualidade alimentar, como PET\/PP, para satisfazer as necessidades de diferentes posicionamentos de mercado.<\/li>\n<\/ul>\n<h3 id=\"-5-advantages-of-china-s-source-factory-\"><strong>5. Vantagens da f\u00e1brica de origem chinesa<\/strong><\/h3>\n<p>Como um fabricante profissional de embalagens para unhas, n\u00f3s fornecemos:<\/p>\n<ul>\n<li><strong>Prova gratuita<\/strong>: As amostras f\u00edsicas ser\u00e3o enviadas no prazo de 3 a 5 dias \u00fateis, apoiando o ajustamento de dimens\u00e3o total do tamanho, material e efeito de impress\u00e3o;<\/li>\n<li><strong>Design \u00fanico<\/strong>: A equipa de designers fornece servi\u00e7os de otimiza\u00e7\u00e3o da estrutura da embalagem e de personaliza\u00e7\u00e3o da solu\u00e7\u00e3o visual com base no tom da marca, e a taxa de design de 0 yuan ajuda a diferenciar a marca;<\/li>\n<li><strong>Vantagem em termos de custos<\/strong>: A produ\u00e7\u00e3o em grande escala pode comprimir o pre\u00e7o unit\u00e1rio para 0,1-1,8 yuan\/pe\u00e7a (dependendo da complexidade da personaliza\u00e7\u00e3o), apoiando o pagamento antecipado 30% + pagamento final no modo de entrega.<\/li>\n<\/ul>\n<p><strong>Cen\u00e1rios aplic\u00e1veis<\/strong>: cadeias de lojas de sal\u00f5es de unhas, marcas de com\u00e9rcio eletr\u00f3nico de unhas, esta\u00e7\u00f5es independentes transfronteiri\u00e7as, lojas de colec\u00e7\u00f5es de beleza topo de gama, etc.\u00a0<strong>Processo de coopera\u00e7\u00e3o<\/strong>: comunica\u00e7\u00e3o da procura \u2192 desenho livre \u2192 confirma\u00e7\u00e3o da amostra \u2192 produ\u00e7\u00e3o em massa \u2192 inspe\u00e7\u00e3o da qualidade e entrega (prazo de entrega 7-15 dias).<\/p>\n<p>Se precisar de obter manuais de produtos ou discutir a coopera\u00e7\u00e3o, contacte o representante da f\u00e1brica chinesa. N\u00f3s capacitaremos a sua marca com pre\u00e7os de origem e capacidades flex\u00edveis de cadeia de fornecimento.<\/p>","protected":false},"excerpt":{"rendered":"<p>\u2705\u00a0<strong>\u00c0 prova de danos<\/strong>: Protege as unhas delicadas durante o transporte com paredes resistentes ao esmagamento.<br \/>\n\u2705\u00a0<strong>Apelo visual instant\u00e2neo<\/strong>: Janela em PVC aumenta as compras por impulso em 40% .<br \/>\n\u2705\u00a0<strong>Marca Amplificador<\/strong>: A impress\u00e3o em toda a superf\u00edcie transforma as caixas em mini pain\u00e9is publicit\u00e1rios.<br \/>\n\u2705\u00a0<strong>Economia de espa\u00e7o<\/strong>: O perfil fino reduz os custos de armazenamento em armaz\u00e9m.<br \/>\n\u2705\u00a0<strong>Consci\u00eancia ecol\u00f3gica<\/strong>: Os materiais recicl\u00e1veis alinham-se com os valores sustent\u00e1veis da marca.<\/p>","protected":false},"featured_media":8860,"template":"","meta":[],"product_brand":[],"product_cat":[30,390,424,31],"product_tag":[1002,639,1003],"class_list":{"0":"post-8859","1":"product","2":"type-product","3":"status-publish","4":"has-post-thumbnail","6":"product_cat-by-industry","7":"product_cat-custom-cosmetics-boxes","8":"product_cat-magnetic-closure-boxes","9":"product_cat-paper-box-style","10":"product_tag-custom-press-on-nail-box","11":"product_tag-press-on-nail-packaging","12":"product_tag-press-on-nail-packaging-wholesale","14":"first","15":"instock","16":"shipping-taxable","17":"product-type-simple"},"_links":{"self":[{"href":"https:\/\/zojopackaging.com\/pt\/wp-json\/wp\/v2\/product\/8859","targetHints":{"allow":["GET"]}}],"collection":[{"href":"https:\/\/zojopackaging.com\/pt\/wp-json\/wp\/v2\/product"}],"about":[{"href":"https:\/\/zojopackaging.com\/pt\/wp-json\/wp\/v2\/types\/product"}],"version-history":[{"count":1,"href":"https:\/\/zojopackaging.com\/pt\/wp-json\/wp\/v2\/product\/8859\/revisions"}],"predecessor-version":[{"id":8878,"href":"https:\/\/zojopackaging.com\/pt\/wp-json\/wp\/v2\/product\/8859\/revisions\/8878"}],"wp:featuredmedia":[{"embeddable":true,"href":"https:\/\/zojopackaging.com\/pt\/wp-json\/wp\/v2\/media\/8860"}],"wp:attachment":[{"href":"https:\/\/zojopackaging.com\/pt\/wp-json\/wp\/v2\/media?parent=8859"}],"wp:term":[{"taxonomy":"product_brand","embeddable":true,"href":"https:\/\/zojopackaging.com\/pt\/wp-json\/wp\/v2\/product_brand?post=8859"},{"taxonomy":"product_cat","embeddable":true,"href":"https:\/\/zojopackaging.com\/pt\/wp-json\/wp\/v2\/product_cat?post=8859"},{"taxonomy":"product_tag","embeddable":true,"href":"https:\/\/zojopackaging.com\/pt\/wp-json\/wp\/v2\/product_tag?post=8859"}],"curies":[{"name":"wp","href":"https:\/\/api.w.org\/{rel}","templated":true}]}}