{"id":8867,"date":"2025-03-31T16:46:31","date_gmt":"2025-03-31T08:46:31","guid":{"rendered":"https:\/\/zojopackaging.com\/?post_type=product&#038;p=8867"},"modified":"2025-03-31T17:47:47","modified_gmt":"2025-03-31T09:47:47","slug":"customization-high-end-perfume-folding-carton-supplier-in-china","status":"publish","type":"product","link":"https:\/\/zojopackaging.com\/pt\/product\/customization-high-end-perfume-folding-carton-supplier-in-china\/","title":{"rendered":"Personaliza\u00e7\u00e3o Fornecedor de caixa dobr\u00e1vel de perfume de alta qualidade na China"},"content":{"rendered":"<p>No mercado de consumo de perfumes, a embalagem n\u00e3o \u00e9 apenas o \"cart\u00e3o de visita externo\" do produto, mas tamb\u00e9m o principal portador dos valores da marca e da experi\u00eancia do utilizador. O fornecedor de caixas dobr\u00e1veis para perfumes de alta qualidade personalizadas da China oferece \u00e0s marcas solu\u00e7\u00f5es est\u00e9ticas e pr\u00e1ticas por meio de inova\u00e7\u00e3o tecnol\u00f3gica, atualiza\u00e7\u00f5es de processos e servi\u00e7os personalizados. A seguir, analisamos suas principais vantagens em v\u00e1rias dimens\u00f5es:<\/p>\n<h4 id=\"-1-simple-design-suitable-for-popular-best-selling-models-flexible-customization-of-materials-and-sizes-\"><strong>1. Design simples, adequado para modelos populares mais vendidos, personaliza\u00e7\u00e3o flex\u00edvel de materiais e tamanhos<\/strong><\/h4>\n<p>Os fornecedores chineses oferecem uma gama completa de caixas de cart\u00e3o dobr\u00e1veis, desde modelos b\u00e1sicos at\u00e9 \u00e0 personaliza\u00e7\u00e3o topo de gama, utilizando cart\u00e3o de p\u00f3 simples de 350 g ou cart\u00e3o branco (como o cart\u00e3o Invercote de grau 1) como material de base, com uma superf\u00edcie lisa e delicada, adequada para processos complexos como a estampagem a quente e a impress\u00e3o UV. O design \u00e9 maioritariamente neutro, com cores Morandi (como o azul neblina e o roxo taro), o que n\u00e3o s\u00f3 est\u00e1 em conformidade com a est\u00e9tica do p\u00fablico, como tamb\u00e9m reserva espa\u00e7o de personaliza\u00e7\u00e3o para log\u00f3tipos de marcas, ilustra\u00e7\u00f5es, etc. Por exemplo, alguns fabricantes disponibilizam servi\u00e7os de design online gratuitos e as amostras podem ser produzidas no prazo m\u00e1ximo de 24 horas.<\/p>\n<h4 id=\"-2-foldable-card-box-save-freight-and-storage-costs-\"><strong>2. Caixa de cart\u00e3o dobr\u00e1vel: poupa custos de transporte e armazenamento<\/strong><\/h4>\n<p>Reduzem consideravelmente os custos de log\u00edstica e de armazenamento. A sua resist\u00eancia \u00e0 compress\u00e3o e rigidez s\u00e3o garantidas por uma tecnologia precisa de corte e vinco, que \u00e9 especialmente adequada para o transporte de frascos de perfume fr\u00e1geis. Os dados mostram que o custo log\u00edstico dos produtos de perfumaria que utilizam caixas de cart\u00e3o dobr\u00e1veis pode ser reduzido em 20%-30%.<\/p>\n<h4 id=\"-3-heidelberg-printing-technology-accurate-restoration-of-design-colors-\"><strong>3. Tecnologia de impress\u00e3o Heidelberg: restauro exato das cores do desenho<\/strong><\/h4>\n<p>Os fornecedores de topo de gama introduziram m\u00e1quinas de impress\u00e3o alem\u00e3s da Heidelberg, combinadas com a impress\u00e3o a quatro cores e a tecnologia de prata quente, para conseguir uma restaura\u00e7\u00e3o de alta precis\u00e3o do espa\u00e7o de cor CMYK. A ZOJO Print utiliza equipamento da Heidelberg para imprimir caixas de cart\u00e3o de pel\u00edcula mate, e o desvio da satura\u00e7\u00e3o da cor \u00e9 controlado em 3%, cumprindo as normas internacionais para embalagens de luxo. Algumas empresas tamb\u00e9m fornecem servi\u00e7os de teste de cor virtual AR para ajudar os clientes a pr\u00e9-visualizar o efeito de impress\u00e3o.<\/p>\n<h4 id=\"-4-matt-film-technology-high-end-texture-and-moisture-proof-and-waterproof-\"><strong>4. Tecnologia de pel\u00edcula mate: textura de alta qualidade, \u00e0 prova de humidade e \u00e0 prova de \u00e1gua<\/strong><\/h4>\n<p>A tecnologia de revestimento de pel\u00edcula mate \u00e9 utilizada para formar uma delicada superf\u00edcie de camur\u00e7a na superf\u00edcie da caixa de cart\u00e3o, que \u00e9 t\u00e3o suave como o veludo e tem propriedades anti-impress\u00e3o digital e anti-riscos. O material de revestimento foi especialmente tratado para cumprir a norma IP65 \u00e0 prova de \u00e1gua e pode resistir a ligeiras fugas causadas pela volatiliza\u00e7\u00e3o do perfume. Por exemplo, o teor de humidade de uma caixa de papel de pel\u00edcula mate produzida por um fabricante em Guangzhou aumentou apenas 1,2% num teste de humidade de 48 horas.<\/p>\n<h4 id=\"-5-automated-production-in-our-own-factory-fast-delivery-in-5-7-days-\"><strong>5. Produ\u00e7\u00e3o automatizada na nossa pr\u00f3pria f\u00e1brica, entrega r\u00e1pida em 5-7 dias<\/strong><\/h4>\n<p>Temos a vantagem de escala de linhas de produ\u00e7\u00e3o inteligentes e uma capacidade de produ\u00e7\u00e3o di\u00e1ria de mais de 100.000 pe\u00e7as. Atrav\u00e9s do sistema ERP, podemos conseguir uma liga\u00e7\u00e3o perfeita desde a prova de design at\u00e9 \u00e0 produ\u00e7\u00e3o em massa, e a entrega pode ser efectuada em apenas 5 dias \u00fateis. Por exemplo, um cliente personalizou 100.000 conjuntos de caixas de cart\u00e3o para perfumes neutros, que demoraram apenas 6 dias desde a confirma\u00e7\u00e3o do plano at\u00e9 \u00e0 embalagem e expedi\u00e7\u00e3o.<\/p>\n<h4 id=\"-6-professional-sales-team-full-process-support-for-customized-packaging-solutions-\"><strong>6. Equipa de vendas profissional: apoio em todo o processo para solu\u00e7\u00f5es de embalagem personalizadas<\/strong><\/h4>\n<p>O fornecedor est\u00e1 equipado com uma equipa interdisciplinar, que inclui designers, engenheiros de impress\u00e3o e especialistas em log\u00edstica, fornecendo servi\u00e7os completos desde a pesquisa de mercado, sele\u00e7\u00e3o de materiais at\u00e9 \u00e0 otimiza\u00e7\u00e3o do transporte. Por exemplo, para as necessidades das marcas de topo de gama, podemos recomendar caixas de papel de pasta de bambu com certifica\u00e7\u00e3o FSC + solu\u00e7\u00f5es de estrutura de tamp\u00e3o de algod\u00e3o p\u00e9rola incorporadas; para o mercado de massas, recomendamos caixas de papel reciclado + combina\u00e7\u00f5es de processos simplificados.<\/p>","protected":false},"excerpt":{"rendered":"<p>Os fornecedores de caixas dobr\u00e1veis de perfume high-end personalizadas da China est\u00e3o remodelando a ind\u00fastria global de embalagens atrav\u00e9s da inova\u00e7\u00e3o tecnol\u00f3gica e otimiza\u00e7\u00e3o de processos. No futuro, com a populariza\u00e7\u00e3o das ferramentas de design de IA e da tecnologia de impress\u00e3o digital, a efici\u00eancia da produ\u00e7\u00e3o personalizada ser\u00e1 ainda melhorada, e a integra\u00e7\u00e3o de materiais sustent\u00e1veis e estruturas inteligentes continuar\u00e1 a impulsionar a ind\u00fastria em dire\u00e7\u00e3o a uma embalagem verde e inteligente<\/p>","protected":false},"featured_media":8877,"template":"","meta":[],"product_brand":[],"product_cat":[30,417,430,31],"product_tag":[1004,1005,1006],"class_list":{"0":"post-8867","1":"product","2":"type-product","3":"status-publish","4":"has-post-thumbnail","6":"product_cat-by-industry","7":"product_cat-custom-perfume-boxes-by-industry","8":"product_cat-folding-cartons","9":"product_cat-paper-box-style","10":"product_tag-customization-folding-carton","11":"product_tag-folding-carton-supplier-in-china","12":"product_tag-luxury-perfume-folding-carton","14":"first","15":"instock","16":"shipping-taxable","17":"product-type-grouped"},"_links":{"self":[{"href":"https:\/\/zojopackaging.com\/pt\/wp-json\/wp\/v2\/product\/8867","targetHints":{"allow":["GET"]}}],"collection":[{"href":"https:\/\/zojopackaging.com\/pt\/wp-json\/wp\/v2\/product"}],"about":[{"href":"https:\/\/zojopackaging.com\/pt\/wp-json\/wp\/v2\/types\/product"}],"version-history":[{"count":2,"href":"https:\/\/zojopackaging.com\/pt\/wp-json\/wp\/v2\/product\/8867\/revisions"}],"predecessor-version":[{"id":8903,"href":"https:\/\/zojopackaging.com\/pt\/wp-json\/wp\/v2\/product\/8867\/revisions\/8903"}],"wp:featuredmedia":[{"embeddable":true,"href":"https:\/\/zojopackaging.com\/pt\/wp-json\/wp\/v2\/media\/8877"}],"wp:attachment":[{"href":"https:\/\/zojopackaging.com\/pt\/wp-json\/wp\/v2\/media?parent=8867"}],"wp:term":[{"taxonomy":"product_brand","embeddable":true,"href":"https:\/\/zojopackaging.com\/pt\/wp-json\/wp\/v2\/product_brand?post=8867"},{"taxonomy":"product_cat","embeddable":true,"href":"https:\/\/zojopackaging.com\/pt\/wp-json\/wp\/v2\/product_cat?post=8867"},{"taxonomy":"product_tag","embeddable":true,"href":"https:\/\/zojopackaging.com\/pt\/wp-json\/wp\/v2\/product_tag?post=8867"}],"curies":[{"name":"wp","href":"https:\/\/api.w.org\/{rel}","templated":true}]}}