{"id":8879,"date":"2025-03-31T17:13:27","date_gmt":"2025-03-31T09:13:27","guid":{"rendered":"https:\/\/zojopackaging.com\/?post_type=product&#038;p=8879"},"modified":"2025-03-31T17:39:50","modified_gmt":"2025-03-31T09:39:50","slug":"custom-printed-durable-golf-balls-box-packaging-supplier","status":"publish","type":"product","link":"https:\/\/zojopackaging.com\/pt\/product\/custom-printed-durable-golf-balls-box-packaging-supplier\/","title":{"rendered":"Caixa de bolas de golfe dur\u00e1vel com impress\u00e3o personalizada Fornecedor de embalagens"},"content":{"rendered":"<h2 id=\"-core-design-features-of-the-product-\"><strong>Principais carater\u00edsticas de conce\u00e7\u00e3o do produto<\/strong><\/h2>\n<ol>\n<li><strong>Estrutura em forma de caixa com tampa superior e inferior<\/strong>\u00a0As tampas superior e inferior est\u00e3o fechadas e o corpo da caixa e a tampa est\u00e3o bem ajustados atrav\u00e9s de processos precisos de entalhe e dobragem. O corpo da caixa utiliza cart\u00e3o branco de elevada rigidez (como o Mets\u00e4 Board Pro FBB Bright) ou cart\u00e3o duro, e \u00e9 refor\u00e7ado com um tratamento de canto para amortecer eficazmente o impacto externo e proteger as bolas de golfe internas contra danos por extrus\u00e3o ou colis\u00e3o. A parede interior da tampa da caixa pode ser equipada com uma flanela antiderrapante ou uma camada de prote\u00e7\u00e3o EVA para aumentar ainda mais a prote\u00e7\u00e3o.<\/li>\n<li><strong>Compartimento com forro personaliz\u00e1vel<\/strong>\u00a0O revestimento \u00e9 feito de material EVA (copol\u00edmero de etileno-acetato de vinilo) de alta densidade, e a estrutura em favo de mel ou com ranhuras independentes pode ser personalizada de acordo com o tamanho da bola de golfe (di\u00e2metro padr\u00e3o de 42,67 mm). Uma \u00fanica caixa pode acomodar at\u00e9 6 bolas. O material EVA tem as carater\u00edsticas de boa elasticidade, resist\u00eancia ao desgaste e resist\u00eancia \u00e0 humidade. Ajusta-se firmemente \u00e0 bola para reduzir as vibra\u00e7\u00f5es durante o transporte e otimizar a utiliza\u00e7\u00e3o do espa\u00e7o. Suporta o design de divis\u00f3rias, tais como compartimentos exclusivos para acess\u00f3rios como pit\u00f5es e luvas.<\/li>\n<li><strong>Servi\u00e7o de personaliza\u00e7\u00e3o completo<\/strong><\/li>\n<li><strong>Tamanho e tipo de caixa<\/strong>: Suporta caixas quadradas, redondas e de formato especial, com tamanhos que v\u00e3o desde caixas port\u00e1teis de uma s\u00f3 bola a caixas de oferta com v\u00e1rias bolas (como 14\u00d78\u00d79cm padr\u00e3o ou especifica\u00e7\u00f5es do cliente).<\/li>\n<li><strong>Sele\u00e7\u00e3o de materiais<\/strong>: Fornecer cart\u00e3o branco, papel art\u00edstico, papel kraft ecol\u00f3gico, couro PU ou caixas de madeira (por exemplo, caixas de presente em mogno).<\/li>\n<li><strong>Efeito de superf\u00edcie<\/strong>: Pel\u00edcula brilhante opcional (realce espelhado), pel\u00edcula mate (textura fosca) ou pel\u00edcula t\u00e1til, entre as quais o processo de pel\u00edcula brilhante pode melhorar significativamente a satura\u00e7\u00e3o da cor e a resist\u00eancia aos riscos do padr\u00e3o impresso.<\/li>\n<li><strong>Tecnologia de impress\u00e3o<\/strong>: Suporta estampagem a quente, grava\u00e7\u00e3o parcial UV, serigrafia, etc., e pode personalizar log\u00f3tipos de marcas, log\u00f3tipos de eventos ou padr\u00f5es personalizados.<\/li>\n<\/ol>\n<h2 id=\"-production-process-and-quality-control-\"><strong>Processo de produ\u00e7\u00e3o e controlo de qualidade<\/strong><\/h2>\n<ol>\n<li><strong>O sistema de gest\u00e3o MES permite uma produ\u00e7\u00e3o transparente<\/strong>\u00a0A oficina adopta o MES (sistema de execu\u00e7\u00e3o da produ\u00e7\u00e3o) para monitorizar o progresso das encomendas, o invent\u00e1rio de materiais e o estado do equipamento em tempo real, de modo a garantir a rastreabilidade de todo o processo, desde a prova de conce\u00e7\u00e3o at\u00e9 \u00e0 produ\u00e7\u00e3o em massa. O sistema programa automaticamente a produ\u00e7\u00e3o e avisa em caso de anomalias, resolvendo o problema dos atrasos de entrega nas f\u00e1bricas tradicionais, e o ciclo de entrega pode ser encurtado para 7-12 dias (dependendo da complexidade da personaliza\u00e7\u00e3o).<\/li>\n<li><strong>Normas de prote\u00e7\u00e3o ambiental e de durabilidade<\/strong>\u00a0Os materiais cumprem a certifica\u00e7\u00e3o FSC, s\u00e3o impressos com tintas \u00e0 base de \u00e1gua e o processo de lamina\u00e7\u00e3o utiliza cola ecol\u00f3gica sem solventes. O corpo da caixa foi testado em queda e submetido a experi\u00eancias constantes de temperatura e humidade para garantir que n\u00e3o se deforma num ambiente de -20\u2103 a 60\u2103.<\/li>\n<\/ol>\n<h2 id=\"-supplier-service-advantages-\"><strong>Vantagens do servi\u00e7o do fornecedor<\/strong><\/h2>\n<ol>\n<li><strong>Fornecimento direto da f\u00e1brica de origem<\/strong>\u00a0A f\u00e1brica chinesa local fornece servi\u00e7os de prova gratuitos e suporta uma encomenda m\u00ednima de 1 pe\u00e7a. A equipa de designers pode fornecer representa\u00e7\u00f5es em 3D e desenhos estruturais para confirma\u00e7\u00e3o, de acordo com as necessidades do cliente.<\/li>\n<\/ol>\n<h2 id=\"-application-scenarios-and-market-adaptability-\"><strong>Cen\u00e1rios de aplica\u00e7\u00e3o e adaptabilidade ao mercado<\/strong><\/h2>\n<p>Aplic\u00e1vel a brindes de torneios de golfe, conjuntos conjuntos de marcas, embalagens de retalho e outros cen\u00e1rios,<\/p>","protected":false},"excerpt":{"rendered":"<p>1. O tipo de caixa com topo e fundo adopta a estrutura das tampas superior e inferior, o que pode impedir eficazmente que os artigos na embalagem sejam danificados<br \/>\n2. O seu revestimento interior pode acomodar em seguran\u00e7a at\u00e9 6 bolas de golfe<br \/>\n3. O tipo de caixa, tamanho, cor, material e efeito de impress\u00e3o de superf\u00edcie podem ser altamente personalizados para se adequarem \u00e0 sua embalagem de bolas de golfe<\/p>","protected":false},"featured_media":8883,"template":"","meta":[],"product_brand":[],"product_cat":[30,413,425,31],"product_tag":[1007,1009,1008],"class_list":{"0":"post-8879","1":"product","2":"type-product","3":"status-publish","4":"has-post-thumbnail","6":"product_cat-by-industry","7":"product_cat-consumer-electronics-boxes","8":"product_cat-lid-and-base-gift-box","9":"product_cat-paper-box-style","10":"product_tag-custom-golf-balls-box","11":"product_tag-durable-golf-balls-packaging-box","12":"product_tag-golf-balls-packaging-supplier","14":"first","15":"instock","16":"shipping-taxable","17":"product-type-simple"},"_links":{"self":[{"href":"https:\/\/zojopackaging.com\/pt\/wp-json\/wp\/v2\/product\/8879","targetHints":{"allow":["GET"]}}],"collection":[{"href":"https:\/\/zojopackaging.com\/pt\/wp-json\/wp\/v2\/product"}],"about":[{"href":"https:\/\/zojopackaging.com\/pt\/wp-json\/wp\/v2\/types\/product"}],"version-history":[{"count":1,"href":"https:\/\/zojopackaging.com\/pt\/wp-json\/wp\/v2\/product\/8879\/revisions"}],"predecessor-version":[{"id":8895,"href":"https:\/\/zojopackaging.com\/pt\/wp-json\/wp\/v2\/product\/8879\/revisions\/8895"}],"wp:featuredmedia":[{"embeddable":true,"href":"https:\/\/zojopackaging.com\/pt\/wp-json\/wp\/v2\/media\/8883"}],"wp:attachment":[{"href":"https:\/\/zojopackaging.com\/pt\/wp-json\/wp\/v2\/media?parent=8879"}],"wp:term":[{"taxonomy":"product_brand","embeddable":true,"href":"https:\/\/zojopackaging.com\/pt\/wp-json\/wp\/v2\/product_brand?post=8879"},{"taxonomy":"product_cat","embeddable":true,"href":"https:\/\/zojopackaging.com\/pt\/wp-json\/wp\/v2\/product_cat?post=8879"},{"taxonomy":"product_tag","embeddable":true,"href":"https:\/\/zojopackaging.com\/pt\/wp-json\/wp\/v2\/product_tag?post=8879"}],"curies":[{"name":"wp","href":"https:\/\/api.w.org\/{rel}","templated":true}]}}