{"id":8887,"date":"2025-03-31T17:19:10","date_gmt":"2025-03-31T09:19:10","guid":{"rendered":"https:\/\/zojopackaging.com\/?post_type=product&#038;p=8887"},"modified":"2025-03-31T17:45:32","modified_gmt":"2025-03-31T09:45:32","slug":"custom-perfume-box-for-100ml-bottle-packaging-folding-paper-box-maker","status":"publish","type":"product","link":"https:\/\/zojopackaging.com\/pt\/product\/custom-perfume-box-for-100ml-bottle-packaging-folding-paper-box-maker\/","title":{"rendered":"Caixa de perfume personalizada para embalagem de frasco de 100 ml Fabricante de caixa de papel dobr\u00e1vel"},"content":{"rendered":"<p>No mercado de consumo de perfumes, a embalagem n\u00e3o \u00e9 apenas o \"cart\u00e3o de visita externo\" do produto, mas tamb\u00e9m o principal portador dos valores da marca e da experi\u00eancia do utilizador. Os fabricantes de cart\u00e3o dobr\u00e1vel topo de gama da China oferecem \u00e0s marcas solu\u00e7\u00f5es est\u00e9ticas e pr\u00e1ticas atrav\u00e9s da inova\u00e7\u00e3o tecnol\u00f3gica, da atualiza\u00e7\u00e3o de processos e de servi\u00e7os personalizados. De seguida, analisamos as suas principais vantagens em v\u00e1rias dimens\u00f5es:<\/p>\n<h4 id=\"-1-full-dimensional-customization-service-flexible-adaptation-of-size-material-and-process-\"><strong>1. Servi\u00e7o de personaliza\u00e7\u00e3o de dimens\u00f5es completas: adapta\u00e7\u00e3o flex\u00edvel de tamanho, material e processo<\/strong><\/h4>\n<p>Os fornecedores chineses oferecem uma gama completa de caixas de cart\u00e3o dobr\u00e1veis, desde a personaliza\u00e7\u00e3o b\u00e1sica at\u00e9 \u00e0 personaliza\u00e7\u00e3o topo de gama, suportando a adapta\u00e7\u00e3o de garrafas de capacidade total, tais como 100 ml, 50 ml, 30 ml e 10 ml. Usando 350g de cart\u00e3o de p\u00f3 \u00fanico ou cart\u00e3o branco (como o cart\u00e3o de primeiro n\u00edvel Invercote) como material de base, a superf\u00edcie \u00e9 lisa e delicada, e \u00e9 compat\u00edvel com processos complexos, como estampagem a quente, impress\u00e3o UV e relevo. Por exemplo, a Shenzhen Zongzheng Packaging pode personalizar a serigrafia, a rotogravura e outros processos para obter uma apresenta\u00e7\u00e3o precisa do LOGOTIPO e das ilustra\u00e7\u00f5es da marca.<\/p>\n<h4 id=\"-2-multi-size-compatible-design-adapt-to-different-bottle-types-worry-free-customization-\"><strong>2. Design compat\u00edvel com v\u00e1rios tamanhos: adapta-se a diferentes tipos de garrafas, personaliza\u00e7\u00e3o sem preocupa\u00e7\u00f5es<\/strong><\/h4>\n<p>A caixa de cart\u00e3o dobr\u00e1vel adopta um design de estrutura modular (como uma tampa superior e inferior, tipo gaveta). Quando desdobrada, \u00e9 um tipo de caixa tridimensional. Ap\u00f3s a dobragem, o volume \u00e9 apenas 1\/5-1\/3 do volume original, o que reduz consideravelmente os custos log\u00edsticos. Alguns fabricantes fornecem servi\u00e7os de design online gratuitos e apoiam a prova e modifica\u00e7\u00e3o r\u00e1pidas. Por exemplo, a Shenzhen Mingweiyuan Paper Products pode personalizar caixas flip-top de formato especial para se adaptarem a gargalos finos ou garrafas quadradas. Os dados mostram que o custo log\u00edstico dos produtos de perfumaria que utilizam caixas de cart\u00e3o dobr\u00e1veis pode ser reduzido em 20%-30%.<\/p>\n<h4 id=\"-3-process-upgrade-highlight-the-visual-expression-of-brand-tone-\"><strong>3. Atualiza\u00e7\u00e3o do processo: real\u00e7ar a express\u00e3o visual do tom da marca<\/strong><\/h4>\n<p>A superf\u00edcie da caixa de cart\u00e3o pode ser adicionada com estampagem a quente, UV parcial, grava\u00e7\u00e3o em relevo e outros processos para melhorar a textura e a fun\u00e7\u00e3o anti-contrafa\u00e7\u00e3o. A Zongzheng Packaging utiliza a tecnologia de estampagem a quente para melhorar a textura met\u00e1lica e combina a tecnologia de cobertura de pel\u00edcula mate para obter uma impermeabilidade IP65, que \u00e9 adequada para as necessidades de perfumes de gama alta. A p\u00e1gina Web indicava que, no mercado chin\u00eas de caixas de embalagem de perfumes em 2024, a taxa de pr\u00e9mio dos produtos que utilizam estampagem a quente, UV e outros processos pode atingir 20%-30%.<\/p>\n<h4 id=\"-4-china-s-high-end-supply-chain-source-price-helping-brands-quickly-occupy-the-market-\"><strong>4. Cadeia de abastecimento topo de gama da China: pre\u00e7o de origem, ajudando as marcas a ocupar rapidamente o mercado<\/strong><\/h4>\n<p>Os principais fabricantes, como a Shenzhen Zongzheng Packaging, investiram 440 milh\u00f5es de yuan para construir um parque industrial de embalagens de perfume, com uma produ\u00e7\u00e3o di\u00e1ria de 500 000-700 000 conjuntos de caixas de papel, reduzindo os custos marginais atrav\u00e9s da produ\u00e7\u00e3o em grande escala. Em compara\u00e7\u00e3o com a plataforma Taobao, fabricantes como a Jiali Chuang fornecem len\u00e7os faciais importados e servi\u00e7os de impress\u00e3o de alta precis\u00e3o com \"pre\u00e7o Taobao, qualidade internacional\", por exemplo, o erro de peso das suas caixas de papel \u00e9 controlado a 0,1-0,5 mm.<\/p>\n<h4 id=\"-5-high-production-capacity-and-fast-delivery-7-9-days-for-delivery-quality-and-quantity-guaranteed-\"><strong>5. Alta capacidade de produ\u00e7\u00e3o e entrega r\u00e1pida: 7-9 dias para entrega, qualidade e quantidade garantidas<\/strong><\/h4>\n<p>A Shenzhen Zongzheng Packaging tem uma capacidade de produ\u00e7\u00e3o di\u00e1ria de 50.000 conjuntos, suporta a personaliza\u00e7\u00e3o de pequenos lotes (1 encomenda m\u00ednima) e promete \"a entrega tardia deve ser compensada\". A p\u00e1gina Web mostra que alguns fabricantes conseguiram uma liga\u00e7\u00e3o perfeita de todo o processo de conce\u00e7\u00e3o, prova e produ\u00e7\u00e3o atrav\u00e9s do sistema ERP, e a entrega mais r\u00e1pida \u00e9 de 5 dias \u00fateis.<\/p>\n<h4 id=\"-6-professional-team-support-full-process-customized-solutions-\"><strong>6. Apoio profissional da equipa: solu\u00e7\u00f5es personalizadas para todo o processo<\/strong><\/h4>\n<p>Os fornecedores est\u00e3o equipados com equipas interdisciplinares, incluindo designers, engenheiros de impress\u00e3o e especialistas em log\u00edstica. Por exemplo, a Shenzhen Zongzheng Packaging fornece servi\u00e7os de design gratuitos, suporta ficheiros de origem em formato CDR\/AI e garante a qualidade atrav\u00e9s da certifica\u00e7\u00e3o alem\u00e3 Rhine. O s\u00edtio Web sublinha que a equipa profissional pode responder rapidamente \u00e0s necessidades e fornecer um apoio completo, desde a pesquisa de mercado \u00e0 otimiza\u00e7\u00e3o do transporte.<\/p>","protected":false},"excerpt":{"rendered":"<p>Os fabricantes de caixas dobr\u00e1veis de perfume personalizadas da China est\u00e3o remodelando a ind\u00fastria global de embalagens por meio da inova\u00e7\u00e3o de materiais, atualiza\u00e7\u00f5es de processos e servi\u00e7os digitais. No futuro, com a populariza\u00e7\u00e3o das ferramentas de design de IA e dos materiais ecol\u00f3gicos, a efici\u00eancia da produ\u00e7\u00e3o personalizada ser\u00e1 ainda mais melhorada e a integra\u00e7\u00e3o da produ\u00e7\u00e3o sustent\u00e1vel e da estrutura inteligente continuar\u00e1 a levar a ind\u00fastria a evoluir para direc\u00e7\u00f5es de topo de gama e amigas do ambiente. Evolu\u00e7\u00e3o da dire\u00e7\u00e3o.<\/p>","protected":false},"featured_media":8890,"template":"","meta":[],"product_brand":[],"product_cat":[30,417,430,31],"product_tag":[1010,329,1011],"class_list":{"0":"post-8887","1":"product","2":"type-product","3":"status-publish","4":"has-post-thumbnail","6":"product_cat-by-industry","7":"product_cat-custom-perfume-boxes-by-industry","8":"product_cat-folding-cartons","9":"product_cat-paper-box-style","10":"product_tag-50ml-bottle-packaging","11":"product_tag-custom-perfume-box","12":"product_tag-paper-box-maker","14":"first","15":"instock","16":"shipping-taxable","17":"product-type-grouped"},"_links":{"self":[{"href":"https:\/\/zojopackaging.com\/pt\/wp-json\/wp\/v2\/product\/8887","targetHints":{"allow":["GET"]}}],"collection":[{"href":"https:\/\/zojopackaging.com\/pt\/wp-json\/wp\/v2\/product"}],"about":[{"href":"https:\/\/zojopackaging.com\/pt\/wp-json\/wp\/v2\/types\/product"}],"version-history":[{"count":1,"href":"https:\/\/zojopackaging.com\/pt\/wp-json\/wp\/v2\/product\/8887\/revisions"}],"predecessor-version":[{"id":8902,"href":"https:\/\/zojopackaging.com\/pt\/wp-json\/wp\/v2\/product\/8887\/revisions\/8902"}],"wp:featuredmedia":[{"embeddable":true,"href":"https:\/\/zojopackaging.com\/pt\/wp-json\/wp\/v2\/media\/8890"}],"wp:attachment":[{"href":"https:\/\/zojopackaging.com\/pt\/wp-json\/wp\/v2\/media?parent=8887"}],"wp:term":[{"taxonomy":"product_brand","embeddable":true,"href":"https:\/\/zojopackaging.com\/pt\/wp-json\/wp\/v2\/product_brand?post=8887"},{"taxonomy":"product_cat","embeddable":true,"href":"https:\/\/zojopackaging.com\/pt\/wp-json\/wp\/v2\/product_cat?post=8887"},{"taxonomy":"product_tag","embeddable":true,"href":"https:\/\/zojopackaging.com\/pt\/wp-json\/wp\/v2\/product_tag?post=8887"}],"curies":[{"name":"wp","href":"https:\/\/api.w.org\/{rel}","templated":true}]}}