{"id":8896,"date":"2025-03-31T17:40:48","date_gmt":"2025-03-31T09:40:48","guid":{"rendered":"https:\/\/zojopackaging.com\/?post_type=product&#038;p=8896"},"modified":"2025-03-31T18:23:15","modified_gmt":"2025-03-31T10:23:15","slug":"custom-baby-pacifier-clip-teether-holder-packaging-boxes","status":"publish","type":"product","link":"https:\/\/zojopackaging.com\/pt\/product\/custom-baby-pacifier-clip-teether-holder-packaging-boxes\/","title":{"rendered":"Caixas de embalagem personalizadas com suporte para mordedor de chupeta de beb\u00e9"},"content":{"rendered":"<h2 id=\"-1-box-design-of-top-and-bottom-cover-precise-fit-upgraded-protection-\"><strong>1. Design da caixa da tampa e da base: ajuste preciso, prote\u00e7\u00e3o melhorada<\/strong><\/h2>\n<p>\u00c9 adoptada a estrutura cl\u00e1ssica de cobertura superior e inferior, que \u00e9 composta por uma cobertura superior e uma caixa inferior, e o encaixe perfeito \u00e9 conseguido atrav\u00e9s de uma correspond\u00eancia precisa de tamanhos. \u00c9 reservado um espa\u00e7o razo\u00e1vel na jun\u00e7\u00e3o das tampas superior e inferior, o que \u00e9 conveniente para abrir e fechar e garante a veda\u00e7\u00e3o, evitando eficazmente o p\u00f3 e a humidade. O corpo da caixa \u00e9 feito de cart\u00e3o cinzento duro ou cart\u00e3o ecol\u00f3gico, com tecnologia de corte de alta precis\u00e3o, forte resist\u00eancia \u00e0 press\u00e3o e pode suportar o impacto durante o transporte.<\/p>\n<h2 id=\"-2-customized-lining-buffer-system-safe-protection-without-dead-angles-\"><strong>2. Sistema de prote\u00e7\u00e3o do revestimento personalizado: prote\u00e7\u00e3o segura sem \u00e2ngulos mortos<\/strong><\/h2>\n<p>O revestimento pode ser selecionado com espuma EVA de alta densidade ou material esponjoso, e a chupeta, o mordedor e outros artigos podem ser fixados com precis\u00e3o atrav\u00e9s de ranhuras independentes ou estruturas alveolares para reduzir o desgaste por vibra\u00e7\u00e3o. Por exemplo, a densidade do revestimento em EVA pode ser selecionada entre 30-50 kg\/m\u00b3 e a taxa de abertura da estrutura em favo de mel \u00e9 de 60-85%, tendo em conta a prote\u00e7\u00e3o e a utiliza\u00e7\u00e3o do espa\u00e7o. Suporta um design por camadas e \u00e9 adequado para combina\u00e7\u00f5es de produtos de diferentes tamanhos, como o armazenamento de chupetas e caixas de desinfe\u00e7\u00e3o.<\/p>\n<h2 id=\"-3-brand-visual-enhancement-printing-technology-and-creative-design-\"><strong>3. Melhoria visual da marca: tecnologia de impress\u00e3o e design criativo<\/strong><\/h2>\n<p>A caixa oferece uma \u00e1rea de impress\u00e3o de 360\u00b0 de grandes dimens\u00f5es, suporta impress\u00e3o offset a quatro cores, serigrafia e outros processos, e pode ser personalizada com log\u00f3tipos de marcas, ilustra\u00e7\u00f5es ou padr\u00f5es tem\u00e1ticos infantis. Os processos de superf\u00edcie incluem:<\/p>\n<ul>\n<li><strong>Estampagem a quente\/estampagem a quente<\/strong>: real\u00e7am o luxo do log\u00f3tipo da marca;<\/li>\n<li><strong>UV parcial<\/strong>: real\u00e7am o brilho e o sentido tridimensional dos principais gr\u00e1ficos;<\/li>\n<li><strong>Em relevo<\/strong>: melhoram o n\u00edvel t\u00e1til, como a simula\u00e7\u00e3o da textura da pele das m\u00e3es e dos beb\u00e9s. O ficheiro de design suporta a gera\u00e7\u00e3o inteligente de IA para garantir que o grau de reprodu\u00e7\u00e3o de cores atinge mais de 98%.<\/li>\n<\/ul>\n<h2 id=\"-4-full-dimensional-customization-service-flexible-adaptation-to-needs-\"><strong>4. Servi\u00e7o de personaliza\u00e7\u00e3o integral: adapta\u00e7\u00e3o flex\u00edvel \u00e0s necessidades<\/strong><\/h2>\n<ul>\n<li><strong>Tamanho e tipo de caixa<\/strong>: suporta estruturas redondas, quadradas, de forma especial e outras, que podem corresponder \u00e0s necessidades de embalagem de produtos em diferentes fases dos 0-3 anos de idade;<\/li>\n<li><strong>Material e prote\u00e7\u00e3o ambiental<\/strong>: fornece cart\u00e3o branco de qualidade alimentar, cart\u00e3o cinzento degrad\u00e1vel e outras op\u00e7\u00f5es, em conformidade com as normas de seguran\u00e7a da FDA e da UE EN71;<\/li>\n<li><strong>Cor e processo<\/strong>: Correspond\u00eancia de cores diretas Pantone, suporta efeitos de superf\u00edcie mate, brilhante, fosco e outros.<\/li>\n<\/ul>\n<h2 id=\"-5-intelligent-production-and-fast-delivery-\"><strong>5. Produ\u00e7\u00e3o inteligente e entrega r\u00e1pida<\/strong><\/h2>\n<p>A estrutura da caixa \u00e9 altamente modularizada e \u00e9 compat\u00edvel com m\u00e1quinas de corte e vinco totalmente autom\u00e1ticas, m\u00e1quinas de colagem de caixas e outros equipamentos, com uma capacidade de produ\u00e7\u00e3o di\u00e1ria de at\u00e9 50.000 pe\u00e7as. A oficina utiliza o sistema de gest\u00e3o MES para monitorizar em tempo real o progresso da produ\u00e7\u00e3o, o estado do equipamento e os dados de qualidade, e o ciclo de entrega das encomendas \u00e9 reduzido para 7-10 dias. Atrav\u00e9s do centro de provas digitais, a confirma\u00e7\u00e3o da amostra f\u00edsica pode ser fornecida em 48 horas.<\/p>\n<h2 id=\"-6-advantages-of-the-source-factory-high-cost-performance-and-worry-free-service-\"><strong>6. Vantagens da f\u00e1brica de origem: desempenho de alto custo e servi\u00e7o sem preocupa\u00e7\u00f5es<\/strong><\/h2>\n<p>Fornecimento direto da f\u00e1brica de origem na China, com base na produ\u00e7\u00e3o em grande escala e na integra\u00e7\u00e3o da cadeia de abastecimento, o pre\u00e7o \u00e9 15%-30% inferior ao pre\u00e7o m\u00e9dio do mercado. Os servi\u00e7os de design gratuito, pr\u00e9-visualiza\u00e7\u00e3o de renderiza\u00e7\u00e3o 3D e entrega de amostras s\u00e3o fornecidos, e a personaliza\u00e7\u00e3o de pequenos lotes (quantidade m\u00ednima de encomenda de 500 pe\u00e7as) \u00e9 suportada. O controlo de qualidade passou a certifica\u00e7\u00e3o ISO 9001 e oferece uma garantia de 12 meses.<\/p>\n<h2 id=\"-7-environmental-protection-and-sustainability-\"><strong>7. Prote\u00e7\u00e3o do ambiente e sustentabilidade<\/strong><\/h2>\n<p>Adotar papel certificado FSC e tinta \u00e0 base de \u00e1gua para apoiar a conce\u00e7\u00e3o de reciclagem. A caixa de embalagem pode ser transformada numa caixa de arruma\u00e7\u00e3o materno-infantil ou num brinquedo de educa\u00e7\u00e3o infantil para prolongar o ciclo de vida.<\/p>\n<p><strong>Processo de coopera\u00e7\u00e3o<\/strong>: comunica\u00e7\u00e3o da procura \u2192 conce\u00e7\u00e3o livre \u2192 confirma\u00e7\u00e3o da prova \u2192 programa\u00e7\u00e3o MES \u2192 entrega em lote \u2192 acompanhamento p\u00f3s-venda\u00a0<strong>Cen\u00e1rios aplic\u00e1veis<\/strong>: conjuntos de oferta de marca materno-infantil, plataforma de com\u00e9rcio eletr\u00f3nico, embalagem de produto \u00fanico, fornecimento de exporta\u00e7\u00e3o transfronteiri\u00e7a, etc.<\/p>\n<p>Atrav\u00e9s da integra\u00e7\u00e3o de design, materiais e produ\u00e7\u00e3o inteligente, este produto fornece uma solu\u00e7\u00e3o de embalagem \u00fanica para produtos de cuidados para beb\u00e9s, desde a prote\u00e7\u00e3o \u00e0 comunica\u00e7\u00e3o da marca.<\/p>","protected":false},"excerpt":{"rendered":"<p>1. A tampa e a base adoptam o design das tampas superior e inferior que encaixam uma na outra e conseguem um encaixe perfeito atrav\u00e9s de uma correspond\u00eancia precisa de tamanhos<br \/>\n2. O forro pode ser personalizado com EVA de alta densidade, esponja e outros materiais de amortecimento, e os itens s\u00e3o fixados atrav\u00e9s de ranhuras independentes ou estruturas alveolares para reduzir a vibra\u00e7\u00e3o e o desgaste<br \/>\n3. O corpo da caixa oferece uma grande \u00e1rea de impress\u00e3o, que pode ser personalizada com log\u00f3tipos de marca e padr\u00f5es art\u00edsticos para melhorar a imagem da marca<br \/>\n4. O tipo de caixa, o tamanho, a cor, o material e o efeito de impress\u00e3o da superf\u00edcie podem ser altamente personalizados para se adaptarem \u00e0 embalagem da chupeta e do porta-chupeta do beb\u00e9<\/p>","protected":false},"featured_media":8897,"template":"","meta":[],"product_brand":[],"product_cat":[30,413,425,31],"product_tag":[1013,1014,1012],"class_list":{"0":"post-8896","1":"product","2":"type-product","3":"status-publish","4":"has-post-thumbnail","6":"product_cat-by-industry","7":"product_cat-consumer-electronics-boxes","8":"product_cat-lid-and-base-gift-box","9":"product_cat-paper-box-style","10":"product_tag-baby-teethers-packaging-box","11":"product_tag-custom-baby-pacifier-packaging","12":"product_tag-pacifier-clips-packaging","14":"first","15":"instock","16":"shipping-taxable","17":"product-type-simple"},"_links":{"self":[{"href":"https:\/\/zojopackaging.com\/pt\/wp-json\/wp\/v2\/product\/8896","targetHints":{"allow":["GET"]}}],"collection":[{"href":"https:\/\/zojopackaging.com\/pt\/wp-json\/wp\/v2\/product"}],"about":[{"href":"https:\/\/zojopackaging.com\/pt\/wp-json\/wp\/v2\/types\/product"}],"version-history":[{"count":1,"href":"https:\/\/zojopackaging.com\/pt\/wp-json\/wp\/v2\/product\/8896\/revisions"}],"predecessor-version":[{"id":8911,"href":"https:\/\/zojopackaging.com\/pt\/wp-json\/wp\/v2\/product\/8896\/revisions\/8911"}],"wp:featuredmedia":[{"embeddable":true,"href":"https:\/\/zojopackaging.com\/pt\/wp-json\/wp\/v2\/media\/8897"}],"wp:attachment":[{"href":"https:\/\/zojopackaging.com\/pt\/wp-json\/wp\/v2\/media?parent=8896"}],"wp:term":[{"taxonomy":"product_brand","embeddable":true,"href":"https:\/\/zojopackaging.com\/pt\/wp-json\/wp\/v2\/product_brand?post=8896"},{"taxonomy":"product_cat","embeddable":true,"href":"https:\/\/zojopackaging.com\/pt\/wp-json\/wp\/v2\/product_cat?post=8896"},{"taxonomy":"product_tag","embeddable":true,"href":"https:\/\/zojopackaging.com\/pt\/wp-json\/wp\/v2\/product_tag?post=8896"}],"curies":[{"name":"wp","href":"https:\/\/api.w.org\/{rel}","templated":true}]}}