{"id":8904,"date":"2025-03-31T17:48:04","date_gmt":"2025-03-31T09:48:04","guid":{"rendered":"https:\/\/zojopackaging.com\/?post_type=product&#038;p=8904"},"modified":"2025-03-31T19:21:14","modified_gmt":"2025-03-31T11:21:14","slug":"oem-perfume-pink-folding-paper-box-printing-recycled-foil-box-manufacturer","status":"publish","type":"product","link":"https:\/\/zojopackaging.com\/pt\/product\/oem-perfume-pink-folding-paper-box-printing-recycled-foil-box-manufacturer\/","title":{"rendered":"Caixa de papel dobr\u00e1vel rosa para perfume OEM Impress\u00e3o de caixa de folha reciclada Fabricante"},"content":{"rendered":"<p>No mercado de consumo de perfumes, a embalagem n\u00e3o \u00e9 apenas o \"cart\u00e3o de visita externo\" do produto, mas tamb\u00e9m o principal portador dos valores da marca e da experi\u00eancia do utilizador. Os fabricantes de cart\u00e3o dobr\u00e1vel topo de gama da China oferecem \u00e0s marcas solu\u00e7\u00f5es est\u00e9ticas e pr\u00e1ticas atrav\u00e9s da inova\u00e7\u00e3o tecnol\u00f3gica, da atualiza\u00e7\u00e3o de processos e de servi\u00e7os personalizados. De seguida, analisamos as suas principais vantagens em v\u00e1rias dimens\u00f5es:<\/p>\n<h3 id=\"-1-350g-single-powder-card-material-thick-and-solid-suitable-for-full-capacity-bottle-types-\"><strong>1. Material do cart\u00e3o de p\u00f3 \u00fanico de 350g: espesso e s\u00f3lido, adequado para tipos de garrafas de capacidade total<\/strong><\/h3>\n<p>Utilizando papel de cart\u00e3o de p\u00f3 \u00fanico de 350 g (como o cart\u00e3o de primeiro n\u00edvel Invercote) como material de base, a superf\u00edcie \u00e9 lisa e delicada, com flexibilidade e rigidez, e pode ser adaptada a frascos de capacidade total, como 100 ml, 50 ml e 30 ml. A estrutura de cart\u00e3o de papel incorporada fixa o frasco de perfume atrav\u00e9s de uma tecnologia precisa de corte e vinco, evitando eficazmente a agita\u00e7\u00e3o durante o transporte e garantindo a seguran\u00e7a do produto. Os dados mostram que o custo log\u00edstico dos produtos de perfumaria que utilizam caixas de cart\u00e3o dobr\u00e1veis pode ser reduzido em 20%-30%.<\/p>\n<h3 id=\"-2-pink-gradient-design-hazy-mist-advanced-visual-expression-\"><strong>2. Desenho com gradiente cor-de-rosa: n\u00e9voa nebulosa, express\u00e3o visual avan\u00e7ada<\/strong><\/h3>\n<p>Com base no sistema de cores Morandi, o efeito de gradiente cor-de-rosa \u00e9 obtido atrav\u00e9s da impress\u00e3o flexogr\u00e1fica e da tecnologia de revestimento UV, criando uma experi\u00eancia visual envolvente de \"fragr\u00e2ncia nebulosa\". A equipa de design apoia a personaliza\u00e7\u00e3o de todo o processo, desde os ficheiros de origem em formato CDR\/AI at\u00e9 aos produtos acabados, e as amostras podem ser produzidas no prazo m\u00e1ximo de 24 horas. Por exemplo, a caixa de p\u00f3 gradiente personalizada de um cliente utiliza um processo local de estampagem a quente para refor\u00e7ar o LOGOTIPO da marca, e a taxa de pr\u00e9mio de feedback do mercado atinge 30%.<\/p>\n<h3 id=\"-3-hot-stamping-black-gold-process-highlight-the-brand-tone-multiple-colors-are-optional-\"><strong>3. Processo de estampagem a quente em ouro preto: real\u00e7a o tom da marca, v\u00e1rias cores s\u00e3o opcionais<\/strong><\/h3>\n<p>O processo de estampagem a quente e depois de impress\u00e3o \u00e9 utilizado para formar um efeito de ouro preto tridimensional de alto brilho na superf\u00edcie da caixa de papel. A cor da estampagem a quente pode ser personalizada em vermelho, azul, verde, champanhe, etc. De acordo com os dados do Laborat\u00f3rio Red Sun, a s\u00e9rie GR de filmes de estampagem a quente de alta ades\u00e3o (espessura da camada de cola \u22651,5\u03bcm) pode suportar o retrocesso da tinta e garantir a durabilidade da cor. Por exemplo, uma marca sofisticada usa o processo de estampagem a quente em ouro preto para obter a sobreposi\u00e7\u00e3o em camadas de LOGO e fundo gradiente, e ganhou o Pr\u00eamio Internacional de Design de Embalagem.<\/p>\n<h3 id=\"-4-touch-film-technology-delicate-velvety-feeling-high-end-experience-upgrade-\"><strong>4. Tecnologia de pel\u00edcula t\u00e1til: sensa\u00e7\u00e3o aveludada delicada, atualiza\u00e7\u00e3o da experi\u00eancia de topo de gama<\/strong><\/h3>\n<p>O processo de pel\u00edcula t\u00e1til forma um toque suave e aveludado na superf\u00edcie da caixa de papel, e tamb\u00e9m tem propriedades anti-impress\u00e3o digital e anti-riscos. O material de revestimento \u00e9 especialmente tratado para atingir a norma IP65 \u00e0 prova de \u00e1gua, que pode resistir a ligeiras fugas causadas pela volatiliza\u00e7\u00e3o do perfume. Os dados mostram que a satisfa\u00e7\u00e3o do consumidor com as caixas de papel com pel\u00edcula t\u00e1til \u00e9 40% superior \u00e0 das caixas de papel normais.<\/p>\n<h3 id=\"-5-china-s-powerful-factory-automated-production-daily-production-capacity-of-60-000-pieces-\"><strong>5. F\u00e1brica poderosa da China: produ\u00e7\u00e3o automatizada, capacidade de produ\u00e7\u00e3o di\u00e1ria de 60.000 pe\u00e7as<\/strong><\/h3>\n<p>Os principais fabricantes, como a ZOJO Print, investiram 40 milh\u00f5es de yuans na constru\u00e7\u00e3o de uma linha de produ\u00e7\u00e3o inteligente, utilizando o sistema ERP para conseguir uma liga\u00e7\u00e3o perfeita de todo o processo de conce\u00e7\u00e3o, prova e produ\u00e7\u00e3o, com uma produ\u00e7\u00e3o di\u00e1ria de 60 000 pe\u00e7as. Em compara\u00e7\u00e3o com uma determinada plataforma de tesouro, fornece tecido facial importado e servi\u00e7os de impress\u00e3o de alta precis\u00e3o ao \"pre\u00e7o de f\u00e1brica de origem\", tal como o erro de peso da caixa de papel \u00e9 controlado a 0,1-0,5 mm.<\/p>\n<h3 id=\"-6-20-year-experience-team-professional-design-solution-full-process-support-\"><strong>6. Equipa com 20 anos de experi\u00eancia: solu\u00e7\u00e3o de conce\u00e7\u00e3o profissional apoio total ao processo<\/strong><\/h3>\n<p>Temos uma equipa interdisciplinar, que inclui designers, engenheiros de impress\u00e3o e especialistas em log\u00edstica, fornecendo servi\u00e7os completos, desde a pesquisa de mercado \u00e0 otimiza\u00e7\u00e3o do transporte. Por exemplo, para as necessidades das marcas de topo de gama, podemos recomendar uma caixa de papel de polpa de bambu certificada pelo FSC + uma solu\u00e7\u00e3o de estrutura de tamp\u00e3o de algod\u00e3o p\u00e9rola incorporada; para o mercado de massas, recomendamos uma caixa de papel reciclado + uma combina\u00e7\u00e3o de processos simplificados.<\/p>\n<h3 id=\"-7-foldable-card-box-save-space-and-freight-control-brand-costs-\"><strong>7. Caixa de cart\u00e3o dobr\u00e1vel: economiza espa\u00e7o e frete, controla os custos da marca<\/strong><\/h3>\n<p>Combinado com o sistema de armazenamento automatizado, um cliente conseguiu um aumento de 3 vezes no volume de um \u00fanico envio e uma redu\u00e7\u00e3o de 15% nos custos de armazenamento atrav\u00e9s desta conce\u00e7\u00e3o.<\/p>","protected":false},"excerpt":{"rendered":"<p>Os fabricantes de caixas dobr\u00e1veis de perfume OEM da China est\u00e3o remodelando a ind\u00fastria global de embalagens por meio da inova\u00e7\u00e3o de materiais, atualiza\u00e7\u00f5es de processos e servi\u00e7os digitais. No futuro, com a populariza\u00e7\u00e3o das ferramentas de design de IA e dos materiais ecol\u00f3gicos, a efici\u00eancia da produ\u00e7\u00e3o personalizada ser\u00e1 ainda melhorada e a integra\u00e7\u00e3o da produ\u00e7\u00e3o sustent\u00e1vel e da estrutura inteligente continuar\u00e1 a levar a ind\u00fastria a evoluir para direc\u00e7\u00f5es de topo de gama e amigas do ambiente.<\/p>","protected":false},"featured_media":8910,"template":"","meta":[],"product_brand":[],"product_cat":[30,417,430,31],"product_tag":[1010,329,1011],"class_list":{"0":"post-8904","1":"product","2":"type-product","3":"status-publish","4":"has-post-thumbnail","6":"product_cat-by-industry","7":"product_cat-custom-perfume-boxes-by-industry","8":"product_cat-folding-cartons","9":"product_cat-paper-box-style","10":"product_tag-50ml-bottle-packaging","11":"product_tag-custom-perfume-box","12":"product_tag-paper-box-maker","14":"first","15":"instock","16":"shipping-taxable","17":"product-type-grouped"},"_links":{"self":[{"href":"https:\/\/zojopackaging.com\/pt\/wp-json\/wp\/v2\/product\/8904","targetHints":{"allow":["GET"]}}],"collection":[{"href":"https:\/\/zojopackaging.com\/pt\/wp-json\/wp\/v2\/product"}],"about":[{"href":"https:\/\/zojopackaging.com\/pt\/wp-json\/wp\/v2\/types\/product"}],"version-history":[{"count":1,"href":"https:\/\/zojopackaging.com\/pt\/wp-json\/wp\/v2\/product\/8904\/revisions"}],"predecessor-version":[{"id":8944,"href":"https:\/\/zojopackaging.com\/pt\/wp-json\/wp\/v2\/product\/8904\/revisions\/8944"}],"wp:featuredmedia":[{"embeddable":true,"href":"https:\/\/zojopackaging.com\/pt\/wp-json\/wp\/v2\/media\/8910"}],"wp:attachment":[{"href":"https:\/\/zojopackaging.com\/pt\/wp-json\/wp\/v2\/media?parent=8904"}],"wp:term":[{"taxonomy":"product_brand","embeddable":true,"href":"https:\/\/zojopackaging.com\/pt\/wp-json\/wp\/v2\/product_brand?post=8904"},{"taxonomy":"product_cat","embeddable":true,"href":"https:\/\/zojopackaging.com\/pt\/wp-json\/wp\/v2\/product_cat?post=8904"},{"taxonomy":"product_tag","embeddable":true,"href":"https:\/\/zojopackaging.com\/pt\/wp-json\/wp\/v2\/product_tag?post=8904"}],"curies":[{"name":"wp","href":"https:\/\/api.w.org\/{rel}","templated":true}]}}