{"id":8912,"date":"2025-03-31T18:23:36","date_gmt":"2025-03-31T10:23:36","guid":{"rendered":"https:\/\/zojopackaging.com\/?post_type=product&#038;p=8912"},"modified":"2025-03-31T19:02:28","modified_gmt":"2025-03-31T11:02:28","slug":"custom-luxury-cosmetic-collapsible-rigid-gift-box-wholesale","status":"publish","type":"product","link":"https:\/\/zojopackaging.com\/pt\/product\/custom-luxury-cosmetic-collapsible-rigid-gift-box-wholesale\/","title":{"rendered":"Caixa de presente r\u00edgida dobr\u00e1vel para cosm\u00e9ticos de luxo personalizada por atacado"},"content":{"rendered":"<h2 id=\"-core-advantages-of-the-product-\"><strong>Principais vantagens do produto<\/strong><\/h2>\n<ol>\n<li><strong>Aspeto deslumbrante do cart\u00e3o laser prateado<\/strong>\u00a0A superf\u00edcie do corpo da caixa \u00e9 feita de alta precis\u00e3o\u00a0<strong>material do cart\u00e3o laser prateado<\/strong>A impress\u00e3o UV e o processo de estampagem a quente\/prata apresentam um efeito de luz din\u00e2mico, que combina visualmente uma sensa\u00e7\u00e3o de tecnologia e luxo. Este design n\u00e3o s\u00f3 se enquadra na tonalidade das marcas de cosm\u00e9ticos topo de gama, como tamb\u00e9m atrai a aten\u00e7\u00e3o dos consumidores quando \u00e9 exibido e refor\u00e7a a capacidade de excel\u00eancia do produto.<\/li>\n<li><strong>Contraste de cor personalizado no interior da caixa<\/strong>\u00a0Suporta\u00a0<strong>personaliza\u00e7\u00e3o personalizada<\/strong>\u00a0da cor do revestimento da caixa. Os clientes podem especificar n\u00fameros de cores Pantone ou fornecer desenhos de projeto para obter um forte contraste entre a cor da parede interior e o aspeto do laser. Por exemplo, o revestimento escuro com laser prateado pode aumentar a sensa\u00e7\u00e3o de mist\u00e9rio, enquanto o revestimento brilhante pode real\u00e7ar a vitalidade do produto.<\/li>\n<li><strong>Estrutura de aba dobr\u00e1vel pr\u00e1tica<\/strong>\u00a0Adopta\u00a0<strong>design de capa flip dobr\u00e1vel<\/strong>A caixa de cart\u00e3o \u00e9 uma caixa de cart\u00e3o de pl\u00e1stico, que pode ser fechada firmemente atrav\u00e9s de suc\u00e7\u00e3o magn\u00e9tica ou estrutura de fivela quando aberta. Ap\u00f3s o fecho, a espessura \u00e9 de apenas 1\/3 do tipo de caixa tradicional, o que \u00e9 conveniente para o transporte e o armazenamento. A caixa pode ser configurada de forma flex\u00edvel com divis\u00f3rias em camadas ou tabuleiros interiores em EVA para se adaptar a cosm\u00e9ticos de diferentes especifica\u00e7\u00f5es (como ess\u00eancia, batom, p\u00f3, etc.) para apresentar intuitivamente a forma do produto.<\/li>\n<li><strong>Os custos de envio s\u00e3o reduzidos<\/strong>\u00a0O produto acabado \u00e9 expedido sob a forma de\u00a0<strong>componentes planos<\/strong>A caixa de cart\u00e3o \u00e9 uma caixa de cart\u00e3o de pl\u00e1stico, que pode ser formada por uma simples dobragem depois de o cliente a receber. Em compara\u00e7\u00e3o com as caixas pr\u00e9-instaladas tradicionais, pode reduzir o volume de transporte em 60% e reduzir os custos log\u00edsticos, o que \u00e9 especialmente adequado para o com\u00e9rcio eletr\u00f3nico transfronteiri\u00e7o ou cen\u00e1rios de compras em massa.<\/li>\n<\/ol>\n<h2 id=\"-customized-service-support-\"><strong>Suporte de servi\u00e7o personalizado<\/strong><\/h2>\n<ol>\n<li><strong>Liberdade de conce\u00e7\u00e3o totalmente dimensional<\/strong><\/li>\n<li><strong>Tamanho flex\u00edvel<\/strong>: Suporta a personaliza\u00e7\u00e3o de tamanhos completos, desde mini caixas de batom (5\u00d75\u00d72cm) a caixas de presente (30\u00d720\u00d710cm), com um controlo de erro de \u00b10,5 mm.<\/li>\n<li><strong>Processos diversos<\/strong>: Oferece estampagem a quente, grava\u00e7\u00e3o em relevo, flocagem, serigrafia e outras op\u00e7\u00f5es de processo, e pode ser equipada com janelas de PVC transparente ou dispositivos magn\u00e9ticos de abertura e fecho para melhorar a funcionalidade e a est\u00e9tica.<\/li>\n<li><strong>Atualiza\u00e7\u00e3o do material<\/strong>: Para al\u00e9m do cart\u00e3o laser prateado, est\u00e3o dispon\u00edveis papel especial, couro PU, cart\u00e3o de densidade e outros materiais para satisfazer as necessidades de diferentes posicionamentos de marca.<\/li>\n<li><strong>Garantia de qualidade da f\u00e1brica de origem<\/strong>\u00a0Como\u00a0<strong>Fabricante chin\u00eas de fontes de embalagem topo de gama<\/strong>Temos uma f\u00e1brica auto-operada de 10.000\u33a1 e mais de 200 equipamentos profissionais, apoiando todo o servi\u00e7o de processo desde a prova de design (3-5 dias) at\u00e9 a produ\u00e7\u00e3o em massa (7-15 dias). Adote papel de placa cinza ecologicamente correto e adesivos de grau alimentar, passe a certifica\u00e7\u00e3o de qualidade ISO e garanta que o produto atenda aos padr\u00f5es internacionais de seguran\u00e7a.<\/li>\n<\/ol>\n<h2 id=\"-price-and-batch-policy-\"><strong>Pol\u00edtica de pre\u00e7os e de lotes<\/strong><\/h2>\n<ul>\n<li><strong>Quantidade m\u00ednima de encomenda<\/strong>: 500 pe\u00e7as, as grandes quantidades beneficiam de descontos escalonados (desconto 15% para mais de 5.000 pe\u00e7as).<\/li>\n<li><strong>Cota\u00e7\u00e3o transparente<\/strong>: O pre\u00e7o \u00e0 sa\u00edda da f\u00e1brica n\u00e3o inclui impostos, fornecer recibos ou facturas de IVA (os custos de fatura\u00e7\u00e3o s\u00e3o calculados separadamente) e suportar a entrega global por via mar\u00edtima\/a\u00e9rea.<\/li>\n<\/ul>","protected":false},"excerpt":{"rendered":"<p>1. O corpo da caixa \u00e9 feito de folha hologr\u00e1fica de estampagem a quente, que tem um efeito visual deslumbrante e aumenta o sentido de moda e a atratividade do produto.<br \/>\n2. A caixa pode ser personalizada com a sua cor favorita, o que forma um contraste de cor com o aspeto do laser e real\u00e7a a apresenta\u00e7\u00e3o do produto.<br \/>\n3. A estrutura dobr\u00e1vel das caixas de oferta \u00e9 f\u00e1cil de abrir e pode mostrar intuitivamente o espa\u00e7o interior.<\/p>","protected":false},"featured_media":8915,"template":"","meta":[],"product_brand":[],"product_cat":[30,427,390,31],"product_tag":[1016,1015,1017],"class_list":{"0":"post-8912","1":"product","2":"type-product","3":"status-publish","4":"has-post-thumbnail","6":"product_cat-by-industry","7":"product_cat-collapsible-gift-boxes","8":"product_cat-custom-cosmetics-boxes","9":"product_cat-paper-box-style","10":"product_tag-cosmetic-collapsible-rigid-gift-box","11":"product_tag-custom-cosmetic-gift-box","12":"product_tag-luxury-cosmetic-gift-box","14":"first","15":"instock","16":"shipping-taxable","17":"product-type-simple"},"_links":{"self":[{"href":"https:\/\/zojopackaging.com\/pt\/wp-json\/wp\/v2\/product\/8912","targetHints":{"allow":["GET"]}}],"collection":[{"href":"https:\/\/zojopackaging.com\/pt\/wp-json\/wp\/v2\/product"}],"about":[{"href":"https:\/\/zojopackaging.com\/pt\/wp-json\/wp\/v2\/types\/product"}],"version-history":[{"count":2,"href":"https:\/\/zojopackaging.com\/pt\/wp-json\/wp\/v2\/product\/8912\/revisions"}],"predecessor-version":[{"id":8934,"href":"https:\/\/zojopackaging.com\/pt\/wp-json\/wp\/v2\/product\/8912\/revisions\/8934"}],"wp:featuredmedia":[{"embeddable":true,"href":"https:\/\/zojopackaging.com\/pt\/wp-json\/wp\/v2\/media\/8915"}],"wp:attachment":[{"href":"https:\/\/zojopackaging.com\/pt\/wp-json\/wp\/v2\/media?parent=8912"}],"wp:term":[{"taxonomy":"product_brand","embeddable":true,"href":"https:\/\/zojopackaging.com\/pt\/wp-json\/wp\/v2\/product_brand?post=8912"},{"taxonomy":"product_cat","embeddable":true,"href":"https:\/\/zojopackaging.com\/pt\/wp-json\/wp\/v2\/product_cat?post=8912"},{"taxonomy":"product_tag","embeddable":true,"href":"https:\/\/zojopackaging.com\/pt\/wp-json\/wp\/v2\/product_tag?post=8912"}],"curies":[{"name":"wp","href":"https:\/\/api.w.org\/{rel}","templated":true}]}}