{"id":8937,"date":"2025-03-31T19:13:59","date_gmt":"2025-03-31T11:13:59","guid":{"rendered":"https:\/\/zojopackaging.com\/?post_type=product&#038;p=8937"},"modified":"2025-03-31T19:36:35","modified_gmt":"2025-03-31T11:36:35","slug":"custom-designs-christmas-socks-packaging-boxes-wholesale","status":"publish","type":"product","link":"https:\/\/zojopackaging.com\/pt\/product\/custom-designs-christmas-socks-packaging-boxes-wholesale\/","title":{"rendered":"Caixas de embalagem de meias de Natal com desenhos personalizados por atacado"},"content":{"rendered":"<h2 id=\"-1-precise-customization-perfect-fit-for-the-product-\"><strong>1. Personaliza\u00e7\u00e3o exacta, adapta\u00e7\u00e3o perfeita ao produto<\/strong><\/h2>\n<p>Apoiamos\u00a0<strong>servi\u00e7os de personaliza\u00e7\u00e3o de processos completos<\/strong>\u00a0com base no tamanho, forma e requisitos de exposi\u00e7\u00e3o do seu produto de meia de Natal, incluindo:<\/p>\n<ul>\n<li><strong>Ajuste flex\u00edvel do tamanho<\/strong>: De mini meias a caixas de oferta espessas, podem ser personalizadas de acordo com o tamanho real do produto para garantir que a embalagem se adapta bem ao conte\u00fado e reduzir as vibra\u00e7\u00f5es durante o transporte.<\/li>\n<li><strong>Desenho personalizado do forro<\/strong>: A utiliza\u00e7\u00e3o de esponja EVA, algod\u00e3o p\u00e9rola ou forro de flocagem n\u00e3o s\u00f3 melhora a prote\u00e7\u00e3o, como tamb\u00e9m permite a classifica\u00e7\u00e3o e a arruma\u00e7\u00e3o de v\u00e1rias categorias de meias de Natal (como adulto, crian\u00e7a e acess\u00f3rios) atrav\u00e9s da estrutura divis\u00f3ria, aumentando a praticidade da caixa de presente.<\/li>\n<li><strong>Op\u00e7\u00f5es de fun\u00e7\u00f5es alargadas<\/strong>: Suporta a adi\u00e7\u00e3o de acess\u00f3rios como fivelas magn\u00e9ticas e fitas de fita para satisfazer as necessidades do ritual de abertura de caixas de oferta de alta qualidade.<\/li>\n<\/ul>\n<h2 id=\"-2-flip-top-structure-taking-into-account-convenience-and-display-\"><strong>2. Estrutura de fecho magn\u00e9tica, tendo em conta a comodidade e a apresenta\u00e7\u00e3o<\/strong><\/h2>\n<p>Adotar o encerramento megn\u00e9tico<strong>\u00a0desenho<\/strong>\u00a0para otimizar a experi\u00eancia do utilizador:<\/p>\n<ul>\n<li><strong>Abertura e fecho flex\u00edveis<\/strong>: A tampa e o corpo da caixa s\u00e3o unidos por um processo de vinco preciso, que pode ser colocado na horizontal a 180\u00b0, o que \u00e9 conveniente para a exposi\u00e7\u00e3o no retalho ou para a exposi\u00e7\u00e3o intuitiva durante a oferta.<\/li>\n<li><strong>Janela de visualiza\u00e7\u00e3o tridimensional<\/strong>: O design opcional da janela em PVC transparente, com tecnologia de pel\u00edcula mate de papel revestido de 157 GSM, pode proteger o produto e real\u00e7ar os pormenores requintados do padr\u00e3o de Natal.<\/li>\n<li><strong>Portabilidade actualizada<\/strong>: A espessura da caixa \u00e9 controlada dentro de 15 mm, tendo em conta a capacidade de carga e a leveza, adequada para prateleiras de supermercados e cen\u00e1rios de entrega expresso.<\/li>\n<\/ul>\n<h2 id=\"-three-high-end-materials-environmental-protection-and-texture-coexist-\"><strong>3. Coexist\u00eancia de materiais de alta qualidade, prote\u00e7\u00e3o ambiental e textura<\/strong><\/h2>\n<p>Selecionar rigorosamente materiais de embalagem que cumpram as normas internacionais:<\/p>\n<ul>\n<li><strong>Cart\u00e3o cinzento 1200 GSM<\/strong>: N\u00facleo de papel de cart\u00e3o cinzento de alta densidade, resist\u00eancia \u00e0 compress\u00e3o de mais de 50 kg, para garantir que a caixa de oferta n\u00e3o se deforma durante o empilhamento e armazenamento, e passou a certifica\u00e7\u00e3o SGS, em conformidade com os requisitos de seguran\u00e7a de contacto de qualidade alimentar.<\/li>\n<li><strong>Papel revestido de 157 GSM<\/strong>: A superf\u00edcie \u00e9 coberta por uma pel\u00edcula mate\/brilhante, o grau de reprodu\u00e7\u00e3o das cores atinge 98%, apresenta com precis\u00e3o o Pai Natal, os flocos de neve, os alces e outros elementos festivos, com um toque delicado e anti-impress\u00e3o digital.<\/li>\n<li><strong>Tecnologia amiga do ambiente<\/strong>: Utilizando tinta de impress\u00e3o \u00e0 base de \u00e1gua e adesivos degrad\u00e1veis, cumpre as normas ambientais REACH da UE e FDA dos EUA, ajudando as marcas a transmitir conceitos sustent\u00e1veis.<\/li>\n<\/ul>\n<h2 id=\"-fourth-heidelberg-printing-technology-vivid-and-lasting-colors-\"><strong>4. Tecnologia de impress\u00e3o Heidelberg, cores vivas e duradouras<\/strong><\/h2>\n<p>Confiar em\u00a0<strong>M\u00e1quina de impress\u00e3o alem\u00e3 Heidelberg CX 102-8+L<\/strong>A qualidade de impress\u00e3o \u00e9 l\u00edder no sector:<\/p>\n<ul>\n<li><strong>Resolu\u00e7\u00e3o ultra n\u00edtida<\/strong>Impress\u00e3o de chapas de alta defini\u00e7\u00e3o de 2400 dpi, restaura com precis\u00e3o cores gradientes e pequenos textos (como log\u00f3tipos de marcas, felicita\u00e7\u00f5es) e evita desvios de impress\u00e3o excessiva.<\/li>\n<li><strong>B\u00ean\u00e7\u00e3o especial do processo<\/strong>: Suporta estampagem a quente, envidra\u00e7amento local UV, relevo 3D e outros efeitos, como a adi\u00e7\u00e3o de textura tridimensional de gr\u00e3os de neve ou bordos dourados brilhantes a padr\u00f5es de meias de Natal para melhorar o ambiente festivo.<\/li>\n<li><strong>Controlo de qualidade rigoroso<\/strong>: Ap\u00f3s cada lote de impress\u00e3o, a diferen\u00e7a de cor (\u0394E\u22642) \u00e9 detectada por um espetrofot\u00f3metro para garantir a consist\u00eancia da produ\u00e7\u00e3o em massa.<\/li>\n<\/ul>\n<h2 id=\"-v-large-scale-intelligent-manufacturing-16-years-of-quality-assurance-\"><strong>5. Fabrico inteligente em grande escala, 16 anos de garantia de qualidade<\/strong><\/h2>\n<p>Confiar em\u00a0<strong>5.320 metros quadrados de base de produ\u00e7\u00e3o pr\u00f3pria<\/strong>A nossa empresa fornece servi\u00e7os de cadeia de abastecimento eficientes e fi\u00e1veis:<\/p>\n<ul>\n<li><strong>Capacidade de cadeia completa<\/strong>: Equipada com m\u00e1quinas autom\u00e1ticas de corte e vinco, m\u00e1quinas de colagem de caixas e linhas de inspe\u00e7\u00e3o de qualidade, com uma capacidade de produ\u00e7\u00e3o di\u00e1ria de 100.000 caixas, permitindo a entrega r\u00e1pida de encomendas urgentes em 72 horas.<\/li>\n<li><strong>16 anos de experi\u00eancia<\/strong>: Servir mais de 500 clientes mundiais, familiarizados com as exig\u00eancias de conformidade dos mercados europeu e americano para as embalagens de Natal (como a certifica\u00e7\u00e3o FSC).<\/li>\n<li><strong>Servi\u00e7o de balc\u00e3o \u00fanico<\/strong>: Desde a prova de conce\u00e7\u00e3o (3-5 dias para a prova) at\u00e9 \u00e0 distribui\u00e7\u00e3o log\u00edstica (servi\u00e7o de consigna\u00e7\u00e3o), pessoal dedicado acompanha todo o processo para reduzir os custos de comunica\u00e7\u00e3o com o cliente.<\/li>\n<\/ul>\n<h2 id=\"-sixth-direct-supply-from-the-source-factory-the-first-choice-for-cost-effectiveness-\"><strong>6. Fornecimento direto da f\u00e1brica de origem, a primeira escolha para uma boa rela\u00e7\u00e3o custo-efic\u00e1cia<\/strong><\/h2>\n<ul>\n<li><strong>Venda direta por grosso a pre\u00e7o de f\u00e1brica<\/strong>: Eliminar o aumento de pre\u00e7o dos intermedi\u00e1rios, encomendas por grosso (a partir de 500).<\/li>\n<li><strong>Desconto por gradiente personalizado<\/strong>: Modifica\u00e7\u00e3o gratuita do projeto de design para encomendas superiores a 50.000 caixas e subs\u00eddios log\u00edsticos para encomendas superiores a 100.000 caixas, ajudando as marcas a controlar os custos e a aumentar a efici\u00eancia.<\/li>\n<\/ul>\n<p><strong>Cen\u00e1rios de aplica\u00e7\u00e3o<\/strong><\/p>\n<ul>\n<li><strong>Caixas de oferta para f\u00e9rias<\/strong>: Presentes de empresa com tema de Natal, conjuntos de retalho (como meias + cart\u00f5es de felicita\u00e7\u00f5es).<\/li>\n<li><strong>Com\u00e9rcio eletr\u00f3nico transfronteiri\u00e7o<\/strong>: Cumprir as especifica\u00e7\u00f5es de embalagem da Amazon FBA e adaptar-se \u00e0s necessidades de compra da \u00e9poca natal\u00edcia das fam\u00edlias europeias e americanas.<\/li>\n<li><strong>Co-branding de marcas<\/strong>: Suporte \u00e0 personaliza\u00e7\u00e3o da imagem IP (como padr\u00f5es autorizados pela Disney) para aumentar o espa\u00e7o premium do produto.<\/li>\n<\/ul>\n<p><strong>Processo de coopera\u00e7\u00e3o<\/strong><\/p>\n<ol>\n<li><strong>Confirma\u00e7\u00e3o do pedido<\/strong>: Fornecer a dimens\u00e3o do produto, o projeto de conce\u00e7\u00e3o ou a caixa de amostras de refer\u00eancia.<\/li>\n<li><strong>Prova 3D<\/strong>: Envio de caixas de amostras f\u00edsicas no prazo de 72 horas.<\/li>\n<li><strong>Produ\u00e7\u00e3o em massa<\/strong>: Ap\u00f3s a confirma\u00e7\u00e3o da amostra, a entrega a granel ser\u00e1 conclu\u00edda em 7-10 dias.<\/li>\n<\/ol>","protected":false},"excerpt":{"rendered":"<p>1. Suporte para tamanho e forro personalizados de acordo com o seu produto, para que o produto se ajuste melhor \u00e0 caixa<br \/>\n2. design de fecho magn\u00e9tico, flex\u00edvel para abrir e retirar o produto, f\u00e1cil de exibir<br \/>\n3. Aplic\u00e1vel ao fabrico de cart\u00e3o cinzento de 1200 GSM e de papel couch\u00e9 de 157 GSM<\/p>","protected":false},"featured_media":8940,"template":"","meta":[],"product_brand":[],"product_cat":[30,414,424,31],"product_tag":[1022,897,1021],"class_list":{"0":"post-8937","1":"product","2":"type-product","3":"status-publish","4":"has-post-thumbnail","6":"product_cat-by-industry","7":"product_cat-custom-apparel-boxes","8":"product_cat-magnetic-closure-boxes","9":"product_cat-paper-box-style","10":"product_tag-christmas-socks-packaging","11":"product_tag-custom-boxes-wholesale","12":"product_tag-socks-packaging-boxes","14":"first","15":"instock","16":"shipping-taxable","17":"product-type-simple"},"_links":{"self":[{"href":"https:\/\/zojopackaging.com\/pt\/wp-json\/wp\/v2\/product\/8937","targetHints":{"allow":["GET"]}}],"collection":[{"href":"https:\/\/zojopackaging.com\/pt\/wp-json\/wp\/v2\/product"}],"about":[{"href":"https:\/\/zojopackaging.com\/pt\/wp-json\/wp\/v2\/types\/product"}],"version-history":[{"count":1,"href":"https:\/\/zojopackaging.com\/pt\/wp-json\/wp\/v2\/product\/8937\/revisions"}],"predecessor-version":[{"id":8952,"href":"https:\/\/zojopackaging.com\/pt\/wp-json\/wp\/v2\/product\/8937\/revisions\/8952"}],"wp:featuredmedia":[{"embeddable":true,"href":"https:\/\/zojopackaging.com\/pt\/wp-json\/wp\/v2\/media\/8940"}],"wp:attachment":[{"href":"https:\/\/zojopackaging.com\/pt\/wp-json\/wp\/v2\/media?parent=8937"}],"wp:term":[{"taxonomy":"product_brand","embeddable":true,"href":"https:\/\/zojopackaging.com\/pt\/wp-json\/wp\/v2\/product_brand?post=8937"},{"taxonomy":"product_cat","embeddable":true,"href":"https:\/\/zojopackaging.com\/pt\/wp-json\/wp\/v2\/product_cat?post=8937"},{"taxonomy":"product_tag","embeddable":true,"href":"https:\/\/zojopackaging.com\/pt\/wp-json\/wp\/v2\/product_tag?post=8937"}],"curies":[{"name":"wp","href":"https:\/\/api.w.org\/{rel}","templated":true}]}}