{"id":8945,"date":"2025-03-31T19:23:57","date_gmt":"2025-03-31T11:23:57","guid":{"rendered":"https:\/\/zojopackaging.com\/?post_type=product&#038;p=8945"},"modified":"2025-03-31T19:52:07","modified_gmt":"2025-03-31T11:52:07","slug":"custom-unique-perfume-packaging-box-saudi-design-manufacturer","status":"publish","type":"product","link":"https:\/\/zojopackaging.com\/pt\/product\/custom-unique-perfume-packaging-box-saudi-design-manufacturer\/","title":{"rendered":"Caixa de embalagem de perfume exclusiva personalizada Fabricante saudita de design"},"content":{"rendered":"<h3 id=\"-1-350g-single-powder-card-material-retro-texture-and-durability-\"><strong>1. 350g de material de cart\u00e3o de p\u00f3 \u00fanico: textura retro e durabilidade<\/strong><\/h3>\n<p>Utilizando papel de cart\u00e3o de p\u00f3 \u00fanico de 350 g, a superf\u00edcie \u00e9 suave e delicada. Os tons retro do padr\u00e3o laranja e do fundo bege s\u00e3o restaurados com precis\u00e3o atrav\u00e9s da impress\u00e3o a quatro cores. Com a tecnologia UV de placa completa, o padr\u00e3o apresenta uma textura de alto brilho, simulando o efeito de pintura retro, ao mesmo tempo que melhora o desempenho anti-riscos para garantir que n\u00e3o se desgasta facilmente durante o transporte.<\/p>\n<h3 id=\"-2-retro-clock-pattern-design-visual-symbol-of-brand-concept-\"><strong>2. Desenho de padr\u00e3o de rel\u00f3gio retro: s\u00edmbolo visual do conceito da marca<\/strong><\/h3>\n<p>O centro da superf\u00edcie da caixa apresenta um rel\u00f3gio de numera\u00e7\u00e3o romana (\u216a, \u216b, \u2160, etc.) com tecnologia de entalhe retro, simbolizando \"momentos preciosos\", rodeado por padr\u00f5es de videira barroca, combinados com fundo bege e gradiente laranja, criando um luxo nost\u00e1lgico, em linha com o tom narrativo das marcas de perfumes de alta qualidade.<\/p>\n<h3 id=\"-3-four-color-printing-full-page-uv-double-upgrade-of-color-and-touch-\"><strong>3. Impress\u00e3o a quatro cores + UV de p\u00e1gina inteira: dupla atualiza\u00e7\u00e3o da cor e do toque<\/strong><\/h3>\n<p>O laranja (Pantone 165C) e o bege (Pantone Warm Gray 1C) do projeto de design s\u00e3o restaurados com precis\u00e3o atrav\u00e9s da impressora a quatro cores Heidelberg, e o revestimento UV de p\u00e1gina inteira cobre a superf\u00edcie da caixa, formando um contraste em camadas entre as superf\u00edcies mate e brilhante, com um toque delicado como a seda, e real\u00e7ando visualmente o efeito de relevo tridimensional.<\/p>\n<h3 id=\"-4-roman-numerals-and-clock-elements-details-strengthen-the-brand-story-\"><strong>4. N\u00fameros romanos e elementos de rel\u00f3gio: os pormenores refor\u00e7am a hist\u00f3ria da marca<\/strong><\/h3>\n<p>O padr\u00e3o do rel\u00f3gio na superf\u00edcie da caixa adopta a tecnologia de grava\u00e7\u00e3o a laser c\u00f4ncava e convexa, os contornos dos n\u00fameros s\u00e3o claros e n\u00edtidos e o padr\u00e3o de videira apresenta um toque tridimensional atrav\u00e9s do processo de grava\u00e7\u00e3o em relevo, ecoando o slogan \"THIS IS A CHARMING MOMENT FOR YOU\", transmitindo a busca da marca pelo sentido ritual.<\/p>\n<h3 id=\"-5-orange-and-white-contrast-pure-white-background-highly-recognizable-minimalist-aesthetics-\"><strong>5. Contraste laranja e branco + fundo branco puro: est\u00e9tica minimalista altamente reconhec\u00edvel<\/strong><\/h3>\n<p>O padr\u00e3o principal cor de laranja forma um contraste de baixa satura\u00e7\u00e3o com o fundo bege e \u00e9 combinado com o rebordo da caixa inferior em branco puro para criar uma sensa\u00e7\u00e3o de luxo; o texto \"PERFUME\" utiliza um tipo de letra serifado com tecnologia de ouro preto quente e \u00e9 misturado com um tipo de letra sem serifa para equilibrar a est\u00e9tica retro e moderna.<\/p>\n<h3 id=\"-6-factory-automated-production-7-day-fast-delivery-of-retro-complex-structures-\"><strong>6. Produ\u00e7\u00e3o automatizada em f\u00e1brica: Entrega r\u00e1pida em 7 dias de estruturas retrocomplexas<\/strong><\/h3>\n<p>A f\u00e1brica pr\u00f3pria est\u00e1 equipada com equipamento de corte e vinco totalmente autom\u00e1tico, que suporta o corte e vinco de alta precis\u00e3o de padr\u00f5es complexos e algarismos romanos (erro \u2264 0,1 mm), combinado com 7-9 dias de capacidade de entrega r\u00e1pida, para atender \u00e0s necessidades de personaliza\u00e7\u00e3o de pequenos lotes (quantidade m\u00ednima de pedido 500 pe\u00e7as), garantindo a restaura\u00e7\u00e3o do projeto.<\/p>\n<h3 id=\"-7-environmental-certification-endorsement-sustainable-technology-is-suitable-for-the-international-market-\"><strong>7. Certifica\u00e7\u00e3o ambiental: A tecnologia sustent\u00e1vel \u00e9 adequada para o mercado internacional<\/strong><\/h3>\n<p>A utiliza\u00e7\u00e3o de cart\u00e3o certificado FSC e de verniz \u00e0 base de \u00e1gua cumpre as normas ambientais REACH da UE. Ao mesmo tempo, o processo UV mate reduz a polui\u00e7\u00e3o vol\u00e1til da tinta, ajudando a marca a criar o conceito de \"retro amigo do ambiente\" e a satisfazer as necessidades dos mercados europeu e americano em mat\u00e9ria de embalagens sustent\u00e1veis.<\/p>","protected":false},"excerpt":{"rendered":"<p>Este design foi personalizado para uma marca de fragr\u00e2ncias de sal\u00e3o europeia de nicho. O elemento rel\u00f3gio transmite o conceito de \"cl\u00e1ssico eterno\". O revestimento UV na superf\u00edcie da caixa refor\u00e7a a sensa\u00e7\u00e3o de cerim\u00f3nia de abertura da caixa. O feedback dos clientes mostra que a taxa de recompra das caixas de oferta aumentou 25%.<\/p>","protected":false},"featured_media":8947,"template":"","meta":[],"product_brand":[],"product_cat":[30,417,430,31],"product_tag":[817,1024,1023],"class_list":{"0":"post-8945","1":"product","2":"type-product","3":"status-publish","4":"has-post-thumbnail","6":"product_cat-by-industry","7":"product_cat-custom-perfume-boxes-by-industry","8":"product_cat-folding-cartons","9":"product_cat-paper-box-style","10":"product_tag-custom-box","11":"product_tag-packaging-box-saudi-design","12":"product_tag-unique-perfume-packaging-box","14":"first","15":"instock","16":"shipping-taxable","17":"product-type-grouped"},"_links":{"self":[{"href":"https:\/\/zojopackaging.com\/pt\/wp-json\/wp\/v2\/product\/8945","targetHints":{"allow":["GET"]}}],"collection":[{"href":"https:\/\/zojopackaging.com\/pt\/wp-json\/wp\/v2\/product"}],"about":[{"href":"https:\/\/zojopackaging.com\/pt\/wp-json\/wp\/v2\/types\/product"}],"version-history":[{"count":1,"href":"https:\/\/zojopackaging.com\/pt\/wp-json\/wp\/v2\/product\/8945\/revisions"}],"predecessor-version":[{"id":8959,"href":"https:\/\/zojopackaging.com\/pt\/wp-json\/wp\/v2\/product\/8945\/revisions\/8959"}],"wp:featuredmedia":[{"embeddable":true,"href":"https:\/\/zojopackaging.com\/pt\/wp-json\/wp\/v2\/media\/8947"}],"wp:attachment":[{"href":"https:\/\/zojopackaging.com\/pt\/wp-json\/wp\/v2\/media?parent=8945"}],"wp:term":[{"taxonomy":"product_brand","embeddable":true,"href":"https:\/\/zojopackaging.com\/pt\/wp-json\/wp\/v2\/product_brand?post=8945"},{"taxonomy":"product_cat","embeddable":true,"href":"https:\/\/zojopackaging.com\/pt\/wp-json\/wp\/v2\/product_cat?post=8945"},{"taxonomy":"product_tag","embeddable":true,"href":"https:\/\/zojopackaging.com\/pt\/wp-json\/wp\/v2\/product_tag?post=8945"}],"curies":[{"name":"wp","href":"https:\/\/api.w.org\/{rel}","templated":true}]}}