{"id":8953,"date":"2025-03-31T19:37:25","date_gmt":"2025-03-31T11:37:25","guid":{"rendered":"https:\/\/zojopackaging.com\/?post_type=product&#038;p=8953"},"modified":"2025-03-31T20:03:13","modified_gmt":"2025-03-31T12:03:13","slug":"wholesale-custom-jewelry-ring-packaging-boxes-with-logo","status":"publish","type":"product","link":"https:\/\/zojopackaging.com\/pt\/product\/wholesale-custom-jewelry-ring-packaging-boxes-with-logo\/","title":{"rendered":"Caixas de embalagem de an\u00e9is de j\u00f3ias personalizadas por atacado com log\u00f3tipo"},"content":{"rendered":"<h2 id=\"-core-advantages-of-the-product-\"><strong>Principais vantagens do produto<\/strong><\/h2>\n<ol>\n<li><strong>Design c\u00f3modo em forma de gaveta<\/strong>\u00a0Com uma estrutura em forma de gaveta, a caixa interior pode ser facilmente puxada para fora, facilitando a exposi\u00e7\u00e3o e a recolha de an\u00e9is de j\u00f3ias. As caixas interior e exterior est\u00e3o bem encaixadas, e a abertura e o fecho s\u00e3o suaves, combinando praticidade com um aspeto elegante, adequado para exposi\u00e7\u00e3o de j\u00f3ias de alta qualidade e cenas de presentes.<\/li>\n<li><strong>Processo de impress\u00e3o Heidelberg<\/strong>\u00a0A impress\u00e3o de superf\u00edcie utiliza a m\u00e1quina de impress\u00e3o Heidelberg importada da Alemanha para garantir que os padr\u00f5es, log\u00f3tipos e textos s\u00e3o claros e brilhantes, e a cor \u00e9 uniforme e quente. Suporta impress\u00e3o a quatro cores de alta precis\u00e3o e personaliza\u00e7\u00e3o de cores diretas para satisfazer as necessidades de unifica\u00e7\u00e3o visual da marca VI e melhorar a textura e o reconhecimento da embalagem.<\/li>\n<li><strong>Material ecol\u00f3gico de alta resist\u00eancia<\/strong>\u00a0O corpo principal \u00e9 feito de cart\u00e3o cinzento de alta densidade de 1200 GSM, resistente \u00e0 press\u00e3o e ao impacto, e n\u00e3o \u00e9 f\u00e1cil de deformar durante o transporte; a camada exterior \u00e9 coberta com papel revestido de 157 GSM, que tem um toque delicado e boa aptid\u00e3o para impress\u00e3o. O material cumpre as normas ambientais internacionais (como a certifica\u00e7\u00e3o FSC), tendo em conta a durabilidade e a sustentabilidade.<\/li>\n<li><strong>Personaliza\u00e7\u00e3o flex\u00edvel do processo e do tamanho<\/strong><\/li>\n<li><strong>Processo diversificado<\/strong>: Suporte para estampagem a quente, prata quente, estampagem, UV, serigrafia e outros processos, pode ser combinado com o tom da marca para conceber relevo tridimensional ou efeito de brilho met\u00e1lico para melhorar o grau de embalagem.<\/li>\n<li><strong>Ajuste de tamanho gratuito<\/strong>: Personalizar as especifica\u00e7\u00f5es da caixa de embalagem de acordo com o tamanho do anel, a quantidade e os requisitos de apresenta\u00e7\u00e3o, tais como caixa de anel simples, caixa de anel dupla ou caixa combinada de gaveta de v\u00e1rias camadas.<\/li>\n<li><strong>Solu\u00e7\u00e3o profissional para a fixa\u00e7\u00e3o de revestimentos<\/strong>\u00a0Tabuleiro interior em EVA com revestimento ou flocagem personaliz\u00e1veis, ranhura precisa para fixar o anel e evitar que se agite e risque durante o transporte. A cor do forro (por exemplo, azul safira, cinzento de alta qualidade) e o material (veludo\/PU) podem ser selecionados conforme necess\u00e1rio para melhorar a prote\u00e7\u00e3o do produto e a unidade visual.<\/li>\n<\/ol>\n<h2 id=\"-production-and-service-guarantee-\"><strong>Garantia de produ\u00e7\u00e3o e de servi\u00e7o<\/strong><\/h2>\n<ol>\n<li><strong>16 anos de for\u00e7a de f\u00e1brica de origem<\/strong>\u00a0Possu\u00edmos edif\u00edcios fabris modernos e linhas de produ\u00e7\u00e3o maduras, equipadas com m\u00e1quinas de impress\u00e3o Heidelberg, dobradoras-coladoras totalmente autom\u00e1ticas e outros equipamentos, com uma capacidade de produ\u00e7\u00e3o anual de mais de 10 milh\u00f5es de pe\u00e7as, apoiando a entrega eficiente de encomendas de grande volume.<\/li>\n<li><strong>Servi\u00e7o de personaliza\u00e7\u00e3o de todo o processo<\/strong><\/li>\n<li><strong>Apoio \u00e0 conce\u00e7\u00e3o<\/strong>: Fornecer provas gratuitas e confirma\u00e7\u00e3o de renderiza\u00e7\u00e3o em 3D para garantir que os detalhes do design s\u00e3o consistentes com o produto real.<\/li>\n<li><strong>Correspond\u00eancia exclusiva de solu\u00e7\u00f5es<\/strong>: Recomendar combina\u00e7\u00f5es de artesanato e materiais com base no posicionamento da marca (luxo leve, retro, minimalista, etc.) para otimizar os custos e os efeitos.<\/li>\n<li><strong>Controlo de qualidade rigoroso<\/strong>: Inspe\u00e7\u00e3o de qualidade de liga\u00e7\u00e3o total desde a sele\u00e7\u00e3o do material at\u00e9 aos produtos acabados, controlo de erros \u22640,5 mm, para garantir a consist\u00eancia do lote.<\/li>\n<li><strong>Adapta\u00e7\u00e3o global da log\u00edstica<\/strong>\u00a0A caixa de embalagem \u00e9 leve (cerca de 0,3-0,5 kg), suporta a exporta\u00e7\u00e3o transfronteiri\u00e7a e est\u00e1 adaptada \u00e0s normas de transporte de plataformas como a Amazon e esta\u00e7\u00f5es independentes. A embalagem de pel\u00edcula \u00e0 prova de humidade ou a prote\u00e7\u00e3o independente do saco OPP podem ser fornecidas para garantir o transporte de longa dist\u00e2ncia sem danos.<\/li>\n<\/ol>\n<h2 id=\"-application-scenarios-and-cases-\"><strong>Cen\u00e1rios e casos de aplica\u00e7\u00e3o<\/strong><\/h2>\n<ul>\n<li><strong>Estojo da marca<\/strong>: Caixas de gavetas com log\u00f3tipo dourado personalizadas para marcas europeias de j\u00f3ias de luxo leves, com forro azul Tiffany, com uma expedi\u00e7\u00e3o m\u00e9dia mensal de mais de 50.000 pe\u00e7as.<\/li>\n<li><strong>Categorias aplic\u00e1veis<\/strong>: an\u00e9is de diamante, an\u00e9is de casal com pedras preciosas, alian\u00e7as de casamento personalizadas, j\u00f3ias de prata vintage, etc., e pode tamb\u00e9m ser alargado a colares, brincos e outras embalagens combinadas de v\u00e1rias categorias.<\/li>\n<\/ul>\n<p><strong>Processo de coopera\u00e7\u00e3o<\/strong>: comunica\u00e7\u00e3o da procura \u2192 prova da conce\u00e7\u00e3o \u2192 confirma\u00e7\u00e3o do plano \u2192 produ\u00e7\u00e3o em massa \u2192 inspe\u00e7\u00e3o da qualidade e expedi\u00e7\u00e3o (ciclo de 7-15 dias).\u00a0<strong>Quantidade m\u00ednima de encomenda<\/strong>: 500 pe\u00e7as.<\/p>\n<p>Se precisar de saber mais sobre os detalhes do produto ou de obter um or\u00e7amento, contacte o servi\u00e7o de apoio ao cliente para fornecer projectos de design e requisitos de personaliza\u00e7\u00e3o. Iremos encontrar a melhor solu\u00e7\u00e3o para si no prazo de 24 horas!<\/p>\n<h2 id=\"-reference-process-and-material-examples-\"><strong>Exemplos de processos e materiais de refer\u00eancia<\/strong><\/h2>\n<table>\n<thead>\n<tr>\n<th>Tipo de processo<\/th>\n<th>Efeito aplic\u00e1vel<\/th>\n<th>Cen\u00e1rio recomendado<\/th>\n<\/tr>\n<\/thead>\n<tbody>\n<tr>\n<td>Estampagem a quente\/prata<\/td>\n<td>Brilho met\u00e1lico, realce do log\u00f3tipo da marca<\/td>\n<td>Artigos de luxo topo de gama, s\u00e9ries de casamentos<\/td>\n<\/tr>\n<tr>\n<td>Grava\u00e7\u00e3o em relevo + UV<\/td>\n<td>Toque tridimensional, padr\u00e3o de resist\u00eancia a riscos<\/td>\n<td>Artigos de moda ligeira de luxo<\/td>\n<\/tr>\n<tr>\n<td>Serigrafia + flocagem<\/td>\n<td>Textura mate, forro macio<\/td>\n<td>Bijutaria vintage, acess\u00f3rios feitos \u00e0 m\u00e3o<\/td>\n<\/tr>\n<\/tbody>\n<\/table>\n<p>Atrav\u00e9s da personaliza\u00e7\u00e3o profissional, deixe a embalagem tornar-se uma extens\u00e3o do valor da marca!<\/p>","protected":false},"excerpt":{"rendered":"<p>1. Design de caixa de papel com gaveta, a caixa interior pode ser puxada para fora como uma gaveta, conveniente para retirar e expor produtos<br \/>\n2. A superf\u00edcie \u00e9 impressa com a prensa de impress\u00e3o Heidelberg, o conte\u00fado \u00e9 claro e brilhante, e a cor \u00e9 quente<br \/>\n3. O material \u00e9 feito de cart\u00e3o cinzento de 1200 GSM adequado e papel de arte revestido de 157 GSM, que n\u00e3o se deforma durante o transporte<\/p>","protected":false},"featured_media":8954,"template":"","meta":[],"product_brand":[],"product_cat":[30,415,31,426],"product_tag":[890,1025,1026],"class_list":{"0":"post-8953","1":"product","2":"type-product","3":"status-publish","4":"has-post-thumbnail","6":"product_cat-by-industry","7":"product_cat-custom-jewelry-boxes-by-industry","8":"product_cat-paper-box-style","9":"product_cat-paper-drawer-boxes","10":"product_tag-custom-jewelry-packaging","11":"product_tag-ring-packaging-boxes","12":"product_tag-ring-packaging-wholesale","14":"first","15":"instock","16":"shipping-taxable","17":"product-type-simple"},"_links":{"self":[{"href":"https:\/\/zojopackaging.com\/pt\/wp-json\/wp\/v2\/product\/8953","targetHints":{"allow":["GET"]}}],"collection":[{"href":"https:\/\/zojopackaging.com\/pt\/wp-json\/wp\/v2\/product"}],"about":[{"href":"https:\/\/zojopackaging.com\/pt\/wp-json\/wp\/v2\/types\/product"}],"version-history":[{"count":1,"href":"https:\/\/zojopackaging.com\/pt\/wp-json\/wp\/v2\/product\/8953\/revisions"}],"predecessor-version":[{"id":8967,"href":"https:\/\/zojopackaging.com\/pt\/wp-json\/wp\/v2\/product\/8953\/revisions\/8967"}],"wp:featuredmedia":[{"embeddable":true,"href":"https:\/\/zojopackaging.com\/pt\/wp-json\/wp\/v2\/media\/8954"}],"wp:attachment":[{"href":"https:\/\/zojopackaging.com\/pt\/wp-json\/wp\/v2\/media?parent=8953"}],"wp:term":[{"taxonomy":"product_brand","embeddable":true,"href":"https:\/\/zojopackaging.com\/pt\/wp-json\/wp\/v2\/product_brand?post=8953"},{"taxonomy":"product_cat","embeddable":true,"href":"https:\/\/zojopackaging.com\/pt\/wp-json\/wp\/v2\/product_cat?post=8953"},{"taxonomy":"product_tag","embeddable":true,"href":"https:\/\/zojopackaging.com\/pt\/wp-json\/wp\/v2\/product_tag?post=8953"}],"curies":[{"name":"wp","href":"https:\/\/api.w.org\/{rel}","templated":true}]}}