{"id":8960,"date":"2025-03-31T19:52:18","date_gmt":"2025-03-31T11:52:18","guid":{"rendered":"https:\/\/zojopackaging.com\/?post_type=product&#038;p=8960"},"modified":"2025-03-31T20:09:28","modified_gmt":"2025-03-31T12:09:28","slug":"custom-saudi-arabia-unisex-perfume-folding-carton-box-fragrance-wholesale","status":"publish","type":"product","link":"https:\/\/zojopackaging.com\/pt\/product\/custom-saudi-arabia-unisex-perfume-folding-carton-box-fragrance-wholesale\/","title":{"rendered":"Caixa de cart\u00e3o dobr\u00e1vel para perfume unissexo personalizado da Ar\u00e1bia Saudita Fragr\u00e2ncia por atacado"},"content":{"rendered":"<h3 id=\"-1-single-powder-card-material-four-color-printing-restore-the-original-color-of-the-design-balance-texture-and-cost-\"><strong>1. Material de cart\u00e3o de p\u00f3 \u00fanico + impress\u00e3o a quatro cores: restaura a cor original do desenho, equilibra a textura e o custo<\/strong><\/h3>\n<p>Utilizar papel de cart\u00e3o de p\u00f3 \u00fanico de 350g (como o cart\u00e3o de primeira qualidade Invercote), a superf\u00edcie \u00e9 lisa e delicada, e a textura de diamante verde claro e o padr\u00e3o complexo laranja s\u00e3o restaurados com precis\u00e3o atrav\u00e9s da impress\u00e3o a quatro cores Heidelberg. O erro de satura\u00e7\u00e3o da cor \u00e9 \u22643%, assegurando que o texto \"DELICATEPERFUME\" e \"THE FRAGRANCE OF FLOWERS\" s\u00e3o claros e n\u00edtidos, o que \u00e9 adequado para os elevados requisitos das marcas de perfumes topo de gama em termos de pormenores visuais.<\/p>\n<h3 id=\"-2-matt-film-full-page-uv-process-visual-collision-of-matte-and-gloss-\"><strong>2. Pel\u00edcula mate + processo UV de p\u00e1gina inteira: colis\u00e3o visual de mate e brilho<\/strong><\/h3>\n<p>A superf\u00edcie \u00e9 coberta com pel\u00edcula mate para real\u00e7ar o toque delicado, e o revestimento UV de p\u00e1gina inteira \u00e9 utilizado para real\u00e7ar o brilho do padr\u00e3o. Por exemplo, o padr\u00e3o laranja no lado direito da caixa forma um reflexo de destaque local no fundo mate, simulando o efeito imersivo da \"atomiza\u00e7\u00e3o da fragr\u00e2ncia\", o toque \u00e9 t\u00e3o suave como a seda e a resist\u00eancia aos riscos \u00e9 melhorada em 50%.<\/p>\n<h3 id=\"-3-flat-pack-shipping-design-save-up-to-30-of-logistics-costs-\"><strong>3. Design de envio em embalagem plana: Poupan\u00e7a at\u00e9 30% de custos log\u00edsticos<\/strong><\/h3>\n<p>A caixa de cart\u00e3o adopta um design de estrutura dobr\u00e1vel. Quando desdobrada, \u00e9 uma caixa tridimensional. Quando dobrada, a espessura \u00e9 apenas 1\/3 do volume original. Com o sistema de armazenamento automatizado, o volume de transporte \u00fanico \u00e9 duplicado. Por exemplo, a f\u00e1brica personalizou 100.000 conjuntos de caixas planas para clientes europeus, e o custo do frete foi 28% inferior ao das caixas tradicionais.<\/p>\n<h3 id=\"-4-daily-production-capacity-of-60-000-boxes-7-day-fast-delivery-seize-the-market-opportunity-\"><strong>4. Capacidade de produ\u00e7\u00e3o di\u00e1ria de 60.000 caixas: Entrega r\u00e1pida em 7 dias, aproveite a oportunidade de mercado<\/strong><\/h3>\n<p>A linha de produ\u00e7\u00e3o inteligente pr\u00f3pria est\u00e1 equipada com m\u00e1quinas de corte e vinco totalmente autom\u00e1ticas e equipamento de impress\u00e3o digital, com uma produ\u00e7\u00e3o di\u00e1ria de 60.000 pe\u00e7as, suportando a personaliza\u00e7\u00e3o de pequenos lotes (encomenda m\u00ednima de 500 pe\u00e7as), e demora apenas 5-7 dias \u00fateis desde a confirma\u00e7\u00e3o do projeto at\u00e9 \u00e0 expedi\u00e7\u00e3o, satisfazendo as necessidades de promo\u00e7\u00e3o da \u00e9poca alta da marca ou de lan\u00e7amento de novos produtos.<\/p>\n<h3 id=\"-5-diamond-texture-clock-element-details-convey-brand-story-\"><strong>5. Textura de diamante + elemento de rel\u00f3gio: os pormenores transmitem a hist\u00f3ria da marca<\/strong><\/h3>\n<p>A textura de diamante na superf\u00edcie esquerda da caixa apresenta um toque tridimensional atrav\u00e9s da tecnologia de grava\u00e7\u00e3o a laser c\u00f4ncava e convexa, e o padr\u00e3o laranja \u00e0 direita \u00e9 combinado com o padr\u00e3o do rel\u00f3gio (algarismos romanos como \u216a, \u216b e \u2160), ecoando a c\u00f3pia \"Este \u00e9 um momento encantador para si\", transmitindo o conceito de marca de \"momentos preciosos\" e aumentando a resson\u00e2ncia emocional dos consumidores.<\/p>\n<h3 id=\"-6-environmental-certification-endorsement-fsc-material-is-suitable-for-the-international-market-\"><strong>6. Certifica\u00e7\u00e3o ambiental: O material FSC \u00e9 adequado para o mercado internacional<\/strong><\/h3>\n<p>A utiliza\u00e7\u00e3o de cart\u00e3o certificado FSC e de verniz \u00e0 base de \u00e1gua cumpre as normas de prote\u00e7\u00e3o ambiental REACH da UE, e o processo UV mate reduz a polui\u00e7\u00e3o vol\u00e1til da tinta, ajudando a marca a criar o conceito de \"luxo sustent\u00e1vel\" e a cumprir os requisitos rigorosos dos mercados europeu e americano em mat\u00e9ria de materiais de embalagem.<\/p>\n<h3 id=\"-7-professional-team-support-full-link-service-from-design-to-implementation-\"><strong>7. Apoio profissional da equipa: servi\u00e7o completo desde a conce\u00e7\u00e3o at\u00e9 \u00e0 implementa\u00e7\u00e3o<\/strong><\/h3>\n<p>A equipa de design de embalagens com 20 anos de experi\u00eancia suporta a modifica\u00e7\u00e3o de ficheiros de origem CDR\/AI e fornece 3 conjuntos de esquemas de cores gratuitamente. Por exemplo, a cor da textura do diamante (como o ouro champanhe e o azul neblina) \u00e9 ajustada de acordo com o tom de cor do LOGO do cliente para garantir que o design e a produ\u00e7\u00e3o sejam altamente compat\u00edveis.<\/p>","protected":false},"excerpt":{"rendered":"<p>Este design foi personalizado para uma marca de fragr\u00e2ncias de sal\u00e3o de beleza topo de gama no M\u00e9dio Oriente. A estrutura plana poupou 15% em custos de envio e o processo UV de p\u00e1gina inteira tornou o padr\u00e3o da caixa altamente reconhec\u00edvel mesmo no ambiente de luz forte do deserto, aumentando a taxa de recompra do cliente em 30%.<\/p>","protected":false},"featured_media":8965,"template":"","meta":[],"product_brand":[],"product_cat":[30,417,430,31],"product_tag":[1028,1027,1029],"class_list":{"0":"post-8960","1":"product","2":"type-product","3":"status-publish","4":"has-post-thumbnail","6":"product_cat-by-industry","7":"product_cat-custom-perfume-boxes-by-industry","8":"product_cat-folding-cartons","9":"product_cat-paper-box-style","10":"product_tag-box-fragrance-wholesale","11":"product_tag-custom-unisex-perfume-box","12":"product_tag-folding-carton-box-fragrance","14":"first","15":"instock","16":"shipping-taxable","17":"product-type-grouped"},"_links":{"self":[{"href":"https:\/\/zojopackaging.com\/pt\/wp-json\/wp\/v2\/product\/8960","targetHints":{"allow":["GET"]}}],"collection":[{"href":"https:\/\/zojopackaging.com\/pt\/wp-json\/wp\/v2\/product"}],"about":[{"href":"https:\/\/zojopackaging.com\/pt\/wp-json\/wp\/v2\/types\/product"}],"version-history":[{"count":1,"href":"https:\/\/zojopackaging.com\/pt\/wp-json\/wp\/v2\/product\/8960\/revisions"}],"predecessor-version":[{"id":8975,"href":"https:\/\/zojopackaging.com\/pt\/wp-json\/wp\/v2\/product\/8960\/revisions\/8975"}],"wp:featuredmedia":[{"embeddable":true,"href":"https:\/\/zojopackaging.com\/pt\/wp-json\/wp\/v2\/media\/8965"}],"wp:attachment":[{"href":"https:\/\/zojopackaging.com\/pt\/wp-json\/wp\/v2\/media?parent=8960"}],"wp:term":[{"taxonomy":"product_brand","embeddable":true,"href":"https:\/\/zojopackaging.com\/pt\/wp-json\/wp\/v2\/product_brand?post=8960"},{"taxonomy":"product_cat","embeddable":true,"href":"https:\/\/zojopackaging.com\/pt\/wp-json\/wp\/v2\/product_cat?post=8960"},{"taxonomy":"product_tag","embeddable":true,"href":"https:\/\/zojopackaging.com\/pt\/wp-json\/wp\/v2\/product_tag?post=8960"}],"curies":[{"name":"wp","href":"https:\/\/api.w.org\/{rel}","templated":true}]}}