{"id":8968,"date":"2025-03-31T20:06:07","date_gmt":"2025-03-31T12:06:07","guid":{"rendered":"https:\/\/zojopackaging.com\/?post_type=product&#038;p=8968"},"modified":"2025-03-31T20:19:36","modified_gmt":"2025-03-31T12:19:36","slug":"custom-jacket-coat-clothes-collapsible-gift-box-wholesale","status":"publish","type":"product","link":"https:\/\/zojopackaging.com\/pt\/product\/custom-jacket-coat-clothes-collapsible-gift-box-wholesale\/","title":{"rendered":"Caixa de presente dobr\u00e1vel para jaqueta personalizada por atacado"},"content":{"rendered":"<h2 id=\"1-innovative-magnetic-flip-cover-design-fun-and-convenience-\">1.\u00a0<strong>Design inovador da capa com fecho magn\u00e9tico, divertido e pr\u00e1tico<\/strong><\/h2>\n<p>A estrutura magn\u00e9tica de abertura e fecho da tampa flip substitui o m\u00e9todo tradicional de fivela ou de colagem. Os utilizadores podem abri-la facilmente com uma m\u00e3o, e ela absorve automaticamente quando fechada, o que n\u00e3o s\u00f3 melhora a conveni\u00eancia de utiliza\u00e7\u00e3o, como tamb\u00e9m acrescenta divers\u00e3o interactiva. O rebordo da tampa da caixa \u00e9 refor\u00e7ado e n\u00e3o se deforma ap\u00f3s repetidas aberturas e fechos, o que \u00e9 adequado para ofertas comerciais de alta frequ\u00eancia ou cen\u00e1rios de retalho.<\/p>\n<h2>2. Rebat\u00edvel<strong>\u00a0conce\u00e7\u00e3o plana para reduzir os custos de transporte<\/strong><\/h2>\n<p>A caixa de oferta adopta uma estrutura modular de caixas de oferta dobr\u00e1veis, que s\u00e3o empilhadas num estado plano quando enviadas. O volume de transporte \u00e9 reduzido em mais de 60% em compara\u00e7\u00e3o com o tipo de caixa tradicional, o que permite uma grande poupan\u00e7a nos custos de log\u00edstica. O design da camada amortecedora \u00e0 prova de choque incorporada garante que n\u00e3o h\u00e1 risco de apertar e enrugar os casacos durante o transporte. Ap\u00f3s a chegada, apenas \u00e9 necess\u00e1ria uma montagem simples para restaurar a forma tridimensional, tendo em conta o custo e as necessidades de prote\u00e7\u00e3o do produto.<\/p>\n<h2 id=\"3-full-scene-customized-printing-to-strengthen-the-brand-image-\">3.\u00a0<strong>Impress\u00e3o personalizada em toda a cena para refor\u00e7ar a imagem da marca<\/strong><\/h2>\n<p>Suporta tecnologia de impress\u00e3o a quatro cores de alta precis\u00e3o e pode personalizar o log\u00f3tipo da superf\u00edcie da caixa, o padr\u00e3o e as informa\u00e7\u00f5es de texto para se adaptar ao sistema VI da empresa ou ao design do tema das f\u00e9rias. Por exemplo, palavras-chave como \"estilo de gabinete urbano\" e \"business casual\" podem ser incorporadas nas carater\u00edsticas do produto casaco, ou podem ser impressas hist\u00f3rias da marca para aumentar o valor acrescentado cultural. O cart\u00e3o do forro interior tamb\u00e9m pode ser impresso com instru\u00e7\u00f5es de lavagem ou sugest\u00f5es de vestu\u00e1rio para alargar a cadeia de servi\u00e7os da marca.<\/p>\n<h2 id=\"4-macaron-color-matching-healing-visual-experience-\">4.\u00a0<strong>Combina\u00e7\u00e3o de cores de macarons, experi\u00eancia visual curativa<\/strong><\/h2>\n<p>Escolha cores de macaron de baixa satura\u00e7\u00e3o, como o rosa claro, o azul claro e o verde menta, para reduzir a fadiga visual, o que est\u00e1 de acordo com a prefer\u00eancia dos jovens consumidores por uma atmosfera de \"cura descontra\u00edda\". A combina\u00e7\u00e3o de blocos de cores suporta gradientes, contrastes e outras solu\u00e7\u00f5es, como um casaco cinzento com uma caixa de oferta amarela de crocodilo, que cria um contraste visual e aumenta a atratividade da exposi\u00e7\u00e3o nas prateleiras.<\/p>\n<h2 id=\"5-high-end-technology-empowers-and-improves-the-texture-level-\">5.\u00a0<strong>A tecnologia topo de gama potencia e melhora o n\u00edvel de textura<\/strong><\/h2>\n<ul>\n<li><strong>Tecnologia ouro\/prata<\/strong>: Aplicar estampagem tridimensional a ouro no LOGOTIPO da marca ou na textura da superf\u00edcie da caixa para aumentar a sensa\u00e7\u00e3o de luxo;<\/li>\n<li><strong>Em relevo<\/strong>: Utilize os moldes c\u00f4ncavos e convexos para gravar texturas geom\u00e9tricas ou log\u00f3tipos de marcas na superf\u00edcie do cart\u00e3o cinzento, com um toque delicado;<\/li>\n<li><strong>Lamina\u00e7\u00e3o a laser<\/strong>: Parcialmente coberto com uma pel\u00edcula de fantasia a laser, que apresenta um efeito iridescente sob luz din\u00e2mica, adequado para design de edi\u00e7\u00e3o limitada de f\u00e9rias.<\/li>\n<\/ul>\n<h2 id=\"6-high-weight-material-to-ensure-structural-stability-\">6.\u00a0<strong>Material de elevado peso para garantir a estabilidade estrutural<\/strong><\/h2>\n<p>O corpo principal da caixa de presente \u00e9 feito de placa cinza 1200GSM com uma for\u00e7a compressiva de 50KG\/\u33a1, e o forro interno \u00e9 papel revestido de 157GSM, com um filme fosco na superf\u00edcie para evitar arranh\u00f5es. O teste de carga do corpo da caixa mostra que ele pode transportar de forma est\u00e1vel 3 jaquetas de peso padr\u00e3o (cerca de 1,2KG\/pe\u00e7a), e n\u00e3o h\u00e1 risco de deforma\u00e7\u00e3o quando exibido na vertical, o que \u00e9 adequado para cenas de alta exposi\u00e7\u00e3o, como vitrines de shopping center ou transmiss\u00f5es ao vivo de com\u00e9rcio eletr\u00f4nico.<\/p>\n<h2 id=\"vii-direct-supply-from-the-source-factory-professional-solution-support-\">7. <strong>Fornecimento direto da f\u00e1brica de origem, apoio de solu\u00e7\u00f5es profissionais<\/strong><\/h2>\n<ol>\n<li><strong>Proposta baseada em cen\u00e1rios<\/strong>: Por exemplo, a \"caixa de oferta estilo bureau\" dos casacos executivos Pierre Cardin, ou a \"embalagem com tema de aventura\" dos casacos de exterior;<\/li>\n<li><strong>Sugest\u00f5es de otimiza\u00e7\u00e3o de custos<\/strong>: Recomendar solu\u00e7\u00f5es de mistura e combina\u00e7\u00e3o de cart\u00e3o cinzento\/papel especial com base no volume de encomendas para equilibrar a qualidade e o or\u00e7amento;<\/li>\n<li><strong>Orienta\u00e7\u00f5es de conformidade transfronteiri\u00e7a<\/strong>: Fornecer op\u00e7\u00f5es de materiais certificados pelo FSC para cumprir os requisitos de prote\u00e7\u00e3o ambiental dos mercados europeu e americano.<\/li>\n<\/ol>\n<h3 id=\"technical-parameters-and-ordering-process\">Par\u00e2metros t\u00e9cnicos e processo de encomenda<\/h3>\n<table>\n<thead>\n<tr>\n<th>Projeto<\/th>\n<th>Par\u00e2metros\/Descri\u00e7\u00e3o<\/th>\n<\/tr>\n<\/thead>\n<tbody>\n<tr>\n<td><strong>Material de base<\/strong><\/td>\n<td>Cart\u00e3o cinzento 1200GSM + papel revestido 157GSM<\/td>\n<\/tr>\n<tr>\n<td><strong>Processo de impress\u00e3o<\/strong><\/td>\n<td>Impress\u00e3o a quatro cores CMYK Precis\u00e3o de registo de \u00b10,5 mm<\/td>\n<\/tr>\n<tr>\n<td><strong>Tamanho dobrado<\/strong><\/td>\n<td>Personalizado de acordo com o tamanho do casaco<\/td>\n<\/tr>\n<tr>\n<td><strong>Quantidade m\u00ednima de encomenda<\/strong><\/td>\n<td>500 pe\u00e7as (aceita-se uma mistura de cores e estilos)<\/td>\n<\/tr>\n<tr>\n<td><strong>Ciclo de verifica\u00e7\u00e3o<\/strong><\/td>\n<td>3-5 dias \u00fateis (a taxa de prova pode ser utilizada para compensar o pagamento)<\/td>\n<\/tr>\n<\/tbody>\n<\/table>","protected":false},"excerpt":{"rendered":"<p>1. O design da tampa com fecho magn\u00e9tico torna-a mais f\u00e1cil de abrir e mais interessante<br \/>\n2. Pode ser dobrada para ser expedida, o que facilita o transporte e ajuda a poupar nos custos de transporte<br \/>\n3. O conte\u00fado impresso pode ser personalizado de acordo com o seu produto, tornando-o mais adequado e melhorando a imagem da sua marca<br \/>\n4. O esquema de cores macaron reduz a fadiga visual e cria uma atmosfera relaxante e curativa<\/p>","protected":false},"featured_media":8970,"template":"","meta":[],"product_brand":[],"product_cat":[30,414,424,31],"product_tag":[1030,1032,1031],"class_list":{"0":"post-8968","1":"product","2":"type-product","3":"status-publish","4":"has-post-thumbnail","6":"product_cat-by-industry","7":"product_cat-custom-apparel-boxes","8":"product_cat-magnetic-closure-boxes","9":"product_cat-paper-box-style","10":"product_tag-clothes-collapsible-gift-box","11":"product_tag-coat-gift-box-wholesale","12":"product_tag-custom-jacket-box","14":"first","15":"instock","16":"shipping-taxable","17":"product-type-simple"},"_links":{"self":[{"href":"https:\/\/zojopackaging.com\/pt\/wp-json\/wp\/v2\/product\/8968","targetHints":{"allow":["GET"]}}],"collection":[{"href":"https:\/\/zojopackaging.com\/pt\/wp-json\/wp\/v2\/product"}],"about":[{"href":"https:\/\/zojopackaging.com\/pt\/wp-json\/wp\/v2\/types\/product"}],"version-history":[{"count":1,"href":"https:\/\/zojopackaging.com\/pt\/wp-json\/wp\/v2\/product\/8968\/revisions"}],"predecessor-version":[{"id":8983,"href":"https:\/\/zojopackaging.com\/pt\/wp-json\/wp\/v2\/product\/8968\/revisions\/8983"}],"wp:featuredmedia":[{"embeddable":true,"href":"https:\/\/zojopackaging.com\/pt\/wp-json\/wp\/v2\/media\/8970"}],"wp:attachment":[{"href":"https:\/\/zojopackaging.com\/pt\/wp-json\/wp\/v2\/media?parent=8968"}],"wp:term":[{"taxonomy":"product_brand","embeddable":true,"href":"https:\/\/zojopackaging.com\/pt\/wp-json\/wp\/v2\/product_brand?post=8968"},{"taxonomy":"product_cat","embeddable":true,"href":"https:\/\/zojopackaging.com\/pt\/wp-json\/wp\/v2\/product_cat?post=8968"},{"taxonomy":"product_tag","embeddable":true,"href":"https:\/\/zojopackaging.com\/pt\/wp-json\/wp\/v2\/product_tag?post=8968"}],"curies":[{"name":"wp","href":"https:\/\/api.w.org\/{rel}","templated":true}]}}