{"id":8976,"date":"2025-03-31T20:11:06","date_gmt":"2025-03-31T12:11:06","guid":{"rendered":"https:\/\/zojopackaging.com\/?post_type=product&#038;p=8976"},"modified":"2025-03-31T20:26:03","modified_gmt":"2025-03-31T12:26:03","slug":"personalized-custom-luxury-perfume-folding-carton-box-whosale","status":"publish","type":"product","link":"https:\/\/zojopackaging.com\/pt\/product\/personalized-custom-luxury-perfume-folding-carton-box-whosale\/","title":{"rendered":"Caixa de cart\u00e3o dobr\u00e1vel para perfumes de luxo personalizada Whosale"},"content":{"rendered":"<h4 id=\"-1-material-upgrade-thickened-cardboard-matt-film-protection-to-create-a-invisible-armor-for-perfume-\"><strong>1. Melhoria do material: Cart\u00e3o espesso + pel\u00edcula de prote\u00e7\u00e3o mate para criar uma \"armadura invis\u00edvel\" para o perfume<\/strong><\/h4>\n<p>Utilizar cart\u00e3o de p\u00f3 \u00fanico de 350 g (como o cart\u00e3o Invercote de grau 1) como material de base, com uma pel\u00edcula mate na superf\u00edcie, que tem resist\u00eancia ao impacto e \u00e0 humidade. A camada de pel\u00edcula mate pode reduzir a perda de fric\u00e7\u00e3o no transporte, ao mesmo tempo que isola a humidade da eros\u00e3o do perfume, garantindo que o produto est\u00e1 intacto desde a f\u00e1brica at\u00e9 ao terminal.<\/p>\n<h4 id=\"-2-ergonomic-box-type-double-open-card-box-internal-card-fixation-elegant-one-hand-pick-up-\"><strong>2. Tipo de caixa ergon\u00f3mica: Caixa de cart\u00e3o de abertura dupla + fixa\u00e7\u00e3o interna do cart\u00e3o, elegante para pegar com uma m\u00e3o<\/strong><\/h4>\n<p>O design da caixa de cart\u00e3o de abertura dupla est\u00e1 equipado com uma ranhura para cart\u00e3o fixa incorporada, adequada para garrafas de 10 ml-100 ml de capacidade total, e a opera\u00e7\u00e3o de abertura e fecho pode ser efectuada com uma m\u00e3o. As linhas do corpo da caixa foram optimizadas pela mec\u00e2nica dos fluidos, com uma ader\u00eancia total e um centro de gravidade visual est\u00e1vel, que \u00e9 simultaneamente funcional e ornamental.<\/p>\n<h4 id=\"-3-technological-innovation-seven-color-overprinting-hot-stamping-starburst-replicating-an-artistic-visual-feast-\"><strong>3. Inova\u00e7\u00e3o tecnol\u00f3gica: sobreimpress\u00e3o a sete cores + estampagem a quente em estrela, reproduzindo um espet\u00e1culo visual art\u00edstico<\/strong><\/h4>\n<p>A superf\u00edcie da caixa utiliza a tecnologia de sobreimpress\u00e3o de sete cores para obter o gradiente das cores populares anuais da Pantone (como o laranja coral \u2192 roxo el\u00e9trico), e o processo de estampagem a quente faz com que o LOGOTIPO da marca apresente um efeito de explos\u00e3o estelar \u00e0 luz. A caixa da esquerda \u00e9 inspirada no jardim de Monet, e a caixa da direita reproduz a conce\u00e7\u00e3o art\u00edstica das montanhas de tinta e lavagem, satisfazendo as necessidades de express\u00e3o art\u00edstica dos perfumes topo de gama.<\/p>\n<h4 id=\"-4-visual-aesthetics-a-fusion-of-eastern-and-western-aesthetics-pantone-colors-calligraphy-to-create-an-immersive-experience-\"><strong>4. Est\u00e9tica visual: uma fus\u00e3o da est\u00e9tica oriental e ocidental, cores Pantone + caligrafia para criar uma experi\u00eancia imersiva<\/strong><\/h4>\n<p>O corpo da caixa da esquerda reflecte uma est\u00e9tica moderna com blocos de cores gradientes vibrantes, e o tom principal a preto e branco da direita \u00e9 combinado com o nome da marca em caligrafia, transmitindo o Zen oriental atrav\u00e9s de espa\u00e7os em branco e camadas. A equipa de design suporta a importa\u00e7\u00e3o direta de ficheiros de origem CDR\/AI, e a itera\u00e7\u00e3o mais r\u00e1pida da solu\u00e7\u00e3o \u00e9 conclu\u00edda em 24 horas.<\/p>\n<h4 id=\"-5-factory-endorsement-iso-certification-12-quality-inspections-transportation-loss-rate-0-3-\"><strong>5. Aprova\u00e7\u00e3o da f\u00e1brica: Certifica\u00e7\u00e3o ISO + 12 inspec\u00e7\u00f5es de qualidade, taxa de perda de transporte \u2264 0,3%<\/strong><\/h4>\n<p>A pr\u00f3pria f\u00e1brica obteve a certifica\u00e7\u00e3o ISO 9001 e foi submetida a 12 processos de inspe\u00e7\u00e3o de qualidade, desde a sele\u00e7\u00e3o de materiais at\u00e9 aos produtos acabados, incluindo um teste de humidade de 24 horas (erro \u00b1 5%) e um teste de queda (altura de 1,2 metros). Dados de 2024 mostram que a taxa de quebra das caixas de presente que utilizam este processo \u00e9 apenas 1\/5 da m\u00e9dia da ind\u00fastria.<\/p>\n<h4 id=\"-6-vip-customization-service-30-box-type-database-deep-process-customization-\"><strong>6. Servi\u00e7o de personaliza\u00e7\u00e3o VIP: Base de dados de mais de 30 tipos de caixas + personaliza\u00e7\u00e3o profunda do processo<\/strong><\/h4>\n<p>Fornece mais de 30 bases de dados de tipos de caixas, tais como porta dupla, gaveta, magn\u00e9tica, etc., suporta uma personaliza\u00e7\u00e3o profunda, como texto de estampagem a quente, padr\u00f5es em relevo e impress\u00e3o a cores diretas. Por exemplo, uma marca europeia alcan\u00e7ou uma taxa de pr\u00e9mio de produto de 40% atrav\u00e9s da tecnologia de estampagem a quente de caligrafia personalizada.<\/p>\n<h4 id=\"-7-intelligent-production-line-heidelberg-printing-machine-automatic-lamination-daily-production-capacity-of-60-000-pieces-\"><strong>7. Linha de produ\u00e7\u00e3o inteligente: M\u00e1quina de impress\u00e3o Heidelberg + lamina\u00e7\u00e3o autom\u00e1tica, capacidade de produ\u00e7\u00e3o di\u00e1ria de 60.000 pe\u00e7as<\/strong><\/h4>\n<p>Equipada com equipamento internacionalmente avan\u00e7ado, como a Heidelberg CD102 e a Komori Lithrone G40, combinada com o sistema ERP para realizar a digitaliza\u00e7\u00e3o de todo o processo de design, prova e produ\u00e7\u00e3o. Em compara\u00e7\u00e3o com as f\u00e1bricas tradicionais, o seu erro de peso em gramas \u00e9 controlado dentro de 0,1 mm, e pode completar o processo desde a prova at\u00e9 \u00e0 entrega do lote em 7 dias.<\/p>","protected":false},"excerpt":{"rendered":"<p>Esta caixa de oferta foi personalizada para uma marca internacional de fragr\u00e2ncias de sal\u00e3o. Atrav\u00e9s do processo de gradiente de sete cores e do design da tampa magn\u00e9tica, tornou-se um sucesso nas redes sociais durante a Semana da Moda de Paris de 2024, e a taxa de recompra aumentou 35%.<\/p>","protected":false},"featured_media":8978,"template":"","meta":[],"product_brand":[],"product_cat":[30,417,430,31],"product_tag":[1034,992,1033],"class_list":{"0":"post-8976","1":"product","2":"type-product","3":"status-publish","4":"has-post-thumbnail","6":"product_cat-by-industry","7":"product_cat-custom-perfume-boxes-by-industry","8":"product_cat-folding-cartons","9":"product_cat-paper-box-style","10":"product_tag-luxury-perfume-folding-carton-box","11":"product_tag-perfume-folding-carton-box","12":"product_tag-personalized-custom-box","14":"first","15":"instock","16":"shipping-taxable","17":"product-type-grouped"},"_links":{"self":[{"href":"https:\/\/zojopackaging.com\/pt\/wp-json\/wp\/v2\/product\/8976","targetHints":{"allow":["GET"]}}],"collection":[{"href":"https:\/\/zojopackaging.com\/pt\/wp-json\/wp\/v2\/product"}],"about":[{"href":"https:\/\/zojopackaging.com\/pt\/wp-json\/wp\/v2\/types\/product"}],"version-history":[{"count":1,"href":"https:\/\/zojopackaging.com\/pt\/wp-json\/wp\/v2\/product\/8976\/revisions"}],"predecessor-version":[{"id":8990,"href":"https:\/\/zojopackaging.com\/pt\/wp-json\/wp\/v2\/product\/8976\/revisions\/8990"}],"wp:featuredmedia":[{"embeddable":true,"href":"https:\/\/zojopackaging.com\/pt\/wp-json\/wp\/v2\/media\/8978"}],"wp:attachment":[{"href":"https:\/\/zojopackaging.com\/pt\/wp-json\/wp\/v2\/media?parent=8976"}],"wp:term":[{"taxonomy":"product_brand","embeddable":true,"href":"https:\/\/zojopackaging.com\/pt\/wp-json\/wp\/v2\/product_brand?post=8976"},{"taxonomy":"product_cat","embeddable":true,"href":"https:\/\/zojopackaging.com\/pt\/wp-json\/wp\/v2\/product_cat?post=8976"},{"taxonomy":"product_tag","embeddable":true,"href":"https:\/\/zojopackaging.com\/pt\/wp-json\/wp\/v2\/product_tag?post=8976"}],"curies":[{"name":"wp","href":"https:\/\/api.w.org\/{rel}","templated":true}]}}