{"id":8984,"date":"2025-03-31T20:20:06","date_gmt":"2025-03-31T12:20:06","guid":{"rendered":"https:\/\/zojopackaging.com\/?post_type=product&#038;p=8984"},"modified":"2025-03-31T20:33:34","modified_gmt":"2025-03-31T12:33:34","slug":"custom-luxury-skincare-cosmetic-packaging-boxes-wholesale","status":"publish","type":"product","link":"https:\/\/zojopackaging.com\/pt\/product\/custom-luxury-skincare-cosmetic-packaging-boxes-wholesale\/","title":{"rendered":"Caixas de embalagem de cosm\u00e9ticos de luxo personalizadas para cuidados com a pele por atacado"},"content":{"rendered":"<h2 id=\"1-aesthetic-design-concept-\">1.\u00a0<strong>Conceito de design est\u00e9tico<\/strong><\/h2>\n<ol>\n<li><strong>Est\u00e9tica cl\u00e1ssica de cores contrastantes<\/strong>\u00a0O corpo da caixa adopta um design bicolor com exterior branco e interior preto. A textura branca pura e mate no exterior simboliza o conceito de pureza da marca e o material de cetim preto no interior cria uma sensa\u00e7\u00e3o misteriosa e nobre. A fita de cetim preta \u00e9 combinada com uma etiqueta met\u00e1lica personalizada com o log\u00f3tipo para melhorar a sensa\u00e7\u00e3o de cerim\u00f3nia e o n\u00edvel visual da abertura da caixa.<\/li>\n<li><strong>Conce\u00e7\u00e3o estrutural humanizada<\/strong>\u00a0Adoptando uma estrutura flip-top integrada, a tampa da caixa e o corpo da caixa est\u00e3o perfeitamente ligados, e o \u00e2ngulo de abertura e fecho atinge os 120\u00b0, o que mostra perfeitamente o efeito de exposi\u00e7\u00e3o do produto. A dobradi\u00e7a est\u00e1 equipada com uma chapa de a\u00e7o el\u00e1stica, que n\u00e3o apresenta qualquer deforma\u00e7\u00e3o ap\u00f3s milhares de testes de abertura e fecho, e \u00e9 adequada para exposi\u00e7\u00e3o em balc\u00f5es e cenas de oferta.<\/li>\n<\/ol>\n<h2 id=\"2-professional-material-technology-\">2.\u00a0<strong>Tecnologia profissional de materiais<\/strong><\/h2>\n<ol>\n<li><strong>Material de prote\u00e7\u00e3o de n\u00edvel militar<\/strong><\/li>\n<li><strong>Estrutura principal<\/strong>: 1200 GSM de cart\u00e3o cinzento de alta densidade + 157 GSM de prensagem de comp\u00f3sito de papel revestido, com uma resist\u00eancia \u00e0 compress\u00e3o de 80kg\/\u33a1, excedendo largamente o padr\u00e3o da ind\u00fastria.<\/li>\n<li><strong>Tratamento de superf\u00edcie<\/strong>: A caixa exterior \u00e9 revestida a UV para evitar riscos, e o processo de flocagem da parede interior \u00e9 delicado e passou a certifica\u00e7\u00e3o ambiental REACH da UE.<\/li>\n<li><strong>Sistema de revestimento inteligente<\/strong>\u00a0Bandeja interna composta de EVA + cetim personalizada de acordo com os dados de digitaliza\u00e7\u00e3o 3D do produto, com toler\u00e2ncia de posicionamento precisa \u22640,3 mm, e o teste antiss\u00edsmico mostra que a taxa de danos no transporte pode ser reduzida para menos de 0,5%.<\/li>\n<\/ol>\n<h2 id=\"iii-brand-empowerment-value-\">3. <strong>Valor de capacita\u00e7\u00e3o da marca<\/strong><\/h2>\n<ol>\n<li><strong>Adaptabilidade de cena topo de gama<\/strong>\u00a0Concebida para categorias topo de gama, tais como conjuntos de ess\u00eancias, caixas de oferta de p\u00f3 liofilizado, perfumes de edi\u00e7\u00e3o limitada, etc., suporta mais de 20 tipos de personaliza\u00e7\u00e3o de processos, tais como estampagem a quente\/grava\u00e7\u00e3o em relevo\/grava\u00e7\u00e3o a laser, ajudando a aumentar o pr\u00e9mio da marca em 30%-50%.<\/li>\n<li><strong>Garantia de servi\u00e7o de liga\u00e7\u00e3o completa<\/strong><\/li>\n<li><strong>16 anos de experi\u00eancia em fabrico inteligente<\/strong>: 2000\u33a1 f\u00e1brica padronizada, 50 equipas profissionais, e o ciclo de entrega desde a prova de design at\u00e9 \u00e0 produ\u00e7\u00e3o em massa \u00e9 encurtado para 15 dias (a m\u00e9dia da ind\u00fastria \u00e9 de 25 dias).<\/li>\n<li><strong>Sistema de abastecimento do com\u00e9rcio externo<\/strong>: Passou a inspe\u00e7\u00e3o de f\u00e1brica e a certifica\u00e7\u00e3o pela Amazon, AliExpress e outras plataformas, fornecendo embalagens certificadas pelo FSC, modelos especiais transfronteiri\u00e7os e servi\u00e7os de encaixe manual em v\u00e1rios idiomas.<\/li>\n<\/ol>\n<h2 id=\"iv-cooperation-process-\">4. <strong>Processo de coopera\u00e7\u00e3o<\/strong><\/h2>\n<ol>\n<li><strong>Comunica\u00e7\u00e3o da procura<\/strong>: Fornecer dados sobre o tamanho\/peso\/ambiente de transporte do produto \u2192 modela\u00e7\u00e3o 3D<\/li>\n<li><strong>Confirma\u00e7\u00e3o da prova<\/strong>: Enviar amostras f\u00edsicas no prazo de 5 dias \u00fateis (incluindo 3 solu\u00e7\u00f5es de revestimento)<\/li>\n<li><strong>Entrega de produ\u00e7\u00e3o em massa<\/strong>: Encomenda m\u00ednima de 500 pe\u00e7as, apoio \u00e0 produ\u00e7\u00e3o acelerada em 48 horas, log\u00edstica DDP global at\u00e9 \u00e0 porta<\/li>\n<\/ol>","protected":false},"excerpt":{"rendered":"<p>1. O corpo da caixa \u00e9 branco no exterior e preto no interior. O esquema de cores preto e branco \u00e9 simples e elegante, e fica mais requintado com uma fita preta.<br \/>\n2. A tampa da caixa est\u00e1 ligada ao corpo da caixa com um design rebat\u00edvel, que pode exibir perfeitamente o produto.<br \/>\n3. O material \u00e9 feito de cart\u00e3o cinzento de 1200 GSM e papel de arte revestido de 157 GSM, que \u00e9 duro e pode proteger melhor o produto.<br \/>\n4. O forro \u00e9 concebido de acordo com a forma do produto e o acolchoamento de cetim desempenha um papel de fixa\u00e7\u00e3o para evitar aban\u00f5es e colis\u00f5es durante o transporte.<\/p>","protected":false},"featured_media":8987,"template":"","meta":[],"product_brand":[],"product_cat":[30,390,424,31],"product_tag":[1037,1035,1036],"class_list":{"0":"post-8984","1":"product","2":"type-product","3":"status-publish","4":"has-post-thumbnail","6":"product_cat-by-industry","7":"product_cat-custom-cosmetics-boxes","8":"product_cat-magnetic-closure-boxes","9":"product_cat-paper-box-style","10":"product_tag-cosmetic-packaging-boxes-wholesale","11":"product_tag-custom-skincare-packaging","12":"product_tag-luxury-cosmetic-packaging","14":"first","15":"instock","16":"shipping-taxable","17":"product-type-simple"},"_links":{"self":[{"href":"https:\/\/zojopackaging.com\/pt\/wp-json\/wp\/v2\/product\/8984","targetHints":{"allow":["GET"]}}],"collection":[{"href":"https:\/\/zojopackaging.com\/pt\/wp-json\/wp\/v2\/product"}],"about":[{"href":"https:\/\/zojopackaging.com\/pt\/wp-json\/wp\/v2\/types\/product"}],"version-history":[{"count":1,"href":"https:\/\/zojopackaging.com\/pt\/wp-json\/wp\/v2\/product\/8984\/revisions"}],"predecessor-version":[{"id":8998,"href":"https:\/\/zojopackaging.com\/pt\/wp-json\/wp\/v2\/product\/8984\/revisions\/8998"}],"wp:featuredmedia":[{"embeddable":true,"href":"https:\/\/zojopackaging.com\/pt\/wp-json\/wp\/v2\/media\/8987"}],"wp:attachment":[{"href":"https:\/\/zojopackaging.com\/pt\/wp-json\/wp\/v2\/media?parent=8984"}],"wp:term":[{"taxonomy":"product_brand","embeddable":true,"href":"https:\/\/zojopackaging.com\/pt\/wp-json\/wp\/v2\/product_brand?post=8984"},{"taxonomy":"product_cat","embeddable":true,"href":"https:\/\/zojopackaging.com\/pt\/wp-json\/wp\/v2\/product_cat?post=8984"},{"taxonomy":"product_tag","embeddable":true,"href":"https:\/\/zojopackaging.com\/pt\/wp-json\/wp\/v2\/product_tag?post=8984"}],"curies":[{"name":"wp","href":"https:\/\/api.w.org\/{rel}","templated":true}]}}