{"id":8991,"date":"2025-03-31T20:29:01","date_gmt":"2025-03-31T12:29:01","guid":{"rendered":"https:\/\/zojopackaging.com\/?post_type=product&#038;p=8991"},"modified":"2025-03-31T21:02:13","modified_gmt":"2025-03-31T13:02:13","slug":"oem-cardboard-box-perfume-luxury-packaging-box-manufacturer","status":"publish","type":"product","link":"https:\/\/zojopackaging.com\/pt\/product\/oem-cardboard-box-perfume-luxury-packaging-box-manufacturer\/","title":{"rendered":"Caixa de cart\u00e3o OEM Caixa de embalagem de perfume de luxo Fabricante"},"content":{"rendered":"<h4 id=\"-1-material-upgrade-350g-white-card-four-color-printing-environmental-protection-and-texture-are-both-excellent-\"><strong>1. Atualiza\u00e7\u00e3o do material: cart\u00e3o branco de 350g + impress\u00e3o a quatro cores, a prote\u00e7\u00e3o ambiental e a textura s\u00e3o excelentes<\/strong><\/h4>\n<p>Utilizando cart\u00e3o branco de 350g, impress\u00e3o a quatro cores, n\u00edtida e amiga do ambiente, pode proteger eficazmente o frasco de perfume, com um toque delicado e elegante.<\/p>\n<h4 id=\"-2-double-card-box-structure-convenient-opening-and-closing-transportation-protection-\"><strong>2. Estrutura da caixa de cart\u00e3o duplo: abertura e fecho convenientes + prote\u00e7\u00e3o do transporte<\/strong><\/h4>\n<p>O tipo de caixa adopta uma estrutura de cart\u00e3o duplo com uma tampa superior e inferior. A tampa da caixa e o corpo da caixa est\u00e3o ligados por uma ranhura de cart\u00e3o precisa, e podem ser abertos e fechados elegantemente com uma m\u00e3o. O erro do processo de corte e vinco \u00e9 \u22640,1mm, adequado para garrafas de 30ml-100ml de capacidade total, e a resist\u00eancia \u00e0 compress\u00e3o durante o transporte \u00e9 aumentada em 25%.<\/p>\n<h4 id=\"-3-process-innovation-gradient-color-embossed-embossing-dual-upgrade-of-vision-and-touch-\"><strong>3. Inova\u00e7\u00e3o do processo: cor gradiente + relevo em relevo, dupla atualiza\u00e7\u00e3o da vis\u00e3o e do tato<\/strong><\/h4>\n<p>A cor gradiente \u00e9 sonhadora, e a impress\u00e3o clara restaura com precis\u00e3o esta carater\u00edstica. A cor \u00e0 direita \u00e9 clara e bonita, que pode ser utilizada como estilo tem\u00e1tico do perfume de ver\u00e3o.<\/p>\n<h4 id=\"-4-flexible-size-full-capacity-adaptation-to-meet-diversified-needs-\"><strong>4. Tamanho flex\u00edvel: adapta\u00e7\u00e3o total da capacidade para satisfazer necessidades diversificadas<\/strong><\/h4>\n<p>O tamanho pode ser personalizado de acordo com o seu frasco de perfume para garantir o tamanho certo e o frasco est\u00e1vel. Ajudamo-lo a enviar o frasco para a f\u00e1brica, e faremos uma caixa de amostra branca gratuitamente para testar o tamanho e a estabilidade.<\/p>\n<h4 id=\"-5-factory-strength-iso-certification-daily-production-capacity-of-60-000-pieces-\"><strong>5. For\u00e7a da f\u00e1brica: Certifica\u00e7\u00e3o ISO + capacidade de produ\u00e7\u00e3o di\u00e1ria de 60.000 pe\u00e7as<\/strong><\/h4>\n<p>A pr\u00f3pria f\u00e1brica passou a certifica\u00e7\u00e3o do sistema de gest\u00e3o de qualidade ISO 9001, equipada com m\u00e1quina de impress\u00e3o Heidelberg XL7508+1, m\u00e1quina de fabrico de caixas inteligente totalmente autom\u00e1tica e outros equipamentos, com uma produ\u00e7\u00e3o di\u00e1ria de 60.000 pe\u00e7as, e completa desde a prova at\u00e9 \u00e0 entrega do lote em 7 dias.<\/p>\n<h4 id=\"-6-vip-customization-service-full-link-support-to-help-brand-upgrade-\"><strong>6. Servi\u00e7o de personaliza\u00e7\u00e3o VIP: suporte de liga\u00e7\u00e3o total para ajudar a atualizar a marca<\/strong><\/h4>\n<p>Fornece mais de 30 bases de dados de tipos de caixas, suporta personaliza\u00e7\u00e3o profunda, como texto de estampagem a quente, impress\u00e3o a cores diretas e padr\u00f5es em relevo. Por exemplo, uma marca europeia alcan\u00e7ou uma taxa de pr\u00e9mio de produto de 40% atrav\u00e9s da tecnologia de estampagem a quente de caligrafia personalizada.<\/p>\n<h4 id=\"-7-full-process-quality-inspection-from-paper-strength-to-color-calibration-\"><strong>7. Inspe\u00e7\u00e3o da qualidade de todo o processo: da resist\u00eancia do papel \u00e0 calibra\u00e7\u00e3o da cor<\/strong><\/h4>\n<p>Realizar 12 procedimentos de inspe\u00e7\u00e3o de qualidade, incluindo teste de humidade de 24 horas (erro \u00b15%), teste de queda (altura 1,2 metros) e calibra\u00e7\u00e3o de erro CMYK de cor \u22643%, para garantir que a taxa de perda de transporte \u00e9 \u22640,3%.<\/p>","protected":false},"excerpt":{"rendered":"<p>Esta caixa foi personalizada para uma marca internacional de fragr\u00e2ncias de sal\u00e3o. Atrav\u00e9s do processo de cor gradiente, tornou-se um sucesso nas redes sociais durante a Semana da Moda de Paris de 2024, e a taxa de recompra aumentou 35%.<\/p>","protected":false},"featured_media":8994,"template":"","meta":[],"product_brand":[],"product_cat":[30,417,430,31],"product_tag":[934,1038,1039],"class_list":{"0":"post-8991","1":"product","2":"type-product","3":"status-publish","4":"has-post-thumbnail","6":"product_cat-by-industry","7":"product_cat-custom-perfume-boxes-by-industry","8":"product_cat-folding-cartons","9":"product_cat-paper-box-style","10":"product_tag-box-manufacturer","11":"product_tag-oem-cardboard-box","12":"product_tag-perfume-luxury-packaging-box","14":"first","15":"instock","16":"shipping-taxable","17":"product-type-grouped"},"_links":{"self":[{"href":"https:\/\/zojopackaging.com\/pt\/wp-json\/wp\/v2\/product\/8991","targetHints":{"allow":["GET"]}}],"collection":[{"href":"https:\/\/zojopackaging.com\/pt\/wp-json\/wp\/v2\/product"}],"about":[{"href":"https:\/\/zojopackaging.com\/pt\/wp-json\/wp\/v2\/types\/product"}],"version-history":[{"count":1,"href":"https:\/\/zojopackaging.com\/pt\/wp-json\/wp\/v2\/product\/8991\/revisions"}],"predecessor-version":[{"id":9007,"href":"https:\/\/zojopackaging.com\/pt\/wp-json\/wp\/v2\/product\/8991\/revisions\/9007"}],"wp:featuredmedia":[{"embeddable":true,"href":"https:\/\/zojopackaging.com\/pt\/wp-json\/wp\/v2\/media\/8994"}],"wp:attachment":[{"href":"https:\/\/zojopackaging.com\/pt\/wp-json\/wp\/v2\/media?parent=8991"}],"wp:term":[{"taxonomy":"product_brand","embeddable":true,"href":"https:\/\/zojopackaging.com\/pt\/wp-json\/wp\/v2\/product_brand?post=8991"},{"taxonomy":"product_cat","embeddable":true,"href":"https:\/\/zojopackaging.com\/pt\/wp-json\/wp\/v2\/product_cat?post=8991"},{"taxonomy":"product_tag","embeddable":true,"href":"https:\/\/zojopackaging.com\/pt\/wp-json\/wp\/v2\/product_tag?post=8991"}],"curies":[{"name":"wp","href":"https:\/\/api.w.org\/{rel}","templated":true}]}}