{"id":8999,"date":"2025-03-31T20:35:17","date_gmt":"2025-03-31T12:35:17","guid":{"rendered":"https:\/\/zojopackaging.com\/?post_type=product&#038;p=8999"},"modified":"2025-03-31T21:48:58","modified_gmt":"2025-03-31T13:48:58","slug":"versatile-custom-printed-snack-boxes-wholesale-in-bulk","status":"publish","type":"product","link":"https:\/\/zojopackaging.com\/pt\/product\/versatile-custom-printed-snack-boxes-wholesale-in-bulk\/","title":{"rendered":"Caixas para snacks com impress\u00e3o personalizada vers\u00e1teis por atacado a granel"},"content":{"rendered":"<h2 id=\"-i-core-functions-and-design-highlights-\"><strong>1. Fun\u00e7\u00f5es principais e destaques da conce\u00e7\u00e3o<\/strong><\/h2>\n<ol>\n<li><strong>Sistema de otimiza\u00e7\u00e3o do espa\u00e7o de fecho magn\u00e9tico<\/strong>\u00a0A caixa adopta um design modular magn\u00e9tico da parede lateral, que suporta 8 camadas de empilhamento vertical sem o risco de tombar, e a taxa de utiliza\u00e7\u00e3o do espa\u00e7o plano \u00e9 aumentada em mais de 30%. Pode ser adaptada a espa\u00e7os estreitos (largura m\u00ednima de 8 cm), tais como bordos de prateleiras, arruma\u00e7\u00e3o de autom\u00f3veis e outros locais, e suporta o empilhamento independente tipo gaveta e empilhamento geral para mudar livremente, satisfazendo as necessidades flex\u00edveis de embalagens de snacks, conjuntos combinados de snacks, etc.<\/li>\n<li><strong>Tecnologia inteligente de impress\u00e3o frente e verso<\/strong><\/li>\n<li><strong>Transporte de informa\u00e7\u00f5es em dupla face<\/strong>: Atrav\u00e9s de um \u00fanico processo de impress\u00e3o, os lados interior e exterior s\u00e3o diferenciados, sendo que a superf\u00edcie exterior utiliza um padr\u00e3o de desenho animado altamente saturado para atrair os consumidores (como co-branding IP, ilustra\u00e7\u00f5es divertidas), e a superf\u00edcie interior pode ser impressa com uma tabela de ingredientes nutricionais, hist\u00f3ria da marca ou c\u00f3digo QR interativo, e a capacidade de informa\u00e7\u00e3o \u00e9 aumentada em 2 vezes.<\/li>\n<li><strong>Prote\u00e7\u00e3o ambiental e controlo de custos<\/strong>: Em compara\u00e7\u00e3o com a impress\u00e3o de uma face, reduz o consumo de papel em 50%, suporta mais de 20 processos, como a transfer\u00eancia t\u00e9rmica e a impress\u00e3o a cores diretas, e \u00e9 adequada para papel revestido de qualidade alimentar (157-350GSM) ou substratos de papel ecol\u00f3gico com certifica\u00e7\u00e3o FSC.<\/li>\n<li><strong>Melhoramento da camada de prote\u00e7\u00e3o UV pontual<\/strong>\u00a0O verniz UV local cobre com precis\u00e3o as \u00e1reas-chave (como o LOGOTIPO da marca, o nome do produto) e forma uma camada protetora densa com uma espessura de 0,2 mm ap\u00f3s a cura:<\/li>\n<li><strong>Resist\u00eancia \u00e0 abras\u00e3o<\/strong>: Passou 10.000 testes de fric\u00e7\u00e3o sem cair, excedendo largamente a tinta comum (norma da ind\u00fastria 3.000 vezes)<\/li>\n<li><strong>Resist\u00eancia \u00e0s intemp\u00e9ries<\/strong>: O desempenho \u00e0 prova d'\u00e1gua atinge o n\u00edvel IPX4, resist\u00eancia a altas temperaturas 120 \u2103 (adequado para cen\u00e1rios de embalagem de aquecimento por micro-ondas)<\/li>\n<li><strong>Intera\u00e7\u00e3o t\u00e1til<\/strong>: O efeito de micro grava\u00e7\u00e3o melhora os pontos de mem\u00f3ria do produto, como o padr\u00e3o de desenho animado com altura elevada de 0,3 mm<\/li>\n<\/ol>\n<h2 id=\"-ii-aesthetics-and-material-technology-\"><strong>2. Est\u00e9tica e tecnologia dos materiais<\/strong><\/h2>\n<ol>\n<li><strong>Conce\u00e7\u00e3o do impacto visual<\/strong><\/li>\n<li><strong>Contraste cl\u00e1ssico do fundo preto<\/strong>: O corpo da caixa adopta cart\u00e3o cinzento preto mate (densidade 1200GSM), com padr\u00e3o de desenho animado de impress\u00e3o a cores Pantone, o reconhecimento na prateleira aumentou em 60%<\/li>\n<li><strong>Atualiza\u00e7\u00e3o do efeito din\u00e2mico<\/strong>: Laser UV opcional, estampagem a quente perolada e outros processos, efeito de serpentina din\u00e2mica quando o \u00e2ngulo de refra\u00e7\u00e3o da luz \u00e9 \u226515\u00b0<\/li>\n<li><strong>Estrutura de prote\u00e7\u00e3o de n\u00edvel militar<\/strong><\/li>\n<li><strong>Material comp\u00f3sito<\/strong>: camada externa de papel revestido 157GSM + camada m\u00e9dia de placa cinza de alta densidade + camada interna de almofada EVA de grau aliment\u00edcio, resist\u00eancia \u00e0 compress\u00e3o de at\u00e9 80kg \/ \u33a1<\/li>\n<li><strong>Sistema de veda\u00e7\u00e3o<\/strong>Fivela magn\u00e9tica com abertura e fecho superior a 5 000 vezes, com fita TPU imperme\u00e1vel (opcional), resist\u00eancia \u00e0 humidade \u226445%RH<\/li>\n<\/ol>\n<h2 id=\"-three-customized-service-solutions-\"><strong>3. Solu\u00e7\u00f5es de servi\u00e7o personalizadas<\/strong><\/h2>\n<ol>\n<li><strong>Suporte para personaliza\u00e7\u00e3o totalmente dimensional<\/strong><\/li>\n<li><strong>Inova\u00e7\u00e3o na caixa<\/strong>: tampa superior e inferior\/tipo de gaveta\/caixa com forma especial (por exemplo, forma de tubo de batata frita, caixa com contorno de fruta)<\/li>\n<li><strong>Expans\u00e3o da fun\u00e7\u00e3o<\/strong>: pel\u00edcula de janela (para apresenta\u00e7\u00e3o do conte\u00fado), divis\u00f3ria (adequada para embalagens mistas de v\u00e1rias categorias), fixa\u00e7\u00e3o do tabuleiro interior do blister<\/li>\n<li><strong>Biblioteca de processos de superf\u00edcie<\/strong>: mais de 20 op\u00e7\u00f5es, incluindo estampagem a quente\/grava\u00e7\u00e3o em relevo\/flocagem\/ UV fosco, suporte para coloca\u00e7\u00e3o de camadas AR (leitura de telem\u00f3vel para desencadear anima\u00e7\u00e3o interactiva)<\/li>\n<li><strong>Servi\u00e7o gratuito de valor acrescentado<\/strong><\/li>\n<li><strong>Amostra de experi\u00eancia 0 Yuan<\/strong>: Fornecer 3 tipos b\u00e1sicos de caixas + 2 amostras f\u00edsicas de esquemas de impress\u00e3o, 48 horas de prova r\u00e1pida<\/li>\n<li><strong>Capacita\u00e7\u00e3o em mat\u00e9ria de conce\u00e7\u00e3o<\/strong>: A equipa profissional fornece solu\u00e7\u00f5es de fus\u00e3o de IP gratuitas, simula\u00e7\u00e3o de exposi\u00e7\u00e3o em prateleiras e otimiza\u00e7\u00e3o da linha de unboxing do consumidor<\/li>\n<\/ol>\n<h2 id=\"-fourth-production-and-cost-advantages-\"><strong>4. Vantagens em termos de produ\u00e7\u00e3o e de custos<\/strong><\/h2>\n<ol>\n<li><strong>A for\u00e7a do fabrico inteligente da China<\/strong><\/li>\n<li><strong>Fonte de fornecimento direto da f\u00e1brica<\/strong>: 16 anos de experi\u00eancia na ind\u00fastria, 2000\u33a1 f\u00e1brica padronizada, equipa QC de 50 pessoas, ciclo de entrega de produ\u00e7\u00e3o em massa comprimido para 7 dias (m\u00e9dia da ind\u00fastria 15 dias)<\/li>\n<li><strong>Competitividade dos pre\u00e7os<\/strong>: Encomenda a granel (\u22655000 unidades) pre\u00e7o unit\u00e1rio t\u00e3o baixo quanto \u00a50,8\/unidade, em compara\u00e7\u00e3o com os seus pares, reduzido em 20%-30%<\/li>\n<li><strong>Conformidade e controlo de qualidade<\/strong><\/li>\n<li><strong>Certifica\u00e7\u00e3o de seguran\u00e7a<\/strong>: Aprovado na certifica\u00e7\u00e3o de material de contacto alimentar da FDA, teste de prote\u00e7\u00e3o ambiental REACH<\/li>\n<li><strong>Produ\u00e7\u00e3o inteligente<\/strong>: O sistema de inspe\u00e7\u00e3o visual AI atinge uma precis\u00e3o de registo de impress\u00e3o de n\u00edvel 0,1 mm, taxa de defeito \u22640,3%<\/li>\n<\/ol>\n<h2 id=\"-five-application-scenarios-and-brand-empowerment-\"><strong>5. Cen\u00e1rios de aplica\u00e7\u00e3o e capacita\u00e7\u00e3o da marca<\/strong><\/h2>\n<ol>\n<li><strong>Caso de adapta\u00e7\u00e3o multi-categoria<\/strong><\/li>\n<li><strong>Conjunto de combina\u00e7\u00e3o de snacks<\/strong>: O design magn\u00e9tico em camadas permite acomodar frutos secos + biscoitos, e o sentido de hierarquia apresentado ap\u00f3s a abertura da caixa aumenta o valor m\u00e9dio da encomenda em 30%<\/li>\n<li><strong>Celebridade da Internet lanche takeaway<\/strong>: Corpo da caixa preto mate + log\u00f3tipo da marca UV a laser, taxa de convers\u00e3o da comunica\u00e7\u00e3o nas redes sociais aumentada em 45%<\/li>\n<li><strong>Apoio ao marketing baseado em dados<\/strong><\/li>\n<li><strong>Embalagem inteligente<\/strong>: Implanta\u00e7\u00e3o opcional de um chip NFC, os consumidores l\u00eaem o c\u00f3digo para obter informa\u00e7\u00f5es de rastreabilidade\/cupons, e a taxa de recompra aumentou 22%<\/li>\n<li><strong>Personaliza\u00e7\u00e3o por tempo limitado<\/strong>: Caixas tem\u00e1ticas de f\u00e9rias (como o estilo do zod\u00edaco do Festival da primavera) suportam 100 encomendas e entrega r\u00e1pida no prazo de 7 dias<\/li>\n<\/ol>\n<p><strong>Processo de coopera\u00e7\u00e3o<\/strong><\/p>\n<ol>\n<li><strong>Apresenta\u00e7\u00e3o de requisitos<\/strong>: Fornecer o ambiente de tamanho\/peso\/transporte do produto \u2192 modela\u00e7\u00e3o 3D + estimativa de custos<\/li>\n<li><strong>Confirma\u00e7\u00e3o da solu\u00e7\u00e3o<\/strong>: Entrega de amostras gr\u00e1tis<\/li>\n<li><strong>Entrega de produ\u00e7\u00e3o em massa<\/strong>: Apoiar a log\u00edstica FOB\/DDP e fornecer uma vers\u00e3o especial transfronteiri\u00e7a<\/li>\n<\/ol>","protected":false},"excerpt":{"rendered":"<ul>\n<li><strong>100% Marca personalizada<\/strong>: Adapte as formas, tamanhos e grafismos das caixas \u00e0 sua linha de snacks.<\/li>\n<li><strong>Durabilidade Premium<\/strong>: A camada UV resistente a manchas resiste a riscos, derrames e humidade, ideal para snacks gourmet ou oleosos.<\/li>\n<li><strong>Apelo pronto para a prateleira<\/strong>: A base preta arrojada e os acentos de desenhos animados aumentam a visibilidade em an\u00fancios de retalho ou de com\u00e9rcio eletr\u00f3nico.<\/li>\n<li><strong>Rent\u00e1vel<\/strong>: Baixo MOQ (500 unidades) com suporte de design gratuito e kits de amostra.<\/li>\n<li><strong>Conformidade ecol\u00f3gica<\/strong>: Os materiais FSC e as tintas \u00e0 base de soja est\u00e3o em conformidade com as normas globais de sustentabilidade.<\/li>\n<\/ul>","protected":false},"featured_media":9004,"template":"","meta":[],"product_brand":[],"product_cat":[30,422,424,31],"product_tag":[1044,1042,1043],"class_list":{"0":"post-8999","1":"product","2":"type-product","3":"status-publish","4":"has-post-thumbnail","6":"product_cat-by-industry","7":"product_cat-custom-gourmet-boxes-by-industry","8":"product_cat-magnetic-closure-boxes","9":"product_cat-paper-box-style","10":"product_tag-custom-printed-snack-boxes","11":"product_tag-custom-snack-boxes","12":"product_tag-snack-boxes-wholesale","14":"first","15":"instock","16":"shipping-taxable","17":"product-type-simple"},"_links":{"self":[{"href":"https:\/\/zojopackaging.com\/pt\/wp-json\/wp\/v2\/product\/8999","targetHints":{"allow":["GET"]}}],"collection":[{"href":"https:\/\/zojopackaging.com\/pt\/wp-json\/wp\/v2\/product"}],"about":[{"href":"https:\/\/zojopackaging.com\/pt\/wp-json\/wp\/v2\/types\/product"}],"version-history":[{"count":3,"href":"https:\/\/zojopackaging.com\/pt\/wp-json\/wp\/v2\/product\/8999\/revisions"}],"predecessor-version":[{"id":9025,"href":"https:\/\/zojopackaging.com\/pt\/wp-json\/wp\/v2\/product\/8999\/revisions\/9025"}],"wp:featuredmedia":[{"embeddable":true,"href":"https:\/\/zojopackaging.com\/pt\/wp-json\/wp\/v2\/media\/9004"}],"wp:attachment":[{"href":"https:\/\/zojopackaging.com\/pt\/wp-json\/wp\/v2\/media?parent=8999"}],"wp:term":[{"taxonomy":"product_brand","embeddable":true,"href":"https:\/\/zojopackaging.com\/pt\/wp-json\/wp\/v2\/product_brand?post=8999"},{"taxonomy":"product_cat","embeddable":true,"href":"https:\/\/zojopackaging.com\/pt\/wp-json\/wp\/v2\/product_cat?post=8999"},{"taxonomy":"product_tag","embeddable":true,"href":"https:\/\/zojopackaging.com\/pt\/wp-json\/wp\/v2\/product_tag?post=8999"}],"curies":[{"name":"wp","href":"https:\/\/api.w.org\/{rel}","templated":true}]}}