{"id":9008,"date":"2025-03-31T21:02:51","date_gmt":"2025-03-31T13:02:51","guid":{"rendered":"https:\/\/zojopackaging.com\/?post_type=product&#038;p=9008"},"modified":"2025-03-31T21:27:31","modified_gmt":"2025-03-31T13:27:31","slug":"custom-logo-soft-touch-cardboard-stock-perfume-paper-box-supplier","status":"publish","type":"product","link":"https:\/\/zojopackaging.com\/pt\/product\/custom-logo-soft-touch-cardboard-stock-perfume-paper-box-supplier\/","title":{"rendered":"Fornecedor de caixa de papel para perfumes com log\u00f3tipo personalizado de cart\u00e3o de toque suave"},"content":{"rendered":"<h3 id=\"-1-high-quality-white-card-material-firm-box-type-stable-support-\"><strong>1. Material de cart\u00e3o branco de alta qualidade: tipo de caixa firme, suporte est\u00e1vel<\/strong><\/h3>\n<p>Utilizando cart\u00e3o de p\u00f3 \u00fanico de 350 g (como o cart\u00e3o de primeira qualidade Invercote) como material de base, a superf\u00edcie \u00e9 lisa e delicada, e a cor do desenho \u00e9 restaurada com precis\u00e3o atrav\u00e9s da impress\u00e3o a quatro cores, e a rigidez \u00e9 aumentada em 40%. O cart\u00e3o tem certifica\u00e7\u00e3o FSC e cumpre as normas de prote\u00e7\u00e3o ambiental REACH da UE. \u00c9 t\u00e3o delicado como a seda e protege eficazmente o frasco de perfume.<\/p>\n<h3 id=\"-2-compact-box-design-space-utilization-rate-reaches-95-\"><strong>2. Design compacto da caixa: a taxa de utiliza\u00e7\u00e3o do espa\u00e7o atinge 95%<\/strong><\/h3>\n<p>O tipo de caixa adopta uma estrutura de cart\u00e3o duplo com uma tampa superior e inferior. A tampa da caixa e o corpo da caixa est\u00e3o ligados por uma ranhura precisa para cart\u00f5es. \u00c9 adequado para o tipo de garrafa de capacidade total de 30ml-100ml, e a taxa de utiliza\u00e7\u00e3o do espa\u00e7o \u00e9 aumentada em 20% em compara\u00e7\u00e3o com o tipo de caixa tradicional. Erro no processo de corte e vinco \u2264 0,1 mm, resist\u00eancia \u00e0 compress\u00e3o aumentada em 25% durante o transporte.<\/p>\n<h3 id=\"-3-matt-film-coating-process-waterproof-and-wear-resistant-protect-printed-patterns-\"><strong>3. Processo de revestimento de pel\u00edcula mate: imperme\u00e1vel e resistente ao desgaste, protege os padr\u00f5es impressos<\/strong><\/h3>\n<p>A pel\u00edcula mate na superf\u00edcie real\u00e7a o toque delicado, enquanto o revestimento UV real\u00e7a o brilho do padr\u00e3o, simulando o efeito imersivo da \"atomiza\u00e7\u00e3o da fragr\u00e2ncia\", o toque \u00e9 t\u00e3o suave como a seda e a resist\u00eancia aos riscos \u00e9 aumentada em 50%.<\/p>\n<h3 id=\"-4-professional-mold-customization-adapt-to-diverse-needs-\"><strong>4. Personaliza\u00e7\u00e3o profissional do molde: adapta-se a diversas necessidades<\/strong><\/h3>\n<p>A f\u00e1brica pr\u00f3pria est\u00e1 equipada com equipamento de corte e vinco totalmente autom\u00e1tico, suporta mais de 30 chamadas de base de dados de tipos de caixas e pode personalizar profundamente o texto de estampagem a quente, padr\u00f5es em relevo, impress\u00e3o a cores diretas, etc. Por exemplo, uma marca europeia alcan\u00e7ou uma taxa de pr\u00e9mio de produto de 40% atrav\u00e9s da tecnologia de estampagem a quente de caligrafia personalizada.<\/p>\n<h3 id=\"-5-simple-gradient-design-elegance-and-romance-coexist-\"><strong>5. Design gradiente simples: a eleg\u00e2ncia e o romantismo coexistem<\/strong><\/h3>\n<p>O design geral baseia-se num gradiente suave de cores populares anuais Pantone (como laranja coral \u2192 roxo el\u00e9trico) como cor principal, com um nome de marca caligrafado, transmitindo o conceito de marca de \"momentos preciosos\", que est\u00e1 em conformidade com a tonalidade est\u00e9tica dos perfumes topo de gama.<\/p>\n<h3 id=\"-6-clear-capacity-label-enhanced-information-transmission-function-\"><strong>6. Etiqueta de capacidade clara: fun\u00e7\u00e3o de transmiss\u00e3o de informa\u00e7\u00f5es melhorada<\/strong><\/h3>\n<p>O corpo da caixa est\u00e1 marcado com uma etiqueta com a capacidade de 50 ml e o processo de estampagem a quente \u00e9 utilizado para fazer com que o tipo de letra reflicta o efeito de estrela sob a luz, para que os consumidores possam identificar rapidamente as especifica\u00e7\u00f5es do produto e melhorar a experi\u00eancia de compra.<\/p>\n<h3 id=\"-7-full-process-after-sales-service-first-line-response-worry-free-quality-\"><strong>7. Servi\u00e7o p\u00f3s-venda de processo completo: resposta de primeira linha, qualidade sem preocupa\u00e7\u00f5es<\/strong><\/h3>\n<p>S\u00e3o realizados 12 procedimentos de inspe\u00e7\u00e3o de qualidade, incluindo teste de humidade 24 horas (erro \u00b1 5%) e teste de queda (altura 1,2 metros), e a taxa de quebra \u00e9 \u2264 0,3%. Fornecer compensa\u00e7\u00e3o de danos, seguro de qualidade e outras garantias, e responder a problemas p\u00f3s-venda dentro de 48 horas.<\/p>","protected":false},"excerpt":{"rendered":"<p>Esta caixa foi personalizada para uma marca de fragr\u00e2ncias de sal\u00e3o de beleza topo de gama no M\u00e9dio Oriente. O processo de pel\u00edcula mate torna a superf\u00edcie da caixa ainda altamente reconhec\u00edvel sob a forte luz do deserto, e a taxa de recompra do cliente aumenta em 30%.<\/p>","protected":false},"featured_media":9013,"template":"","meta":[],"product_brand":[],"product_cat":[30,417,430,31],"product_tag":[1040,1041,864],"class_list":{"0":"post-9008","1":"product","2":"type-product","3":"status-publish","4":"has-post-thumbnail","6":"product_cat-by-industry","7":"product_cat-custom-perfume-boxes-by-industry","8":"product_cat-folding-cartons","9":"product_cat-paper-box-style","10":"product_tag-custom-logo-paper-box","11":"product_tag-paper-box-supplier","12":"product_tag-perfume-paper-box","14":"first","15":"instock","16":"shipping-taxable","17":"product-type-grouped"},"_links":{"self":[{"href":"https:\/\/zojopackaging.com\/pt\/wp-json\/wp\/v2\/product\/9008","targetHints":{"allow":["GET"]}}],"collection":[{"href":"https:\/\/zojopackaging.com\/pt\/wp-json\/wp\/v2\/product"}],"about":[{"href":"https:\/\/zojopackaging.com\/pt\/wp-json\/wp\/v2\/types\/product"}],"version-history":[{"count":1,"href":"https:\/\/zojopackaging.com\/pt\/wp-json\/wp\/v2\/product\/9008\/revisions"}],"predecessor-version":[{"id":9015,"href":"https:\/\/zojopackaging.com\/pt\/wp-json\/wp\/v2\/product\/9008\/revisions\/9015"}],"wp:featuredmedia":[{"embeddable":true,"href":"https:\/\/zojopackaging.com\/pt\/wp-json\/wp\/v2\/media\/9013"}],"wp:attachment":[{"href":"https:\/\/zojopackaging.com\/pt\/wp-json\/wp\/v2\/media?parent=9008"}],"wp:term":[{"taxonomy":"product_brand","embeddable":true,"href":"https:\/\/zojopackaging.com\/pt\/wp-json\/wp\/v2\/product_brand?post=9008"},{"taxonomy":"product_cat","embeddable":true,"href":"https:\/\/zojopackaging.com\/pt\/wp-json\/wp\/v2\/product_cat?post=9008"},{"taxonomy":"product_tag","embeddable":true,"href":"https:\/\/zojopackaging.com\/pt\/wp-json\/wp\/v2\/product_tag?post=9008"}],"curies":[{"name":"wp","href":"https:\/\/api.w.org\/{rel}","templated":true}]}}