{"id":9017,"date":"2025-03-31T21:41:20","date_gmt":"2025-03-31T13:41:20","guid":{"rendered":"https:\/\/zojopackaging.com\/?post_type=product&#038;p=9017"},"modified":"2025-03-31T21:55:07","modified_gmt":"2025-03-31T13:55:07","slug":"custom-printing-perfume-matt-finishing-paper-box-manufacturer","status":"publish","type":"product","link":"https:\/\/zojopackaging.com\/pt\/product\/custom-printing-perfume-matt-finishing-paper-box-manufacturer\/","title":{"rendered":"Caixa de papel de acabamento mate para perfumes com impress\u00e3o personalizada Fabricante"},"content":{"rendered":"<h3 id=\"-1-single-powder-card-material-single-sided-coating-balance-between-printing-accuracy-and-cost-\"><strong>1. Material de cart\u00e3o de p\u00f3 \u00fanico + revestimento de uma face: equil\u00edbrio entre precis\u00e3o de impress\u00e3o e custo<\/strong><\/h3>\n<p>Utilizando papel de cart\u00e3o de p\u00f3 \u00fanico de 350 g (como o cart\u00e3o de primeira qualidade Invercote), a superf\u00edcie \u00e9 coberta com um revestimento mate, adequado para impress\u00e3o a quatro cores de alta precis\u00e3o, garantindo que o rel\u00f3gio de estampagem a quente e os algarismos romanos (XII\/I\/VIII, etc.) s\u00e3o claros e n\u00edtidos. O processo de revestimento de uma s\u00f3 face n\u00e3o s\u00f3 reduz os custos de impress\u00e3o, como tamb\u00e9m melhora o toque delicado, o que \u00e9 adequado para o tom sofisticado dos slogans da marca, como \"PERFUME OF YOU\".<\/p>\n<h3 id=\"-2-hot-stamping-uv-mirror-process-double-the-visual-impact-\"><strong>2. Processo de estampagem a quente + espelho UV: duplo impacto visual<\/strong><\/h3>\n<p>A caixa da esquerda utiliza estampagem a quente para apresentar um rel\u00f3gio fluido e um padr\u00e3o de videira, e o dourado reflecte o efeito de estrela no fundo mate; a caixa da direita utiliza tecnologia de espelho UV, e a cor gradiente laranja-rosa \u00e9 tridimensional como a atomiza\u00e7\u00e3o da fragr\u00e2ncia, e o toque \u00e9 t\u00e3o suave como a seda. Ambos os processos foram aprovados na certifica\u00e7\u00e3o alem\u00e3 Rhine e a resist\u00eancia ao desgaste atinge o n\u00edvel IP54, garantindo que o padr\u00e3o n\u00e3o \u00e9 desgastado durante o transporte.<\/p>\n<h3 id=\"-3-full-dimensional-customization-of-perfume-card-boxes-flexible-adaptation-of-size-material-process-\"><strong>3. Personaliza\u00e7\u00e3o total das caixas de cart\u00e3o para perfumes: adapta\u00e7\u00e3o flex\u00edvel do tamanho\/material\/processo<\/strong><\/h3>\n<p>Suporta a personaliza\u00e7\u00e3o de tipos de garrafas de 30ml-100ml, e o erro de tamanho da caixa \u00e9 \u2264\u00b11mm. O material pode ser selecionado entre cart\u00e3o branco de 350g ou papel de polpa de bambu amigo do ambiente, e o processo inclui grava\u00e7\u00e3o em relevo, impress\u00e3o a cores diretas, etc. Por exemplo, uma caixa flip magn\u00e9tica personalizada por uma marca europeia reproduz o desenho da estrela do LOGOTIPO da marca atrav\u00e9s da tecnologia de gradiente UV, e a taxa de pr\u00e9mio \u00e9 aumentada em 40%.<\/p>\n<h3 id=\"-4-zojo-print-16-years-of-industry-experience-paper-box-customization-expert-\"><strong>4. ZOJO Print 16 anos de experi\u00eancia no sector: especialista em personaliza\u00e7\u00e3o de caixas de papel<\/strong><\/h3>\n<p>H\u00e1 16 anos que nos dedicamos ao sector das embalagens de perfumes, servindo mais de 500 marcas internacionais, como Dior, Jo Malone, etc. A f\u00e1brica pr\u00f3pria est\u00e1 equipada com uma m\u00e1quina de impress\u00e3o Heidelberg XL7508+1 e uma linha de corte e vinco totalmente autom\u00e1tica, com uma capacidade de produ\u00e7\u00e3o di\u00e1ria de 60.000 pe\u00e7as, e completa desde a prova at\u00e9 \u00e0 entrega em 7 dias, tendo obtido a certifica\u00e7\u00e3o ISO 9001 e FSC.<\/p>\n<h3 id=\"-5-1-3-days-of-ultra-fast-proofing-seize-the-market-opportunity-\"><strong>5. 1-3 dias de prova ultra-r\u00e1pida: aproveitar a oportunidade de mercado<\/strong><\/h3>\n<p>Com base no sistema de pr\u00e9-impress\u00e3o digital, suporta a produ\u00e7\u00e3o direta de ficheiros de origem CDR\/AI, e a amostra mais r\u00e1pida \u00e9 de 1 dia. Por exemplo, uma caixa com gradiente de \u00e2mbar do deserto, personalizada com urg\u00eancia por uma marca do M\u00e9dio Oriente, demorou apenas 24 horas desde a confirma\u00e7\u00e3o do plano at\u00e9 \u00e0 prova, o que \u00e9 300% mais eficiente do que as f\u00e1bricas tradicionais.<\/p>\n<h3 id=\"-6-technical-sales-team-full-link-consultants-who-understand-production-processes-\"><strong>6. Equipa t\u00e9cnica de vendas: consultores full-link que conhecem os processos de produ\u00e7\u00e3o<\/strong><\/h3>\n<p>A equipa de vendas da 100% tem mais de 5 anos de experi\u00eancia na produ\u00e7\u00e3o de caixas de papel e pode fornecer solu\u00e7\u00f5es para todo o processo, desde a sele\u00e7\u00e3o de materiais (como pel\u00edcula mate ou revestimento UV), otimiza\u00e7\u00e3o da estrutura da caixa (como tampa superior e inferior ou tipo de gaveta) at\u00e9 ao controlo de custos, para garantir que a conce\u00e7\u00e3o e a produ\u00e7\u00e3o s\u00e3o altamente compat\u00edveis.<\/p>\n<h3 id=\"-7-full-process-quality-inspection-12-processes-to-ensure-quality-\"><strong>7. Inspe\u00e7\u00e3o da qualidade do processo completo: 12 processos para garantir a qualidade<\/strong><\/h3>\n<p>Executar 12 processos de inspe\u00e7\u00e3o de qualidade, como \"calibra\u00e7\u00e3o de cores de impress\u00e3o (erro CMYK \u22643%) \u2192 teste de ades\u00e3o de estampagem a quente (experimento de descascamento de fita) \u2192 teste de queda (1,2 metros de altura) \u2192 teste de umidade de 24 horas (erro \u00b1 5%)\", a taxa de perda de transporte \u00e9 \u22640,3% e a taxa de reclama\u00e7\u00e3o do cliente \u00e9 menor do que a m\u00e9dia da ind\u00fastria de 90%.<\/p>","protected":false},"excerpt":{"rendered":"<p>Uma caixa de oferta com o tema \"Tempo e Fragr\u00e2ncia\" personalizada para uma marca francesa de fragr\u00e2ncias de sal\u00e3o: -\u00a0<strong>Caixa \u00e0 esquerda<\/strong>: O rel\u00f3gio de algarismos romanos dourados (XII\/I\/VIII) \u00e9 combinado com um revestimento UV gradiente rosa Morandi para transmitir o conceito de \"eleg\u00e2ncia eterna\"; -\u00a0<strong>Caixa \u00e0 direita<\/strong>: O processo UV espelhado reproduz a faixa estelar do LOGO da marca, combinada com padr\u00f5es de videira em relevo mate, e a sensa\u00e7\u00e3o de cerim\u00f3nia de desembalagem \u00e9 total. Este design foi lan\u00e7ado durante o Festival de Cinema de Cannes de 2024, com mais de 2 milh\u00f5es de exposi\u00e7\u00f5es nas redes sociais e um aumento de 35% na taxa de recompra.<\/p>","protected":false},"featured_media":9018,"template":"","meta":[],"product_brand":[],"product_cat":[30,417,430,31],"product_tag":[1045,243,1046],"class_list":{"0":"post-9017","1":"product","2":"type-product","3":"status-publish","4":"has-post-thumbnail","6":"product_cat-by-industry","7":"product_cat-custom-perfume-boxes-by-industry","8":"product_cat-folding-cartons","9":"product_cat-paper-box-style","10":"product_tag-custom-printing-box","11":"product_tag-paper-box-manufacturer","12":"product_tag-perfume-matte-paper-box","14":"first","15":"instock","16":"shipping-taxable","17":"product-type-grouped"},"_links":{"self":[{"href":"https:\/\/zojopackaging.com\/pt\/wp-json\/wp\/v2\/product\/9017","targetHints":{"allow":["GET"]}}],"collection":[{"href":"https:\/\/zojopackaging.com\/pt\/wp-json\/wp\/v2\/product"}],"about":[{"href":"https:\/\/zojopackaging.com\/pt\/wp-json\/wp\/v2\/types\/product"}],"version-history":[{"count":1,"href":"https:\/\/zojopackaging.com\/pt\/wp-json\/wp\/v2\/product\/9017\/revisions"}],"predecessor-version":[{"id":9033,"href":"https:\/\/zojopackaging.com\/pt\/wp-json\/wp\/v2\/product\/9017\/revisions\/9033"}],"wp:featuredmedia":[{"embeddable":true,"href":"https:\/\/zojopackaging.com\/pt\/wp-json\/wp\/v2\/media\/9018"}],"wp:attachment":[{"href":"https:\/\/zojopackaging.com\/pt\/wp-json\/wp\/v2\/media?parent=9017"}],"wp:term":[{"taxonomy":"product_brand","embeddable":true,"href":"https:\/\/zojopackaging.com\/pt\/wp-json\/wp\/v2\/product_brand?post=9017"},{"taxonomy":"product_cat","embeddable":true,"href":"https:\/\/zojopackaging.com\/pt\/wp-json\/wp\/v2\/product_cat?post=9017"},{"taxonomy":"product_tag","embeddable":true,"href":"https:\/\/zojopackaging.com\/pt\/wp-json\/wp\/v2\/product_tag?post=9017"}],"curies":[{"name":"wp","href":"https:\/\/api.w.org\/{rel}","templated":true}]}}