{"id":9026,"date":"2025-03-31T21:49:15","date_gmt":"2025-03-31T13:49:15","guid":{"rendered":"https:\/\/zojopackaging.com\/?post_type=product&#038;p=9026"},"modified":"2025-03-31T22:07:36","modified_gmt":"2025-03-31T14:07:36","slug":"custom-luxury-clothing-apparel-packaging-gift-box-wholesale","status":"publish","type":"product","link":"https:\/\/zojopackaging.com\/pt\/product\/custom-luxury-clothing-apparel-packaging-gift-box-wholesale\/","title":{"rendered":"Caixa de oferta para embalagem de vestu\u00e1rio de luxo personalizada por atacado"},"content":{"rendered":"<h2 id=\"-core-advantages-of-products-\"><strong>Principais vantagens dos produtos<\/strong><\/h2>\n<p>Como f\u00e1brica de origem de embalagens personalizadas topo de gama na China, concentramo-nos em fornecer \u00e0s marcas de vestu\u00e1rio de luxo e de vestu\u00e1rio solu\u00e7\u00f5es de embalagem de caixas com tampa superior e inferior que combinam valor est\u00e9tico e fun\u00e7\u00f5es pr\u00e1ticas. Com uma estrutura modular, artesanato de alta qualidade e servi\u00e7os de personaliza\u00e7\u00e3o flex\u00edveis como competitividade central, ajudamos as marcas a moldar uma imagem de alta qualidade e a aumentar o reconhecimento do mercado.<\/p>\n<h2 id=\"-i-top-and-bottom-lid-box-type-simple-structure-and-industrialized-efficient-production-\"><strong>1. Tipo de caixa com tampa superior e inferior: estrutura simples e produ\u00e7\u00e3o eficiente industrializada<\/strong><\/h2>\n<ol>\n<li><strong>Conce\u00e7\u00e3o estrutural<\/strong>\u00a0O tipo de caixa com tampa superior e inferior adopta o design cl\u00e1ssico de separa\u00e7\u00e3o \"tampa superior + caixa inferior\", com um elevado grau de modulariza\u00e7\u00e3o, adaptado a processos de produ\u00e7\u00e3o normalizados e tendo em conta a comodidade de abertura e fecho e a integridade visual.<\/li>\n<li><strong>Estilo topo-cobertura-fundo<\/strong>: A tampa superior n\u00e3o cobre completamente o fundo da caixa inferior, deixando espa\u00e7o para abrir e fechar, o que \u00e9 adequado para embalagens de vestu\u00e1rio ligeiro de luxo.<\/li>\n<li><strong>Estilo exposto na cintura<\/strong>: O rebordo interior da caixa inferior est\u00e1 exposto, o que real\u00e7a as camadas tridimensionais e \u00e9 adequado para exibir log\u00f3tipos de marcas ou artesanato em relevo.<\/li>\n<li><strong>Vantagens da industrializa\u00e7\u00e3o<\/strong>\u00a0A correspond\u00eancia exacta de tamanhos \u00e9 conseguida atrav\u00e9s de uma linha de produ\u00e7\u00e3o totalmente autom\u00e1tica para garantir a entrega eficiente de encomendas em lote e reduzir os erros e custos manuais.<\/li>\n<\/ol>\n<h2 id=\"-second-white-box-body-double-enhancement-of-visual-aesthetics-and-brand-image-\"><strong>2. Carro\u00e7aria em caixa branca: duplo refor\u00e7o da est\u00e9tica visual e da imagem de marca<\/strong><\/h2>\n<ol>\n<li><strong>Conceito de design<\/strong>\u00a0Com o branco como tom de base,\u00a0<strong>Papel art\u00edstico revestido C2S de 157 g (papel de cobre duplo)<\/strong>\u00a0\u00e9 selecionada, a superf\u00edcie \u00e9 delicada e suave e a textura mate transmite uma sensa\u00e7\u00e3o de luxo discreto, ao mesmo tempo que proporciona uma tela pura para a tecnologia de impress\u00e3o.<\/li>\n<li><strong>Adaptabilidade da marca<\/strong><\/li>\n<li><strong>Simples e puro<\/strong>: O branco simboliza o estilo elegante da marca, adequado para vestu\u00e1rio topo de gama, vestidos personalizados e outros cen\u00e1rios.<\/li>\n<li><strong>Extens\u00e3o visual<\/strong>: Pode ser combinado com estampagem a quente, tecnologia UV ou fitas de cor da marca para formar um foco visual contrastante.<\/li>\n<\/ol>\n<h2 id=\"-third-ribbon-accessories-aesthetic-details-and-brand-recognition-enhancement-\"><strong>3. Acess\u00f3rios para fitas: pormenores est\u00e9ticos e refor\u00e7o do reconhecimento da marca<\/strong><\/h2>\n<ol>\n<li><strong>Sele\u00e7\u00e3o de materiais<\/strong>\u00a0Fornece fitas de cetim, poli\u00e9ster, seda e outros materiais m\u00faltiplos, suporta largura personalizada, cor e log\u00f3tipo da marca de estampagem a quente, melhora a sensa\u00e7\u00e3o de cerim\u00f3nia e exclusividade da embalagem.<\/li>\n<li><strong>Esquema de decora\u00e7\u00e3o<\/strong><\/li>\n<li><strong>M\u00e9todo do la\u00e7o<\/strong>: design cl\u00e1ssico de m\u00e3o, adequado para caixas de presente magn\u00e9ticas ou de gaveta, para melhorar a experi\u00eancia de desembalagem.<\/li>\n<li><strong>Fivela met\u00e1lica<\/strong>: Combine a fita e a placa de identifica\u00e7\u00e3o em acr\u00edlico para criar um s\u00edmbolo visual leve e luxuoso.<\/li>\n<\/ol>\n<h2 id=\"-fourth-material-and-process-anti-deformation-performance-and-design-expression-\"><strong>4. material e processo: desempenho anti-deforma\u00e7\u00e3o e express\u00e3o de design<\/strong><\/h2>\n<ol>\n<li><strong>Material de base<\/strong><\/li>\n<li><strong>Papel art\u00edstico revestido C2S de 157 g<\/strong>superf\u00edcie de elevada brancura, reprodu\u00e7\u00e3o exacta das cores, adequada para impress\u00e3o offset a quatro cores e impress\u00e3o a cores diretas.<\/li>\n<li><strong>Cart\u00e3o r\u00edgido de 1200 g<\/strong>Estrutura ondulada de tr\u00eas camadas, resist\u00eancia \u00e0 compress\u00e3o aumentada em 40%, para garantir que n\u00e3o haja deforma\u00e7\u00e3o durante o transporte de longa dist\u00e2ncia.<\/li>\n<li><strong>Processo de superf\u00edcie<\/strong><\/li>\n<li><strong>Ouro\/prata<\/strong>: adequado para o log\u00f3tipo da marca ou para a decora\u00e7\u00e3o de molduras, o brilho met\u00e1lico aumenta a sensa\u00e7\u00e3o de luxo.<\/li>\n<li><strong>UV parcial<\/strong>: o contraste mate e brilhante \u00e9 formado na superf\u00edcie da caixa branca, real\u00e7ando o sentido tridimensional do padr\u00e3o.<\/li>\n<li><strong>Textura em relevo<\/strong>: Criar uma textura de couro e uma textura geom\u00e9trica atrav\u00e9s da tecnologia de relevo para melhorar os pontos de mem\u00f3ria t\u00e1til.<\/li>\n<\/ol>\n<h2 id=\"-v-highly-customized-service-flexible-adaptation-to-brand-needs-\"><strong>5. Servi\u00e7o altamente personalizado: Adapta\u00e7\u00e3o flex\u00edvel \u00e0s necessidades da marca<\/strong><\/h2>\n<ol>\n<li><strong>Dimens\u00f5es personalizadas<\/strong><\/li>\n<li><strong>Tipo de caixa<\/strong>: Suporta tampas superiores e inferiores com formas especiais, como redondas, hexagonais e em forma de livro, para satisfazer as necessidades de embalagem de vestu\u00e1rio especial (como vestidos e fatos).<\/li>\n<li><strong>Tamanho<\/strong>: O di\u00e2metro interior\/exterior \u00e9 concebido com precis\u00e3o de acordo com o tamanho da roupa e \u00e9 adequado para acess\u00f3rios de revestimento, como cabides e sacos para o p\u00f3.<\/li>\n<li><strong>Efeito de impress\u00e3o<\/strong>: Fornecer serigrafia, jato de tinta digital e outros processos para obter efeitos personalizados, como cores gradientes e fluorescentes.<\/li>\n<li><strong>Vantagens da f\u00e1brica de origem<\/strong><\/li>\n<li><strong>Linha de produ\u00e7\u00e3o pr\u00f3pria<\/strong>: Abrangendo todo o processo de conce\u00e7\u00e3o, prova e produ\u00e7\u00e3o em massa, as encomendas personalizadas podem ser entregues num prazo de 7 dias.<\/li>\n<li><strong>Controlo dos custos<\/strong>: Aquisi\u00e7\u00e3o em grande escala e produ\u00e7\u00e3o automatizada, o pre\u00e7o \u00e9 15%-20% inferior ao de produtos similares no mercado.<\/li>\n<\/ol>\n<h2 id=\"-vi-application-scenarios-and-customer-value-\"><strong>6. Cen\u00e1rios de aplica\u00e7\u00e3o e valor para o cliente<\/strong><\/h2>\n<ol>\n<li><strong>Dom\u00ednios aplic\u00e1veis<\/strong>\u00a0Vestu\u00e1rio de luxo, fatos personalizados topo de gama, vestidos de noiva, vestu\u00e1rio de edi\u00e7\u00e3o limitada com marca conjunta, etc.<\/li>\n<li><strong>Aumento do valor da marca<\/strong><\/li>\n<li><strong>Cerim\u00f3nia de desembalagem<\/strong>: Atrav\u00e9s da conce\u00e7\u00e3o de fivelas magn\u00e9ticas, fitas e outros pormenores, a perce\u00e7\u00e3o de alta qualidade da marca por parte dos consumidores \u00e9 refor\u00e7ada.<\/li>\n<li><strong>Imagem ambiental<\/strong>: O papel certificado pelo FSC e as fitas degrad\u00e1veis s\u00e3o utilizados para responder \u00e0 tend\u00eancia da moda sustent\u00e1vel.<\/li>\n<\/ol>\n<h2 id=\"-cooperation-process-\"><strong>Processo de coopera\u00e7\u00e3o<\/strong><\/h2>\n<ol>\n<li><strong>Comunica\u00e7\u00e3o da procura<\/strong>: Fornecer informa\u00e7\u00f5es essenciais, tais como categorias de vestu\u00e1rio, tom da marca, or\u00e7amento, etc.<\/li>\n<li><strong>Prova de conce\u00e7\u00e3o<\/strong>: Fornecer renderiza\u00e7\u00f5es em 3D e caixas de amostras f\u00edsicas no prazo de 3 dias \u00fateis.<\/li>\n<li><strong>Entrega de produ\u00e7\u00e3o em massa<\/strong>: Ap\u00f3s a confirma\u00e7\u00e3o da amostra, a produ\u00e7\u00e3o em massa ser\u00e1 conclu\u00edda e a log\u00edstica ser\u00e1 organizada dentro de 7-14 dias.<\/li>\n<\/ol>","protected":false},"excerpt":{"rendered":"<ul>\n<li><strong>Est\u00e9tica de luxo:<\/strong>\u00a0O contraste monocrom\u00e1tico aumenta a perce\u00e7\u00e3o da marca.<\/li>\n<li><strong>Amigo do ambiente:<\/strong>\u00a0Os materiais recicl\u00e1veis est\u00e3o em sintonia com uma marca sustent\u00e1vel.<\/li>\n<li><strong>Rent\u00e1vel:<\/strong>\u00a0Pre\u00e7os por grosso para parcerias grossistas\/retalhistas.<\/li>\n<li><strong>R\u00e1pida execu\u00e7\u00e3o:<\/strong> Tamanho e marca personalizados em 7 a 14 dias.<\/li>\n<li><strong>Multiusos:<\/strong>\u00a0Perfeito para lojas de vestu\u00e1rio, casamentos ou eventos empresariais.<\/li>\n<\/ul>","protected":false},"featured_media":9027,"template":"","meta":[],"product_brand":[],"product_cat":[30,414,425,31],"product_tag":[1047,1048,477],"class_list":{"0":"post-9026","1":"product","2":"type-product","3":"status-publish","4":"has-post-thumbnail","6":"product_cat-by-industry","7":"product_cat-custom-apparel-boxes","8":"product_cat-lid-and-base-gift-box","9":"product_cat-paper-box-style","10":"product_tag-apparel-packaging-gift-boxe","11":"product_tag-custom-apparel-boxe-wholesale","12":"product_tag-custom-clothing-packaging","14":"first","15":"instock","16":"shipping-taxable","17":"product-type-simple"},"_links":{"self":[{"href":"https:\/\/zojopackaging.com\/pt\/wp-json\/wp\/v2\/product\/9026","targetHints":{"allow":["GET"]}}],"collection":[{"href":"https:\/\/zojopackaging.com\/pt\/wp-json\/wp\/v2\/product"}],"about":[{"href":"https:\/\/zojopackaging.com\/pt\/wp-json\/wp\/v2\/types\/product"}],"version-history":[{"count":1,"href":"https:\/\/zojopackaging.com\/pt\/wp-json\/wp\/v2\/product\/9026\/revisions"}],"predecessor-version":[{"id":9034,"href":"https:\/\/zojopackaging.com\/pt\/wp-json\/wp\/v2\/product\/9026\/revisions\/9034"}],"wp:featuredmedia":[{"embeddable":true,"href":"https:\/\/zojopackaging.com\/pt\/wp-json\/wp\/v2\/media\/9027"}],"wp:attachment":[{"href":"https:\/\/zojopackaging.com\/pt\/wp-json\/wp\/v2\/media?parent=9026"}],"wp:term":[{"taxonomy":"product_brand","embeddable":true,"href":"https:\/\/zojopackaging.com\/pt\/wp-json\/wp\/v2\/product_brand?post=9026"},{"taxonomy":"product_cat","embeddable":true,"href":"https:\/\/zojopackaging.com\/pt\/wp-json\/wp\/v2\/product_cat?post=9026"},{"taxonomy":"product_tag","embeddable":true,"href":"https:\/\/zojopackaging.com\/pt\/wp-json\/wp\/v2\/product_tag?post=9026"}],"curies":[{"name":"wp","href":"https:\/\/api.w.org\/{rel}","templated":true}]}}