{"id":9035,"date":"2025-03-31T22:08:47","date_gmt":"2025-03-31T14:08:47","guid":{"rendered":"https:\/\/zojopackaging.com\/?post_type=product&#038;p=9035"},"modified":"2025-03-31T22:26:27","modified_gmt":"2025-03-31T14:26:27","slug":"custom-luxury-highed-baby-skincare-packaging-gift-boxes-odm","status":"publish","type":"product","link":"https:\/\/zojopackaging.com\/pt\/product\/custom-luxury-highed-baby-skincare-packaging-gift-boxes-odm\/","title":{"rendered":"Caixas de presente personalizadas de luxo para cuidados com a pele do beb\u00e9 ODM"},"content":{"rendered":"<h2 id=\"-core-parameters-of-product-design-\"><strong>Par\u00e2metros fundamentais da conce\u00e7\u00e3o do produto<\/strong><\/h2>\n<ol>\n<li><strong>Tipo e estrutura da caixa<\/strong><\/li>\n<li><strong>Tipo de caixa superior e inferior<\/strong>: Adopta uma estrutura integrada de tampas superior e inferior, que \u00e9 conveniente para abrir e fechar e tem uma forte veda\u00e7\u00e3o, o que est\u00e1 em linha com o posicionamento das caixas de oferta de alta qualidade. A caixa interior e a tampa exterior s\u00e3o perfeitamente combinadas atrav\u00e9s da tecnologia de corte e vinco de precis\u00e3o, com um elevado grau de modela\u00e7\u00e3o, adequado para produ\u00e7\u00e3o em massa e entrega r\u00e1pida.<\/li>\n<li><strong>Adapta\u00e7\u00e3o do revestimento interior<\/strong>: O revestimento EVA pode ser personalizado e o molde pode ser aberto com precis\u00e3o de acordo com o tamanho do produto para conseguir uma fixa\u00e7\u00e3o est\u00e1vel do produto, reduzir o risco de vibra\u00e7\u00e3o no transporte e otimizar a utiliza\u00e7\u00e3o do espa\u00e7o para evitar embalagens excessivas.<\/li>\n<li><strong>Material e prote\u00e7\u00e3o ambiental<\/strong><\/li>\n<li><strong>Material comp\u00f3sito de camada dupla<\/strong>: A camada exterior \u00e9 constitu\u00edda por 157g de papel de arte revestido C2S (papel de cobre duplo), com elevada reprodu\u00e7\u00e3o de cores e toque delicado; a camada interior utiliza 1200g de cart\u00e3o r\u00edgido (cartolina), que possui uma forte capacidade de carga e uma excelente resist\u00eancia \u00e0 press\u00e3o.<\/li>\n<li><strong>Certifica\u00e7\u00e3o sustent\u00e1vel<\/strong>: O material cumpre as normas de prote\u00e7\u00e3o ambiental do FSC e \u00e9 recicl\u00e1vel e degrad\u00e1vel, o que satisfaz as necessidades duplas de seguran\u00e7a e prote\u00e7\u00e3o ambiental na ind\u00fastria materno-infantil.<\/li>\n<li><strong>Artesanato e apresenta\u00e7\u00e3o visual<\/strong><\/li>\n<li><strong>Estampagem a quente<\/strong>: A folha met\u00e1lica \u00e9 transferida para a superf\u00edcie da caixa atrav\u00e9s da tecnologia de prensagem a quente a alta temperatura para apresentar um luxuoso brilho met\u00e1lico. Pode ser personalizada com efeitos multicoloridos, como ouro, ouro rosa e laser, para aumentar o reconhecimento da marca.<\/li>\n<li><strong>Sobreposi\u00e7\u00e3o de processos de superf\u00edcie<\/strong>: Suporta combina\u00e7\u00f5es parciais de UV (alto brilho\/mate), estampagem (textura em relevo), serigrafia e outros processos, tais como estampagem do log\u00f3tipo da marca + estampagem a quente, ou sobreposi\u00e7\u00e3o de UV e estampagem a quente para melhorar o n\u00edvel visual tridimensional.<\/li>\n<li><strong>Servi\u00e7o altamente personalizado<\/strong><\/li>\n<li><strong>Personaliza\u00e7\u00e3o de todas as dimens\u00f5es<\/strong>: Desde o tamanho da caixa (suporta corte de formas especiais), esquema de cores (correspond\u00eancia de n\u00fameros de cores Pantone), material (sele\u00e7\u00e3o de base de papel mate\/brilhante) at\u00e9 \u00e0 combina\u00e7\u00e3o de processos de superf\u00edcie, pode ser ajustado de forma flex\u00edvel de acordo com as necessidades da marca.<\/li>\n<li><strong>Adapta\u00e7\u00e3o do estilo de design<\/strong>: Pode incorporar elementos como o estilo chin\u00eas, o estilo n\u00f3rdico simples e a PI de desenhos animados, tais como o contorno de padr\u00f5es orientais atrav\u00e9s de linhas de estampagem a quente ou a combina\u00e7\u00e3o de tecnologia de grava\u00e7\u00e3o em relevo para apresentar uma imagem de PI engra\u00e7ada.<\/li>\n<li><strong>Vantagens da f\u00e1brica de origem<\/strong><\/li>\n<li><strong>Integra\u00e7\u00e3o da cadeia de abastecimento<\/strong>: F\u00e1brica local de embalagens de produtos de cuidados da pele para beb\u00e9s na China, fornecendo um servi\u00e7o completo desde a conce\u00e7\u00e3o, prova at\u00e9 \u00e0 produ\u00e7\u00e3o em massa, encurtando o ciclo de entrega e reduzindo os custos em 30%-50% em compara\u00e7\u00e3o com as embalagens importadas.<\/li>\n<li><strong>Garantia de controlo de qualidade<\/strong>: Obteve a certifica\u00e7\u00e3o do sistema de gest\u00e3o da qualidade ISO 9001, controlando rigorosamente os principais indicadores, como a resist\u00eancia \u00e0 dobragem da caixa de cart\u00e3o e a ader\u00eancia da estampagem a quente, para garantir que o produto acabado cumpre as normas de seguran\u00e7a para produtos para beb\u00e9s (como a GB 31701).<\/li>\n<\/ol>\n<h2 id=\"-summary-of-advantages-\"><strong>Resumo das vantagens<\/strong><\/h2>\n<ol>\n<li><strong>M\u00e1xima capacidade de personaliza\u00e7\u00e3o<\/strong><\/li>\n<li>Desde a estrutura da caixa \u00e0 tecnologia de superf\u00edcie, fornece solu\u00e7\u00f5es de personaliza\u00e7\u00e3o de liga\u00e7\u00e3o total para apoiar as necessidades de design de diferencia\u00e7\u00e3o da marca. Por exemplo, a tecnologia de estampagem a quente e de grava\u00e7\u00e3o em relevo pode ser combinada para criar uma experi\u00eancia dupla \"t\u00e1til + visual\", ou o design do compartimento de revestimento em EVA pode ser utilizado para obter embalagens combinadas de produtos de v\u00e1rias categorias.<\/li>\n<li><strong>Artesanato de luxo e prote\u00e7\u00e3o ambiental compat\u00edvel<\/strong><\/li>\n<li>O processo de estampagem a quente \u00e9 utilizado para melhorar a qualidade da caixa de oferta, enquanto s\u00e3o utilizados materiais ecol\u00f3gicos \u00e0 base de papel, o que vai ao encontro da tend\u00eancia de embalagens sustent\u00e1veis no mercado global de produtos para m\u00e3es e beb\u00e9s (como os regulamentos REACH da UE).<\/li>\n<li><strong>O equil\u00edbrio \u00f3timo entre custo e qualidade<\/strong><\/li>\n<li>Com base nas vantagens da cadeia de abastecimento da ind\u00fastria transformadora chinesa, o modelo de abastecimento direto da f\u00e1brica de origem atinge um elevado desempenho em termos de custos, assegurando que o pre\u00e7o unit\u00e1rio das encomendas em grandes quantidades \u00e9 15%-20% inferior \u00e0 m\u00e9dia da ind\u00fastria e que a qualidade \u00e9 compar\u00e1vel \u00e0 das marcas internacionais de topo de gama.<\/li>\n<\/ol>\n<hr \/>\n<p><strong>Cen\u00e1rios aplic\u00e1veis<\/strong>: caixas de oferta de marcas de cuidados de pele para beb\u00e9s topo de gama (como um conjunto de creme + \u00f3leo de massagem), edi\u00e7\u00f5es limitadas de f\u00e9rias, s\u00e9ries IP conjuntas, etc., para ajudar as marcas a conquistar o mercado de luxo dos cuidados maternos e infantis.\u00a0<strong>Processo de coopera\u00e7\u00e3o<\/strong>: comunica\u00e7\u00e3o da procura \u2192 conce\u00e7\u00e3o da estrutura em 3D \u2192 prova do processo \u2192 entrega da produ\u00e7\u00e3o em massa (todo o processo pode ser conclu\u00eddo, o mais rapidamente, em 15 dias \u00fateis).<\/p>","protected":false},"excerpt":{"rendered":"<p>\ud83d\udee1\ufe0f Eco-Friendly &amp; Safe - O papel com certifica\u00e7\u00e3o FSC e o forro de qualidade alimentar garantem a seguran\u00e7a das crian\u00e7as.<br \/>\nDesign duradouro - A estrutura refor\u00e7ada protege os produtos de cuidados da pele delicados durante o transporte.<br \/>\n\ud83c\udf0d Conformidade global - Cumpre as normas de seguran\u00e7a da UE\/EUA para uma exporta\u00e7\u00e3o sem problemas.<br \/>\nServi\u00e7o r\u00e1pido chave na m\u00e3o - Baixo MOQ e produ\u00e7\u00e3o escal\u00e1vel para startups e marcas estabelecidas.<\/p>","protected":false},"featured_media":9036,"template":"","meta":[],"product_brand":[],"product_cat":[30,390,425,31],"product_tag":[1049,1050,1051],"class_list":{"0":"post-9035","1":"product","2":"type-product","3":"status-publish","4":"has-post-thumbnail","6":"product_cat-by-industry","7":"product_cat-custom-cosmetics-boxes","8":"product_cat-lid-and-base-gift-box","9":"product_cat-paper-box-style","10":"product_tag-baby-skincare-packaging","11":"product_tag-custom-skincare-gift-boxes","12":"product_tag-skincare-packaging","14":"first","15":"instock","16":"shipping-taxable","17":"product-type-simple"},"_links":{"self":[{"href":"https:\/\/zojopackaging.com\/pt\/wp-json\/wp\/v2\/product\/9035","targetHints":{"allow":["GET"]}}],"collection":[{"href":"https:\/\/zojopackaging.com\/pt\/wp-json\/wp\/v2\/product"}],"about":[{"href":"https:\/\/zojopackaging.com\/pt\/wp-json\/wp\/v2\/types\/product"}],"version-history":[{"count":1,"href":"https:\/\/zojopackaging.com\/pt\/wp-json\/wp\/v2\/product\/9035\/revisions"}],"predecessor-version":[{"id":9042,"href":"https:\/\/zojopackaging.com\/pt\/wp-json\/wp\/v2\/product\/9035\/revisions\/9042"}],"wp:featuredmedia":[{"embeddable":true,"href":"https:\/\/zojopackaging.com\/pt\/wp-json\/wp\/v2\/media\/9036"}],"wp:attachment":[{"href":"https:\/\/zojopackaging.com\/pt\/wp-json\/wp\/v2\/media?parent=9035"}],"wp:term":[{"taxonomy":"product_brand","embeddable":true,"href":"https:\/\/zojopackaging.com\/pt\/wp-json\/wp\/v2\/product_brand?post=9035"},{"taxonomy":"product_cat","embeddable":true,"href":"https:\/\/zojopackaging.com\/pt\/wp-json\/wp\/v2\/product_cat?post=9035"},{"taxonomy":"product_tag","embeddable":true,"href":"https:\/\/zojopackaging.com\/pt\/wp-json\/wp\/v2\/product_tag?post=9035"}],"curies":[{"name":"wp","href":"https:\/\/api.w.org\/{rel}","templated":true}]}}