{"id":9043,"date":"2025-04-01T09:21:15","date_gmt":"2025-04-01T01:21:15","guid":{"rendered":"https:\/\/zojopackaging.com\/?post_type=product&#038;p=9043"},"modified":"2025-04-01T09:39:10","modified_gmt":"2025-04-01T01:39:10","slug":"luxury-cardbox-vip-credit-business-card-packaging-gift-box","status":"publish","type":"product","link":"https:\/\/zojopackaging.com\/pt\/product\/luxury-cardbox-vip-credit-business-card-packaging-gift-box\/","title":{"rendered":"Caixa de cart\u00e3o de luxo Caixa de oferta de embalagem de cart\u00e3o de visita de cr\u00e9dito Vip"},"content":{"rendered":"<h2 id=\"-luxury-card-box-vip-credit-card-business-card-packaging-gift-box-product-description-\"><strong>Caixa de cart\u00e3o de luxo Caixa de presente para embalagem de cart\u00e3o de cr\u00e9dito VIP\u00a0<\/strong><\/h2>\n<h2 id=\"-product-design-highlights-\"><strong>Destaques da conce\u00e7\u00e3o do produto<\/strong><\/h2>\n<ol>\n<li><strong>Corpo da caixa magn\u00e9tica incorporado<\/strong>\u00a0Adopta um design com \u00edmanes ocultos para evitar o desgaste provocado pelos \u00edmanes expostos, uma adsor\u00e7\u00e3o precisa quando fechada e uma abertura e fecho suaves. A caixa n\u00e3o tem acess\u00f3rios de hardware extra e as linhas minimalistas real\u00e7am a est\u00e9tica moderna, centrando-se visualmente nos atributos nobres do cart\u00e3o.<\/li>\n<li><strong>Material topo de gama amigo do ambiente<\/strong>\u00a0O corpo principal da caixa utiliza\u00a0<strong>Papel art\u00edstico revestido C2S de 157 g<\/strong>\u00a0(papel duplo de cobre) com\u00a0<strong>Cart\u00e3o r\u00edgido de 1200 g<\/strong>\u00a0(cart\u00e3o r\u00edgido de elevada gramagem), tendo em conta a prote\u00e7\u00e3o ambiental e a durabilidade. O papel obteve a certifica\u00e7\u00e3o florestal FSC e pode ser totalmente reciclado e degradado, o que est\u00e1 em conformidade com a tend\u00eancia global de embalagens ecol\u00f3gicas.<\/li>\n<li><strong>Base preta mate completa + folha dourada para estampagem a quente<\/strong> O corpo da caixa adopta o preto mate profundo, simbolizando o luxo discreto, e a superf\u00edcie \u00e9 sobreposta com ouro<strong>\u00a0estampagem a quente<\/strong> folha met\u00e1lica (como o LOGOTIPO ou o padr\u00e3o), que forma um efeito tridimensional de luz e sombra atrav\u00e9s da estampagem a alta temperatura da folha met\u00e1lica, com um toque delicado e n\u00edveis visuais ricos, refor\u00e7ando a tonalidade de alta qualidade da marca.<\/li>\n<li><strong>Servi\u00e7o de personaliza\u00e7\u00e3o de dimens\u00f5es completas<\/strong><\/li>\n<li><strong>Tipo e tamanho da caixa<\/strong>: Suporta 16 tipos de caixas, tais como tampas superiores e inferiores, tipo gaveta e caixas em forma de livro, que podem corresponder com precis\u00e3o a diferentes especifica\u00e7\u00f5es, tais como cart\u00f5es de cr\u00e9dito e cart\u00f5es de visita.<\/li>\n<li><strong>Cor e material<\/strong>: Personaliza\u00e7\u00e3o da cor Pantone, preto mate\/brilhante opcional, cart\u00e3o dourado e prateado ou papel especial para satisfazer as necessidades de imagem de marca diferenciada.<\/li>\n<li><strong>Tecnologia de superf\u00edcie<\/strong>: Para al\u00e9m da estampagem a quente\/prata, podem ser sobrepostos efeitos UV locais, estampagem em relevo, laser e outros para aumentar o reconhecimento da embalagem.<\/li>\n<li><strong>O forro em EVA \u00e9 adaptado com precis\u00e3o<\/strong>\u00a0Personalizado de acordo com o tamanho do cart\u00e3o\u00a0<strong>Forro em EVA de alta densidade<\/strong>com uma espessura e uma precis\u00e3o de ranhura de \u00b10,1 mm, proporciona uma prote\u00e7\u00e3o resistente a choques, optimizando simultaneamente a utiliza\u00e7\u00e3o do espa\u00e7o, e o revestimento \u00e9 amov\u00edvel e substitu\u00edvel, adaptando-se a m\u00faltiplas ranhuras para cart\u00f5es ou cen\u00e1rios de armazenamento combinados.<\/li>\n<\/ol>","protected":false},"excerpt":{"rendered":"<p><strong>\"Capacidade de personaliza\u00e7\u00e3o topo de gama com liga\u00e7\u00e3o total\"<\/strong>: Desde o design da caixa, sele\u00e7\u00e3o de materiais amigos do ambiente at\u00e9 ao processo de estampagem a quente e adapta\u00e7\u00e3o do revestimento EVA, todos s\u00e3o completados pela f\u00e1brica de origem (tais como fabricantes de personaliza\u00e7\u00e3o topo de gama em Dongguan, Shenzhen, etc.), realizando uma liga\u00e7\u00e3o perfeita de \"produ\u00e7\u00e3o em massa \u00e0 prova de design\". A f\u00e1brica est\u00e1 equipada com equipamento CNC alem\u00e3o (como a linha de produ\u00e7\u00e3o Homag), apoiando a produ\u00e7\u00e3o flex\u00edvel de pequenos lotes, garantindo ao mesmo tempo uma qualidade de luxo, o custo \u00e9 30% inferior ao modelo OEM tradicional<\/p>","protected":false},"featured_media":9047,"template":"","meta":[],"product_brand":[],"product_cat":[30,413,424,31],"product_tag":[1053,1054,1052],"class_list":{"0":"post-9043","1":"product","2":"type-product","3":"status-publish","4":"has-post-thumbnail","6":"product_cat-by-industry","7":"product_cat-consumer-electronics-boxes","8":"product_cat-magnetic-closure-boxes","9":"product_cat-paper-box-style","10":"product_tag-credit-business-packaging-box","11":"product_tag-vip-card-gift-box","12":"product_tag-vip-credit-gift-box","14":"first","15":"instock","16":"shipping-taxable","17":"product-type-simple"},"_links":{"self":[{"href":"https:\/\/zojopackaging.com\/pt\/wp-json\/wp\/v2\/product\/9043","targetHints":{"allow":["GET"]}}],"collection":[{"href":"https:\/\/zojopackaging.com\/pt\/wp-json\/wp\/v2\/product"}],"about":[{"href":"https:\/\/zojopackaging.com\/pt\/wp-json\/wp\/v2\/types\/product"}],"version-history":[{"count":1,"href":"https:\/\/zojopackaging.com\/pt\/wp-json\/wp\/v2\/product\/9043\/revisions"}],"predecessor-version":[{"id":9050,"href":"https:\/\/zojopackaging.com\/pt\/wp-json\/wp\/v2\/product\/9043\/revisions\/9050"}],"wp:featuredmedia":[{"embeddable":true,"href":"https:\/\/zojopackaging.com\/pt\/wp-json\/wp\/v2\/media\/9047"}],"wp:attachment":[{"href":"https:\/\/zojopackaging.com\/pt\/wp-json\/wp\/v2\/media?parent=9043"}],"wp:term":[{"taxonomy":"product_brand","embeddable":true,"href":"https:\/\/zojopackaging.com\/pt\/wp-json\/wp\/v2\/product_brand?post=9043"},{"taxonomy":"product_cat","embeddable":true,"href":"https:\/\/zojopackaging.com\/pt\/wp-json\/wp\/v2\/product_cat?post=9043"},{"taxonomy":"product_tag","embeddable":true,"href":"https:\/\/zojopackaging.com\/pt\/wp-json\/wp\/v2\/product_tag?post=9043"}],"curies":[{"name":"wp","href":"https:\/\/api.w.org\/{rel}","templated":true}]}}