{"id":9051,"date":"2025-04-01T09:39:24","date_gmt":"2025-04-01T01:39:24","guid":{"rendered":"https:\/\/zojopackaging.com\/?post_type=product&#038;p=9051"},"modified":"2025-04-01T09:56:44","modified_gmt":"2025-04-01T01:56:44","slug":"oem-odm-order-custom-press-on-nail-packaging-boxes-in-bulk","status":"publish","type":"product","link":"https:\/\/zojopackaging.com\/pt\/product\/oem-odm-order-custom-press-on-nail-packaging-boxes-in-bulk\/","title":{"rendered":"OEM ODM Encomendar caixas de embalagem personalizadas para pregos a granel"},"content":{"rendered":"<h2 id=\"oem-odm-customized-press-on-nail-packaging-box-product-description\">Caixa de embalagem de pregos de press\u00e3o personalizada OEM ODM<\/h2>\n<h2 id=\"-1-innovative-box-design-double-sided-magnetic-box-\"><strong>1. Design inovador da caixa: Caixa magn\u00e9tica de dupla face<\/strong><\/h2>\n<p>Adotar\u00a0<strong>tecnologia magn\u00e9tica precisa de abertura e fecho<\/strong>\u00a0para garantir uma adsor\u00e7\u00e3o perfeita entre a tampa da caixa e o corpo da caixa, uma abertura e um fecho suaves sem encravamento e melhorar a experi\u00eancia do utilizador. O design exclusivo da caixa magn\u00e9tica de dupla face combina\u00a0<strong>impacto visual e funcionalidade<\/strong>que pode aumentar o reconhecimento da marca e \u00e9 adequado para marcas de unhas de gama alta ou produtos de edi\u00e7\u00e3o limitada.<\/p>\n<h2 id=\"-2-minimalist-white-box-body-\"><strong>2. Corpo da caixa branca minimalista<\/strong><\/h2>\n<p>O corpo da caixa utiliza\u00a0<strong>substrato branco puro<\/strong>\u00a0para maximizar a nitidez e a satura\u00e7\u00e3o da cor do conte\u00fado impresso, o que \u00e9 especialmente adequado para apresentar log\u00f3tipos de marcas, padr\u00f5es art\u00edsticos ou informa\u00e7\u00f5es sobre produtos, criando uma \"atra\u00e7\u00e3o \u00e0 primeira vista\" para os consumidores.<\/p>\n<h2 id=\"-3-environmentally-friendly-material-combination-\"><strong>3. Combina\u00e7\u00e3o de materiais amigos do ambiente<\/strong><\/h2>\n<p>Adotar\u00a0<strong>Papel de arte revestido C2S de 157 g + cart\u00e3o duro de 1200 g<\/strong>A superf\u00edcie do papel C2S \u00e9 delicada e lisa, adequada para impress\u00f5es de alta precis\u00e3o. A superf\u00edcie do papel C2S \u00e9 delicada e lisa, adequada para uma impress\u00e3o de alta precis\u00e3o; o cart\u00e3o r\u00edgido oferece resist\u00eancia \u00e0 press\u00e3o, est\u00e1 em conformidade com a\u00a0<strong>tend\u00eancia de embalagem sustent\u00e1vel<\/strong>\u00a0(recicl\u00e1vel e degrad\u00e1vel), e cumpre os requisitos de certifica\u00e7\u00e3o ambiental dos mercados europeu e americano.<\/p>\n<h2 id=\"-4-luxury-hot-stamping-process-\"><strong>4. Processo de estampagem a quente de luxo<\/strong><\/h2>\n<p>Atrav\u00e9s de\u00a0<strong>processo de estampagem a quente personalizado<\/strong>\u00a0(opcionalmente ouro\/prata\/ouro rosa e outras cores), o efeito de brilho met\u00e1lico \u00e9 obtido em \u00e1reas-chave da superf\u00edcie da caixa (como o LOGOTIPO da marca, o rebordo), melhorando a\u00a0<strong>textura de alta qualidade e n\u00edvel visual<\/strong>\u00a0da embalagem, que \u00e9 adequada para marcas de unhas de luxo ligeiras ou cenas de caixas de oferta de f\u00e9rias.<\/p>\n<h2 id=\"-5-flexible-customization-service-\"><strong>5. Servi\u00e7o de personaliza\u00e7\u00e3o flex\u00edvel<\/strong><\/h2>\n<ul>\n<li><strong>Desenvolvimento do tipo caixa<\/strong>: Apoiar projectos estruturais especiais, tais como caixas com formas especiais e caixas de gavetas, e desenvolver\u00a0<strong>tipos de caixas patenteadas<\/strong>\u00a0de acordo com as necessidades da marca para aumentar a competitividade diferenciada.<\/li>\n<li><strong>Forro em EVA<\/strong>: Personalizar\u00a0<strong>forro em EVA com ranhuras precisas<\/strong>\u00a0de acordo com o tamanho e a forma dos produtos para unhas de encaixe, para fixar o produto e evitar o desgaste durante o transporte, optimizando a utiliza\u00e7\u00e3o do espa\u00e7o e reduzindo os custos do volume de embalagem.<\/li>\n<li><strong>Personaliza\u00e7\u00e3o total dos par\u00e2metros<\/strong>: o tamanho, a cor, o material, o efeito de impress\u00e3o (como o verniz local UV, o relevo) podem ser ajustados para satisfazer as necessidades de diferentes linhas de produtos.<\/li>\n<\/ul>\n<h2 id=\"-6-advantages-of-the-source-factory-\"><strong>6. Vantagens da f\u00e1brica de origem<\/strong><\/h2>\n<p>Como f\u00e1brica de origem de personaliza\u00e7\u00e3o de embalagens topo de gama na China, fornece\u00a0<strong>servi\u00e7os ODM\/OEM de balc\u00e3o \u00fanico<\/strong>:<\/p>\n<ul>\n<li><strong>Competitividade dos pre\u00e7os<\/strong>: Linha de produ\u00e7\u00e3o pr\u00f3pria e aquisi\u00e7\u00f5es em grande escala para garantir um custo \u00f3timo.<\/li>\n<li><strong>Garantia de qualidade<\/strong>: Certifica\u00e7\u00e3o do sistema de gest\u00e3o da qualidade ISO 9001 e rigoroso processo de controlo da qualidade.<\/li>\n<li><strong>Prova r\u00e1pida<\/strong>: Fornecer amostras f\u00edsicas no prazo de 3-5 dias \u00fateis para encurtar o ciclo de lan\u00e7amento do produto.<\/li>\n<\/ul>\n<p>(Nota: A solu\u00e7\u00e3o acima descrita pode ser adaptada de forma flex\u00edvel a produtos como verniz para unhas, unhas port\u00e1teis, ferramentas de arte para unhas, etc., suportar 500 unidades de encomenda m\u00ednima e satisfazer as necessidades de produ\u00e7\u00e3o experimental de pequenos e m\u00e9dios lotes).<\/p>\n<p>Se necessitar de comunicar melhor a solu\u00e7\u00e3o tipo caixa ou de obter um or\u00e7amento, contacte a nossa equipa de design.<\/p>","protected":false},"excerpt":{"rendered":"<p><strong>\"Capacidade de personaliza\u00e7\u00e3o de liga\u00e7\u00e3o total desde a conce\u00e7\u00e3o at\u00e9 \u00e0 entrega\"<\/strong>: Baseando-se na base de dados de tipo de caixa auto-desenvolvida e na linha de produ\u00e7\u00e3o flex\u00edvel, podemos n\u00e3o s\u00f3 satisfazer\u00a0<strong>tipo de caixa magn\u00e9tica de alta precis\u00e3o, materiais amigos do ambiente, processo de estampagem a quente<\/strong>\u00a0e outras necessidades b\u00e1sicas, mas tamb\u00e9m combinar o posicionamento da marca e as tend\u00eancias do mercado para desenvolver\u00a0<strong>tipo de caixa patenteado e estrutura inovadora<\/strong>\u00a0(como o mecanismo de suc\u00e7\u00e3o magn\u00e9tica que pode ser aberto e fechado repetidamente, sistema de revestimento modular), para ajudar as marcas a estabelecer\u00a0<strong>pontos de mem\u00f3ria visual e barreiras \u00e0 experi\u00eancia do utilizador<\/strong> no mercado da arte das unhas<\/p>","protected":false},"featured_media":9060,"template":"","meta":[],"product_brand":[],"product_cat":[30,413,428,31],"product_tag":[1056,1057,1055],"class_list":{"0":"post-9051","1":"product","2":"type-product","3":"status-publish","4":"has-post-thumbnail","6":"product_cat-by-industry","7":"product_cat-consumer-electronics-boxes","8":"product_cat-irregular-shaped-gift-boxes","9":"product_cat-paper-box-style","10":"product_tag-custom-press-on-nail-packaging","11":"product_tag-oem-odm-press-on-nail-boxes","12":"product_tag-press-on-nail-packaging-boxes","14":"first","15":"instock","16":"shipping-taxable","17":"product-type-simple"},"_links":{"self":[{"href":"https:\/\/zojopackaging.com\/pt\/wp-json\/wp\/v2\/product\/9051","targetHints":{"allow":["GET"]}}],"collection":[{"href":"https:\/\/zojopackaging.com\/pt\/wp-json\/wp\/v2\/product"}],"about":[{"href":"https:\/\/zojopackaging.com\/pt\/wp-json\/wp\/v2\/types\/product"}],"version-history":[{"count":1,"href":"https:\/\/zojopackaging.com\/pt\/wp-json\/wp\/v2\/product\/9051\/revisions"}],"predecessor-version":[{"id":9063,"href":"https:\/\/zojopackaging.com\/pt\/wp-json\/wp\/v2\/product\/9051\/revisions\/9063"}],"wp:featuredmedia":[{"embeddable":true,"href":"https:\/\/zojopackaging.com\/pt\/wp-json\/wp\/v2\/media\/9060"}],"wp:attachment":[{"href":"https:\/\/zojopackaging.com\/pt\/wp-json\/wp\/v2\/media?parent=9051"}],"wp:term":[{"taxonomy":"product_brand","embeddable":true,"href":"https:\/\/zojopackaging.com\/pt\/wp-json\/wp\/v2\/product_brand?post=9051"},{"taxonomy":"product_cat","embeddable":true,"href":"https:\/\/zojopackaging.com\/pt\/wp-json\/wp\/v2\/product_cat?post=9051"},{"taxonomy":"product_tag","embeddable":true,"href":"https:\/\/zojopackaging.com\/pt\/wp-json\/wp\/v2\/product_tag?post=9051"}],"curies":[{"name":"wp","href":"https:\/\/api.w.org\/{rel}","templated":true}]}}