{"id":9064,"date":"2025-04-01T09:57:02","date_gmt":"2025-04-01T01:57:02","guid":{"rendered":"https:\/\/zojopackaging.com\/?post_type=product&#038;p=9064"},"modified":"2025-04-01T10:13:42","modified_gmt":"2025-04-01T02:13:42","slug":"custom-luxury-perfume-packaging-gift-box-wholesale-supplier","status":"publish","type":"product","link":"https:\/\/zojopackaging.com\/pt\/product\/custom-luxury-perfume-packaging-gift-box-wholesale-supplier\/","title":{"rendered":"Caixa de presente para embalagem de perfume de luxo personalizada Fornecedor grossista"},"content":{"rendered":"<h2 id=\"customized-luxury-perfume-packaging-gift-box-wholesale-supplier-product-description\">Caixa de presente de embalagem de perfume de luxo personalizada Fornecedor por atacado Descri\u00e7\u00e3o do produto<\/h2>\n<p>Como a f\u00e1brica de origem de embalagens personalizadas de alta qualidade na China, concentramo-nos em fornecer \u00e0s marcas de perfumes\u00a0<strong>caixas de presente de embalagem de luxo flip-top<\/strong>\u00a0que s\u00e3o simultaneamente est\u00e9ticos e pr\u00e1ticos, satisfazendo as diversas necessidades da marca em termos de luxo, funcionalidade e efici\u00eancia de produ\u00e7\u00e3o. Os principais destaques do produto s\u00e3o os seguintes:<\/p>\n<h2 id=\"1-one-handed-opening-and-closing-flip-design-efficient-and-convenient-\">1.\u00a0<strong>Design de abertura e fecho com uma s\u00f3 m\u00e3o, eficiente e pr\u00e1tico<\/strong><\/h2>\n<p>Adoptando uma estrutura inovadora de caixa flip, atrav\u00e9s de dobradi\u00e7as de precis\u00e3o e de um design ergon\u00f3mico das ranhuras, os utilizadores s\u00f3 precisam de empurrar com uma m\u00e3o para abrir e fechar rapidamente. O feedback t\u00e1til (como um som n\u00edtido) \u00e9 fornecido quando a tampa da caixa \u00e9 fechada para garantir um funcionamento intuitivo e fi\u00e1vel. O interior \u00e9 combinado com um forro EVA personalizado para fixar o corpo do frasco de perfume. Depois de abrir a tampa, pode ser retirada diretamente, evitando passos tediosos e adaptando-se a cen\u00e1rios de consumo r\u00e1pido.<\/p>\n<h2 id=\"2-pure-black-background-color-enhanced-visual-clarity-\">2.\u00a0<strong>Cor de fundo preto puro, maior clareza visual<\/strong><\/h2>\n<p>O corpo principal da caixa de oferta adopta um substrato preto de elevada pureza (como papel duplo de cobre de 157g, cart\u00e3o cinzento ou cart\u00e3o especial) e o contraste \u00e9 real\u00e7ado por um tratamento mate\/brilhante. O fundo preto pode maximizar os pormenores do texto de estampagem a quente, do log\u00f3tipo da marca ou do padr\u00e3o em relevo, e \u00e9 especialmente adequado para apresentar um design art\u00edstico complexo ou informa\u00e7\u00f5es de marca de alta precis\u00e3o. Por exemplo, a combina\u00e7\u00e3o de preto e dourado pode aumentar o impacto visual em 40%, o que \u00e9 mais f\u00e1cil de atrair a aten\u00e7\u00e3o dos consumidores na exposi\u00e7\u00e3o em prateleiras.<\/p>\n<h2 id=\"3-hot-stamping-technology-luxurious-texture-upgrade-\">3. Ouro h<strong>tecnologia de folha de estampagem, atualiza\u00e7\u00e3o da textura luxuosa<\/strong><\/h2>\n<p>Utilizando a tecnologia de estampagem a quente de folha de ouro em relevo 3D, a folha de metal \u00e9 transferida com precis\u00e3o para a superf\u00edcie da caixa atrav\u00e9s de alta temperatura e alta press\u00e3o para formar uma textura tridimensional (como o log\u00f3tipo da marca, relevo de flores). O contraste entre o brilho met\u00e1lico e o fundo preto cria uma <strong>\"douramento da noite escura\"<\/strong>\u00a0que \u00e9 delicado, resistente ao desgaste e aos riscos. Suporta estampagem a quente multicolorida (ouro\/prata\/ouro rosa) e design parcialmente oco para satisfazer as necessidades de tonalidade diferenciada da marca.<\/p>\n<h2 id=\"4-spot-uv-ink-technology-to-improve-production-efficiency-\">4.\u00a0<strong>Tecnologia de tinta UV pontual para melhorar a efici\u00eancia da produ\u00e7\u00e3o<\/strong><\/h2>\n<p>Utilizando a tecnologia de envidra\u00e7amento UV local, a tinta \u00e9 rapidamente curada pelos raios ultravioleta e o tempo de secagem \u00e9 reduzido em 70% em compara\u00e7\u00e3o com os processos tradicionais. Esta tecnologia permite uma liga\u00e7\u00e3o perfeita entre a impress\u00e3o cont\u00ednua e o p\u00f3s-processamento (como a estampagem a quente e a grava\u00e7\u00e3o em relevo), com uma capacidade de produ\u00e7\u00e3o di\u00e1ria de at\u00e9 10 000 pe\u00e7as, reduzindo significativamente o ciclo de entrega. Ao mesmo tempo, o revestimento UV pode aumentar seletivamente o brilho do padr\u00e3o (como alternar entre mate e brilhante), enriquecendo a estratifica\u00e7\u00e3o da embalagem.<\/p>\n<h2 id=\"5-full-dimensional-customization-service-precise-adaptation-to-needs-\">5.\u00a0<strong>Servi\u00e7o de personaliza\u00e7\u00e3o integral, adapta\u00e7\u00e3o exacta \u00e0s necessidades<\/strong><\/h2>\n<ul>\n<li><strong>Tamanho flex\u00edvel<\/strong>: Personalizar o di\u00e2metro interior da caixa de oferta de acordo com a altura e o di\u00e2metro do frasco de perfume, com um controlo de erro de \u00b11mm.<\/li>\n<li><strong>Materiais opcionais<\/strong>: Fornece at\u00e9 12 materiais amigos do ambiente, tais como 157 papel de cobre duplo, cart\u00e3o cinzento, couro especial, etc., e suporta a impress\u00e3o com papel reciclado e tinta de soja.<\/li>\n<li><strong>Otimiza\u00e7\u00e3o de fun\u00e7\u00f5es<\/strong>: O revestimento em EVA \u00e9 moldado de acordo com a forma da garrafa, o desempenho de amortecimento \u00e9 melhorado em 50% e a taxa de utiliza\u00e7\u00e3o do espa\u00e7o \u00e9 de 95%.<\/li>\n<li><strong>Tecnologia de superf\u00edcie<\/strong>: Mais de 20 efeitos, tais como estampagem a quente, relevo, laser, etc., s\u00e3o opcionais, permitindo a conce\u00e7\u00e3o de padr\u00f5es exclusivos da marca.<\/li>\n<\/ul>\n<h2 id=\"6-advantages-of-the-source-factory-both-quality-and-cost-\">6.\u00a0<strong>Vantagens da f\u00e1brica de origem, tanto em termos de qualidade como de custos<\/strong><\/h2>\n<p>Como fabricante local de embalagens topo de gama na China, integramos os recursos da cadeia de fornecimento, adoptamos linhas de produ\u00e7\u00e3o automatizadas (produ\u00e7\u00e3o di\u00e1ria de 1.000.000 pe\u00e7as), reduzimos a diferen\u00e7a de pre\u00e7os dos intermedi\u00e1rios e fornecemos aos clientes cota\u00e7\u00f5es por grosso\u00a0<strong>15%-20% inferior ao pre\u00e7o de mercado<\/strong>. Ao mesmo tempo, pass\u00e1mos o sistema de certifica\u00e7\u00e3o de qualidade ISO para garantir o controlo de qualidade de todo o processo, desde a prova (entrega em 3 dias) at\u00e9 \u00e0 produ\u00e7\u00e3o em massa (7-15 dias).<\/p>","protected":false},"excerpt":{"rendered":"<p><strong>\"Modelo \"Fornecimento direto da f\u00e1brica de origem + personaliza\u00e7\u00e3o de liga\u00e7\u00e3o total<\/strong>: Como um fabricante de personaliza\u00e7\u00e3o de embalagens topo de gama na China, alcan\u00e7\u00e1mos\u00a0<strong>\"desempenho de alto custo + resposta r\u00e1pida\"<\/strong>\u00a0A empresa est\u00e1 a fazer progressos duplos atrav\u00e9s de bases de produ\u00e7\u00e3o pr\u00f3prias e de servi\u00e7os integrados (conce\u00e7\u00e3o \u2192 prova \u2192 produ\u00e7\u00e3o \u2192 log\u00edstica). Os clientes podem desfrutar de uma liga\u00e7\u00e3o perfeita desde a criatividade at\u00e9 aos produtos acabados, ao mesmo tempo que confiam na produ\u00e7\u00e3o em grande escala para reduzir os custos, garantindo que cada caixa de perfume para oferta tem uma textura de luxo e uma efici\u00eancia de n\u00edvel industrial.<\/p>","protected":false},"featured_media":9065,"template":"","meta":[],"product_brand":[],"product_cat":[30,417,424,31],"product_tag":[498,342,1058],"class_list":{"0":"post-9064","1":"product","2":"type-product","3":"status-publish","4":"has-post-thumbnail","6":"product_cat-by-industry","7":"product_cat-custom-perfume-boxes-by-industry","8":"product_cat-magnetic-closure-boxes","9":"product_cat-paper-box-style","10":"product_tag-custom-perfume-packaging","11":"product_tag-perfume-gift-box","12":"product_tag-perfume-packaging","14":"first","15":"instock","16":"shipping-taxable","17":"product-type-simple"},"_links":{"self":[{"href":"https:\/\/zojopackaging.com\/pt\/wp-json\/wp\/v2\/product\/9064","targetHints":{"allow":["GET"]}}],"collection":[{"href":"https:\/\/zojopackaging.com\/pt\/wp-json\/wp\/v2\/product"}],"about":[{"href":"https:\/\/zojopackaging.com\/pt\/wp-json\/wp\/v2\/types\/product"}],"version-history":[{"count":1,"href":"https:\/\/zojopackaging.com\/pt\/wp-json\/wp\/v2\/product\/9064\/revisions"}],"predecessor-version":[{"id":9071,"href":"https:\/\/zojopackaging.com\/pt\/wp-json\/wp\/v2\/product\/9064\/revisions\/9071"}],"wp:featuredmedia":[{"embeddable":true,"href":"https:\/\/zojopackaging.com\/pt\/wp-json\/wp\/v2\/media\/9065"}],"wp:attachment":[{"href":"https:\/\/zojopackaging.com\/pt\/wp-json\/wp\/v2\/media?parent=9064"}],"wp:term":[{"taxonomy":"product_brand","embeddable":true,"href":"https:\/\/zojopackaging.com\/pt\/wp-json\/wp\/v2\/product_brand?post=9064"},{"taxonomy":"product_cat","embeddable":true,"href":"https:\/\/zojopackaging.com\/pt\/wp-json\/wp\/v2\/product_cat?post=9064"},{"taxonomy":"product_tag","embeddable":true,"href":"https:\/\/zojopackaging.com\/pt\/wp-json\/wp\/v2\/product_tag?post=9064"}],"curies":[{"name":"wp","href":"https:\/\/api.w.org\/{rel}","templated":true}]}}