{"id":9072,"date":"2025-04-01T10:14:11","date_gmt":"2025-04-01T02:14:11","guid":{"rendered":"https:\/\/zojopackaging.com\/?post_type=product&#038;p=9072"},"modified":"2025-04-01T10:24:16","modified_gmt":"2025-04-01T02:24:16","slug":"luxury-custom-cosmetic-skin-care-packaging-boxes-wholesale","status":"publish","type":"product","link":"https:\/\/zojopackaging.com\/pt\/product\/luxury-custom-cosmetic-skin-care-packaging-boxes-wholesale\/","title":{"rendered":"Caixas de embalagem de luxo personalizadas para cuidados da pele por atacado"},"content":{"rendered":"<h2 id=\"-product-features-and-core-advantages-\"><strong>Carater\u00edsticas do produto e principais vantagens<\/strong><\/h2>\n<ol>\n<li><strong>Design plano e dobr\u00e1vel, transporte eficiente e redu\u00e7\u00e3o de custos<\/strong>\u00a0A inovadora estrutura de dobragem pode ser achatada at\u00e9 1\/5 do volume original quando expedida, reduzindo consideravelmente o espa\u00e7o de transporte ocupado e os custos log\u00edsticos. Por exemplo, \u00e0 semelhan\u00e7a da l\u00f3gica de otimiza\u00e7\u00e3o dos contentores dobr\u00e1veis, esta caixa de embalagem \u00e9 adequada para o carregamento de paletes normais ap\u00f3s a dobragem, reduzindo o custo de devolu\u00e7\u00e3o da caixa vazia e poupando mais de 20% de custos de transporte.<\/li>\n<li><strong>Design com fecho magn\u00e9tico, pr\u00e1tico e divertido<\/strong>\u00a0A tampa tem um componente magn\u00e9tico de alta precis\u00e3o incorporado, que abre e fecha de forma suave e firme, dando aos utilizadores uma experi\u00eancia de \"sentido de ritual\". Por exemplo, depois de uma certa **marca de cosm\u00e9ticos ter adotado a mesma caixa de oferta magn\u00e9tica, os clientes referiram que a conveni\u00eancia de abertura aumentou em 50% e a taxa de recompra aumentou significativamente.<\/li>\n<li><strong>Corpo da caixa totalmente preto + processo de estampagem a quente, interpretando uma est\u00e9tica luxuosa<\/strong>\u00a0O corpo da caixa utiliza cart\u00e3o especial preto mate ou couro PU, combinado com o processo de estampagem a quente em ouro real de 24K, apresentando um impacto visual discreto e luxuoso. O log\u00f3tipo de estampagem a quente refracta o brilho em diferentes \u00e2ngulos de luz, refor\u00e7a o reconhecimento da marca e adapta-se ao posicionamento dos cosm\u00e9ticos topo de gama.<\/li>\n<li><strong>Servi\u00e7o altamente personalizado, correspond\u00eancia exacta das necessidades do produto<\/strong><\/li>\n<li><strong>Adapta\u00e7\u00e3o do tamanho<\/strong>: Suporta uma personaliza\u00e7\u00e3o de precis\u00e3o de 0,5 cm, adapta-se na perfei\u00e7\u00e3o a produtos com formas especiais, tais como verniz para unhas prensado e p\u00f3 liofilizado, e reduz o desperd\u00edcio de espa\u00e7o na embalagem interna.<\/li>\n<li><strong>Material e processo<\/strong>: Op\u00e7\u00e3o de cart\u00e3o branco, cart\u00e3o dourado e prateado, couro especial e outros materiais, combinados com impress\u00e3o UV, grava\u00e7\u00e3o em relevo, laser e outros processos para satisfazer as necessidades de imagem de marca diferenciada.<\/li>\n<li><strong>Cor e estrutura<\/strong>: Personaliza\u00e7\u00e3o de cores especiais Pantone, suporte de v\u00e1rios tipos de caixas, tais como tampa superior e inferior, tipo de gaveta, tampa magn\u00e9tica, etc., tendo em conta a funcionalidade e o design.<\/li>\n<li><strong>Fornecimento direto da f\u00e1brica de origem, dupla garantia de qualidade e desempenho de custos<\/strong>\u00a0Como fabricante de personaliza\u00e7\u00e3o de embalagens topo de gama na China, tem 2.000 metros quadrados de edif\u00edcios fabris padronizados e uma equipa profissional de 50 pessoas, integrando recursos da cadeia de fornecimento para conseguir 15-20 dias de entrega extremamente r\u00e1pida desde o design \u00e0 produ\u00e7\u00e3o em massa. Atrav\u00e9s da produ\u00e7\u00e3o em larga escala e da gest\u00e3o refinada, o pre\u00e7o \u00e9 15%-30% inferior ao do mercado com a mesma qualidade.<\/li>\n<\/ol>","protected":false},"excerpt":{"rendered":"<p><strong>Vantagens duplas de \"design dobr\u00e1vel + fornecimento direto da f\u00e1brica de origem\"<\/strong>: Atrav\u00e9s do transporte plano, o custo log\u00edstico \u00e9 reduzido em 30%, e a aquisi\u00e7\u00e3o direta pela f\u00e1brica de mat\u00e9rias-primas e a produ\u00e7\u00e3o em grande escala s\u00e3o combinadas para alcan\u00e7ar um pre\u00e7o unit\u00e1rio da caixa de embalagem terminal inferior \u00e0 m\u00e9dia da ind\u00fastria. Ao mesmo tempo, a inspe\u00e7\u00e3o de qualidade de acordo com a norma ISO e as capacidades de entrega no local em 48-72 horas s\u00e3o garantidas, proporcionando aos clientes uma solu\u00e7\u00e3o \u00fanica de\u00a0<strong>\"desempenho de alto custo sem comprometer a qualidade\"<\/strong>.<\/p>","protected":false},"featured_media":9076,"template":"","meta":[],"product_brand":[],"product_cat":[30,414,424,31],"product_tag":[1059,1061,1060],"class_list":{"0":"post-9072","1":"product","2":"type-product","3":"status-publish","4":"has-post-thumbnail","6":"product_cat-by-industry","7":"product_cat-custom-apparel-boxes","8":"product_cat-magnetic-closure-boxes","9":"product_cat-paper-box-style","10":"product_tag-cosmetic-packaging","11":"product_tag-custom-cosmetic-boxes-wholesale","12":"product_tag-skin-care-packaging-boxes","14":"first","15":"instock","16":"shipping-taxable","17":"product-type-simple"},"_links":{"self":[{"href":"https:\/\/zojopackaging.com\/pt\/wp-json\/wp\/v2\/product\/9072","targetHints":{"allow":["GET"]}}],"collection":[{"href":"https:\/\/zojopackaging.com\/pt\/wp-json\/wp\/v2\/product"}],"about":[{"href":"https:\/\/zojopackaging.com\/pt\/wp-json\/wp\/v2\/types\/product"}],"version-history":[{"count":1,"href":"https:\/\/zojopackaging.com\/pt\/wp-json\/wp\/v2\/product\/9072\/revisions"}],"predecessor-version":[{"id":9079,"href":"https:\/\/zojopackaging.com\/pt\/wp-json\/wp\/v2\/product\/9072\/revisions\/9079"}],"wp:featuredmedia":[{"embeddable":true,"href":"https:\/\/zojopackaging.com\/pt\/wp-json\/wp\/v2\/media\/9076"}],"wp:attachment":[{"href":"https:\/\/zojopackaging.com\/pt\/wp-json\/wp\/v2\/media?parent=9072"}],"wp:term":[{"taxonomy":"product_brand","embeddable":true,"href":"https:\/\/zojopackaging.com\/pt\/wp-json\/wp\/v2\/product_brand?post=9072"},{"taxonomy":"product_cat","embeddable":true,"href":"https:\/\/zojopackaging.com\/pt\/wp-json\/wp\/v2\/product_cat?post=9072"},{"taxonomy":"product_tag","embeddable":true,"href":"https:\/\/zojopackaging.com\/pt\/wp-json\/wp\/v2\/product_tag?post=9072"}],"curies":[{"name":"wp","href":"https:\/\/api.w.org\/{rel}","templated":true}]}}