{"id":9080,"date":"2025-04-01T10:24:32","date_gmt":"2025-04-01T02:24:32","guid":{"rendered":"https:\/\/zojopackaging.com\/?post_type=product&#038;p=9080"},"modified":"2025-04-01T10:36:15","modified_gmt":"2025-04-01T02:36:15","slug":"luxury-custom-logo-printed-apparel-clothing-packaging-box","status":"publish","type":"product","link":"https:\/\/zojopackaging.com\/pt\/product\/luxury-custom-logo-printed-apparel-clothing-packaging-box\/","title":{"rendered":"Caixa de embalagem de vestu\u00e1rio de luxo com log\u00f3tipo personalizado impresso"},"content":{"rendered":"<h2 id=\"1-foldable-flat-design-to-optimize-transportation-efficiency-\">1. Desmont\u00e1vel<strong>\u00a0conce\u00e7\u00e3o plana para otimizar a efici\u00eancia do transporte<\/strong><\/h2>\n<p>Adoptando uma estrutura dobr\u00e1vel inovadora, a espessura da caixa vazia ap\u00f3s a dobragem \u00e9 apenas 25% do tamanho original, o que permite poupar muito espa\u00e7o de armazenamento e transporte. Com material de cart\u00e3o de 1200g de alta resist\u00eancia, assegura a resist\u00eancia \u00e0 press\u00e3o e ao choque durante o transporte e reduz a taxa de quebra. O modo de transporte plano pode reduzir os custos log\u00edsticos em mais de 40% e \u00e9 adequado para v\u00e1rios cen\u00e1rios de transporte, como o transporte mar\u00edtimo e a\u00e9reo.<\/p>\n<h2 id=\"2-magnetic-flip-top-fun-opening-and-closing-\">2.\u00a0<strong>Caixas com fecho magn\u00e9tico<\/strong><\/h2>\n<p>A tampa tem um dispositivo magn\u00e9tico forte incorporado (for\u00e7a magn\u00e9tica superior a 5N), que pode ser facilmente aberto e fechado com uma m\u00e3o, acompanhado de um efeito sonoro de adsor\u00e7\u00e3o n\u00edtido, que aumenta a sensa\u00e7\u00e3o de ritual de desembalagem. A estrutura magn\u00e9tica adopta um design oculto e a superf\u00edcie \u00e9 coberta com papel revestido de C2S de 157 g, que tem um toque delicado e n\u00e3o afecta o efeito de impress\u00e3o. Em compara\u00e7\u00e3o com a embalagem de encaixe tradicional, o design magn\u00e9tico pode reduzir as perdas de abertura e fecho repetidos em 30%.<\/p>\n<h2 id=\"3-full-dimensional-color-management-system-\">3.\u00a0<strong>Sistema de gest\u00e3o de cores totalmente dimensional<\/strong><\/h2>\n<p>Fornecer cores diretas Pantone, impress\u00e3o a quatro cores e processos de gradiente met\u00e1lico, e apoiar a personaliza\u00e7\u00e3o das cores principais de acordo com o tom da marca:<\/p>\n<ul>\n<li><strong>Mercado de gama alta<\/strong>: dourado\/branco perolado\/preto obidiano, com processo de estampagem a quente\/grava\u00e7\u00e3o UV<\/li>\n<li><strong>Tend\u00eancia jovem<\/strong>: laranja fluorescente\/azul electro-\u00f3tico, utilizando a tecnologia de impress\u00e3o est\u00e9reo 3D<\/li>\n<li><strong>Conceito de prote\u00e7\u00e3o do ambiente<\/strong>: cor original da madeira, impressa com tinta de soja e marcada com o log\u00f3tipo de certifica\u00e7\u00e3o ambiental FSC<\/li>\n<\/ul>\n<h2 id=\"4-aesthetic-details-strengthen-brand-recognition-\">4.\u00a0<strong>Os pormenores est\u00e9ticos refor\u00e7am o reconhecimento da marca<\/strong><\/h2>\n<ul>\n<li><strong>Acess\u00f3rios para fitas<\/strong>: seda opcional, fio de neve ou materiais de poli\u00e9ster reciclado, suporte para grava\u00e7\u00e3o a laser do LOG\u00d3TIPO da marca<\/li>\n<li><strong>Desenho do forro<\/strong>: Camada amortecedora em EVA de 3 mm + tecido de flocagem, protege o vestu\u00e1rio sem vincos, cart\u00e3o com a hist\u00f3ria da marca incorporado<\/li>\n<li><strong>Tratamento de superf\u00edcie<\/strong>revestimento de textura mate\/brilhante\/t\u00e1til, anti-impress\u00e3o digital e resistente a riscos<\/li>\n<\/ul>\n<h2 id=\"5-full-link-deep-customization-service-\">5.\u00a0<strong>Servi\u00e7o de personaliza\u00e7\u00e3o profunda de links completos<\/strong><\/h2>\n<ul>\n<li><strong>Tipo de caixa<\/strong>: Est\u00e3o dispon\u00edveis 12 tipos de caixas, incluindo tampa superior e inferior, caixa em forma de livro, caixa de gavetas, etc., adequadas para diferentes formas de vestu\u00e1rio, como fatos, cheongsam, roupa desportiva, etc.<\/li>\n<li><strong>Tamanho<\/strong>: Suporta a personaliza\u00e7\u00e3o em tamanho real de 50\u00d730\u00d75cm a 120\u00d780\u00d725cm, com um erro de \u22640,5 mm<\/li>\n<li><strong>Processo de impress\u00e3o<\/strong>20 combina\u00e7\u00f5es de efeitos, tais como estampagem a frio, UV parcial, serigrafia, laser hologr\u00e1fico, etc.<\/li>\n<\/ul>\n<h2 id=\"vii-advantages-of-direct-supply-from-chinese-source-factories-\">6. <strong>Vantagens do fornecimento direto a partir de f\u00e1bricas de origem chinesa<\/strong><\/h2>\n<ul>\n<li><strong>Prova gratuita<\/strong>: Entrega de amostras f\u00edsicas no prazo de 3-5 dias \u00fateis<\/li>\n<li><strong>0 yuan de design<\/strong>: A equipa profissional fornece solu\u00e7\u00f5es de integra\u00e7\u00e3o VI, a IA gera representa\u00e7\u00f5es 3D<\/li>\n<li><strong>Cota\u00e7\u00e3o de escada<\/strong>: A quantidade m\u00ednima de encomenda \u00e9 de 500 unidades, e o pre\u00e7o unit\u00e1rio \u00e9 15%-20% inferior ao pre\u00e7o m\u00e9dio do mercado<\/li>\n<\/ul>","protected":false},"excerpt":{"rendered":"<p>Atrav\u00e9s da integra\u00e7\u00e3o do design de intera\u00e7\u00e3o magn\u00e9tica, materiais amigos do ambiente e servi\u00e7os personalizados de liga\u00e7\u00e3o total, a taxa de convers\u00e3o das caixas de embalagem \u00e9 melhorada, tornando o processo de desembalagem do cliente um ponto de contacto fundamental para a transmiss\u00e3o do valor da marca. Tomando como exemplo uma marca de vestu\u00e1rio feminino de luxo leve, depois de utilizar caixas magn\u00e9ticas banhadas a ouro rosa + fitas de seda, a taxa de recompra aumentou 19% e o n\u00famero de v\u00eddeos de desembalagem nas redes sociais ultrapassou os 5 milh\u00f5es de vezes.<\/p>","protected":false},"featured_media":9081,"template":"","meta":[],"product_brand":[],"product_cat":[30,414,424,31],"product_tag":[1063,1062,1064],"class_list":{"0":"post-9080","1":"product","2":"type-product","3":"status-publish","4":"has-post-thumbnail","6":"product_cat-by-industry","7":"product_cat-custom-apparel-boxes","8":"product_cat-magnetic-closure-boxes","9":"product_cat-paper-box-style","10":"product_tag-clothing-packaging-box","11":"product_tag-custom-apparel-box","12":"product_tag-luxury-clothing-box","14":"first","15":"instock","16":"shipping-taxable","17":"product-type-simple"},"_links":{"self":[{"href":"https:\/\/zojopackaging.com\/pt\/wp-json\/wp\/v2\/product\/9080","targetHints":{"allow":["GET"]}}],"collection":[{"href":"https:\/\/zojopackaging.com\/pt\/wp-json\/wp\/v2\/product"}],"about":[{"href":"https:\/\/zojopackaging.com\/pt\/wp-json\/wp\/v2\/types\/product"}],"version-history":[{"count":1,"href":"https:\/\/zojopackaging.com\/pt\/wp-json\/wp\/v2\/product\/9080\/revisions"}],"predecessor-version":[{"id":9086,"href":"https:\/\/zojopackaging.com\/pt\/wp-json\/wp\/v2\/product\/9080\/revisions\/9086"}],"wp:featuredmedia":[{"embeddable":true,"href":"https:\/\/zojopackaging.com\/pt\/wp-json\/wp\/v2\/media\/9081"}],"wp:attachment":[{"href":"https:\/\/zojopackaging.com\/pt\/wp-json\/wp\/v2\/media?parent=9080"}],"wp:term":[{"taxonomy":"product_brand","embeddable":true,"href":"https:\/\/zojopackaging.com\/pt\/wp-json\/wp\/v2\/product_brand?post=9080"},{"taxonomy":"product_cat","embeddable":true,"href":"https:\/\/zojopackaging.com\/pt\/wp-json\/wp\/v2\/product_cat?post=9080"},{"taxonomy":"product_tag","embeddable":true,"href":"https:\/\/zojopackaging.com\/pt\/wp-json\/wp\/v2\/product_tag?post=9080"}],"curies":[{"name":"wp","href":"https:\/\/api.w.org\/{rel}","templated":true}]}}