{"id":9087,"date":"2025-04-01T10:36:46","date_gmt":"2025-04-01T02:36:46","guid":{"rendered":"https:\/\/zojopackaging.com\/?post_type=product&#038;p=9087"},"modified":"2025-04-01T10:49:10","modified_gmt":"2025-04-01T02:49:10","slug":"custom-logo-cardboard-sex-bra-lingerie-bikini-packaging-box","status":"publish","type":"product","link":"https:\/\/zojopackaging.com\/pt\/product\/custom-logo-cardboard-sex-bra-lingerie-bikini-packaging-box\/","title":{"rendered":"Caixa de embalagem de biqu\u00edni para suti\u00e3 de lingerie com log\u00f3tipo personalizado"},"content":{"rendered":"<h2 id=\"1-core-design-highlights\">1. Destaques da conce\u00e7\u00e3o principal<\/h2>\n<ol>\n<li><strong>Abertura e fecho c\u00f3modo da gaveta<\/strong><\/li>\n<li>Com o design da caixa extra\u00edvel, os utilizadores s\u00f3 precisam de empurrar o corpo da caixa para a abrir, o que \u00e9 suave e poupa trabalho, e reduz o n\u00famero de passos de desmontagem. A estrutura interna da calha deslizante foi ajustada com precis\u00e3o para garantir uma abertura e um fecho suaves e sem encravamentos. Ao mesmo tempo, o corpo da caixa \u00e9 hermeticamente fechado ap\u00f3s o fecho para proteger o produto de esmagamento ou contamina\u00e7\u00e3o.<\/li>\n<li><strong>Janela transparente para uma visualiza\u00e7\u00e3o intuitiva<\/strong><\/li>\n<li>A superf\u00edcie da caixa est\u00e1 equipada com uma janela transparente de acr\u00edlico de alta resist\u00eancia, que pode mostrar o estilo, a cor e os detalhes do material da roupa interior a 360\u00b0 sem \u00e2ngulos mortos. \u00c9 poss\u00edvel sentir intuitivamente a qualidade do produto sem o desempacotar, reduzindo as preocupa\u00e7\u00f5es do cliente relativamente \u00e0 compra. O rebordo da janela adopta a tecnologia de corte a laser para evitar rebarbas e real\u00e7ar o requinte geral.<\/li>\n<li><strong>Os acess\u00f3rios para fitas aumentam o reconhecimento da marca<\/strong><\/li>\n<li><strong>Est\u00e9tica de cura cor-de-rosa<\/strong><\/li>\n<li>A utiliza\u00e7\u00e3o geral de tons cor-de-rosa de baixa satura\u00e7\u00e3o (como o rosa flor de cerejeira e o rosa coral), com tecnologia de gradiente ou decora\u00e7\u00e3o parcial de estampagem a quente\/prata, cria uma atmosfera visual rom\u00e2ntica e suave, que se adequa \u00e0s prefer\u00eancias emocionais das consumidoras. O forro utiliza veludo ou papel reciclado ecol\u00f3gico da mesma cor, que tem um toque delicado e \u00e9 amigo do ambiente e inofensivo.<\/li>\n<\/ol>\n<h2 id=\"2-in-depth-customization-service\">2. Servi\u00e7o de personaliza\u00e7\u00e3o em profundidade<\/h2>\n<ol>\n<li><strong>Personaliza\u00e7\u00e3o flex\u00edvel em todas as dimens\u00f5es<\/strong><\/li>\n<li><strong>Tipo e tamanho da caixa<\/strong>: Suporta v\u00e1rias estruturas, tais como tipo gaveta, caixa em forma de livro e tampa superior e inferior. Personalize a divis\u00f3ria do forro de acordo com o tipo de roupa interior (como suti\u00e3 de copa macia, biqu\u00edni de suporte de a\u00e7o), corresponda exatamente ao tamanho do produto e melhore a utiliza\u00e7\u00e3o do espa\u00e7o.<\/li>\n<li><strong>Material e artesanato<\/strong>: Opcionalmente, cart\u00e3o branco ecol\u00f3gico, papel art\u00edstico ou papel especial (como pel\u00edcula t\u00e1til, papel perolado), a superf\u00edcie pode ser parcialmente brilhante por UV, gofrada, gravada em relevo e outros processos para melhorar a textura.<\/li>\n<li><strong>Impress\u00e3o e elementos de marca<\/strong>: Suporta a tecnologia de impress\u00e3o digital, serigrafia ou estampagem a quente, apresenta de forma flex\u00edvel os log\u00f3tipos, padr\u00f5es e textos da marca e assegura que os estilos da embalagem e do produto s\u00e3o altamente unificados.<\/li>\n<\/ol>\n<h2 id=\"3-one-stop-professional-guarantee\">3. Garantia profissional \u00fanica<\/h2>\n<ol>\n<li><strong>16 anos de suporte de f\u00e1brica<\/strong><\/li>\n<li>Com base em 16 anos de experi\u00eancia na ind\u00fastria, fornecemos servi\u00e7os de processo completo, desde a otimiza\u00e7\u00e3o do projeto de design, confirma\u00e7\u00e3o da prova at\u00e9 \u00e0 produ\u00e7\u00e3o em massa, garantindo uma prova r\u00e1pida de 7 dias e uma entrega eficiente de 30 dias. A f\u00e1brica est\u00e1 equipada com um sistema de controlo inteligente para monitorizar o progresso da produ\u00e7\u00e3o em tempo real, de modo a garantir que a taxa de pontualidade das encomendas excede os 99%.<\/li>\n<\/ol>","protected":false},"excerpt":{"rendered":"<p><strong>Servi\u00e7o \u00fanico altamente personalizado<\/strong>: Como uma f\u00e1brica com 16 anos de exist\u00eancia, integramos profundamente a inova\u00e7\u00e3o em termos de design e a experi\u00eancia de produ\u00e7\u00e3o, e podemos corresponder com precis\u00e3o \u00e0s necessidades dos clientes, desde a estrutura da caixa, o design visual at\u00e9 aos pormenores funcionais. Por exemplo, para as carater\u00edsticas de suporte dos suti\u00e3s com arame, podem ser concebidas ranhuras de revestimento independentes para evitar a deforma\u00e7\u00e3o; para as carater\u00edsticas privadas da roupa interior sexy, podem ser fornecidas janelas opacas com padr\u00f5es ocos para equilibrar a exposi\u00e7\u00e3o e a privacidade. Ao controlar toda a cadeia, garantimos que a embalagem n\u00e3o s\u00f3 aumenta o valor acrescentado do produto, como tamb\u00e9m optimiza a experi\u00eancia do utilizador, ajudando as marcas a destacarem-se na concorr\u00eancia do mercado<\/p>","protected":false},"featured_media":9088,"template":"","meta":[],"product_brand":[],"product_cat":[30,414,31,426],"product_tag":[1067,1066,1065],"class_list":{"0":"post-9087","1":"product","2":"type-product","3":"status-publish","4":"has-post-thumbnail","6":"product_cat-by-industry","7":"product_cat-custom-apparel-boxes","8":"product_cat-paper-box-style","9":"product_cat-paper-drawer-boxes","10":"product_tag-custom-bikini-packaging","11":"product_tag-lingerie-packaging-box","12":"product_tag-sex-bra-packaging","14":"first","15":"instock","16":"shipping-taxable","17":"product-type-simple"},"_links":{"self":[{"href":"https:\/\/zojopackaging.com\/pt\/wp-json\/wp\/v2\/product\/9087","targetHints":{"allow":["GET"]}}],"collection":[{"href":"https:\/\/zojopackaging.com\/pt\/wp-json\/wp\/v2\/product"}],"about":[{"href":"https:\/\/zojopackaging.com\/pt\/wp-json\/wp\/v2\/types\/product"}],"version-history":[{"count":1,"href":"https:\/\/zojopackaging.com\/pt\/wp-json\/wp\/v2\/product\/9087\/revisions"}],"predecessor-version":[{"id":9094,"href":"https:\/\/zojopackaging.com\/pt\/wp-json\/wp\/v2\/product\/9087\/revisions\/9094"}],"wp:featuredmedia":[{"embeddable":true,"href":"https:\/\/zojopackaging.com\/pt\/wp-json\/wp\/v2\/media\/9088"}],"wp:attachment":[{"href":"https:\/\/zojopackaging.com\/pt\/wp-json\/wp\/v2\/media?parent=9087"}],"wp:term":[{"taxonomy":"product_brand","embeddable":true,"href":"https:\/\/zojopackaging.com\/pt\/wp-json\/wp\/v2\/product_brand?post=9087"},{"taxonomy":"product_cat","embeddable":true,"href":"https:\/\/zojopackaging.com\/pt\/wp-json\/wp\/v2\/product_cat?post=9087"},{"taxonomy":"product_tag","embeddable":true,"href":"https:\/\/zojopackaging.com\/pt\/wp-json\/wp\/v2\/product_tag?post=9087"}],"curies":[{"name":"wp","href":"https:\/\/api.w.org\/{rel}","templated":true}]}}