{"id":9095,"date":"2025-04-01T10:49:17","date_gmt":"2025-04-01T02:49:17","guid":{"rendered":"https:\/\/zojopackaging.com\/?post_type=product&#038;p=9095"},"modified":"2025-04-01T11:07:31","modified_gmt":"2025-04-01T03:07:31","slug":"luxury-visiting-wedding-invitation-greeting-packaging-box","status":"publish","type":"product","link":"https:\/\/zojopackaging.com\/pt\/product\/luxury-visiting-wedding-invitation-greeting-packaging-box\/","title":{"rendered":"Caixa de embalagem de convite de casamento de visita de luxo"},"content":{"rendered":"<h2 id=\"-core-design-highlights-\"><strong>Destaques da conce\u00e7\u00e3o principal<\/strong><\/h2>\n<ol>\n<li><strong>Design inovador de fecho magn\u00e9tico<\/strong> A estrutura de fecho magn\u00e9tico \u00e9 adoptada. A tampa e o corpo da caixa s\u00e3o fechados por \u00edmanes de alta precis\u00e3o. \u00c9 leve e suave quando aberta, o que d\u00e1 uma sensa\u00e7\u00e3o de cerim\u00f3nia e divers\u00e3o. A tira el\u00e1stica e a estrutura de amortecimento de mola s\u00e3o complementadas no interior para garantir que n\u00e3o \u00e9 f\u00e1cil deformar ap\u00f3s v\u00e1rias aberturas e fechamentos e, ao mesmo tempo, proteger a carta-convite na caixa de ser espremida.<\/li>\n<li><strong>Est\u00e9tica minimalista e textura de alta qualidade<\/strong>\u00a0O corpo exterior da caixa \u00e9 essencialmente branco puro, com tratamento de superf\u00edcie mate ou brilhante, apresentando um estilo visual simples e atmosf\u00e9rico. A superf\u00edcie suporta estampagem a quente\/prata quente, grava\u00e7\u00e3o em relevo, impress\u00e3o UV e outros processos. Os nomes dos rec\u00e9m-casados, o LOGO do casamento ou padr\u00f5es rom\u00e2nticos podem ser personalizados para mostrar um sentido personalizado de luxo.<\/li>\n<\/ol>\n<h2 id=\"-highly-customized-service-\"><strong>Servi\u00e7o altamente personalizado<\/strong><\/h2>\n<ul>\n<li><strong>Adapta\u00e7\u00e3o flex\u00edvel do tamanho<\/strong>: Personalize o revestimento da caixa de embalagem de acordo com o tamanho da carta-convite (por exemplo, 5*7 polegadas, especifica\u00e7\u00f5es A5\/A6 ou formas especiais) para otimizar a utiliza\u00e7\u00e3o do espa\u00e7o e reduzir a redund\u00e2ncia.<\/li>\n<li><strong>Sele\u00e7\u00e3o diversificada de materiais<\/strong>: Fornecer papel ecol\u00f3gico, veludo, camur\u00e7a, acr\u00edlico e outros materiais para satisfazer diferentes necessidades de toque e prote\u00e7\u00e3o ambiental. Por exemplo, o material de veludo pode real\u00e7ar o luxo das caixas de presente, enquanto o acr\u00edlico \u00e9 adequado para criar uma textura moderna e transparente.<\/li>\n<li><strong>Cor e efeito de impress\u00e3o<\/strong>: Para al\u00e9m do branco cl\u00e1ssico, suporta a personaliza\u00e7\u00e3o de cores tem\u00e1ticas, como o vermelho, o azul e o verde, e pode combinar transfer\u00eancia t\u00e9rmica, serigrafia e outras tecnologias para apresentar efeitos complexos, como gradiente e relevo.<\/li>\n<\/ul>\n<h2 id=\"-professional-production-and-logistics-guarantee-\"><strong>Garantia profissional de produ\u00e7\u00e3o e log\u00edstica<\/strong><\/h2>\n<ul>\n<li><strong>16 anos de experi\u00eancia na f\u00e1brica de origem<\/strong>: Cultivar profundamente o campo da embalagem, fornecendo um servi\u00e7o de balc\u00e3o \u00fanico desde a conce\u00e7\u00e3o, prova at\u00e9 \u00e0 produ\u00e7\u00e3o em massa. Apoiar a personaliza\u00e7\u00e3o profunda, como a impress\u00e3o do LOGO e a otimiza\u00e7\u00e3o estrutural, com uma quantidade m\u00ednima de encomenda t\u00e3o baixa como 100 pe\u00e7as para satisfazer necessidades personalizadas.<\/li>\n<li><strong>Transporte de com\u00e9rcio externo sem preocupa\u00e7\u00f5es<\/strong>: Atrav\u00e9s do servi\u00e7o de garantia de cr\u00e9dito da Alibaba International Station, garantimos a seguran\u00e7a do pagamento e a pontualidade da log\u00edstica. Adotar embalagens profissionais, tais como caixas refor\u00e7adas de dupla camada e espuma \u00e0 prova de choque, adaptar-se \u00e0s normas internacionais de transporte e cobrir a entrega global.<\/li>\n<\/ul>\n<h2 id=\"-application-scenarios-and-added-value-\"><strong>Cen\u00e1rios de aplica\u00e7\u00e3o e valor acrescentado<\/strong><\/h2>\n<ul>\n<li><strong>Utiliza\u00e7\u00e3o multifuncional<\/strong>: N\u00e3o s\u00f3 pode ser utilizada como caixa de oferta de convite de casamento, como tamb\u00e9m pode ser transformada numa caixa de oferta de lembran\u00e7as ou numa caixa de arruma\u00e7\u00e3o de lembran\u00e7as para aumentar o seu car\u00e1cter pr\u00e1tico.<\/li>\n<li><strong>Conceito de prote\u00e7\u00e3o do ambiente<\/strong>: O papel ecol\u00f3gico certificado pelo FSC e os materiais biodegrad\u00e1veis s\u00e3o utilizados para responder \u00e0 tend\u00eancia dos casamentos ecol\u00f3gicos.<\/li>\n<\/ul>\n<p><strong>Processo de personaliza\u00e7\u00e3o<\/strong>:<\/p>\n<ol>\n<li>Indique o tamanho do convite, o projeto de conce\u00e7\u00e3o ou a descri\u00e7\u00e3o do pedido;<\/li>\n<li>Feedback de renderiza\u00e7\u00f5es 3D e or\u00e7amentos no prazo de 3 dias \u00fateis;<\/li>\n<li>O produto acabado ser\u00e1 entregue no prazo de 7-15 dias ap\u00f3s a confirma\u00e7\u00e3o, e as amostras ser\u00e3o analisadas primeiro.<\/li>\n<\/ol>\n<hr \/>\n<p><strong>Escolham-nos para acrescentar mem\u00f3rias eternas ao vosso casamento com artesanato!\u00a0<\/strong>(Para mais casos e or\u00e7amentos em tempo real, contacte o servi\u00e7o de apoio ao cliente para obter solu\u00e7\u00f5es exclusivas)<\/p>","protected":false},"excerpt":{"rendered":"<p>O corpo da caixa de papel \u00e9 fabricado em material de elevada gramagem e a superf\u00edcie \u00e9 coberta por uma pel\u00edcula t\u00e1til mate, apresentando um aspeto minimalista em branco puro, com um log\u00f3tipo personaliz\u00e1vel em estampagem a quente em ouro\/prata ou um desenho de padr\u00e3o escuro em relevo, que mant\u00e9m a simplicidade e a grandeza, real\u00e7ando simultaneamente uma textura leve e luxuosa.<\/p>","protected":false},"featured_media":9102,"template":"","meta":[],"product_brand":[],"product_cat":[30,413,424,31],"product_tag":[1070,1068,1069],"class_list":{"0":"post-9095","1":"product","2":"type-product","3":"status-publish","4":"has-post-thumbnail","6":"product_cat-by-industry","7":"product_cat-consumer-electronics-boxes","8":"product_cat-magnetic-closure-boxes","9":"product_cat-paper-box-style","10":"product_tag-greeting-packaging-box","11":"product_tag-visiting-invitation-packaging-box","12":"product_tag-wedding-invitation-packaging","14":"first","15":"instock","16":"shipping-taxable","17":"product-type-simple"},"_links":{"self":[{"href":"https:\/\/zojopackaging.com\/pt\/wp-json\/wp\/v2\/product\/9095","targetHints":{"allow":["GET"]}}],"collection":[{"href":"https:\/\/zojopackaging.com\/pt\/wp-json\/wp\/v2\/product"}],"about":[{"href":"https:\/\/zojopackaging.com\/pt\/wp-json\/wp\/v2\/types\/product"}],"version-history":[{"count":1,"href":"https:\/\/zojopackaging.com\/pt\/wp-json\/wp\/v2\/product\/9095\/revisions"}],"predecessor-version":[{"id":9108,"href":"https:\/\/zojopackaging.com\/pt\/wp-json\/wp\/v2\/product\/9095\/revisions\/9108"}],"wp:featuredmedia":[{"embeddable":true,"href":"https:\/\/zojopackaging.com\/pt\/wp-json\/wp\/v2\/media\/9102"}],"wp:attachment":[{"href":"https:\/\/zojopackaging.com\/pt\/wp-json\/wp\/v2\/media?parent=9095"}],"wp:term":[{"taxonomy":"product_brand","embeddable":true,"href":"https:\/\/zojopackaging.com\/pt\/wp-json\/wp\/v2\/product_brand?post=9095"},{"taxonomy":"product_cat","embeddable":true,"href":"https:\/\/zojopackaging.com\/pt\/wp-json\/wp\/v2\/product_cat?post=9095"},{"taxonomy":"product_tag","embeddable":true,"href":"https:\/\/zojopackaging.com\/pt\/wp-json\/wp\/v2\/product_tag?post=9095"}],"curies":[{"name":"wp","href":"https:\/\/api.w.org\/{rel}","templated":true}]}}