{"id":9109,"date":"2025-04-01T11:08:33","date_gmt":"2025-04-01T03:08:33","guid":{"rendered":"https:\/\/zojopackaging.com\/?post_type=product&#038;p=9109"},"modified":"2025-04-01T11:26:19","modified_gmt":"2025-04-01T03:26:19","slug":"customized-luxury-liquor-wine-magnetic-closure-packaging-box","status":"publish","type":"product","link":"https:\/\/zojopackaging.com\/pt\/product\/customized-luxury-liquor-wine-magnetic-closure-packaging-box\/","title":{"rendered":"Caixa de embalagem com fecho magn\u00e9tico para vinho e licor de luxo personalizada"},"content":{"rendered":"<h2 id=\"-2-macaron-cyan-box-body-low-key-and-elegant-visual-aesthetics-\"><strong>1. Corpo da caixa em ciano macaron: est\u00e9tica visual discreta e elegante<\/strong><\/h2>\n<p>O corpo da caixa utiliza uma cor ciano macaron suave e fresca, que equilibra a singularidade e o conforto visual atrav\u00e9s de tons de baixa satura\u00e7\u00e3o, que podem n\u00e3o s\u00f3 destacar-se no ecr\u00e3, mas tamb\u00e9m evitar a fadiga visual causada por cores de alto brilho. Este esquema de cores vai ao encontro da prefer\u00eancia dos grupos de consumidores jovens e modernos por uma \"sensa\u00e7\u00e3o de topo de gama\", sendo tamb\u00e9m adequado para banquetes de neg\u00f3cios, presentes de Natal e outros cen\u00e1rios.<\/p>\n<h2 id=\"-4-precise-size-customization-optimize-space-utilization-\"><strong>2. Personaliza\u00e7\u00e3o precisa do tamanho: otimizar a utiliza\u00e7\u00e3o do espa\u00e7o<\/strong><\/h2>\n<p>Suporta a personaliza\u00e7\u00e3o do tamanho do di\u00e2metro interno da caixa de embalagem de acordo com par\u00e2metros como a altura e o di\u00e2metro da garrafa, assegurando que a garrafa se encaixa firmemente no revestimento, reduzindo o risco de colis\u00e3o causado por lacunas durante o transporte e comprimindo o volume da embalagem para reduzir os custos log\u00edsticos. Por exemplo, podem ser fornecidas solu\u00e7\u00f5es de adapta\u00e7\u00e3o exclusivas para garrafas cil\u00edndricas, quadradas ou com formas especiais.<\/p>\n<h2 id=\"-5-highly-customized-in-all-dimensions-meet-personalized-needs-\"><strong>3. Altamente personalizado em todas as dimens\u00f5es: satisfazer necessidades personalizadas<\/strong><\/h2>\n<ul>\n<li><strong>Tipo de caixa<\/strong>: fornecer capa flip estilo livro, capa superior e inferior, tipo gaveta e outros tipos de caixa, e apoiar o desenvolvimento de estruturas inovadoras;<\/li>\n<li><strong>Material<\/strong>: cart\u00e3o certificado FSC opcional, papel especial importado, couro ecol\u00f3gico, etc., tendo em conta os requisitos de textura e de prote\u00e7\u00e3o ambiental;<\/li>\n<li><strong>Tecnologia de superf\u00edcie<\/strong>: suporta estampagem a quente, grava\u00e7\u00e3o UV, grava\u00e7\u00e3o em relevo, laser parcial e outros efeitos de impress\u00e3o, e tamb\u00e9m pode personalizar o LOGOTIPO da marca ou padr\u00f5es culturais;<\/li>\n<li><strong>Cor<\/strong>: Para al\u00e9m do ciano macaron padr\u00e3o, suporta a personaliza\u00e7\u00e3o do cart\u00e3o de cor Pantone para cumprir os requisitos de consist\u00eancia VI da marca.<\/li>\n<\/ul>\n<h2 id=\"-6-environmentally-friendly-and-sustainable-design-green-brand-empowerment-\"><strong>4. Conce\u00e7\u00e3o sustent\u00e1vel e respeitadora do ambiente: refor\u00e7o da marca verde<\/strong><\/h2>\n<p>O corpo principal da caixa de embalagem \u00e9 feito de cart\u00e3o de gest\u00e3o florestal sustent\u00e1vel certificado pelo FSC, combinado com um componente de suc\u00e7\u00e3o magn\u00e9tica amov\u00edvel e uma estrutura de fivela sem cola, para alcan\u00e7ar a reciclabilidade 100%. A fita de revestimento \u00e9 feita de algod\u00e3o natural e material de linho para reduzir a utiliza\u00e7\u00e3o de pl\u00e1stico, o que est\u00e1 em conformidade com a proposta de valor das marcas de topo de gama para a prote\u00e7\u00e3o ambiental e a responsabilidade social.<\/p>\n<h2 id=\"-7-efficient-production-and-global-delivery-quick-response-to-market-demand-\"><strong>5. Produ\u00e7\u00e3o eficiente e entrega global: Resposta r\u00e1pida \u00e0 procura do mercado<\/strong><\/h2>\n<ul>\n<li><strong>Ciclo de verifica\u00e7\u00e3o<\/strong>: Fornecer servi\u00e7o de prova r\u00e1pida de 3 dias, apoiar a amostra f\u00edsica e a confirma\u00e7\u00e3o de renderiza\u00e7\u00e3o 3D;<\/li>\n<li><strong>Ciclo de produ\u00e7\u00e3o em massa<\/strong>: Produ\u00e7\u00e3o em massa completa de mais de 5.000 pe\u00e7as no prazo de 15 dias, apoio a encomendas r\u00e1pidas;<\/li>\n<li><strong>Rede log\u00edstica<\/strong>: Com base num sistema inteligente de armazenamento de encomendas combinadas e parceiros log\u00edsticos transfronteiri\u00e7os, abrangendo os principais mercados em todo o mundo, fornecendo solu\u00e7\u00f5es de entrega mar\u00edtima, a\u00e9rea e localizada.<\/li>\n<\/ul>","protected":false},"excerpt":{"rendered":"<p>Aplic\u00e1vel \u00e0 personaliza\u00e7\u00e3o de marcas de bebidas alco\u00f3licas topo de gama, embalagens de vinho de cole\u00e7\u00e3o de edi\u00e7\u00e3o limitada, personaliza\u00e7\u00e3o de presentes empresariais e caixas de presentes de f\u00e9rias, etc., para ajudar as marcas a transmitir conota\u00e7\u00f5es culturais e conceitos de prote\u00e7\u00e3o ambiental atrav\u00e9s da embalagem, e melhorar a experi\u00eancia do consumidor e a competitividade do mercado.<\/p>","protected":false},"featured_media":9110,"template":"","meta":[],"product_brand":[],"product_cat":[30,419,424,31],"product_tag":[1072,1073,1071],"class_list":{"0":"post-9109","1":"product","2":"type-product","3":"status-publish","4":"has-post-thumbnail","6":"product_cat-by-industry","7":"product_cat-custom-wines-spirits-boxes","8":"product_cat-magnetic-closure-boxes","9":"product_cat-paper-box-style","10":"product_tag-customized-wine-packaging","11":"product_tag-liquor-wine-magnetic-closure-box","12":"product_tag-luxury-liquor-wine-packaging","14":"first","15":"instock","16":"shipping-taxable","17":"product-type-simple"},"_links":{"self":[{"href":"https:\/\/zojopackaging.com\/pt\/wp-json\/wp\/v2\/product\/9109","targetHints":{"allow":["GET"]}}],"collection":[{"href":"https:\/\/zojopackaging.com\/pt\/wp-json\/wp\/v2\/product"}],"about":[{"href":"https:\/\/zojopackaging.com\/pt\/wp-json\/wp\/v2\/types\/product"}],"version-history":[{"count":1,"href":"https:\/\/zojopackaging.com\/pt\/wp-json\/wp\/v2\/product\/9109\/revisions"}],"predecessor-version":[{"id":9116,"href":"https:\/\/zojopackaging.com\/pt\/wp-json\/wp\/v2\/product\/9109\/revisions\/9116"}],"wp:featuredmedia":[{"embeddable":true,"href":"https:\/\/zojopackaging.com\/pt\/wp-json\/wp\/v2\/media\/9110"}],"wp:attachment":[{"href":"https:\/\/zojopackaging.com\/pt\/wp-json\/wp\/v2\/media?parent=9109"}],"wp:term":[{"taxonomy":"product_brand","embeddable":true,"href":"https:\/\/zojopackaging.com\/pt\/wp-json\/wp\/v2\/product_brand?post=9109"},{"taxonomy":"product_cat","embeddable":true,"href":"https:\/\/zojopackaging.com\/pt\/wp-json\/wp\/v2\/product_cat?post=9109"},{"taxonomy":"product_tag","embeddable":true,"href":"https:\/\/zojopackaging.com\/pt\/wp-json\/wp\/v2\/product_tag?post=9109"}],"curies":[{"name":"wp","href":"https:\/\/api.w.org\/{rel}","templated":true}]}}