{"id":9117,"date":"2025-04-01T11:26:47","date_gmt":"2025-04-01T03:26:47","guid":{"rendered":"https:\/\/zojopackaging.com\/?post_type=product&#038;p=9117"},"modified":"2025-04-01T11:51:50","modified_gmt":"2025-04-01T03:51:50","slug":"custom-made-business-playing-cards-games-boxes-wholesale","status":"publish","type":"product","link":"https:\/\/zojopackaging.com\/pt\/product\/custom-made-business-playing-cards-games-boxes-wholesale\/","title":{"rendered":"Caixas de jogos de cartas de jogar personalizadas por atacado"},"content":{"rendered":"<h2 id=\"-high-end-customized-business-poker-game-box-product-description-\"><strong>Caixa de jogo de p\u00f3quer empresarial personalizada de alta qualidade Descri\u00e7\u00e3o do produto<\/strong><\/h2>\n<h2 id=\"-i-core-product-features-\"><strong>1. Carater\u00edsticas principais do produto<\/strong><\/h2>\n<ol>\n<li><strong>Conce\u00e7\u00e3o de prote\u00e7\u00e3o profissional<\/strong><\/li>\n<li>Base em material comp\u00f3sito de qualidade militar, revestimento preto mate resistente a riscos na superf\u00edcie, sem riscos ap\u00f3s 5.000 testes de fric\u00e7\u00e3o. O corpo da caixa est\u00e1 equipado com uma estrutura de precis\u00e3o para a ranhura do cart\u00e3o e o controlo da toler\u00e2ncia de \u00b10,1 mm \u00e9 obtido atrav\u00e9s da tecnologia de mapeamento a laser 3D, que encaixa perfeitamente 52 cart\u00f5es padr\u00e3o (compat\u00edvel com 63<em>88 mm de tamanho internacional e 57<\/em>87mm tamanho chin\u00eas).<\/li>\n<li>O rebordo refor\u00e7ado nos quatro cantos e o sistema de fecho de press\u00e3o magn\u00e9tico proporcionam uma resist\u00eancia IP54 ao p\u00f3 e \u00e0 \u00e1gua, e o teste de queda em transporte passa a norma de 1,5 metros de altura.<\/li>\n<li><strong>Servi\u00e7o de personaliza\u00e7\u00e3o da marca<\/strong><\/li>\n<li>Suporta tr\u00eas combina\u00e7\u00f5es de processos de grava\u00e7\u00e3o a laser, grava\u00e7\u00e3o UV e estampagem a quente (folha de ouro 18K\/24K opcional) e pode apresentar o LOGOTIPO da empresa com uma precis\u00e3o m\u00ednima de 0,3 mm. O painel lateral suporta o design de perspetiva oca e pode ser incorporado com o cart\u00e3o de cor VI da empresa (o n\u00famero de cor Pantone \u00e9 restaurado com precis\u00e3o).<\/li>\n<li>Fornecer 12 tipos b\u00e1sicos de caixas (flip\/drawer\/book page, etc.) e materiais especiais para apoiar a conce\u00e7\u00e3o de emendas mistas.<\/li>\n<\/ol>\n<h2 id=\"-second-value-added-customized-module-\"><strong>2. M\u00f3dulo personalizado de valor acrescentado<\/strong><\/h2>\n<ol>\n<li><strong>Sistema de otimiza\u00e7\u00e3o do espa\u00e7o<\/strong><\/li>\n<li>Desenvolver uma estrutura de revestimento vari\u00e1vel e utilizar compartimentos modulares para conseguir uma convers\u00e3o flex\u00edvel de uma \u00fanica caixa para acomodar 1-4 baralhos de cartas de jogar (intervalo de ajuste de espessura 3-12cm). Apoiar o desenvolvimento de caixas exteriores dobr\u00e1veis e aumentar a utiliza\u00e7\u00e3o do espa\u00e7o at\u00e9 40%.<\/li>\n<li><strong>Componentes do marketing emocional<\/strong><\/li>\n<li>Ranhura para cart\u00e3o de felicita\u00e7\u00f5es amov\u00edvel incorporada, suporte para b\u00ean\u00e7\u00e3os de estampagem a quente, c\u00f3digo QR da hist\u00f3ria da empresa (leia o c\u00f3digo para saltar para a p\u00e1gina H5 da marca). Tecnologia de implanta\u00e7\u00e3o de chip de fragr\u00e2ncia original, fornecendo 6 fragr\u00e2ncias personalizadas, como s\u00e2ndalo\/cedro.<\/li>\n<li>Desenvolver embalagens de edi\u00e7\u00e3o limitada de f\u00e9rias, como a caixa de corte de papel com estampagem a quente do Festival da primavera, a caixa de filigrana de esmalte de meados do outono e outras 8 s\u00e9ries tem\u00e1ticas.<\/li>\n<\/ol>\n<h2 id=\"-iii-production-guarantee-system-\"><strong>3. Sistema de garantia da produ\u00e7\u00e3o<\/strong><\/h2>\n<ol>\n<li><strong>Vantagens da f\u00e1brica de origem<\/strong><\/li>\n<li>As tr\u00eas principais bases de produ\u00e7\u00e3o de Shenzhen\/Ningbo\/Yangzhou passaram a certifica\u00e7\u00e3o ISO9001 e FSC, equipadas com m\u00e1quinas de impress\u00e3o Heidelberg alem\u00e3s e linhas de produ\u00e7\u00e3o de corte e vinco totalmente autom\u00e1ticas, com uma capacidade de produ\u00e7\u00e3o di\u00e1ria de 100.000 pe\u00e7as.<\/li>\n<li>Prova de desenho gratuita (entrega no prazo de 3 dias \u00fateis), apoio \u00e0 primeira encomenda de 500 pe\u00e7as e redu\u00e7\u00e3o do prazo de entrega de mercadorias de grandes dimens\u00f5es para 15 dias. As encomendas em massa beneficiam de pre\u00e7os diferenciados (o pre\u00e7o unit\u00e1rio de mais de 5 000 unidades \u00e9 reduzido em 22%).<\/li>\n<\/ol>","protected":false},"excerpt":{"rendered":"<p>Amplifica\u00e7\u00e3o da marca - Transforme os decks em activos de marketing com a impress\u00e3o em toda a superf\u00edcie.<br \/>\nDurabilidade profissional - Sobrevive \u00e0 utiliza\u00e7\u00e3o ao n\u00edvel do casino com cantos refor\u00e7ados.<br \/>\nEleg\u00e2ncia instant\u00e2nea - a marca transmite uma experi\u00eancia de jogo de qualidade superior.<br \/>\nUtiliza\u00e7\u00e3o vers\u00e1til - Ideal para torneios, presentes ou expositores de retalho.<\/p>","protected":false},"featured_media":9121,"template":"","meta":[],"product_brand":[],"product_cat":[30,413,424,31],"product_tag":[1076,1074,1075],"class_list":{"0":"post-9117","1":"product","2":"type-product","3":"status-publish","4":"has-post-thumbnail","6":"product_cat-by-industry","7":"product_cat-consumer-electronics-boxes","8":"product_cat-magnetic-closure-boxes","9":"product_cat-paper-box-style","10":"product_tag-cards-games-boxes-wholesale","11":"product_tag-custom-made-business-boxes","12":"product_tag-playing-cards-boxes","14":"first","15":"instock","16":"shipping-taxable","17":"product-type-simple"},"_links":{"self":[{"href":"https:\/\/zojopackaging.com\/pt\/wp-json\/wp\/v2\/product\/9117","targetHints":{"allow":["GET"]}}],"collection":[{"href":"https:\/\/zojopackaging.com\/pt\/wp-json\/wp\/v2\/product"}],"about":[{"href":"https:\/\/zojopackaging.com\/pt\/wp-json\/wp\/v2\/types\/product"}],"version-history":[{"count":1,"href":"https:\/\/zojopackaging.com\/pt\/wp-json\/wp\/v2\/product\/9117\/revisions"}],"predecessor-version":[{"id":9125,"href":"https:\/\/zojopackaging.com\/pt\/wp-json\/wp\/v2\/product\/9117\/revisions\/9125"}],"wp:featuredmedia":[{"embeddable":true,"href":"https:\/\/zojopackaging.com\/pt\/wp-json\/wp\/v2\/media\/9121"}],"wp:attachment":[{"href":"https:\/\/zojopackaging.com\/pt\/wp-json\/wp\/v2\/media?parent=9117"}],"wp:term":[{"taxonomy":"product_brand","embeddable":true,"href":"https:\/\/zojopackaging.com\/pt\/wp-json\/wp\/v2\/product_brand?post=9117"},{"taxonomy":"product_cat","embeddable":true,"href":"https:\/\/zojopackaging.com\/pt\/wp-json\/wp\/v2\/product_cat?post=9117"},{"taxonomy":"product_tag","embeddable":true,"href":"https:\/\/zojopackaging.com\/pt\/wp-json\/wp\/v2\/product_tag?post=9117"}],"curies":[{"name":"wp","href":"https:\/\/api.w.org\/{rel}","templated":true}]}}