{"id":9126,"date":"2025-04-01T11:53:18","date_gmt":"2025-04-01T03:53:18","guid":{"rendered":"https:\/\/zojopackaging.com\/?post_type=product&#038;p=9126"},"modified":"2025-04-01T12:09:53","modified_gmt":"2025-04-01T04:09:53","slug":"empty-custom-printed-liquid-soap-packaging-boxes-wholesale","status":"publish","type":"product","link":"https:\/\/zojopackaging.com\/pt\/product\/empty-custom-printed-liquid-soap-packaging-boxes-wholesale\/","title":{"rendered":"Caixas de embalagem de sab\u00e3o l\u00edquido vazias e impressas \u00e0 medida por atacado"},"content":{"rendered":"<h2 id=\"1-intelligent-packaging-system-with-magnetic-structure\">1. Sistema de embalagem inteligente com estrutura magn\u00e9tica<\/h2>\n<p>Adotar o \u00edman permanente NdFeB de grau N48, e a superf\u00edcie \u00e9 niquelada para conseguir uma incorpora\u00e7\u00e3o invis\u00edvel de 0,3 mm. Atrav\u00e9s da tecnologia de disposi\u00e7\u00e3o em anel de p\u00f3los NS, \u00e9 formado um sistema de circuito magn\u00e9tico fechado e a for\u00e7a de adsor\u00e7\u00e3o de ponto \u00fanico \u00e9 est\u00e1vel a 4,5N\u00b10,2N. Equipado com uma estrutura de posicionamento c\u00f3nico de 60\u00b0, assegura que a precis\u00e3o de posicionamento repetido de \u00b10,1mm \u00e9 mantida ap\u00f3s 5000 vezes de abertura e fecho. O \u00edman est\u00e1 apenas a 0,8 mm de dist\u00e2ncia da superf\u00edcie de adsor\u00e7\u00e3o e a superf\u00edcie adopta a tecnologia de lamina\u00e7\u00e3o PET de qualidade alimentar para evitar riscos.<\/p>\n<h2 id=\"2-brand-visual-enhancement-plan\">2. Plano de melhoramento visual da marca<\/h2>\n<p>Implementar o sistema de duas cores da carta de cores Pantone:<\/p>\n<ul>\n<li>Caixa exterior: branco puro<\/li>\n<li>Forro: cor de laranja, o processo de flocagem aumenta os pontos de mem\u00f3ria t\u00e1til Atrav\u00e9s da tecnologia de impress\u00e3o de separa\u00e7\u00e3o de cores, consegue-se uma sobreimpress\u00e3o precisa de 3 mm da \u00e1rea de cor contrastante, e o envidra\u00e7amento local UV \u00e9 combinado para melhorar o efeito de refra\u00e7\u00e3o da luz e da sombra. De acordo com testes laboratoriais, sob a luz padr\u00e3o de 2000lux, a dist\u00e2ncia de reconhecimento aumenta em 42% em compara\u00e7\u00e3o com a embalagem normal.<\/li>\n<\/ul>\n<h2 id=\"3-full-dimensional-customization-system\">3. Sistema de personaliza\u00e7\u00e3o de dimens\u00f5es completas<\/h2>\n<ol>\n<li><strong>Biblioteca de tipo caixa<\/strong>: Cont\u00e9m 12 tipos b\u00e1sicos de caixas, tais como caixa tipo gaveta\/capa inferior\/caixa tipo livro, suporta a personaliza\u00e7\u00e3o de cortes com formas especiais<\/li>\n<li><strong>Adapta\u00e7\u00e3o do tamanho<\/strong>: Estabelecer a f\u00f3rmula da propor\u00e7\u00e3o \u00e1urea para a embalagem de l\u00edquidos e fornecer servi\u00e7os de modela\u00e7\u00e3o 3D<\/li>\n<li><strong>Matriz de material<\/strong>:<\/li>\n<li>S\u00e9rie amiga do ambiente: Certifica\u00e7\u00e3o FSC<\/li>\n<li>S\u00e9rie topo de gama: Placa cinzenta de 1,2 mm + flanela holandesa<\/li>\n<li>Processo especial: Nano-embossing 3D\/estampagem a laser a frio<\/li>\n<li>Tratamento de superf\u00edcie: impress\u00e3o de alta fidelidade a seis cores + estampagem local UV\/quente, reprodu\u00e7\u00e3o n\u00edtida de linhas finas com um m\u00ednimo de 0,2 mm<\/li>\n<\/ol>\n<h2 id=\"4-space-optimization-project\">4. Projeto de otimiza\u00e7\u00e3o do espa\u00e7o<\/h2>\n<p>Utilizar o sistema de composi\u00e7\u00e3o inteligente do AutoCAD para o conseguir:<\/p>\n<ul>\n<li>Capacidade de carga de transporte aumentada em 30%<\/li>\n<li>Volume de armazenamento reduzido em 25%<\/li>\n<li>Espessura do ecr\u00e3 da prateleira controlada at\u00e9 35 mm<\/li>\n<\/ul>\n<h2 id=\"5-printing-quality-control-system\">5. Sistema de controlo da qualidade da impress\u00e3o<\/h2>\n<p>Implementar normas de gest\u00e3o de cores GMG, configura\u00e7\u00e3o:<\/p>\n<ol>\n<li>Unidade de impress\u00e3o alem\u00e3 Heidelberg XL106-8+1<\/li>\n<li>Detetor de diferen\u00e7as de cor em linha (\u0394E\u22641,5)<\/li>\n<li>Processo de prova triplo: prova digital \u2192 prova de contrato \u2192 acompanhamento da produ\u00e7\u00e3o em massa<\/li>\n<li>Teste de resist\u00eancia \u00e0 luz de 72 horas<\/li>\n<\/ol>\n<h2 id=\"vi-source-factory-service-commitment\">6. Compromisso de servi\u00e7o da f\u00e1brica de origem<\/h2>\n<p>Como uma empresa central na cintura da ind\u00fastria de embalagens de Wenzhou, n\u00f3s fornecemos:<\/p>\n<ul>\n<li><strong>Arranque a custo zero<\/strong>: prova gratuita (3 dias \u00fateis para a prova) + servi\u00e7o de design (equipa de design de 10 pessoas)<\/li>\n<li><strong>Garantia de qualidade<\/strong>: Oficina com certifica\u00e7\u00e3o ISO, inspe\u00e7\u00e3o completa de 14 processos, taxa de defeitos \u22640,3%<\/li>\n<li><strong>Entrega extrema<\/strong>: ciclo de amostragem de 7 dias, entrega de produ\u00e7\u00e3o em massa de 15 dias, apoio \u00e0 cust\u00f3dia de invent\u00e1rio VMI<\/li>\n<\/ul>","protected":false},"excerpt":{"rendered":"<p><strong>Amigo do ambiente<\/strong><br \/>\nOs materiais recicl\u00e1veis cumprem as normas de seguran\u00e7a SGS para contacto com alimentos.<\/p>\n<p><strong>Potencial de marca<\/strong><br \/>\nA impress\u00e3o de log\u00f3tipos de alta precis\u00e3o aumenta o valor do produto para os revendedores.<\/p>","protected":false},"featured_media":9127,"template":"","meta":[],"product_brand":[],"product_cat":[30,423,424,31],"product_tag":[1077,1079,1078],"class_list":{"0":"post-9126","1":"product","2":"type-product","3":"status-publish","4":"has-post-thumbnail","6":"product_cat-by-industry","7":"product_cat-custom-presentation-boxes-by-industry","8":"product_cat-magnetic-closure-boxes","9":"product_cat-paper-box-style","10":"product_tag-custom-soap-packaging","11":"product_tag-liquid-soap-packaging-boxes","12":"product_tag-soap-packaging-wholesale","14":"first","15":"instock","16":"shipping-taxable","17":"product-type-simple"},"_links":{"self":[{"href":"https:\/\/zojopackaging.com\/pt\/wp-json\/wp\/v2\/product\/9126","targetHints":{"allow":["GET"]}}],"collection":[{"href":"https:\/\/zojopackaging.com\/pt\/wp-json\/wp\/v2\/product"}],"about":[{"href":"https:\/\/zojopackaging.com\/pt\/wp-json\/wp\/v2\/types\/product"}],"version-history":[{"count":1,"href":"https:\/\/zojopackaging.com\/pt\/wp-json\/wp\/v2\/product\/9126\/revisions"}],"predecessor-version":[{"id":9133,"href":"https:\/\/zojopackaging.com\/pt\/wp-json\/wp\/v2\/product\/9126\/revisions\/9133"}],"wp:featuredmedia":[{"embeddable":true,"href":"https:\/\/zojopackaging.com\/pt\/wp-json\/wp\/v2\/media\/9127"}],"wp:attachment":[{"href":"https:\/\/zojopackaging.com\/pt\/wp-json\/wp\/v2\/media?parent=9126"}],"wp:term":[{"taxonomy":"product_brand","embeddable":true,"href":"https:\/\/zojopackaging.com\/pt\/wp-json\/wp\/v2\/product_brand?post=9126"},{"taxonomy":"product_cat","embeddable":true,"href":"https:\/\/zojopackaging.com\/pt\/wp-json\/wp\/v2\/product_cat?post=9126"},{"taxonomy":"product_tag","embeddable":true,"href":"https:\/\/zojopackaging.com\/pt\/wp-json\/wp\/v2\/product_tag?post=9126"}],"curies":[{"name":"wp","href":"https:\/\/api.w.org\/{rel}","templated":true}]}}