{"id":9134,"date":"2025-04-01T12:11:38","date_gmt":"2025-04-01T04:11:38","guid":{"rendered":"https:\/\/zojopackaging.com\/?post_type=product&#038;p=9134"},"modified":"2025-04-01T14:04:39","modified_gmt":"2025-04-01T06:04:39","slug":"custom-exquisite-sculpture-figure-statue-ceramic-gift-box","status":"publish","type":"product","link":"https:\/\/zojopackaging.com\/pt\/product\/custom-exquisite-sculpture-figure-statue-ceramic-gift-box\/","title":{"rendered":"Escultura requintada personalizada Est\u00e1tua Caixa de oferta em cer\u00e2mica"},"content":{"rendered":"<h2 id=\"-core-advantages-\"><strong>Vantagens principais<\/strong><\/h2>\n<h2 id=\"1-magnetic-closure-design-no-damage-to-surface-aesthetics-\">1.\u00a0<strong>Design de fecho magn\u00e9tico, sem danificar a est\u00e9tica da superf\u00edcie<\/strong><\/h2>\n<ul>\n<li>A estrutura magn\u00e9tica patenteada (bloco magn\u00e9tico + pe\u00e7as magn\u00e9ticas ocultas) \u00e9 adoptada, n\u00e3o sendo necess\u00e1ria a colagem ou a dobragem tradicionais, a abertura e o fecho s\u00e3o suaves e o fecho \u00e9 firme, evitando riscar a superf\u00edcie da caixa. O processo de amortecimento anti-recuo incorporado adapta-se \u00e0 fragilidade das esculturas de cer\u00e2mica para garantir zero folgas durante o transporte.<\/li>\n<li>A \u00e1rea magn\u00e9tica est\u00e1 precisamente incorporada no corpo da caixa e n\u00e3o existe qualquer sali\u00eancia no exterior, mantendo a beleza visual geral simples e suave da caixa de embalagem.<\/li>\n<\/ul>\n<h2 id=\"2-foldable-transportation-packaging-efficient-space-saving-\">2.\u00a0<strong>Embalagem de transporte dobr\u00e1vel, economia de espa\u00e7o eficiente<\/strong><\/h2>\n<ul>\n<li>O volume \u00e9 reduzido em mais de 60% ap\u00f3s a dobragem, o que \u00e9 adequado para o tamanho normal das paletes log\u00edsticas e reduz os custos de armazenamento e transporte.<\/li>\n<li>O corpo da caixa \u00e9 feito de cart\u00e3o ondulado de alta resist\u00eancia + material composto de fibra de bambu, com uma resist\u00eancia \u00e0 compress\u00e3o de 10kg\/cm\u00b2, e passou no teste de queda e verifica\u00e7\u00e3o de toler\u00e2ncia \u00e0 humidade.<\/li>\n<\/ul>\n<h2 id=\"3-precise-lining-customization-zero-displacement-protection-\">3.\u00a0<strong>Personaliza\u00e7\u00e3o precisa do revestimento, prote\u00e7\u00e3o contra deslocamento zero<\/strong><\/h2>\n<ul>\n<li>O forro utiliza algod\u00e3o de amortecimento EVA ou papel alveolar degrad\u00e1vel, que \u00e9 cortado de acordo com a digitaliza\u00e7\u00e3o 3D do contorno da est\u00e1tua para conseguir uma fixa\u00e7\u00e3o \"envolvente\".<\/li>\n<li>Suporta a conce\u00e7\u00e3o em camadas, adequada para esculturas complexas, e melhora o desempenho s\u00edsmico em 50%.<\/li>\n<\/ul>\n<h2 id=\"4-highly-customized-service-\">4.\u00a0<strong>Servi\u00e7o altamente personalizado<\/strong><\/h2>\n<ul>\n<li><strong>Tamanho<\/strong>: Suporta embalagens de escultura de 10cm a 150cm, e podem ser personalizadas caixas com formatos especiais (como em forma de livro, tampas superior e inferior).<\/li>\n<li><strong>Conce\u00e7\u00e3o visual<\/strong>: A cor principal \u00e9 o dourado mate, com tecnologia de estampagem a quente\/embossing, e podem ser selecionados padr\u00f5es tradicionais como nuvens auspiciosas e Huiwen, ou linhas geom\u00e9tricas minimalistas.<\/li>\n<li><strong>Material<\/strong>: Fornecer op\u00e7\u00f5es amigas do ambiente, como o papel de pasta de bambu (degrad\u00e1vel), o cart\u00e3o de fibra de cana-de-a\u00e7\u00facar (leve) e o papel de cart\u00e3o cinzento reciclado (de elevada resist\u00eancia).<\/li>\n<li><strong>Processo de impress\u00e3o<\/strong>: UV local, grava\u00e7\u00e3o a laser, tinta anti-contrafa\u00e7\u00e3o que muda de temperatura, etc., suporte de log\u00f3tipos de marcas e slogans culturais Apresenta\u00e7\u00e3o personalizada.<\/li>\n<\/ul>\n<h2 id=\"5-fusion-of-oriental-aesthetics-and-minimalism-\">5.\u00a0<strong>Fus\u00e3o da est\u00e9tica oriental e do minimalismo<\/strong><\/h2>\n<ul>\n<li>O tom principal dourado simboliza a prosperidade e a nobreza, e a textura mate evita o exagero. Combina-se com grades de janelas ocas ou desenhos em branco para real\u00e7ar a tens\u00e3o art\u00edstica das esculturas de cer\u00e2mica.<\/li>\n<li>A linha de caixas \u00e9 simples e cuidada, adequada para uma exposi\u00e7\u00e3o dom\u00e9stica moderna e para cenas de neg\u00f3cios, tendo em conta a heran\u00e7a cultural e o sentido de moda.<\/li>\n<\/ul>\n<h2 id=\"6-sustainable-environmental-protection-concept-\">6.\u00a0<strong>Conceito de prote\u00e7\u00e3o ambiental sustent\u00e1vel<\/strong><\/h2>\n<ul>\n<li>O material obteve a certifica\u00e7\u00e3o florestal FSC, o forro \u00e9 amov\u00edvel e recicl\u00e1vel e a impress\u00e3o \u00e9 feita com tinta \u00e0 base de \u00e1gua.<\/li>\n<li>Ap\u00f3s o ciclo de vida da embalagem, esta pode ser 100% degradada ou convertida numa caixa de armazenamento para reutiliza\u00e7\u00e3o, reduzindo a pegada de carbono em 30%.<\/li>\n<\/ul>\n<h3 id=\"-craftsmanship-and-guarantee-\"><strong>Artesanato e garantia<\/strong><\/h3>\n<ul>\n<li><strong>16 anos de precipita\u00e7\u00e3o profissional<\/strong>: A f\u00e1brica possui m\u00e1quinas de corte e vinco totalmente autom\u00e1ticas, equipamento de grava\u00e7\u00e3o a laser e sistema de controlo de qualidade ISO, com uma capacidade de produ\u00e7\u00e3o di\u00e1ria de mais de 2 milh\u00f5es de pe\u00e7as.<\/li>\n<li><strong>Servi\u00e7o de balc\u00e3o \u00fanico<\/strong>: Desde a modela\u00e7\u00e3o 3D, provas e testes at\u00e9 \u00e0 produ\u00e7\u00e3o em massa, entrega no prazo de 7-15 dias, apoio ao acompanhamento log\u00edstico global e reclama\u00e7\u00f5es de danos.<\/li>\n<\/ul>\n<h2 id=\"-application-scenarios-\"><strong>Cen\u00e1rios de aplica\u00e7\u00e3o<\/strong><\/h2>\n<ul>\n<li><strong>Cole\u00e7\u00e3o de arte<\/strong>: Prote\u00e7\u00e3o de n\u00edvel museol\u00f3gico, adequada para objectos fr\u00e1geis como est\u00e1tuas de Buda e esculturas humanas.<\/li>\n<li><strong>Oferta comercial<\/strong>: Personalize os log\u00f3tipos e as sauda\u00e7\u00f5es da empresa para aumentar o valor cultural da marca.<\/li>\n<li><strong>Com\u00e9rcio eletr\u00f3nico transfronteiri\u00e7o<\/strong>: Ultrapassar as normas ambientais da UE e adaptar-se \u00e0s necessidades de transporte internacional.<\/li>\n<\/ul>","protected":false},"excerpt":{"rendered":"<p>Esta caixa de oferta foi concebida para obras de arte de escultura em cer\u00e2mica de alta qualidade, integrando a est\u00e9tica oriental e o artesanato moderno. Tem como base uma estrutura magn\u00e9tica dobr\u00e1vel, materiais ecol\u00f3gicos e servi\u00e7os altamente personalizados, proporcionando uma gama completa de solu\u00e7\u00f5es de prote\u00e7\u00e3o para est\u00e1tuas de cer\u00e2mica fr\u00e1geis, desde o transporte at\u00e9 \u00e0 exposi\u00e7\u00e3o. Criada por uma f\u00e1brica de caixas de embalagem com 16 anos de exist\u00eancia, satisfaz as necessidades de cole\u00e7\u00e3o de arte, presentes de neg\u00f3cios, comunica\u00e7\u00e3o cultural e outros cen\u00e1rios num s\u00f3 local<\/p>","protected":false},"featured_media":9136,"template":"","meta":[],"product_brand":[],"product_cat":[30,427,423,31],"product_tag":[1082,1080,1081],"class_list":{"0":"post-9134","1":"product","2":"type-product","3":"status-publish","4":"has-post-thumbnail","6":"product_cat-by-industry","7":"product_cat-collapsible-gift-boxes","8":"product_cat-custom-presentation-boxes-by-industry","9":"product_cat-paper-box-style","10":"product_tag-ceramic-gift-box","11":"product_tag-custom-sculpture-gift-box","12":"product_tag-figure-statue-gift-box","14":"first","15":"instock","16":"shipping-taxable","17":"product-type-simple"},"_links":{"self":[{"href":"https:\/\/zojopackaging.com\/pt\/wp-json\/wp\/v2\/product\/9134","targetHints":{"allow":["GET"]}}],"collection":[{"href":"https:\/\/zojopackaging.com\/pt\/wp-json\/wp\/v2\/product"}],"about":[{"href":"https:\/\/zojopackaging.com\/pt\/wp-json\/wp\/v2\/types\/product"}],"version-history":[{"count":1,"href":"https:\/\/zojopackaging.com\/pt\/wp-json\/wp\/v2\/product\/9134\/revisions"}],"predecessor-version":[{"id":9140,"href":"https:\/\/zojopackaging.com\/pt\/wp-json\/wp\/v2\/product\/9134\/revisions\/9140"}],"wp:featuredmedia":[{"embeddable":true,"href":"https:\/\/zojopackaging.com\/pt\/wp-json\/wp\/v2\/media\/9136"}],"wp:attachment":[{"href":"https:\/\/zojopackaging.com\/pt\/wp-json\/wp\/v2\/media?parent=9134"}],"wp:term":[{"taxonomy":"product_brand","embeddable":true,"href":"https:\/\/zojopackaging.com\/pt\/wp-json\/wp\/v2\/product_brand?post=9134"},{"taxonomy":"product_cat","embeddable":true,"href":"https:\/\/zojopackaging.com\/pt\/wp-json\/wp\/v2\/product_cat?post=9134"},{"taxonomy":"product_tag","embeddable":true,"href":"https:\/\/zojopackaging.com\/pt\/wp-json\/wp\/v2\/product_tag?post=9134"}],"curies":[{"name":"wp","href":"https:\/\/api.w.org\/{rel}","templated":true}]}}